{"id":88,"date":"2016-06-06T16:27:35","date_gmt":"2016-06-06T16:27:35","guid":{"rendered":"https:\/\/treenaturaterapias.com\/?page_id=88"},"modified":"2023-09-14T12:29:38","modified_gmt":"2023-09-14T12:29:38","slug":"conexao-ava","status":"publish","type":"page","link":"https:\/\/treenaturaterapias.com\/fr\/conexao-ava\/","title":{"rendered":"Terapia Conex\u00e3o AVA"},"content":{"rendered":"<p>A Conex\u00e3o AVA \u00e9 uma terapia energ\u00e9tica que trabalha com o povo Arcturiano e Mestres Ascensos ( os que s\u00e3o necess\u00e1rios para o processo de cura do paciente). Os Arcturianos s\u00e3o um povo que trabalha com energias Cr\u00edsticas de 12\u00ba Dimens\u00e3o\u00a0 e\u00a0 que disponibilizou toda a sua experi\u00eancia e tecnologia adquirida ao longo de milhares de anos, para nos ajudar a evoluir.<\/p>\n<p>Os Mestres Ascensos s\u00e3o energias que j\u00e1 estiveram na terra em corpo humano e que conseguiram ultrapassar todas as provas e evoluir para um patamar de ilumina\u00e7\u00e3o, o que faz com que saibam exatamente pelo que estamos a passar e serem muito importantes neste processo. Esta terapia trata principalmente a n\u00edvel mental, emocional e espiritual. Quando todos estes estiverem em equil\u00edbrio, o aspeto f\u00edsico acaba por estar tamb\u00e9m.<\/p>\n<p>\u00c9 uma terapia muito r\u00e1pida de se aplicar e com efeitos fant\u00e1sticos se o paciente quiser realmente se curar.<\/p>\n<p>Como todos os seres de Luz, eles n\u00e3o interferem no nosso \u00ab\u00a0querer\u00a0\u00bb, por isso ser t\u00e3o importante que o paciente esteja consciente que quer mudar.<\/p>\n<p>A Conex\u00e3o AVA \u00e9 uma t\u00e9cnica canalizada por C\u00e9lia de Jesus em Portugal e constantemente alterada para se adaptar \u00e1 nossa realidade com uma abertura de consci\u00eancia mais r\u00e1pida, tais como altera\u00e7\u00f5es\u00a0 mais r\u00e1pidas.<\/p>\n<p>Durante 3 anos apliquei diariamente a Conex\u00e3o AVA e sempre ia recebendo detalhes novos de como adapta-la melhor. H\u00e1 cerca de um ano pude realmente ver com quem trabalhava e foi uma honra trabalhar com um dos povos mais evolu\u00eddos e Mestre Ascensos.<\/p>\n<p>\u00c9 uma t\u00e9cnica que n\u00e3o usa s\u00edmbolos como a maioria que trabalha com Arcturianos<\/p>\n<p>N\u00e3o \u00e9 eficaz em Magias e Obsessores (\u00ab\u00a0encostos\u00a0\u00bb) de longa data.<\/p>\n<p>Porque \u00e9 t\u00e3o eficaz?<\/p>\n<p>Ao paciente se disponibilizar para receber a cura, Os Arcturianos e Mestres Ascensos entram na energia do paciente e alteram tudo o que \u00e9 preciso de acordo com o que a Alma do paciente decidiu aquando encarnou. A Conex\u00e3o AVA altera inclusive tudo o que rodeia o paciente (pessoas, situa\u00e7\u00f5es,&#8230;.)<\/p>\n<p>Estes continuam na energia do paciente aproximadamente 3 semanas e v\u00e3o fazendo as altera\u00e7\u00f5es para que tudo volte ao seu lugar. O paciente tem que estar preparado para mudan\u00e7as e aproveitar todas as oportunidades que v\u00e3o surgindo. S\u00e3o sess\u00f5es bastante intensas a n\u00edvel de limpeza mas muito profundas, tratando assim os padr\u00f5es pela raiz.<\/p>\n<p>\u00c9 bastante eficaz porque tem um acompanhamento (n\u00e3o vis\u00edvel) da energia dos Mestres Ascensos que continuam o acompanhamento do paciente.<\/p>\n<p>Pode tratar in\u00fameras situa\u00e7\u00f5es, visto ser de acordo com o prop\u00f3sito de vida de cada paciente<\/p>\n<p>De acordo com o que o paciente permitir Pode atuar em (casos reais) :<\/p>\n<ul>\n<li>Culpas criadas ao longo de anos por parte familiar<\/li>\n<li>Trabalhar a <a href=\"https:\/\/treenaturaterapias.com\/confusoes-mentais-mediunidade-e-a-aura\/\" target=\"_blank\" rel=\"noopener\">mediunidade<\/a> e o aceitar da mesma<\/li>\n<li>Medos e fobias de fracassar a todos os n\u00edveis<\/li>\n<li>Colocar o paciente no seu prop\u00f3sito de vida, o que o faz realmente feliz<\/li>\n<li>Harmonizar <a href=\"https:\/\/treenaturaterapias.com\/relacionamento-karmico\/\" target=\"_blank\" rel=\"noopener\">rela\u00e7\u00f5es K\u00e1rmicas<\/a> ou mesmo extingui-las<\/li>\n<li>Padr\u00f5es repetitivos a todos os n\u00edveis<\/li>\n<li>Traumas de outras vidas<\/li>\n<li>Remover chips e implantes atrav\u00e9s do Tubo Dourado<\/li>\n<li>Alinhar toda a energia, Chakras e pensamentos atrav\u00e9s do Tubo de Meridianos<\/li>\n<li>Resolver situa\u00e7\u00f5es pendentes e que se tornaram num bloqueio de anos<\/li>\n<li>Tratar o Chakra Card\u00edaco ( o mais dif\u00edcil e doloroso de tratar)<\/li>\n<li>Ajudar numa nova mudan\u00e7a de vida, sendo assim encaminhado e apoiado pelos Mestres Ascensos<\/li>\n<li><a href=\"https:\/\/treenaturaterapias.com\/depressao-ou-obsessao\/\" target=\"_blank\" rel=\"noopener\">Depress\u00f5es<\/a> leves e algumas profundas<\/li>\n<li>Falta de motiva\u00e7\u00e3o na vida<\/li>\n<li>Relacionamentos amorosos longos que falta \u00ab\u00a0qualquer coisa\u00a0\u00bb<\/li>\n<li>Auto- estima e confian\u00e7a em si mesmo<\/li>\n<li>Detetar e remover bloqueios a n\u00edvel mental<\/li>\n<li>Evolu\u00e7\u00e3o espiritual<\/li>\n<li>Tratar bloqueios que impe\u00e7am de encontrar o parceiro ideal (muitas vezes o \u00ab\u00a0erro\u00a0\u00bb est\u00e1 em n\u00f3s)<\/li>\n<li>Facilitar a tomada decis\u00f5es<\/li>\n<li>Facilitar na supera\u00e7\u00e3o de problemas ( h\u00e1 Karmas que t\u00eam de ser vividos e s\u00e3o bastante dolorosos)<\/li>\n<li>Renova\u00e7\u00e3o de energias negativas e densas<\/li>\n<li>Remover os apegos que temos em rela\u00e7\u00e3o a pessoas e situa\u00e7\u00f5es<\/li>\n<li>Ajudar a reconhecer algumas doen\u00e7as ( Muitas das doen\u00e7as f\u00edsicas aparecem quando o espiritual est\u00e1 saturado, manifestando-se assim\u00a0 no corpo f\u00edsico)<\/li>\n<li>Traumas de Inf\u00e2ncia<\/li>\n<li>Limpeza de traumas ao longo da vida que foram ficando e que o paciente j\u00e1 nem se apercebe que existem, mas que ainda assim bloqueiam<\/li>\n<li>Harmonizar rela\u00e7\u00f5es entre pessoas (familiar, pessoal, profissional, amizade)<\/li>\n<li>Fortalecimento de <a href=\"https:\/\/treenaturaterapias.com\/ser-terapeuta-e-proteccao-espiritual\/\" target=\"_blank\" rel=\"noopener\">prote\u00e7\u00e3o em rela\u00e7\u00e3o \u00e1s energias ao seu redor<\/a>, para conseguir superar sem continuar a sentir-se cansado<\/li>\n<li>Ajudar a aceitar o Amor na nossa exist\u00eancia<\/li>\n<li>Reequilibrar a energia feminina e masculina que existe no humano<\/li>\n<\/ul>\n<p>Cada sess\u00e3o tem uma dura\u00e7\u00e3o de 1h sendo o tratamento de 25min<\/p>\n<p>S\u00e3o 6 sess\u00f5es com intervalo de 2 semanas entre cada uma<\/p>\n<p>Pode ser feita Presencial ou via Whatsapp e Zoom<\/p>\n<p>Valor:<\/p>\n<p>1x Sess\u00e3o 40\u20ac<\/p>\n<p>3x Sess\u00f5es 60\u20ac<\/p>\n<p><span style=\"font-size: revert; color: initial;\">Caso reais descrito por pacientes:<\/span><\/p>\n<p><a href=\"https:\/\/treenaturaterapias.com\/do-nada-ao-ava\/\" target=\"_blank\" rel=\"noopener\">O processo Conex\u00e3o AVA<\/a><\/p>\n<p><a href=\"https:\/\/treenaturaterapias.com\/conexao-ava-e-regressao\/\" target=\"_blank\" rel=\"noopener\">Conex\u00e3o Ava e Regress\u00e3o<\/a><\/p>\n<p><a href=\"https:\/\/treenaturaterapias.com\/curso-de-conexao-ava\/\" target=\"_blank\" rel=\"noopener noreferrer\">Curso de Conex\u00e3o AVA<\/a><\/p>\n","protected":false},"excerpt":{"rendered":"<p>A Conex\u00e3o AVA \u00e9 uma terapia energ\u00e9tica que trabalha com o povo Arcturiano e Mestres Ascensos ( os que s\u00e3o necess\u00e1rios para o processo de cura do paciente). Os Arcturianos s\u00e3o um povo que trabalha com energias Cr\u00edsticas de 12\u00ba Dimens\u00e3o\u00a0 e\u00a0 que disponibilizou toda a sua experi\u00eancia e tecnologia &hellip; <\/p>\n","protected":false},"author":1,"featured_media":97,"parent":0,"menu_order":0,"comment_status":"closed","ping_status":"closed","template":"","meta":{"_monsterinsights_skip_tracking":false,"_monsterinsights_sitenote_active":false,"_monsterinsights_sitenote_note":"","_monsterinsights_sitenote_category":0,"footnotes":""},"class_list":["post-88","page","type-page","status-publish","has-post-thumbnail","hentry"],"yoast_head":"<!-- This site is optimized with the Yoast SEO plugin v27.4 - https:\/\/yoast.com\/product\/yoast-seo-wordpress\/ -->\n<title>Terapia Conex\u00e3o AVA<\/title>\n<meta name=\"robots\" content=\"index, follow, max-snippet:-1, max-image-preview:large, max-video-preview:-1\" \/>\n<link rel=\"canonical\" href=\"https:\/\/treenaturaterapias.com\/fr\/conexao-ava\/\" \/>\n<meta property=\"og:locale\" content=\"fr_FR\" \/>\n<meta property=\"og:locale:alternate\" content=\"en_US\" \/>\n<meta property=\"og:locale:alternate\" content=\"pt_PT\" \/>\n<meta property=\"og:type\" content=\"article\" \/>\n<meta property=\"og:title\" content=\"Terapia Conex\u00e3o AVA\" \/>\n<meta property=\"og:description\" content=\"A Conex\u00e3o AVA \u00e9 uma terapia energ\u00e9tica que trabalha com o povo Arcturiano e Mestres Ascensos ( os que s\u00e3o necess\u00e1rios para o processo de cura do paciente). Os Arcturianos s\u00e3o um povo que trabalha com energias Cr\u00edsticas de 12\u00ba Dimens\u00e3o\u00a0 e\u00a0 que disponibilizou toda a sua experi\u00eancia e tecnologia &hellip;\" \/>\n<meta property=\"og:url\" content=\"https:\/\/treenaturaterapias.com\/fr\/conexao-ava\/\" \/>\n<meta property=\"og:site_name\" content=\"Tree Natura Terapias\" \/>\n<meta property=\"article:modified_time\" content=\"2023-09-14T12:29:38+00:00\" \/>\n<meta property=\"og:image\" content=\"https:\/\/treenaturaterapias.com\/wp-content\/uploads\/2016\/06\/kryon3.jpg\" \/>\n\t<meta property=\"og:image:width\" content=\"333\" \/>\n\t<meta property=\"og:image:height\" content=\"282\" \/>\n\t<meta property=\"og:image:type\" content=\"image\/jpeg\" \/>\n<meta name=\"twitter:card\" content=\"summary_large_image\" \/>\n<meta name=\"twitter:label1\" content=\"Dur\u00e9e de lecture estim\u00e9e\" \/>\n\t<meta name=\"twitter:data1\" content=\"4 minutes\" \/>\n<script type=\"application\/ld+json\" class=\"yoast-schema-graph\">{\"@context\":\"https:\\\/\\\/schema.org\",\"@graph\":[{\"@type\":\"WebPage\",\"@id\":\"https:\\\/\\\/treenaturaterapias.com\\\/conexao-ava\\\/\",\"url\":\"https:\\\/\\\/treenaturaterapias.com\\\/conexao-ava\\\/\",\"name\":\"Terapia Conex\u00e3o AVA\",\"isPartOf\":{\"@id\":\"https:\\\/\\\/treenaturaterapias.com\\\/#website\"},\"primaryImageOfPage\":{\"@id\":\"https:\\\/\\\/treenaturaterapias.com\\\/conexao-ava\\\/#primaryimage\"},\"image\":{\"@id\":\"https:\\\/\\\/treenaturaterapias.com\\\/conexao-ava\\\/#primaryimage\"},\"thumbnailUrl\":\"https:\\\/\\\/treenaturaterapias.com\\\/wp-content\\\/uploads\\\/2016\\\/06\\\/kryon3.jpg\",\"datePublished\":\"2016-06-06T16:27:35+00:00\",\"dateModified\":\"2023-09-14T12:29:38+00:00\",\"breadcrumb\":{\"@id\":\"https:\\\/\\\/treenaturaterapias.com\\\/conexao-ava\\\/#breadcrumb\"},\"inLanguage\":\"fr-FR\",\"potentialAction\":[{\"@type\":\"ReadAction\",\"target\":[\"https:\\\/\\\/treenaturaterapias.com\\\/conexao-ava\\\/\"]}]},{\"@type\":\"ImageObject\",\"inLanguage\":\"fr-FR\",\"@id\":\"https:\\\/\\\/treenaturaterapias.com\\\/conexao-ava\\\/#primaryimage\",\"url\":\"https:\\\/\\\/treenaturaterapias.com\\\/wp-content\\\/uploads\\\/2016\\\/06\\\/kryon3.jpg\",\"contentUrl\":\"https:\\\/\\\/treenaturaterapias.com\\\/wp-content\\\/uploads\\\/2016\\\/06\\\/kryon3.jpg\",\"width\":333,\"height\":282},{\"@type\":\"BreadcrumbList\",\"@id\":\"https:\\\/\\\/treenaturaterapias.com\\\/conexao-ava\\\/#breadcrumb\",\"itemListElement\":[{\"@type\":\"ListItem\",\"position\":1,\"name\":\"In\u00edcio\",\"item\":\"https:\\\/\\\/treenaturaterapias.com\\\/\"},{\"@type\":\"ListItem\",\"position\":2,\"name\":\"Terapia Conex\u00e3o AVA\"}]},{\"@type\":\"WebSite\",\"@id\":\"https:\\\/\\\/treenaturaterapias.com\\\/#website\",\"url\":\"https:\\\/\\\/treenaturaterapias.com\\\/\",\"name\":\"Tree Natura Terapias\",\"description\":\"Reconhecendo o Divino que habita em si\",\"publisher\":{\"@id\":\"https:\\\/\\\/treenaturaterapias.com\\\/#\\\/schema\\\/person\\\/267944d8880bf51dd22b9803435d65c6\"},\"potentialAction\":[{\"@type\":\"SearchAction\",\"target\":{\"@type\":\"EntryPoint\",\"urlTemplate\":\"https:\\\/\\\/treenaturaterapias.com\\\/?s={search_term_string}\"},\"query-input\":{\"@type\":\"PropertyValueSpecification\",\"valueRequired\":true,\"valueName\":\"search_term_string\"}}],\"inLanguage\":\"fr-FR\"},{\"@type\":[\"Person\",\"Organization\"],\"@id\":\"https:\\\/\\\/treenaturaterapias.com\\\/#\\\/schema\\\/person\\\/267944d8880bf51dd22b9803435d65c6\",\"name\":\"C\u00e9lia de Jesus\",\"image\":{\"@type\":\"ImageObject\",\"inLanguage\":\"fr-FR\",\"@id\":\"https:\\\/\\\/treenaturaterapias.com\\\/wp-content\\\/uploads\\\/2018\\\/09\\\/cropped-18901839_10154690353442194_1408032629_o.jpg\",\"url\":\"https:\\\/\\\/treenaturaterapias.com\\\/wp-content\\\/uploads\\\/2018\\\/09\\\/cropped-18901839_10154690353442194_1408032629_o.jpg\",\"contentUrl\":\"https:\\\/\\\/treenaturaterapias.com\\\/wp-content\\\/uploads\\\/2018\\\/09\\\/cropped-18901839_10154690353442194_1408032629_o.jpg\",\"width\":512,\"height\":512,\"caption\":\"C\u00e9lia de Jesus\"},\"logo\":{\"@id\":\"https:\\\/\\\/treenaturaterapias.com\\\/wp-content\\\/uploads\\\/2018\\\/09\\\/cropped-18901839_10154690353442194_1408032629_o.jpg\"}}]}<\/script>\n<!-- \/ Yoast SEO plugin. -->","yoast_head_json":{"title":"Terapia Conex\u00e3o AVA","robots":{"index":"index","follow":"follow","max-snippet":"max-snippet:-1","max-image-preview":"max-image-preview:large","max-video-preview":"max-video-preview:-1"},"canonical":"https:\/\/treenaturaterapias.com\/fr\/conexao-ava\/","og_locale":"fr_FR","og_type":"article","og_title":"[:pt]Terapia Conex\u00e3o AVA[:] - Tree Natura Terapias","og_description":"A Conex\u00e3o AVA \u00e9 uma terapia energ\u00e9tica que trabalha com o povo Arcturiano e Mestres Ascensos ( os que s\u00e3o necess\u00e1rios para o processo de cura do paciente). Os Arcturianos s\u00e3o um povo que trabalha com energias Cr\u00edsticas de 12\u00ba Dimens\u00e3o\u00a0 e\u00a0 que disponibilizou toda a sua experi\u00eancia e tecnologia &hellip;","og_url":"https:\/\/treenaturaterapias.com\/fr\/conexao-ava\/","og_site_name":"Tree Natura Terapias","article_modified_time":"2023-09-14T12:29:38+00:00","og_image":[{"width":333,"height":282,"url":"https:\/\/treenaturaterapias.com\/wp-content\/uploads\/2016\/06\/kryon3.jpg","type":"image\/jpeg"}],"twitter_card":"summary_large_image","twitter_misc":{"Dur\u00e9e de lecture estim\u00e9e":"4 minutes"},"schema":{"@context":"https:\/\/schema.org","@graph":[{"@type":"WebPage","@id":"https:\/\/treenaturaterapias.com\/conexao-ava\/","url":"https:\/\/treenaturaterapias.com\/conexao-ava\/","name":"Terapia Conex\u00e3o AVA","isPartOf":{"@id":"https:\/\/treenaturaterapias.com\/#website"},"primaryImageOfPage":{"@id":"https:\/\/treenaturaterapias.com\/conexao-ava\/#primaryimage"},"image":{"@id":"https:\/\/treenaturaterapias.com\/conexao-ava\/#primaryimage"},"thumbnailUrl":"https:\/\/treenaturaterapias.com\/wp-content\/uploads\/2016\/06\/kryon3.jpg","datePublished":"2016-06-06T16:27:35+00:00","dateModified":"2023-09-14T12:29:38+00:00","breadcrumb":{"@id":"https:\/\/treenaturaterapias.com\/conexao-ava\/#breadcrumb"},"inLanguage":"fr-FR","potentialAction":[{"@type":"ReadAction","target":["https:\/\/treenaturaterapias.com\/conexao-ava\/"]}]},{"@type":"ImageObject","inLanguage":"fr-FR","@id":"https:\/\/treenaturaterapias.com\/conexao-ava\/#primaryimage","url":"https:\/\/treenaturaterapias.com\/wp-content\/uploads\/2016\/06\/kryon3.jpg","contentUrl":"https:\/\/treenaturaterapias.com\/wp-content\/uploads\/2016\/06\/kryon3.jpg","width":333,"height":282},{"@type":"BreadcrumbList","@id":"https:\/\/treenaturaterapias.com\/conexao-ava\/#breadcrumb","itemListElement":[{"@type":"ListItem","position":1,"name":"In\u00edcio","item":"https:\/\/treenaturaterapias.com\/"},{"@type":"ListItem","position":2,"name":"Terapia Conex\u00e3o AVA"}]},{"@type":"WebSite","@id":"https:\/\/treenaturaterapias.com\/#website","url":"https:\/\/treenaturaterapias.com\/","name":"Tree Natura Terapias","description":"Reconhecendo o Divino que habita em si","publisher":{"@id":"https:\/\/treenaturaterapias.com\/#\/schema\/person\/267944d8880bf51dd22b9803435d65c6"},"potentialAction":[{"@type":"SearchAction","target":{"@type":"EntryPoint","urlTemplate":"https:\/\/treenaturaterapias.com\/?s={search_term_string}"},"query-input":{"@type":"PropertyValueSpecification","valueRequired":true,"valueName":"search_term_string"}}],"inLanguage":"fr-FR"},{"@type":["Person","Organization"],"@id":"https:\/\/treenaturaterapias.com\/#\/schema\/person\/267944d8880bf51dd22b9803435d65c6","name":"C\u00e9lia de Jesus","image":{"@type":"ImageObject","inLanguage":"fr-FR","@id":"https:\/\/treenaturaterapias.com\/wp-content\/uploads\/2018\/09\/cropped-18901839_10154690353442194_1408032629_o.jpg","url":"https:\/\/treenaturaterapias.com\/wp-content\/uploads\/2018\/09\/cropped-18901839_10154690353442194_1408032629_o.jpg","contentUrl":"https:\/\/treenaturaterapias.com\/wp-content\/uploads\/2018\/09\/cropped-18901839_10154690353442194_1408032629_o.jpg","width":512,"height":512,"caption":"C\u00e9lia de Jesus"},"logo":{"@id":"https:\/\/treenaturaterapias.com\/wp-content\/uploads\/2018\/09\/cropped-18901839_10154690353442194_1408032629_o.jpg"}}]}},"_links":{"self":[{"href":"https:\/\/treenaturaterapias.com\/fr\/wp-json\/wp\/v2\/pages\/88","targetHints":{"allow":["GET"]}}],"collection":[{"href":"https:\/\/treenaturaterapias.com\/fr\/wp-json\/wp\/v2\/pages"}],"about":[{"href":"https:\/\/treenaturaterapias.com\/fr\/wp-json\/wp\/v2\/types\/page"}],"author":[{"embeddable":true,"href":"https:\/\/treenaturaterapias.com\/fr\/wp-json\/wp\/v2\/users\/1"}],"replies":[{"embeddable":true,"href":"https:\/\/treenaturaterapias.com\/fr\/wp-json\/wp\/v2\/comments?post=88"}],"version-history":[{"count":0,"href":"https:\/\/treenaturaterapias.com\/fr\/wp-json\/wp\/v2\/pages\/88\/revisions"}],"wp:featuredmedia":[{"embeddable":true,"href":"https:\/\/treenaturaterapias.com\/fr\/wp-json\/wp\/v2\/media\/97"}],"wp:attachment":[{"href":"https:\/\/treenaturaterapias.com\/fr\/wp-json\/wp\/v2\/media?parent=88"}],"curies":[{"name":"wp","href":"https:\/\/api.w.org\/{rel}","templated":true}]}}