{"id":764,"date":"2018-09-10T10:11:41","date_gmt":"2018-09-10T10:11:41","guid":{"rendered":"https:\/\/treenaturaterapias.com\/?page_id=764"},"modified":"2023-01-18T23:16:51","modified_gmt":"2023-01-18T23:16:51","slug":"quais-os-perigos-de-tomar-iboga","status":"publish","type":"page","link":"https:\/\/treenaturaterapias.com\/fr\/quais-os-perigos-de-tomar-iboga\/","title":{"rendered":"Quais os perigos de tomar Iboga?"},"content":{"rendered":"<p>A planta Iboga \u00e9 um dos verdadeiros milagres da natureza que j\u00e1 vi acontecer por v\u00e1rias vezes. \u00c9 maravilhoso como uma simples planta consegue fazer tanto pelos nossos traumas.<\/p>\n<p>Para isto acontecer, tem de ser totalmente verdadeiro com a Iboga. Tal como qualquer coisa na Terra, n\u00e3o gosta de trai\u00e7\u00e3o e poder\u00e1 correr mal, caso seja oculto algo.<\/p>\n<p>Exige alguns cuidados dias antes da cerim\u00f3nia de Iboga e \u00e9 TOTALMENTE incompat\u00edvel com certas problemas de sa\u00fade.<\/p>\n<p>Por isso o paciente passa por uma entrevista semanas&nbsp; antes para saber at\u00e9 que ponto ser\u00e1 vi\u00e1vel a sua participa\u00e7\u00e3o na Cerim\u00f3nia de Iboga.<\/p>\n<p>&nbsp;<\/p>\n<p><strong>Crit\u00e9rios de Exclus\u00e3o Absoluta<\/strong><\/p>\n<p><span style=\"color: #ff0000;\">Ser\u00e1 total responsabilidade do participante caso oculte alguma informa\u00e7\u00e3o!<\/span><\/p>\n<p>Aqui est\u00e1 uma lista de crit\u00e9rios em que presen\u00e7a n\u00e3o podemos fornecer tratamento:<\/p>\n<ul>\n<li>Certos medicamentos e dosagens<\/li>\n<li>Certas condi\u00e7\u00f5es psiqui\u00e1tricas<\/li>\n<li>Esquizofrenia<\/li>\n<li>Transtorno bipolar para o qual o paciente foi hospitalizado ou medicado<\/li>\n<li>Despersonaliza\u00e7\u00e3o e\/ou Transtorno da Desrealiza\u00e7\u00e3o<\/li>\n<li>Disfun\u00e7\u00e3o Cerebral<\/li>\n<li>Epilepsia<\/li>\n<li>Psicose ou estado confuso agudo<\/li>\n<li>Doen\u00e7a cerebral org\u00e2nica<\/li>\n<li>Dem\u00eancia<\/li>\n<li>Certas condi\u00e7\u00f5es card\u00edacas pr\u00e9-existentes<\/li>\n<li>Hist\u00f3ria de insufici\u00eancia card\u00edaca, cora\u00e7\u00e3o hipertr\u00f3fico ou aumentado<\/li>\n<li>Co\u00e1gulos sangu\u00edneos ativos<\/li>\n<li>Embolia pulmonar<\/li>\n<li>Trombose venosa profunda<\/li>\n<li>Certas condi\u00e7\u00f5es respirat\u00f3rias importantes<\/li>\n<li>Baixos n\u00edveis de oxig\u00e9nio e tratamentos necess\u00e1rios com ester\u00f3ides levam a riscos excessivos.<\/li>\n<li>Enfisema<\/li>\n<li>Transtorno Pulmonar Obstrutivo Cr\u00f3nico<\/li>\n<li>Fibrose c\u00edstica<\/li>\n<li>Problemas gastrointestinais graves ou cr\u00f3nicos<\/li>\n<li>\u00dalcera sangrante<\/li>\n<li>S\u00edndrome do intestino solto<\/li>\n<li>Resultados anormais de exames de sangue<\/li>\n<li>Rim ou fun\u00e7\u00e3o hep\u00e1tica prejudicada<\/li>\n<li>Infec\u00e7\u00e3o ativa ou abscesso<\/li>\n<li>Dentro de 6 meses de grandes cirurgias.<\/li>\n<li>Gravidez<\/li>\n<\/ul>\n<p><span style=\"color: #ff0000;\">Ser\u00e1 total responsabilidade do participante caso oculte alguma informa\u00e7\u00e3o!<\/span><\/p>\n\n<div class=\"wpforms-container wpforms-container-full wpforms-form-abandonment\" id=\"wpforms-1293\"><form id=\"wpforms-form-1293\" class=\"wpforms-validate wpforms-form wpforms-ajax-form\" data-formid=\"1293\" method=\"post\" enctype=\"multipart\/form-data\" action=\"\/fr\/wp-json\/wp\/v2\/pages\/764\" data-token=\"c69067d4804285a4f59843070058a03a\"><div class=\"wpforms-head-container\"><div class=\"wpforms-title\">Pedido de informa\u00e7\u00e3o sobre retiro de Iboga<\/div><\/div><noscript class=\"wpforms-error-noscript\">Veuillez activer JavaScript dans votre navigateur pour remplir ce formulaire.<\/noscript><div class=\"wpforms-field-container\"><div id=\"wpforms-1293-field_1-container\" class=\"wpforms-field wpforms-field-name\" data-field-id=\"1\"><label class=\"wpforms-field-label\" for=\"wpforms-1293-field_1\">Nome <span class=\"wpforms-required-label\">*<\/span><\/label><div class=\"wpforms-field-row wpforms-field-medium\"><div class=\"wpforms-field-row-block wpforms-first wpforms-one-half\"><input type=\"text\" id=\"wpforms-1293-field_1\" class=\"wpforms-field-name-first wpforms-field-required\" name=\"wpforms[fields][1][first]\" placeholder=\"Primeiro nome\" required><label for=\"wpforms-1293-field_1\" class=\"wpforms-field-sublabel after wpforms-sublabel-hide\">Pr\u00e9nom<\/label><\/div><div class=\"wpforms-field-row-block wpforms-one-half\"><input type=\"text\" id=\"wpforms-1293-field_1-last\" class=\"wpforms-field-name-last wpforms-field-required\" name=\"wpforms[fields][1][last]\" placeholder=\"\u00daltimo Nome\" required><label for=\"wpforms-1293-field_1-last\" class=\"wpforms-field-sublabel after wpforms-sublabel-hide\">Nom<\/label><\/div><\/div><\/div><div id=\"wpforms-1293-field_2-container\" class=\"wpforms-field wpforms-field-phone\" data-field-id=\"2\"><label class=\"wpforms-field-label\" for=\"wpforms-1293-field_2\">Telefone <span class=\"wpforms-required-label\">*<\/span><\/label><input type=\"tel\" id=\"wpforms-1293-field_2\" class=\"wpforms-field-small wpforms-field-required wpforms-smart-phone-field\" data-rule-smart-phone-field=\"true\" name=\"wpforms[fields][2]\" required><\/div><div id=\"wpforms-1293-field_3-container\" class=\"wpforms-field wpforms-field-email\" data-field-id=\"3\"><label class=\"wpforms-field-label\" for=\"wpforms-1293-field_3\">Email <span class=\"wpforms-required-label\">*<\/span><\/label><input type=\"email\" id=\"wpforms-1293-field_3\" class=\"wpforms-field-small wpforms-field-required\" name=\"wpforms[fields][3]\" required><\/div><div id=\"wpforms-1293-field_4-container\" class=\"wpforms-field wpforms-field-date-time\" data-field-id=\"4\"><label class=\"wpforms-field-label\" for=\"wpforms-1293-field_4\">Data \/ Hora<\/label><div class=\"wpforms-field-row wpforms-field-medium\"><div class=\"wpforms-field-row-block wpforms-one-half wpforms-first\"><div class=\"wpforms-datepicker-wrap\"><input type=\"text\" id=\"wpforms-1293-field_4\" class=\"wpforms-field-date-time-date wpforms-datepicker\" data-date-format=\"F j, Y\" data-disable-past-dates=\"0\" data-input=\"true\" name=\"wpforms[fields][4][date]\" ><a title=\"Effacer la date\" data-clear class=\"wpforms-datepicker-clear\" style=\"display:none;\"><\/a><\/div><label for=\"wpforms-1293-field_4\" class=\"wpforms-field-sublabel after \">Date<\/label><\/div><div class=\"wpforms-field-row-block wpforms-one-half\"><input type=\"text\" id=\"wpforms-1293-field_4-time\" class=\"wpforms-field-date-time-time wpforms-timepicker\" data-time-format=\"g:i A\" data-step=\"30\" data-rule-time12h=\"true\" name=\"wpforms[fields][4][time]\" ><label for=\"wpforms-1293-field_4-time\" class=\"wpforms-field-sublabel after \">Heure<\/label><\/div><\/div><\/div><div id=\"wpforms-1293-field_5-container\" class=\"wpforms-field wpforms-field-textarea\" data-field-id=\"5\"><label class=\"wpforms-field-label\" for=\"wpforms-1293-field_5\">Observa\u00e7\u00f5es<\/label><textarea id=\"wpforms-1293-field_5\" class=\"wpforms-field-small wpforms-limit-characters-enabled\" data-form-id=\"1293\" data-field-id=\"5\" data-text-limit=\"2000\" name=\"wpforms[fields][5]\" maxlength=\"2000\" ><\/textarea><\/div><\/div><div class=\"wpforms-submit-container\"><input type=\"hidden\" name=\"wpforms[id]\" value=\"1293\"><input type=\"hidden\" name=\"wpforms[author]\" value=\"1\"><button type=\"submit\" name=\"wpforms[submit]\" id=\"wpforms-submit-1293\" class=\"wpforms-submit\" data-alt-text=\"A enviar pedido de marca\u00e7\u00e3o...\" data-submit-text=\"Agendar sess\u00e3o\" aria-live=\"assertive\" value=\"wpforms-submit\">Agendar sess\u00e3o<\/button><img loading=\"lazy\" decoding=\"async\" src=\"https:\/\/treenaturaterapias.com\/wp-content\/plugins\/wpforms\/assets\/images\/submit-spin.svg\" class=\"wpforms-submit-spinner\" style=\"display: none;\" width=\"26\" height=\"26\" alt=\"\"><\/div><\/form><\/div>  <!-- .wpforms-container -->","protected":false},"excerpt":{"rendered":"<p>A planta Iboga \u00e9 um dos verdadeiros milagres da natureza que j\u00e1 vi acontecer por v\u00e1rias vezes. \u00c9 maravilhoso como uma simples planta consegue fazer tanto pelos nossos traumas. Para isto acontecer, tem de ser totalmente verdadeiro com a Iboga. Tal como qualquer coisa na Terra, n\u00e3o gosta de trai\u00e7\u00e3o &hellip; <\/p>\n","protected":false},"author":1,"featured_media":0,"parent":0,"menu_order":0,"comment_status":"closed","ping_status":"closed","template":"","meta":{"_monsterinsights_skip_tracking":false,"_monsterinsights_sitenote_active":false,"_monsterinsights_sitenote_note":"","_monsterinsights_sitenote_category":0,"footnotes":""},"class_list":["post-764","page","type-page","status-publish","hentry"],"yoast_head":"<!-- This site is optimized with the Yoast SEO plugin v27.4 - https:\/\/yoast.com\/product\/yoast-seo-wordpress\/ -->\n<title>Quais os perigos de tomar Iboga?<\/title>\n<meta name=\"robots\" content=\"index, follow, max-snippet:-1, max-image-preview:large, max-video-preview:-1\" \/>\n<link rel=\"canonical\" href=\"https:\/\/treenaturaterapias.com\/fr\/quais-os-perigos-de-tomar-iboga\/\" \/>\n<meta property=\"og:locale\" content=\"fr_FR\" \/>\n<meta property=\"og:locale:alternate\" content=\"en_US\" \/>\n<meta property=\"og:locale:alternate\" content=\"pt_PT\" \/>\n<meta property=\"og:type\" content=\"article\" \/>\n<meta property=\"og:title\" content=\"Quais os perigos de tomar Iboga?\" \/>\n<meta property=\"og:description\" content=\"A planta Iboga \u00e9 um dos verdadeiros milagres da natureza que j\u00e1 vi acontecer por v\u00e1rias vezes. \u00c9 maravilhoso como uma simples planta consegue fazer tanto pelos nossos traumas. Para isto acontecer, tem de ser totalmente verdadeiro com a Iboga. Tal como qualquer coisa na Terra, n\u00e3o gosta de trai\u00e7\u00e3o &hellip;\" \/>\n<meta property=\"og:url\" content=\"https:\/\/treenaturaterapias.com\/fr\/quais-os-perigos-de-tomar-iboga\/\" \/>\n<meta property=\"og:site_name\" content=\"Tree Natura Terapias\" \/>\n<meta property=\"article:modified_time\" content=\"2023-01-18T23:16:51+00:00\" \/>\n<meta name=\"twitter:card\" content=\"summary_large_image\" \/>\n<meta name=\"twitter:label1\" content=\"Dur\u00e9e de lecture estim\u00e9e\" \/>\n\t<meta name=\"twitter:data1\" content=\"1 minute\" \/>\n<script type=\"application\/ld+json\" class=\"yoast-schema-graph\">{\"@context\":\"https:\\\/\\\/schema.org\",\"@graph\":[{\"@type\":\"WebPage\",\"@id\":\"https:\\\/\\\/treenaturaterapias.com\\\/quais-os-perigos-de-tomar-iboga\\\/\",\"url\":\"https:\\\/\\\/treenaturaterapias.com\\\/quais-os-perigos-de-tomar-iboga\\\/\",\"name\":\"Quais os perigos de tomar Iboga?\",\"isPartOf\":{\"@id\":\"https:\\\/\\\/treenaturaterapias.com\\\/#website\"},\"datePublished\":\"2018-09-10T10:11:41+00:00\",\"dateModified\":\"2023-01-18T23:16:51+00:00\",\"breadcrumb\":{\"@id\":\"https:\\\/\\\/treenaturaterapias.com\\\/quais-os-perigos-de-tomar-iboga\\\/#breadcrumb\"},\"inLanguage\":\"fr-FR\",\"potentialAction\":[{\"@type\":\"ReadAction\",\"target\":[\"https:\\\/\\\/treenaturaterapias.com\\\/quais-os-perigos-de-tomar-iboga\\\/\"]}]},{\"@type\":\"BreadcrumbList\",\"@id\":\"https:\\\/\\\/treenaturaterapias.com\\\/quais-os-perigos-de-tomar-iboga\\\/#breadcrumb\",\"itemListElement\":[{\"@type\":\"ListItem\",\"position\":1,\"name\":\"In\u00edcio\",\"item\":\"https:\\\/\\\/treenaturaterapias.com\\\/\"},{\"@type\":\"ListItem\",\"position\":2,\"name\":\"Quais os perigos de tomar Iboga?\"}]},{\"@type\":\"WebSite\",\"@id\":\"https:\\\/\\\/treenaturaterapias.com\\\/#website\",\"url\":\"https:\\\/\\\/treenaturaterapias.com\\\/\",\"name\":\"Tree Natura Terapias\",\"description\":\"Reconhecendo o Divino que habita em si\",\"publisher\":{\"@id\":\"https:\\\/\\\/treenaturaterapias.com\\\/#\\\/schema\\\/person\\\/267944d8880bf51dd22b9803435d65c6\"},\"potentialAction\":[{\"@type\":\"SearchAction\",\"target\":{\"@type\":\"EntryPoint\",\"urlTemplate\":\"https:\\\/\\\/treenaturaterapias.com\\\/?s={search_term_string}\"},\"query-input\":{\"@type\":\"PropertyValueSpecification\",\"valueRequired\":true,\"valueName\":\"search_term_string\"}}],\"inLanguage\":\"fr-FR\"},{\"@type\":[\"Person\",\"Organization\"],\"@id\":\"https:\\\/\\\/treenaturaterapias.com\\\/#\\\/schema\\\/person\\\/267944d8880bf51dd22b9803435d65c6\",\"name\":\"C\u00e9lia de Jesus\",\"image\":{\"@type\":\"ImageObject\",\"inLanguage\":\"fr-FR\",\"@id\":\"https:\\\/\\\/treenaturaterapias.com\\\/wp-content\\\/uploads\\\/2018\\\/09\\\/cropped-18901839_10154690353442194_1408032629_o.jpg\",\"url\":\"https:\\\/\\\/treenaturaterapias.com\\\/wp-content\\\/uploads\\\/2018\\\/09\\\/cropped-18901839_10154690353442194_1408032629_o.jpg\",\"contentUrl\":\"https:\\\/\\\/treenaturaterapias.com\\\/wp-content\\\/uploads\\\/2018\\\/09\\\/cropped-18901839_10154690353442194_1408032629_o.jpg\",\"width\":512,\"height\":512,\"caption\":\"C\u00e9lia de Jesus\"},\"logo\":{\"@id\":\"https:\\\/\\\/treenaturaterapias.com\\\/wp-content\\\/uploads\\\/2018\\\/09\\\/cropped-18901839_10154690353442194_1408032629_o.jpg\"}}]}<\/script>\n<!-- \/ Yoast SEO plugin. -->","yoast_head_json":{"title":"Quais os perigos de tomar Iboga?","robots":{"index":"index","follow":"follow","max-snippet":"max-snippet:-1","max-image-preview":"max-image-preview:large","max-video-preview":"max-video-preview:-1"},"canonical":"https:\/\/treenaturaterapias.com\/fr\/quais-os-perigos-de-tomar-iboga\/","og_locale":"fr_FR","og_type":"article","og_title":"[:pt]Quais os perigos de tomar Iboga?[:] - Tree Natura Terapias","og_description":"A planta Iboga \u00e9 um dos verdadeiros milagres da natureza que j\u00e1 vi acontecer por v\u00e1rias vezes. \u00c9 maravilhoso como uma simples planta consegue fazer tanto pelos nossos traumas. Para isto acontecer, tem de ser totalmente verdadeiro com a Iboga. Tal como qualquer coisa na Terra, n\u00e3o gosta de trai\u00e7\u00e3o &hellip;","og_url":"https:\/\/treenaturaterapias.com\/fr\/quais-os-perigos-de-tomar-iboga\/","og_site_name":"Tree Natura Terapias","article_modified_time":"2023-01-18T23:16:51+00:00","twitter_card":"summary_large_image","twitter_misc":{"Dur\u00e9e de lecture estim\u00e9e":"1 minute"},"schema":{"@context":"https:\/\/schema.org","@graph":[{"@type":"WebPage","@id":"https:\/\/treenaturaterapias.com\/quais-os-perigos-de-tomar-iboga\/","url":"https:\/\/treenaturaterapias.com\/quais-os-perigos-de-tomar-iboga\/","name":"Quais os perigos de tomar Iboga?","isPartOf":{"@id":"https:\/\/treenaturaterapias.com\/#website"},"datePublished":"2018-09-10T10:11:41+00:00","dateModified":"2023-01-18T23:16:51+00:00","breadcrumb":{"@id":"https:\/\/treenaturaterapias.com\/quais-os-perigos-de-tomar-iboga\/#breadcrumb"},"inLanguage":"fr-FR","potentialAction":[{"@type":"ReadAction","target":["https:\/\/treenaturaterapias.com\/quais-os-perigos-de-tomar-iboga\/"]}]},{"@type":"BreadcrumbList","@id":"https:\/\/treenaturaterapias.com\/quais-os-perigos-de-tomar-iboga\/#breadcrumb","itemListElement":[{"@type":"ListItem","position":1,"name":"In\u00edcio","item":"https:\/\/treenaturaterapias.com\/"},{"@type":"ListItem","position":2,"name":"Quais os perigos de tomar Iboga?"}]},{"@type":"WebSite","@id":"https:\/\/treenaturaterapias.com\/#website","url":"https:\/\/treenaturaterapias.com\/","name":"Tree Natura Terapias","description":"Reconhecendo o Divino que habita em si","publisher":{"@id":"https:\/\/treenaturaterapias.com\/#\/schema\/person\/267944d8880bf51dd22b9803435d65c6"},"potentialAction":[{"@type":"SearchAction","target":{"@type":"EntryPoint","urlTemplate":"https:\/\/treenaturaterapias.com\/?s={search_term_string}"},"query-input":{"@type":"PropertyValueSpecification","valueRequired":true,"valueName":"search_term_string"}}],"inLanguage":"fr-FR"},{"@type":["Person","Organization"],"@id":"https:\/\/treenaturaterapias.com\/#\/schema\/person\/267944d8880bf51dd22b9803435d65c6","name":"C\u00e9lia de Jesus","image":{"@type":"ImageObject","inLanguage":"fr-FR","@id":"https:\/\/treenaturaterapias.com\/wp-content\/uploads\/2018\/09\/cropped-18901839_10154690353442194_1408032629_o.jpg","url":"https:\/\/treenaturaterapias.com\/wp-content\/uploads\/2018\/09\/cropped-18901839_10154690353442194_1408032629_o.jpg","contentUrl":"https:\/\/treenaturaterapias.com\/wp-content\/uploads\/2018\/09\/cropped-18901839_10154690353442194_1408032629_o.jpg","width":512,"height":512,"caption":"C\u00e9lia de Jesus"},"logo":{"@id":"https:\/\/treenaturaterapias.com\/wp-content\/uploads\/2018\/09\/cropped-18901839_10154690353442194_1408032629_o.jpg"}}]}},"_links":{"self":[{"href":"https:\/\/treenaturaterapias.com\/fr\/wp-json\/wp\/v2\/pages\/764","targetHints":{"allow":["GET"]}}],"collection":[{"href":"https:\/\/treenaturaterapias.com\/fr\/wp-json\/wp\/v2\/pages"}],"about":[{"href":"https:\/\/treenaturaterapias.com\/fr\/wp-json\/wp\/v2\/types\/page"}],"author":[{"embeddable":true,"href":"https:\/\/treenaturaterapias.com\/fr\/wp-json\/wp\/v2\/users\/1"}],"replies":[{"embeddable":true,"href":"https:\/\/treenaturaterapias.com\/fr\/wp-json\/wp\/v2\/comments?post=764"}],"version-history":[{"count":0,"href":"https:\/\/treenaturaterapias.com\/fr\/wp-json\/wp\/v2\/pages\/764\/revisions"}],"wp:attachment":[{"href":"https:\/\/treenaturaterapias.com\/fr\/wp-json\/wp\/v2\/media?parent=764"}],"curies":[{"name":"wp","href":"https:\/\/api.w.org\/{rel}","templated":true}]}}