{"id":756,"date":"2018-09-09T17:27:08","date_gmt":"2018-09-09T17:27:08","guid":{"rendered":"https:\/\/treenaturaterapias.com\/?page_id=756"},"modified":"2024-02-04T09:47:53","modified_gmt":"2024-02-04T09:47:53","slug":"cerimonia-de-iboga","status":"publish","type":"page","link":"https:\/\/treenaturaterapias.com\/fr\/cerimonia-de-iboga\/","title":{"rendered":"Cerim\u00f3nia de Iboga"},"content":{"rendered":"<p><a href=\"https:\/\/treenaturaterapias.com\/en\/cerimonia-de-iboga\/\" target=\"_blank\" rel=\"noopener noreferrer\"><img loading=\"lazy\" decoding=\"async\" class=\"alignnone size-full wp-image-773\" src=\"https:\/\/treenaturaterapias.com\/wp-content\/uploads\/2018\/09\/united-states-of-america-usa.png\" alt=\"\" width=\"32\" height=\"32\" \/><\/a><\/p>\n<figure id=\"attachment_1314\" style=\"width: 285px\"  class=\"wp-caption alignright\"><img loading=\"lazy\" decoding=\"async\" class=\" wp-image-1314\" src=\"https:\/\/treenaturaterapias.com\/wp-content\/uploads\/2023\/05\/Cerimonia-de-Iboga-224x300.jpeg\" alt=\"Cerim\u00f3nia de Iboga\" width=\"285\" height=\"382\" srcset=\"https:\/\/treenaturaterapias.com\/wp-content\/uploads\/2023\/05\/Cerimonia-de-Iboga-224x300.jpeg 224w, https:\/\/treenaturaterapias.com\/wp-content\/uploads\/2023\/05\/Cerimonia-de-Iboga-765x1024.jpeg 765w, https:\/\/treenaturaterapias.com\/wp-content\/uploads\/2023\/05\/Cerimonia-de-Iboga-768x1027.jpeg 768w, https:\/\/treenaturaterapias.com\/wp-content\/uploads\/2023\/05\/Cerimonia-de-Iboga-1148x1536.jpeg 1148w, https:\/\/treenaturaterapias.com\/wp-content\/uploads\/2023\/05\/Cerimonia-de-Iboga.jpeg 1196w\" sizes=\"auto, (max-width: 285px) 100vw, 285px\" \/><figcaption class=\"wp-caption-text\">Cerim\u00f3nia de Iboga<\/figcaption><\/figure>\n<p>A experi\u00eancia de Cerim\u00f3nia de Iboga ocorre durante 3 dias, em que 2 dias s\u00e3o de toma de <a href=\"https:\/\/treenaturaterapias.com\/iboga-retiro-em-portugal\/\" target=\"_blank\" rel=\"noopener noreferrer\">Iboga<\/a>. Quando todos os participantes chegam, juntamo-nos e cada alma se apresenta.<\/p>\n<p>Vamos dar uma introdu\u00e7\u00e3o sobre a\u00a0 hist\u00f3ria da Iboga e\u00a0 algumas orienta\u00e7\u00f5es sobre a cerim\u00f3nia para que esteja totalmente preparado e possa tirar o m\u00e1ximo proveito da sua viagem interior.<\/p>\n<p>Abrimos a cerim\u00f3nia de Iboga com alguns rituais e a intensifica\u00e7\u00e3o das inten\u00e7\u00f5es de cada um. O que pode esperar durante a cerim\u00f3nia \u00e9 totalmente imprevis\u00edvel, pois \u00e9 uma planta s\u00e1bia e saber\u00e1 actuar em cada um, conforme as suas necessidades.<\/p>\n<p>Durante a noite v\u00e1rias doses de Iboga ser\u00e3o tomadas.<\/p>\n<p>O efeito da Iboga \u00e9 geralmente percet\u00edvel ap\u00f3s algumas doses.\u00a0 Algumas pessoas t\u00eam vis\u00f5es (que podem ser confusas ou a total solu\u00e7\u00e3o do que buscavam), algumas experimentam emo\u00e7\u00f5es, outras t\u00eam uma rea\u00e7\u00e3o mais f\u00edsica.\u00a0 Confie na intelig\u00eancia da Iboga, que tudo est\u00e1 bem.<\/p>\n<p>Por causa da Iboga, voc\u00ea acesa a um n\u00edvel diferente de consci\u00eancia, mas nunca perde a consci\u00eancia. A Iboga puxa-o para dentro de si mesmo nesse momento, consegue traz\u00ea-lo mais para o aqui e agora.<\/p>\n<p>\u00c9 poss\u00edvel que surja uma comunica\u00e7\u00e3o na qual suas perguntas ser\u00e3o respondidas por palavras, sentimentos ou novos insights poder\u00e3o ser mostrados, o que poder\u00e1 ajud\u00e1-lo a se tornar mais consciente na vida di\u00e1ria. A <a href=\"https:\/\/treenaturaterapias.com\/iboga-retiro-em-portugal\/\" target=\"_blank\" rel=\"noopener noreferrer\">Iboga<\/a>\u00a0vai fazer refletir nas suas a\u00e7\u00f5es e consequ\u00eancias.<\/p>\n<p>A Iboga rompe a parede que o manteve impedido de viver uma vida livre. \u00c9 poss\u00edvel que sua mente entre em um ciclo vicioso e tente fazer truques para destruir o processo. Confie que todas essas fases passar\u00e3o e que Iboga tem uma intelig\u00eancia que transcende a mente humana.<img loading=\"lazy\" decoding=\"async\" class=\"alignright size-medium wp-image-757\" src=\"https:\/\/treenaturaterapias.com\/wp-content\/uploads\/2018\/09\/Iboga-Cerim\u00f3nia-1-300x235.jpg\" alt=\"\" width=\"300\" height=\"235\" srcset=\"https:\/\/treenaturaterapias.com\/wp-content\/uploads\/2018\/09\/Iboga-Cerim\u00f3nia-1-300x235.jpg 300w, https:\/\/treenaturaterapias.com\/wp-content\/uploads\/2018\/09\/Iboga-Cerim\u00f3nia-1-768x602.jpg 768w, https:\/\/treenaturaterapias.com\/wp-content\/uploads\/2018\/09\/Iboga-Cerim\u00f3nia-1.jpg 1024w\" sizes=\"auto, (max-width: 300px) 100vw, 300px\" \/><\/p>\n<p>Iboga sabe o que precisa fazer e como fazer. Iboga \u00e9 uma raiz e mistura-se com o seu subconsciente para dissolver problemas.<\/p>\n<p>O que voc\u00ea pode fazer durante esta \u00ab\u00a0opera\u00e7\u00e3o\u00a0\u00bb \u00e9 dar o volante \u00e1 Iboga e ter lugar no banco do passageiro. Confian\u00e7a e entrega s\u00e3o sempre de grande utilidade, mas certamente mais, neste processo de transforma\u00e7\u00e3o.<\/p>\n<p>Como dito anteriormente, sua mente poder\u00e1 tentar sabotar, fazendo duvidar de si mesmo ou causar outras emo\u00e7\u00f5es. Tente sempre retornar \u00e0 sua confian\u00e7a e entregue-se \u00e1 Iboga. Saiba que a Iboga \u00e9 a sua aliada durante esta cerim\u00f3nia e cuida de si de uma maneira \u00fanica. Observe o que acontece, mas n\u00e3o se envolva.<\/p>\n<p>Fique no banco do passageiro. Se tem uma mente ca\u00f3tica do dia a dia, a Iboga vai trabalhar nisso e \u00e9 uma situa\u00e7\u00e3o complexa para desvendar tudo e criar novos caminhos, portanto n\u00e3o adianta tentar perceber o que se est\u00e1 a passar.<\/p>\n<p>O que acontece exactamente, pelo menos at\u00e9 aos dias de hoje, n\u00e3o \u00e9 claro e vai al\u00e9m de nossa pr\u00f3pria intelig\u00eancia.\u00a0 A Iboga desbloqueia o seu potencial como muitos outros caminhos espirituais fazem, mas com uma efic\u00e1cia acima da m\u00e9dia e mais r\u00e1pida.<\/p>\n<p>O sil\u00eancio \u00e9 muito importante nestas cerim\u00f3nias. <a href=\"https:\/\/treenaturaterapias.com\/iboga-retiro-em-portugal\/\" target=\"_blank\" rel=\"noopener noreferrer\">Iboga<\/a> \u00e9 uma medita\u00e7\u00e3o com um profundo, profundo efeito. A transforma\u00e7\u00e3o \u00e9 o processo natural da mente.<\/p>\n<p>Durante o processo, alguns participantes t\u00eam que vomitar, outros n\u00e3o (na nossa experi\u00eancia, muito poucos). Se voc\u00ea vomitar, \u00e9 uma parte natural do processo e n\u00e3o tem que se preocupar.<\/p>\n<p>Teremos a possibilidade de restabelecer for\u00e7as entre cada noite com comida vegetariana\/vegan e o devido descanso do corpo.<\/p>\n<p>No final da cerim\u00f3nia fechamos com uma partilha das experi\u00eancias e cada alma poder\u00e1 descansar mais um pouco ou regressar \u00e1s suas casas.<img loading=\"lazy\" decoding=\"async\" class=\"aligncenter wp-image-758 size-full\" src=\"https:\/\/treenaturaterapias.com\/wp-content\/uploads\/2018\/09\/Iboga-Cerim\u00f3nia.jpg\" alt=\"\" width=\"352\" height=\"143\" srcset=\"https:\/\/treenaturaterapias.com\/wp-content\/uploads\/2018\/09\/Iboga-Cerim\u00f3nia.jpg 352w, https:\/\/treenaturaterapias.com\/wp-content\/uploads\/2018\/09\/Iboga-Cerim\u00f3nia-300x122.jpg 300w\" sizes=\"auto, (max-width: 352px) 100vw, 352px\" \/><\/p>\n<p><strong><em>Os dias a seguir \u00e1 cerim\u00f3nia\u00a0de <a href=\"https:\/\/treenaturaterapias.com\/iboga-retiro-em-portugal\/\" target=\"_blank\" rel=\"noopener noreferrer\">Iboga<\/a><\/em><\/strong><\/p>\n<p>\u00c9 poss\u00edvel que voc\u00ea n\u00e3o durma muito ou durma durante a cerim\u00f3nia. A Iboga \u00e9 um processo muito intenso que precisa de tempo e descanso para integrar. A\u00a0 Iboga continua a trabalhar no seu sistema por uns meses ap\u00f3s a cerim\u00f3nia, mas muito subtilmente.<\/p>\n<p>Compare a cerim\u00f3nia com uma opera\u00e7\u00e3o em que voc\u00ea\u00a0 precisa descansar para que a ferida se cure para n\u00e3o retardar o processo de cura. Aconselhamos a tirar pelo menos dois dias ou uma semana ap\u00f3s a cerim\u00f3nia de Iboga para obter o efeito m\u00e1ximo do processo de transforma\u00e7\u00e3o da Iboga.<\/p>\n<p>Passe algum tempo na natureza, pratique ioga ou medita\u00e7\u00e3o para ajudar no aceleramento da cura. Agora que a <a href=\"https:\/\/treenaturaterapias.com\/iboga-retiro-em-portugal\/\" target=\"_blank\" rel=\"noopener noreferrer\">Iboga<\/a> lhe abriu as portas e lhe devolveu o volante, cabe a voc\u00ea continuar seu processo de consciencializa\u00e7\u00e3o e transforma\u00e7\u00e3o.<\/p>\n<p><span style=\"color: #ff0000;\"><b>Para mais informa\u00e7\u00f5es sobre datas, por favor contactar por email.<\/b><\/span><\/p>\n<div class=\"\" data-block=\"true\" data-editor=\"6c33f\" data-offset-key=\"1k6ed-0-0\">\n<div class=\"_1mf _1mj\" data-offset-key=\"1k6ed-0-0\">\n<div data-offset-key=\"1k6ed-0-0\">\u00a0<\/div>\n<\/div>\n<\/div>\n<div class=\"\" data-block=\"true\" data-editor=\"6c33f\" data-offset-key=\"anjem-0-0\">\n<div class=\"_1mf _1mj\" data-offset-key=\"anjem-0-0\">\u00a0<\/div>\n<\/div>\n<p><blockquote class=\"wp-embedded-content\" data-secret=\"4Y9YGE9MOL\"><a href=\"https:\/\/treenaturaterapias.com\/experiencia-em-retiro-de-iboga-na-holanda-espanha-e-portugal\/\">Experi\u00eancia em retiro de Iboga em Portugal, Espanha e Holanda<\/a><\/blockquote><iframe loading=\"lazy\" class=\"wp-embedded-content\" sandbox=\"allow-scripts\" security=\"restricted\" style=\"position: absolute; visibility: hidden;\" title=\"&#8220;Experi\u00eancia em retiro de Iboga em Portugal, Espanha e Holanda&#8221; &#8212; Tree Natura Terapias\" src=\"https:\/\/treenaturaterapias.com\/experiencia-em-retiro-de-iboga-na-holanda-espanha-e-portugal\/embed\/#?secret=qAylcbUgZT#?secret=4Y9YGE9MOL\" data-secret=\"4Y9YGE9MOL\" width=\"600\" height=\"338\" frameborder=\"0\" marginwidth=\"0\" marginheight=\"0\" scrolling=\"no\"><\/iframe><\/p>\n\n<div class=\"wpforms-container wpforms-container-full wpforms-form-abandonment\" id=\"wpforms-1293\"><form id=\"wpforms-form-1293\" class=\"wpforms-validate wpforms-form wpforms-ajax-form\" data-formid=\"1293\" method=\"post\" enctype=\"multipart\/form-data\" action=\"\/fr\/wp-json\/wp\/v2\/pages\/756\" data-token=\"32099e82fd161c9e3227da32c7231682\"><div class=\"wpforms-head-container\"><div class=\"wpforms-title\">Pedido de informa\u00e7\u00e3o sobre retiro de Iboga<\/div><\/div><noscript class=\"wpforms-error-noscript\">Veuillez activer JavaScript dans votre navigateur pour remplir ce formulaire.<\/noscript><div class=\"wpforms-field-container\"><div id=\"wpforms-1293-field_1-container\" class=\"wpforms-field wpforms-field-name\" data-field-id=\"1\"><label class=\"wpforms-field-label\" for=\"wpforms-1293-field_1\">Nome <span class=\"wpforms-required-label\">*<\/span><\/label><div class=\"wpforms-field-row wpforms-field-medium\"><div class=\"wpforms-field-row-block wpforms-first wpforms-one-half\"><input type=\"text\" id=\"wpforms-1293-field_1\" class=\"wpforms-field-name-first wpforms-field-required\" name=\"wpforms[fields][1][first]\" placeholder=\"Primeiro nome\" required><label for=\"wpforms-1293-field_1\" class=\"wpforms-field-sublabel after wpforms-sublabel-hide\">Pr\u00e9nom<\/label><\/div><div class=\"wpforms-field-row-block wpforms-one-half\"><input type=\"text\" id=\"wpforms-1293-field_1-last\" class=\"wpforms-field-name-last wpforms-field-required\" name=\"wpforms[fields][1][last]\" placeholder=\"\u00daltimo Nome\" required><label for=\"wpforms-1293-field_1-last\" class=\"wpforms-field-sublabel after wpforms-sublabel-hide\">Nom<\/label><\/div><\/div><\/div><div id=\"wpforms-1293-field_2-container\" class=\"wpforms-field wpforms-field-phone\" data-field-id=\"2\"><label class=\"wpforms-field-label\" for=\"wpforms-1293-field_2\">Telefone <span class=\"wpforms-required-label\">*<\/span><\/label><input type=\"tel\" id=\"wpforms-1293-field_2\" class=\"wpforms-field-small wpforms-field-required wpforms-smart-phone-field\" data-rule-smart-phone-field=\"true\" name=\"wpforms[fields][2]\" required><\/div><div id=\"wpforms-1293-field_3-container\" class=\"wpforms-field wpforms-field-email\" data-field-id=\"3\"><label class=\"wpforms-field-label\" for=\"wpforms-1293-field_3\">Email <span class=\"wpforms-required-label\">*<\/span><\/label><input type=\"email\" id=\"wpforms-1293-field_3\" class=\"wpforms-field-small wpforms-field-required\" name=\"wpforms[fields][3]\" required><\/div><div id=\"wpforms-1293-field_4-container\" class=\"wpforms-field wpforms-field-date-time\" data-field-id=\"4\"><label class=\"wpforms-field-label\" for=\"wpforms-1293-field_4\">Data \/ Hora<\/label><div class=\"wpforms-field-row wpforms-field-medium\"><div class=\"wpforms-field-row-block wpforms-one-half wpforms-first\"><div class=\"wpforms-datepicker-wrap\"><input type=\"text\" id=\"wpforms-1293-field_4\" class=\"wpforms-field-date-time-date wpforms-datepicker\" data-date-format=\"F j, Y\" data-disable-past-dates=\"0\" data-input=\"true\" name=\"wpforms[fields][4][date]\" ><a title=\"Effacer la date\" data-clear class=\"wpforms-datepicker-clear\" style=\"display:none;\"><\/a><\/div><label for=\"wpforms-1293-field_4\" class=\"wpforms-field-sublabel after \">Date<\/label><\/div><div class=\"wpforms-field-row-block wpforms-one-half\"><input type=\"text\" id=\"wpforms-1293-field_4-time\" class=\"wpforms-field-date-time-time wpforms-timepicker\" data-time-format=\"g:i A\" data-step=\"30\" data-rule-time12h=\"true\" name=\"wpforms[fields][4][time]\" ><label for=\"wpforms-1293-field_4-time\" class=\"wpforms-field-sublabel after \">Heure<\/label><\/div><\/div><\/div><div id=\"wpforms-1293-field_5-container\" class=\"wpforms-field wpforms-field-textarea\" data-field-id=\"5\"><label class=\"wpforms-field-label\" for=\"wpforms-1293-field_5\">Observa\u00e7\u00f5es<\/label><textarea id=\"wpforms-1293-field_5\" class=\"wpforms-field-small wpforms-limit-characters-enabled\" data-form-id=\"1293\" data-field-id=\"5\" data-text-limit=\"2000\" name=\"wpforms[fields][5]\" maxlength=\"2000\" ><\/textarea><\/div><\/div><div class=\"wpforms-submit-container\"><input type=\"hidden\" name=\"wpforms[id]\" value=\"1293\"><input type=\"hidden\" name=\"wpforms[author]\" value=\"1\"><button type=\"submit\" name=\"wpforms[submit]\" id=\"wpforms-submit-1293\" class=\"wpforms-submit\" data-alt-text=\"A enviar pedido de marca\u00e7\u00e3o...\" data-submit-text=\"Agendar sess\u00e3o\" aria-live=\"assertive\" value=\"wpforms-submit\">Agendar sess\u00e3o<\/button><img loading=\"lazy\" decoding=\"async\" src=\"https:\/\/treenaturaterapias.com\/wp-content\/plugins\/wpforms\/assets\/images\/submit-spin.svg\" class=\"wpforms-submit-spinner\" style=\"display: none;\" width=\"26\" height=\"26\" alt=\"\"><\/div><\/form><\/div>  <!-- .wpforms-container -->","protected":false},"excerpt":{"rendered":"<p>A experi\u00eancia de Cerim\u00f3nia de Iboga ocorre durante 3 dias, em que 2 dias s\u00e3o de toma de Iboga. Quando todos os participantes chegam, juntamo-nos e cada alma se apresenta. Vamos dar uma introdu\u00e7\u00e3o sobre a\u00a0 hist\u00f3ria da Iboga e\u00a0 algumas orienta\u00e7\u00f5es sobre a cerim\u00f3nia para que esteja totalmente preparado &hellip; <\/p>\n","protected":false},"author":1,"featured_media":0,"parent":0,"menu_order":0,"comment_status":"closed","ping_status":"closed","template":"","meta":{"_monsterinsights_skip_tracking":false,"_monsterinsights_sitenote_active":false,"_monsterinsights_sitenote_note":"","_monsterinsights_sitenote_category":0,"footnotes":""},"class_list":["post-756","page","type-page","status-publish","hentry"],"yoast_head":"<!-- This site is optimized with the Yoast SEO plugin v27.4 - https:\/\/yoast.com\/product\/yoast-seo-wordpress\/ -->\n<title>Cerim\u00f3nia de Iboga<\/title>\n<meta name=\"description\" content=\"A Cerim\u00f3nia de Iboga ocorre durante 3 dias, em que 2 dias s\u00e3o de toma de Iboga. Quando todos os participantes chegam, juntamo-nos e cada alma se apresenta\" \/>\n<meta name=\"robots\" content=\"index, follow, max-snippet:-1, max-image-preview:large, max-video-preview:-1\" \/>\n<link rel=\"canonical\" href=\"https:\/\/treenaturaterapias.com\/fr\/cerimonia-de-iboga\/\" \/>\n<meta property=\"og:locale\" content=\"fr_FR\" \/>\n<meta property=\"og:locale:alternate\" content=\"en_US\" \/>\n<meta property=\"og:locale:alternate\" content=\"pt_PT\" \/>\n<meta property=\"og:type\" content=\"article\" \/>\n<meta property=\"og:title\" content=\"Cerim\u00f3nia de Iboga\" \/>\n<meta property=\"og:description\" content=\"A Cerim\u00f3nia de Iboga ocorre durante 3 dias, em que 2 dias s\u00e3o de toma de Iboga. Quando todos os participantes chegam, juntamo-nos e cada alma se apresenta\" \/>\n<meta property=\"og:url\" content=\"https:\/\/treenaturaterapias.com\/fr\/cerimonia-de-iboga\/\" \/>\n<meta property=\"og:site_name\" content=\"Tree Natura Terapias\" \/>\n<meta property=\"article:modified_time\" content=\"2024-02-04T09:47:53+00:00\" \/>\n<meta property=\"og:image\" content=\"https:\/\/treenaturaterapias.com\/wp-content\/uploads\/2018\/09\/united-states-of-america-usa.png\" \/>\n<meta name=\"twitter:card\" content=\"summary_large_image\" \/>\n<meta name=\"twitter:label1\" content=\"Dur\u00e9e de lecture estim\u00e9e\" \/>\n\t<meta name=\"twitter:data1\" content=\"5 minutes\" \/>\n<script type=\"application\/ld+json\" class=\"yoast-schema-graph\">{\"@context\":\"https:\\\/\\\/schema.org\",\"@graph\":[{\"@type\":\"WebPage\",\"@id\":\"https:\\\/\\\/treenaturaterapias.com\\\/fr\\\/cerimonia-de-iboga\\\/\",\"url\":\"https:\\\/\\\/treenaturaterapias.com\\\/fr\\\/cerimonia-de-iboga\\\/\",\"name\":\"Cerim\u00f3nia de Iboga\",\"isPartOf\":{\"@id\":\"https:\\\/\\\/treenaturaterapias.com\\\/#website\"},\"primaryImageOfPage\":{\"@id\":\"https:\\\/\\\/treenaturaterapias.com\\\/fr\\\/cerimonia-de-iboga\\\/#primaryimage\"},\"image\":{\"@id\":\"https:\\\/\\\/treenaturaterapias.com\\\/fr\\\/cerimonia-de-iboga\\\/#primaryimage\"},\"thumbnailUrl\":\"https:\\\/\\\/treenaturaterapias.com\\\/wp-content\\\/uploads\\\/2018\\\/09\\\/united-states-of-america-usa.png\",\"datePublished\":\"2018-09-09T17:27:08+00:00\",\"dateModified\":\"2024-02-04T09:47:53+00:00\",\"description\":\"A Cerim\u00f3nia de Iboga ocorre durante 3 dias, em que 2 dias s\u00e3o de toma de Iboga. Quando todos os participantes chegam, juntamo-nos e cada alma se apresenta\",\"breadcrumb\":{\"@id\":\"https:\\\/\\\/treenaturaterapias.com\\\/fr\\\/cerimonia-de-iboga\\\/#breadcrumb\"},\"inLanguage\":\"fr-FR\",\"potentialAction\":[{\"@type\":\"ReadAction\",\"target\":[\"https:\\\/\\\/treenaturaterapias.com\\\/fr\\\/cerimonia-de-iboga\\\/\"]}]},{\"@type\":\"ImageObject\",\"inLanguage\":\"fr-FR\",\"@id\":\"https:\\\/\\\/treenaturaterapias.com\\\/fr\\\/cerimonia-de-iboga\\\/#primaryimage\",\"url\":\"https:\\\/\\\/treenaturaterapias.com\\\/wp-content\\\/uploads\\\/2018\\\/09\\\/united-states-of-america-usa.png\",\"contentUrl\":\"https:\\\/\\\/treenaturaterapias.com\\\/wp-content\\\/uploads\\\/2018\\\/09\\\/united-states-of-america-usa.png\"},{\"@type\":\"BreadcrumbList\",\"@id\":\"https:\\\/\\\/treenaturaterapias.com\\\/fr\\\/cerimonia-de-iboga\\\/#breadcrumb\",\"itemListElement\":[{\"@type\":\"ListItem\",\"position\":1,\"name\":\"In\u00edcio\",\"item\":\"https:\\\/\\\/treenaturaterapias.com\\\/\"},{\"@type\":\"ListItem\",\"position\":2,\"name\":\"Cerim\u00f3nia de Iboga\"}]},{\"@type\":\"WebSite\",\"@id\":\"https:\\\/\\\/treenaturaterapias.com\\\/#website\",\"url\":\"https:\\\/\\\/treenaturaterapias.com\\\/\",\"name\":\"Tree Natura Terapias\",\"description\":\"Reconhecendo o Divino que habita em si\",\"publisher\":{\"@id\":\"https:\\\/\\\/treenaturaterapias.com\\\/#\\\/schema\\\/person\\\/267944d8880bf51dd22b9803435d65c6\"},\"potentialAction\":[{\"@type\":\"SearchAction\",\"target\":{\"@type\":\"EntryPoint\",\"urlTemplate\":\"https:\\\/\\\/treenaturaterapias.com\\\/?s={search_term_string}\"},\"query-input\":{\"@type\":\"PropertyValueSpecification\",\"valueRequired\":true,\"valueName\":\"search_term_string\"}}],\"inLanguage\":\"fr-FR\"},{\"@type\":[\"Person\",\"Organization\"],\"@id\":\"https:\\\/\\\/treenaturaterapias.com\\\/#\\\/schema\\\/person\\\/267944d8880bf51dd22b9803435d65c6\",\"name\":\"C\u00e9lia de Jesus\",\"image\":{\"@type\":\"ImageObject\",\"inLanguage\":\"fr-FR\",\"@id\":\"https:\\\/\\\/treenaturaterapias.com\\\/wp-content\\\/uploads\\\/2018\\\/09\\\/cropped-18901839_10154690353442194_1408032629_o.jpg\",\"url\":\"https:\\\/\\\/treenaturaterapias.com\\\/wp-content\\\/uploads\\\/2018\\\/09\\\/cropped-18901839_10154690353442194_1408032629_o.jpg\",\"contentUrl\":\"https:\\\/\\\/treenaturaterapias.com\\\/wp-content\\\/uploads\\\/2018\\\/09\\\/cropped-18901839_10154690353442194_1408032629_o.jpg\",\"width\":512,\"height\":512,\"caption\":\"C\u00e9lia de Jesus\"},\"logo\":{\"@id\":\"https:\\\/\\\/treenaturaterapias.com\\\/wp-content\\\/uploads\\\/2018\\\/09\\\/cropped-18901839_10154690353442194_1408032629_o.jpg\"}}]}<\/script>\n<!-- \/ Yoast SEO plugin. -->","yoast_head_json":{"title":"Cerim\u00f3nia de Iboga","description":"A Cerim\u00f3nia de Iboga ocorre durante 3 dias, em que 2 dias s\u00e3o de toma de Iboga. Quando todos os participantes chegam, juntamo-nos e cada alma se apresenta","robots":{"index":"index","follow":"follow","max-snippet":"max-snippet:-1","max-image-preview":"max-image-preview:large","max-video-preview":"max-video-preview:-1"},"canonical":"https:\/\/treenaturaterapias.com\/fr\/cerimonia-de-iboga\/","og_locale":"fr_FR","og_type":"article","og_title":"[:en]Iboga Ceremony[:pt]Cerim\u00f3nia de Iboga[:] - Tree Natura Terapias","og_description":"A Cerim\u00f3nia de Iboga ocorre durante 3 dias, em que 2 dias s\u00e3o de toma de Iboga. Quando todos os participantes chegam, juntamo-nos e cada alma se apresenta","og_url":"https:\/\/treenaturaterapias.com\/fr\/cerimonia-de-iboga\/","og_site_name":"Tree Natura Terapias","article_modified_time":"2024-02-04T09:47:53+00:00","og_image":[{"url":"https:\/\/treenaturaterapias.com\/wp-content\/uploads\/2018\/09\/united-states-of-america-usa.png","type":"","width":"","height":""}],"twitter_card":"summary_large_image","twitter_misc":{"Dur\u00e9e de lecture estim\u00e9e":"5 minutes"},"schema":{"@context":"https:\/\/schema.org","@graph":[{"@type":"WebPage","@id":"https:\/\/treenaturaterapias.com\/fr\/cerimonia-de-iboga\/","url":"https:\/\/treenaturaterapias.com\/fr\/cerimonia-de-iboga\/","name":"Cerim\u00f3nia de Iboga","isPartOf":{"@id":"https:\/\/treenaturaterapias.com\/#website"},"primaryImageOfPage":{"@id":"https:\/\/treenaturaterapias.com\/fr\/cerimonia-de-iboga\/#primaryimage"},"image":{"@id":"https:\/\/treenaturaterapias.com\/fr\/cerimonia-de-iboga\/#primaryimage"},"thumbnailUrl":"https:\/\/treenaturaterapias.com\/wp-content\/uploads\/2018\/09\/united-states-of-america-usa.png","datePublished":"2018-09-09T17:27:08+00:00","dateModified":"2024-02-04T09:47:53+00:00","description":"A Cerim\u00f3nia de Iboga ocorre durante 3 dias, em que 2 dias s\u00e3o de toma de Iboga. Quando todos os participantes chegam, juntamo-nos e cada alma se apresenta","breadcrumb":{"@id":"https:\/\/treenaturaterapias.com\/fr\/cerimonia-de-iboga\/#breadcrumb"},"inLanguage":"fr-FR","potentialAction":[{"@type":"ReadAction","target":["https:\/\/treenaturaterapias.com\/fr\/cerimonia-de-iboga\/"]}]},{"@type":"ImageObject","inLanguage":"fr-FR","@id":"https:\/\/treenaturaterapias.com\/fr\/cerimonia-de-iboga\/#primaryimage","url":"https:\/\/treenaturaterapias.com\/wp-content\/uploads\/2018\/09\/united-states-of-america-usa.png","contentUrl":"https:\/\/treenaturaterapias.com\/wp-content\/uploads\/2018\/09\/united-states-of-america-usa.png"},{"@type":"BreadcrumbList","@id":"https:\/\/treenaturaterapias.com\/fr\/cerimonia-de-iboga\/#breadcrumb","itemListElement":[{"@type":"ListItem","position":1,"name":"In\u00edcio","item":"https:\/\/treenaturaterapias.com\/"},{"@type":"ListItem","position":2,"name":"Cerim\u00f3nia de Iboga"}]},{"@type":"WebSite","@id":"https:\/\/treenaturaterapias.com\/#website","url":"https:\/\/treenaturaterapias.com\/","name":"Tree Natura Terapias","description":"Reconhecendo o Divino que habita em si","publisher":{"@id":"https:\/\/treenaturaterapias.com\/#\/schema\/person\/267944d8880bf51dd22b9803435d65c6"},"potentialAction":[{"@type":"SearchAction","target":{"@type":"EntryPoint","urlTemplate":"https:\/\/treenaturaterapias.com\/?s={search_term_string}"},"query-input":{"@type":"PropertyValueSpecification","valueRequired":true,"valueName":"search_term_string"}}],"inLanguage":"fr-FR"},{"@type":["Person","Organization"],"@id":"https:\/\/treenaturaterapias.com\/#\/schema\/person\/267944d8880bf51dd22b9803435d65c6","name":"C\u00e9lia de Jesus","image":{"@type":"ImageObject","inLanguage":"fr-FR","@id":"https:\/\/treenaturaterapias.com\/wp-content\/uploads\/2018\/09\/cropped-18901839_10154690353442194_1408032629_o.jpg","url":"https:\/\/treenaturaterapias.com\/wp-content\/uploads\/2018\/09\/cropped-18901839_10154690353442194_1408032629_o.jpg","contentUrl":"https:\/\/treenaturaterapias.com\/wp-content\/uploads\/2018\/09\/cropped-18901839_10154690353442194_1408032629_o.jpg","width":512,"height":512,"caption":"C\u00e9lia de Jesus"},"logo":{"@id":"https:\/\/treenaturaterapias.com\/wp-content\/uploads\/2018\/09\/cropped-18901839_10154690353442194_1408032629_o.jpg"}}]}},"_links":{"self":[{"href":"https:\/\/treenaturaterapias.com\/fr\/wp-json\/wp\/v2\/pages\/756","targetHints":{"allow":["GET"]}}],"collection":[{"href":"https:\/\/treenaturaterapias.com\/fr\/wp-json\/wp\/v2\/pages"}],"about":[{"href":"https:\/\/treenaturaterapias.com\/fr\/wp-json\/wp\/v2\/types\/page"}],"author":[{"embeddable":true,"href":"https:\/\/treenaturaterapias.com\/fr\/wp-json\/wp\/v2\/users\/1"}],"replies":[{"embeddable":true,"href":"https:\/\/treenaturaterapias.com\/fr\/wp-json\/wp\/v2\/comments?post=756"}],"version-history":[{"count":0,"href":"https:\/\/treenaturaterapias.com\/fr\/wp-json\/wp\/v2\/pages\/756\/revisions"}],"wp:attachment":[{"href":"https:\/\/treenaturaterapias.com\/fr\/wp-json\/wp\/v2\/media?parent=756"}],"curies":[{"name":"wp","href":"https:\/\/api.w.org\/{rel}","templated":true}]}}