{"id":749,"date":"2018-09-09T16:49:41","date_gmt":"2018-09-09T16:49:41","guid":{"rendered":"https:\/\/treenaturaterapias.com\/?page_id=749"},"modified":"2024-02-04T09:58:45","modified_gmt":"2024-02-04T09:58:45","slug":"o-que-e-a-iboga","status":"publish","type":"page","link":"https:\/\/treenaturaterapias.com\/fr\/o-que-e-a-iboga\/","title":{"rendered":"O que \u00e9 a Iboga"},"content":{"rendered":"<p><a href=\"https:\/\/treenaturaterapias.com\/en\/o-que-e-a-iboga\/\"><img loading=\"lazy\" decoding=\"async\" class=\"alignleft wp-image-773 size-full\" src=\"https:\/\/treenaturaterapias.com\/wp-content\/uploads\/2018\/09\/united-states-of-america-usa.png\" alt=\"\" width=\"32\" height=\"32\" \/><\/a><\/p>\n<p>\u00a0<\/p>\n<p>O que \u00e9 a Iboga<\/p>\n<p>A <a href=\"https:\/\/treenaturaterapias.com\/iboga-retiro-em-portugal\/\" target=\"_blank\" rel=\"noopener\">Iboga<\/a> (Tabernanthe Iboga) tem uma longa hist\u00f3ria de uso como rem\u00e9dio e evolu\u00e7\u00e3o espiritual na \u00c1frica central. Diz a lenda que as pessoas da floresta (pigmeus) a descobriram pela primeira vez atrav\u00e9s de observa\u00e7\u00f5es de animais como javali, porco-espinho e gorilas que consumiam a raiz. A Iboga \u00e9 usada uma vez na vida, em uma dose alta, em cerim\u00f3nias inici\u00e1ticas pela cultura Bwiti. O prop\u00f3sito desta inicia\u00e7\u00e3o \u00e9 que as pessoas visitem o mundo espiritual e se comuniquem com seus antepassados \u200b\u200b\u00e0 medida que buscam orienta\u00e7\u00f5es para suas vidas.<\/p>\n<p>A cerim\u00f3nia com Iboga n\u00e3o \u00e9 uma viagem de prazer. N\u00e3o possui nenhum tipo de atra\u00e7\u00e3o recreativa. Quem procura prazer ou excita\u00e7\u00e3o n\u00e3o \u00e9 o lugar certo. No entanto, ela tem a capacidade de ser profundamente purificadora e terap\u00eautica quando usada com cuidado e respeito.<\/p>\n<h2><strong><a href=\"https:\/\/treenaturaterapias.com\/iboga-retiro-em-portugal\/\" target=\"_blank\" rel=\"noopener\">Iboga<\/a> &#8230; porqu\u00ea se aventurar?<\/strong><\/h2>\n<p>O Ocidente conhece a Iboga pela iboga\u00edna e seus efeitos, em que elimina\u00a0 v\u00edcios. Na \u00c1frica eles tratam e conhecem <a href=\"https:\/\/treenaturaterapias.com\/iboga-retiro-em-portugal\/\" target=\"_blank\" rel=\"noopener\">Iboga<\/a> como uma curadora mestre e tem sido usada \u200b\u200bmais como rem\u00e9dio e para evolu\u00e7\u00e3o espiritual. A Iboga n\u00e3o \u00e9 apenas eficaz na elimina\u00e7\u00e3o de v\u00edcios, mas tamb\u00e9m \u00e9 uma ajuda poderosa na elimina\u00e7\u00e3o de h\u00e1bitos destrutivos, negativos e padr\u00f5es comportamentais t\u00f3xicos. Aventurar-se em uma viagem com <a href=\"https:\/\/treenaturaterapias.com\/iboga-retiro-em-portugal\/\" target=\"_blank\" rel=\"noopener\">Iboga<\/a> \u00e9 uma experi\u00eancia pessoal e terap\u00eautica, na qual voc\u00ea ser\u00e1 confrontado com seu passado e elementos de sua sombra. Para muitos, Iboga assume a forma de um professor &#8230; \u00e9 simples, mas n\u00e3o arrogante, ao mesmo tempo poderosa e gentil, com um toque suave, indo direto ao ponto.<\/p>\n<p>Quando sob a influ\u00eancia de Iboga, o usu\u00e1rio se v\u00ea em um estado desconectado. \u00c9 capaz de ver a sua vidas sem a plena intensidade emocional e apego que tais experi\u00eancias podem conter. Isso permite que voc\u00ea processe as coisas sem ser emocionalmente sobrecarregado. Iboga fornece uma desfragmenta\u00e7\u00e3o completa da informa\u00e7\u00e3o t\u00f3xica no c\u00e9rebro, proporcionando uma desintoxica\u00e7\u00e3o completa ao mesmo tempo. \u00c9 uma planta multifacetada que limpa e transforma fisicamente, mentalmente e espiritualmente. Muitas pessoas v\u00eaem o Iboga como uma maneira profunda de pressionar o bot\u00e3o INICIAR da vida e fornecer um novo come\u00e7o para promulgar mudan\u00e7as. Depois de tomar <a href=\"https:\/\/treenaturaterapias.com\/iboga-retiro-em-portugal\/\" target=\"_blank\" rel=\"noopener\">Iboga<\/a>, \u00e9 mais f\u00e1cil caminhar em uma dire\u00e7\u00e3o diferente e ganhar novas perspectivas de cura na vida.<\/p>\n<p><blockquote class=\"wp-embedded-content\" data-secret=\"ZaTkId5NqH\"><a href=\"https:\/\/treenaturaterapias.com\/experiencia-em-retiro-de-iboga-na-holanda-espanha-e-portugal\/\">Experi\u00eancia em retiro de Iboga em Portugal, Espanha e Holanda<\/a><\/blockquote><iframe loading=\"lazy\" class=\"wp-embedded-content\" sandbox=\"allow-scripts\" security=\"restricted\" style=\"position: absolute; visibility: hidden;\" title=\"&#8220;Experi\u00eancia em retiro de Iboga em Portugal, Espanha e Holanda&#8221; &#8212; Tree Natura Terapias\" src=\"https:\/\/treenaturaterapias.com\/experiencia-em-retiro-de-iboga-na-holanda-espanha-e-portugal\/embed\/#?secret=SB0VB50NNg#?secret=ZaTkId5NqH\" data-secret=\"ZaTkId5NqH\" width=\"600\" height=\"338\" frameborder=\"0\" marginwidth=\"0\" marginheight=\"0\" scrolling=\"no\"><\/iframe><\/p>\n<p><blockquote class=\"wp-embedded-content\" data-secret=\"3T8kWPmLVx\"><a href=\"https:\/\/treenaturaterapias.com\/iboga-retiro-em-portugal\/\">Iboga &#8211; Retiro em Portugal!<\/a><\/blockquote><iframe loading=\"lazy\" class=\"wp-embedded-content\" sandbox=\"allow-scripts\" security=\"restricted\" style=\"position: absolute; visibility: hidden;\" title=\"&#8220;Iboga &#8211; Retiro em Portugal!&#8221; &#8212; Tree Natura Terapias\" src=\"https:\/\/treenaturaterapias.com\/iboga-retiro-em-portugal\/embed\/#?secret=Pd0wU1Zl2G#?secret=3T8kWPmLVx\" data-secret=\"3T8kWPmLVx\" width=\"600\" height=\"338\" frameborder=\"0\" marginwidth=\"0\" marginheight=\"0\" scrolling=\"no\"><\/iframe><\/p>\n\n<div class=\"wpforms-container wpforms-container-full wpforms-form-abandonment\" id=\"wpforms-1293\"><form id=\"wpforms-form-1293\" class=\"wpforms-validate wpforms-form wpforms-ajax-form\" data-formid=\"1293\" method=\"post\" enctype=\"multipart\/form-data\" action=\"\/fr\/wp-json\/wp\/v2\/pages\/749\" data-token=\"6ca69522198f0c5e322c33b2ffb0728b\"><div class=\"wpforms-head-container\"><div class=\"wpforms-title\">Pedido de informa\u00e7\u00e3o sobre retiro de Iboga<\/div><\/div><noscript class=\"wpforms-error-noscript\">Veuillez activer JavaScript dans votre navigateur pour remplir ce formulaire.<\/noscript><div class=\"wpforms-field-container\"><div id=\"wpforms-1293-field_1-container\" class=\"wpforms-field wpforms-field-name\" data-field-id=\"1\"><label class=\"wpforms-field-label\" for=\"wpforms-1293-field_1\">Nome <span class=\"wpforms-required-label\">*<\/span><\/label><div class=\"wpforms-field-row wpforms-field-medium\"><div class=\"wpforms-field-row-block wpforms-first wpforms-one-half\"><input type=\"text\" id=\"wpforms-1293-field_1\" class=\"wpforms-field-name-first wpforms-field-required\" name=\"wpforms[fields][1][first]\" placeholder=\"Primeiro nome\" required><label for=\"wpforms-1293-field_1\" class=\"wpforms-field-sublabel after wpforms-sublabel-hide\">Pr\u00e9nom<\/label><\/div><div class=\"wpforms-field-row-block wpforms-one-half\"><input type=\"text\" id=\"wpforms-1293-field_1-last\" class=\"wpforms-field-name-last wpforms-field-required\" name=\"wpforms[fields][1][last]\" placeholder=\"\u00daltimo Nome\" required><label for=\"wpforms-1293-field_1-last\" class=\"wpforms-field-sublabel after wpforms-sublabel-hide\">Nom<\/label><\/div><\/div><\/div><div id=\"wpforms-1293-field_2-container\" class=\"wpforms-field wpforms-field-phone\" data-field-id=\"2\"><label class=\"wpforms-field-label\" for=\"wpforms-1293-field_2\">Telefone <span class=\"wpforms-required-label\">*<\/span><\/label><input type=\"tel\" id=\"wpforms-1293-field_2\" class=\"wpforms-field-small wpforms-field-required wpforms-smart-phone-field\" data-rule-smart-phone-field=\"true\" name=\"wpforms[fields][2]\" required><\/div><div id=\"wpforms-1293-field_3-container\" class=\"wpforms-field wpforms-field-email\" data-field-id=\"3\"><label class=\"wpforms-field-label\" for=\"wpforms-1293-field_3\">Email <span class=\"wpforms-required-label\">*<\/span><\/label><input type=\"email\" id=\"wpforms-1293-field_3\" class=\"wpforms-field-small wpforms-field-required\" name=\"wpforms[fields][3]\" required><\/div><div id=\"wpforms-1293-field_4-container\" class=\"wpforms-field wpforms-field-date-time\" data-field-id=\"4\"><label class=\"wpforms-field-label\" for=\"wpforms-1293-field_4\">Data \/ Hora<\/label><div class=\"wpforms-field-row wpforms-field-medium\"><div class=\"wpforms-field-row-block wpforms-one-half wpforms-first\"><div class=\"wpforms-datepicker-wrap\"><input type=\"text\" id=\"wpforms-1293-field_4\" class=\"wpforms-field-date-time-date wpforms-datepicker\" data-date-format=\"F j, Y\" data-disable-past-dates=\"0\" data-input=\"true\" name=\"wpforms[fields][4][date]\" ><a title=\"Effacer la date\" data-clear class=\"wpforms-datepicker-clear\" style=\"display:none;\"><\/a><\/div><label for=\"wpforms-1293-field_4\" class=\"wpforms-field-sublabel after \">Date<\/label><\/div><div class=\"wpforms-field-row-block wpforms-one-half\"><input type=\"text\" id=\"wpforms-1293-field_4-time\" class=\"wpforms-field-date-time-time wpforms-timepicker\" data-time-format=\"g:i A\" data-step=\"30\" data-rule-time12h=\"true\" name=\"wpforms[fields][4][time]\" ><label for=\"wpforms-1293-field_4-time\" class=\"wpforms-field-sublabel after \">Heure<\/label><\/div><\/div><\/div><div id=\"wpforms-1293-field_5-container\" class=\"wpforms-field wpforms-field-textarea\" data-field-id=\"5\"><label class=\"wpforms-field-label\" for=\"wpforms-1293-field_5\">Observa\u00e7\u00f5es<\/label><textarea id=\"wpforms-1293-field_5\" class=\"wpforms-field-small wpforms-limit-characters-enabled\" data-form-id=\"1293\" data-field-id=\"5\" data-text-limit=\"2000\" name=\"wpforms[fields][5]\" maxlength=\"2000\" ><\/textarea><\/div><\/div><div class=\"wpforms-submit-container\"><input type=\"hidden\" name=\"wpforms[id]\" value=\"1293\"><input type=\"hidden\" name=\"wpforms[author]\" value=\"1\"><button type=\"submit\" name=\"wpforms[submit]\" id=\"wpforms-submit-1293\" class=\"wpforms-submit\" data-alt-text=\"A enviar pedido de marca\u00e7\u00e3o...\" data-submit-text=\"Agendar sess\u00e3o\" aria-live=\"assertive\" value=\"wpforms-submit\">Agendar sess\u00e3o<\/button><img loading=\"lazy\" decoding=\"async\" src=\"https:\/\/treenaturaterapias.com\/wp-content\/plugins\/wpforms\/assets\/images\/submit-spin.svg\" class=\"wpforms-submit-spinner\" style=\"display: none;\" width=\"26\" height=\"26\" alt=\"\"><\/div><\/form><\/div>  <!-- .wpforms-container -->","protected":false},"excerpt":{"rendered":"<p>\u00a0 O que \u00e9 a Iboga A Iboga (Tabernanthe Iboga) tem uma longa hist\u00f3ria de uso como rem\u00e9dio e evolu\u00e7\u00e3o espiritual na \u00c1frica central. Diz a lenda que as pessoas da floresta (pigmeus) a descobriram pela primeira vez atrav\u00e9s de observa\u00e7\u00f5es de animais como javali, porco-espinho e gorilas que consumiam &hellip; <\/p>\n","protected":false},"author":1,"featured_media":0,"parent":0,"menu_order":0,"comment_status":"closed","ping_status":"closed","template":"","meta":{"_monsterinsights_skip_tracking":false,"_monsterinsights_sitenote_active":false,"_monsterinsights_sitenote_note":"","_monsterinsights_sitenote_category":0,"footnotes":""},"class_list":["post-749","page","type-page","status-publish","hentry"],"yoast_head":"<!-- This site is optimized with the Yoast SEO plugin v27.4 - https:\/\/yoast.com\/product\/yoast-seo-wordpress\/ -->\n<title>O que \u00e9 a Iboga<\/title>\n<meta name=\"description\" content=\"O que \u00e9 a Iboga : Diz a lenda que as pessoas da floresta (pigmeus) a descobriram pela primeira vez atrav\u00e9s de observa\u00e7\u00f5es de animais como javali, porco-espinho e gorilas que consumiam a raiz.\" \/>\n<meta name=\"robots\" content=\"index, follow, max-snippet:-1, max-image-preview:large, max-video-preview:-1\" \/>\n<link rel=\"canonical\" href=\"https:\/\/treenaturaterapias.com\/fr\/o-que-e-a-iboga\/\" \/>\n<meta property=\"og:locale\" content=\"fr_FR\" \/>\n<meta property=\"og:locale:alternate\" content=\"en_US\" \/>\n<meta property=\"og:locale:alternate\" content=\"pt_PT\" \/>\n<meta property=\"og:type\" content=\"article\" \/>\n<meta property=\"og:title\" content=\"O que \u00e9 a Iboga\" \/>\n<meta property=\"og:description\" content=\"O que \u00e9 a Iboga : Diz a lenda que as pessoas da floresta (pigmeus) a descobriram pela primeira vez atrav\u00e9s de observa\u00e7\u00f5es de animais como javali, porco-espinho e gorilas que consumiam a raiz.\" \/>\n<meta property=\"og:url\" content=\"https:\/\/treenaturaterapias.com\/fr\/o-que-e-a-iboga\/\" \/>\n<meta property=\"og:site_name\" content=\"Tree Natura Terapias\" \/>\n<meta property=\"article:modified_time\" content=\"2024-02-04T09:58:45+00:00\" \/>\n<meta property=\"og:image\" content=\"https:\/\/treenaturaterapias.com\/wp-content\/uploads\/2018\/09\/flag_portugal.png\" \/>\n<meta name=\"twitter:card\" content=\"summary_large_image\" \/>\n<meta name=\"twitter:label1\" content=\"Dur\u00e9e de lecture estim\u00e9e\" \/>\n\t<meta name=\"twitter:data1\" content=\"3 minutes\" \/>\n<script type=\"application\/ld+json\" class=\"yoast-schema-graph\">{\"@context\":\"https:\\\/\\\/schema.org\",\"@graph\":[{\"@type\":\"WebPage\",\"@id\":\"https:\\\/\\\/treenaturaterapias.com\\\/o-que-e-a-iboga\\\/\",\"url\":\"https:\\\/\\\/treenaturaterapias.com\\\/o-que-e-a-iboga\\\/\",\"name\":\"O que \u00e9 a Iboga\",\"isPartOf\":{\"@id\":\"https:\\\/\\\/treenaturaterapias.com\\\/#website\"},\"primaryImageOfPage\":{\"@id\":\"https:\\\/\\\/treenaturaterapias.com\\\/o-que-e-a-iboga\\\/#primaryimage\"},\"image\":{\"@id\":\"https:\\\/\\\/treenaturaterapias.com\\\/o-que-e-a-iboga\\\/#primaryimage\"},\"thumbnailUrl\":\"https:\\\/\\\/treenaturaterapias.com\\\/wp-content\\\/uploads\\\/2018\\\/09\\\/flag_portugal.png\",\"datePublished\":\"2018-09-09T16:49:41+00:00\",\"dateModified\":\"2024-02-04T09:58:45+00:00\",\"description\":\"O que \u00e9 a Iboga : Diz a lenda que as pessoas da floresta (pigmeus) a descobriram pela primeira vez atrav\u00e9s de observa\u00e7\u00f5es de animais como javali, porco-espinho e gorilas que consumiam a raiz.\",\"breadcrumb\":{\"@id\":\"https:\\\/\\\/treenaturaterapias.com\\\/o-que-e-a-iboga\\\/#breadcrumb\"},\"inLanguage\":\"fr-FR\",\"potentialAction\":[{\"@type\":\"ReadAction\",\"target\":[\"https:\\\/\\\/treenaturaterapias.com\\\/o-que-e-a-iboga\\\/\"]}]},{\"@type\":\"ImageObject\",\"inLanguage\":\"fr-FR\",\"@id\":\"https:\\\/\\\/treenaturaterapias.com\\\/o-que-e-a-iboga\\\/#primaryimage\",\"url\":\"https:\\\/\\\/treenaturaterapias.com\\\/wp-content\\\/uploads\\\/2018\\\/09\\\/flag_portugal.png\",\"contentUrl\":\"https:\\\/\\\/treenaturaterapias.com\\\/wp-content\\\/uploads\\\/2018\\\/09\\\/flag_portugal.png\"},{\"@type\":\"BreadcrumbList\",\"@id\":\"https:\\\/\\\/treenaturaterapias.com\\\/o-que-e-a-iboga\\\/#breadcrumb\",\"itemListElement\":[{\"@type\":\"ListItem\",\"position\":1,\"name\":\"In\u00edcio\",\"item\":\"https:\\\/\\\/treenaturaterapias.com\\\/\"},{\"@type\":\"ListItem\",\"position\":2,\"name\":\"O que \u00e9 a Iboga\"}]},{\"@type\":\"WebSite\",\"@id\":\"https:\\\/\\\/treenaturaterapias.com\\\/#website\",\"url\":\"https:\\\/\\\/treenaturaterapias.com\\\/\",\"name\":\"Tree Natura Terapias\",\"description\":\"Reconhecendo o Divino que habita em si\",\"publisher\":{\"@id\":\"https:\\\/\\\/treenaturaterapias.com\\\/#\\\/schema\\\/person\\\/267944d8880bf51dd22b9803435d65c6\"},\"potentialAction\":[{\"@type\":\"SearchAction\",\"target\":{\"@type\":\"EntryPoint\",\"urlTemplate\":\"https:\\\/\\\/treenaturaterapias.com\\\/?s={search_term_string}\"},\"query-input\":{\"@type\":\"PropertyValueSpecification\",\"valueRequired\":true,\"valueName\":\"search_term_string\"}}],\"inLanguage\":\"fr-FR\"},{\"@type\":[\"Person\",\"Organization\"],\"@id\":\"https:\\\/\\\/treenaturaterapias.com\\\/#\\\/schema\\\/person\\\/267944d8880bf51dd22b9803435d65c6\",\"name\":\"C\u00e9lia de Jesus\",\"image\":{\"@type\":\"ImageObject\",\"inLanguage\":\"fr-FR\",\"@id\":\"https:\\\/\\\/treenaturaterapias.com\\\/wp-content\\\/uploads\\\/2018\\\/09\\\/cropped-18901839_10154690353442194_1408032629_o.jpg\",\"url\":\"https:\\\/\\\/treenaturaterapias.com\\\/wp-content\\\/uploads\\\/2018\\\/09\\\/cropped-18901839_10154690353442194_1408032629_o.jpg\",\"contentUrl\":\"https:\\\/\\\/treenaturaterapias.com\\\/wp-content\\\/uploads\\\/2018\\\/09\\\/cropped-18901839_10154690353442194_1408032629_o.jpg\",\"width\":512,\"height\":512,\"caption\":\"C\u00e9lia de Jesus\"},\"logo\":{\"@id\":\"https:\\\/\\\/treenaturaterapias.com\\\/wp-content\\\/uploads\\\/2018\\\/09\\\/cropped-18901839_10154690353442194_1408032629_o.jpg\"}}]}<\/script>\n<!-- \/ Yoast SEO plugin. -->","yoast_head_json":{"title":"O que \u00e9 a Iboga","description":"O que \u00e9 a Iboga : Diz a lenda que as pessoas da floresta (pigmeus) a descobriram pela primeira vez atrav\u00e9s de observa\u00e7\u00f5es de animais como javali, porco-espinho e gorilas que consumiam a raiz.","robots":{"index":"index","follow":"follow","max-snippet":"max-snippet:-1","max-image-preview":"max-image-preview:large","max-video-preview":"max-video-preview:-1"},"canonical":"https:\/\/treenaturaterapias.com\/fr\/o-que-e-a-iboga\/","og_locale":"fr_FR","og_type":"article","og_title":"[:en]What is Iboga?[:pt]O que \u00e9 a Iboga[:] - Tree Natura Terapias","og_description":"O que \u00e9 a Iboga : Diz a lenda que as pessoas da floresta (pigmeus) a descobriram pela primeira vez atrav\u00e9s de observa\u00e7\u00f5es de animais como javali, porco-espinho e gorilas que consumiam a raiz.","og_url":"https:\/\/treenaturaterapias.com\/fr\/o-que-e-a-iboga\/","og_site_name":"Tree Natura Terapias","article_modified_time":"2024-02-04T09:58:45+00:00","og_image":[{"url":"https:\/\/treenaturaterapias.com\/wp-content\/uploads\/2018\/09\/flag_portugal.png","type":"","width":"","height":""}],"twitter_card":"summary_large_image","twitter_misc":{"Dur\u00e9e de lecture estim\u00e9e":"3 minutes"},"schema":{"@context":"https:\/\/schema.org","@graph":[{"@type":"WebPage","@id":"https:\/\/treenaturaterapias.com\/o-que-e-a-iboga\/","url":"https:\/\/treenaturaterapias.com\/o-que-e-a-iboga\/","name":"O que \u00e9 a Iboga","isPartOf":{"@id":"https:\/\/treenaturaterapias.com\/#website"},"primaryImageOfPage":{"@id":"https:\/\/treenaturaterapias.com\/o-que-e-a-iboga\/#primaryimage"},"image":{"@id":"https:\/\/treenaturaterapias.com\/o-que-e-a-iboga\/#primaryimage"},"thumbnailUrl":"https:\/\/treenaturaterapias.com\/wp-content\/uploads\/2018\/09\/flag_portugal.png","datePublished":"2018-09-09T16:49:41+00:00","dateModified":"2024-02-04T09:58:45+00:00","description":"O que \u00e9 a Iboga : Diz a lenda que as pessoas da floresta (pigmeus) a descobriram pela primeira vez atrav\u00e9s de observa\u00e7\u00f5es de animais como javali, porco-espinho e gorilas que consumiam a raiz.","breadcrumb":{"@id":"https:\/\/treenaturaterapias.com\/o-que-e-a-iboga\/#breadcrumb"},"inLanguage":"fr-FR","potentialAction":[{"@type":"ReadAction","target":["https:\/\/treenaturaterapias.com\/o-que-e-a-iboga\/"]}]},{"@type":"ImageObject","inLanguage":"fr-FR","@id":"https:\/\/treenaturaterapias.com\/o-que-e-a-iboga\/#primaryimage","url":"https:\/\/treenaturaterapias.com\/wp-content\/uploads\/2018\/09\/flag_portugal.png","contentUrl":"https:\/\/treenaturaterapias.com\/wp-content\/uploads\/2018\/09\/flag_portugal.png"},{"@type":"BreadcrumbList","@id":"https:\/\/treenaturaterapias.com\/o-que-e-a-iboga\/#breadcrumb","itemListElement":[{"@type":"ListItem","position":1,"name":"In\u00edcio","item":"https:\/\/treenaturaterapias.com\/"},{"@type":"ListItem","position":2,"name":"O que \u00e9 a Iboga"}]},{"@type":"WebSite","@id":"https:\/\/treenaturaterapias.com\/#website","url":"https:\/\/treenaturaterapias.com\/","name":"Tree Natura Terapias","description":"Reconhecendo o Divino que habita em si","publisher":{"@id":"https:\/\/treenaturaterapias.com\/#\/schema\/person\/267944d8880bf51dd22b9803435d65c6"},"potentialAction":[{"@type":"SearchAction","target":{"@type":"EntryPoint","urlTemplate":"https:\/\/treenaturaterapias.com\/?s={search_term_string}"},"query-input":{"@type":"PropertyValueSpecification","valueRequired":true,"valueName":"search_term_string"}}],"inLanguage":"fr-FR"},{"@type":["Person","Organization"],"@id":"https:\/\/treenaturaterapias.com\/#\/schema\/person\/267944d8880bf51dd22b9803435d65c6","name":"C\u00e9lia de Jesus","image":{"@type":"ImageObject","inLanguage":"fr-FR","@id":"https:\/\/treenaturaterapias.com\/wp-content\/uploads\/2018\/09\/cropped-18901839_10154690353442194_1408032629_o.jpg","url":"https:\/\/treenaturaterapias.com\/wp-content\/uploads\/2018\/09\/cropped-18901839_10154690353442194_1408032629_o.jpg","contentUrl":"https:\/\/treenaturaterapias.com\/wp-content\/uploads\/2018\/09\/cropped-18901839_10154690353442194_1408032629_o.jpg","width":512,"height":512,"caption":"C\u00e9lia de Jesus"},"logo":{"@id":"https:\/\/treenaturaterapias.com\/wp-content\/uploads\/2018\/09\/cropped-18901839_10154690353442194_1408032629_o.jpg"}}]}},"_links":{"self":[{"href":"https:\/\/treenaturaterapias.com\/fr\/wp-json\/wp\/v2\/pages\/749","targetHints":{"allow":["GET"]}}],"collection":[{"href":"https:\/\/treenaturaterapias.com\/fr\/wp-json\/wp\/v2\/pages"}],"about":[{"href":"https:\/\/treenaturaterapias.com\/fr\/wp-json\/wp\/v2\/types\/page"}],"author":[{"embeddable":true,"href":"https:\/\/treenaturaterapias.com\/fr\/wp-json\/wp\/v2\/users\/1"}],"replies":[{"embeddable":true,"href":"https:\/\/treenaturaterapias.com\/fr\/wp-json\/wp\/v2\/comments?post=749"}],"version-history":[{"count":0,"href":"https:\/\/treenaturaterapias.com\/fr\/wp-json\/wp\/v2\/pages\/749\/revisions"}],"wp:attachment":[{"href":"https:\/\/treenaturaterapias.com\/fr\/wp-json\/wp\/v2\/media?parent=749"}],"curies":[{"name":"wp","href":"https:\/\/api.w.org\/{rel}","templated":true}]}}