{"id":655,"date":"2018-08-01T06:47:42","date_gmt":"2018-08-01T06:47:42","guid":{"rendered":"https:\/\/treenaturaterapias.com\/?page_id=655"},"modified":"2021-06-05T16:00:11","modified_gmt":"2021-06-05T16:00:11","slug":"estudo-numerologico-karma","status":"publish","type":"page","link":"https:\/\/treenaturaterapias.com\/fr\/estudo-numerologico-karma\/","title":{"rendered":"Estudo Numerol\u00f3gico do Karma"},"content":{"rendered":"<p>O <a href=\"https:\/\/treenaturaterapias.com\/karma-sera-bom-ou-mau\/\" target=\"_blank\" rel=\"noopener\">Karma<\/a> \u00e9 realmente o que nos faz vir at\u00e9 ao Planeta Terra para podermos regularizar e assim sermos cada vez mais unos com a nossa ess\u00eancia, atingindo assim um sentimento de paz em rela\u00e7\u00e3o a n\u00f3s pr\u00f3prios e a tudo o que nos rodeia. Ignorar que n\u00e3o trazemos Karma ou simplesmente \u00ab\u00a0iludir\u00a0\u00bb que j\u00e1 o tratamos ( que significa estar em estado de paz) n\u00e3o \u00e9 a solu\u00e7\u00e3o.<\/p>\n<p>O estudo numerol\u00f3gico do\u00a0 karma pessoal \u00e9 uma das ferramentas de auto conhecimento que ajudam a perceber uma\u00a0 pouco mais do karma que trazemos e como devemos fazer para atingir esse estado de paz, ultrapassando assim as nossas provas de Alma at\u00e9 chegar a um estado de Amor puro.<\/p>\n<p>O estudo numerol\u00f3gico do <a href=\"https:\/\/treenaturaterapias.com\/karma-sera-bom-ou-mau\/\" target=\"_blank\" rel=\"noopener\">karma<\/a> \u00e9 feito atrav\u00e9s de v\u00e1rios c\u00e1lculos entre o nome completo e a data de nascimento que no fundo \u00e9 onde reside toda a nossa verdadeira ess\u00eancia. \u00c9 poss\u00edvel com o estudo numerol\u00f3gico do karma ver um pouco de vidas passadas, do presente e poder planear o \u00ab\u00a0futuro\u00a0\u00bb com consci\u00eancia e sabendo onde o levar\u00e1 caso d\u00ea passos em falso.<\/p>\n<p>Muita verdade vem num estudo numerol\u00f3gico do<a href=\"https:\/\/treenaturaterapias.com\/karma-sera-bom-ou-mau\/\" target=\"_blank\" rel=\"noopener\"> karma<\/a> pessoal e muita coisa \u00e9 entendida depois de o ler.<\/p>\n<p>No estudo numerol\u00f3gico do karma vai ter acesso a:<\/p>\n<ul>\n<li><a href=\"https:\/\/treenaturaterapias.com\/qual-o-seu-dom-e-missao-de-vida\/\" target=\"_blank\" rel=\"noopener\"><strong>Prop\u00f3sito\u00a0 e miss\u00e3o da vida actual<\/strong><\/a><\/li>\n<li><a href=\"https:\/\/treenaturaterapias.com\/qual-o-seu-dom-e-missao-de-vida\/\" target=\"_blank\" rel=\"noopener\"><strong>Dons e ferramentas<\/strong><\/a> j\u00e1 trabalhadas noutras vida que\u00a0 decidiu trazer para cumprir a sua miss\u00e3o de vida<\/li>\n<li><strong>Heran\u00e7as Karmicas<\/strong>\u00a0que s\u00e3o as caracter\u00edsticas mais fortes de vidas passadas mais perto desta atual, e que se traduzem nos padr\u00f5es c\u00edclicos que temos nesta vida<\/li>\n<li><strong>Desafios <a href=\"https:\/\/treenaturaterapias.com\/relacionamento-karmico\/\" target=\"_blank\" rel=\"noopener\">K\u00e1rmicos<\/a><\/strong> que s\u00e3o as principais dificuldades a serem ultrapassadas em resultado de vidas passadas nas quais n\u00e3o foram resolvidas e que se tornaram profundas marcas no seu comportamento.<\/li>\n<li><strong>Karma Acumulado<\/strong> que\u00a0\u00e9 o balan\u00e7o k\u00e1rmico na altura do nascimento<\/li>\n<li><strong>Ciclos de vida<\/strong> em que vai perceber em que anos est\u00e1 mais capaz de cumprir a sua miss\u00e3o e em qual se encontra agora<\/li>\n<li><strong>Objectivo <a href=\"https:\/\/treenaturaterapias.com\/relacionamento-karmico\/\" target=\"_blank\" rel=\"noopener\">karmico<\/a><\/strong> que se resume ao que\u00a0 voc\u00ea se prop\u00f4s para resgatar todo o karma que trouxe para esta vida.<\/li>\n<li><strong>Numero de express\u00e3o<\/strong> que\u00a0\u00e9 a sua personalidade. A sua verdadeira ess\u00eancia aqui na terra (n\u00e3o de alma).<\/li>\n<li><b>Numero de Alma <\/b>que \u00e9 o numero que\u00a0 indica o maior desejo que voc\u00ea tem nesta vida<\/li>\n<li><b>Numero de Imagem <\/b>que representa a imagem que passamos \u00e1s outras almas<\/li>\n<li><b>Ponto Forte da Personalidade\u00a0<\/b>que acaba por ser aquele trunfo maior na sua personalidade e que o torna inconfund\u00edvel<\/li>\n<li><b>Numero de stress\u00a0<\/b>que \u00e9 a maior dificuldade que traz na sua personalidade e que tem de ser ultrapassada<\/li>\n<li><b>Numero Final\u00a0<\/b>que se resume a toda a sua exist\u00eancia e que ser\u00e1 o e que levar\u00e1 como <a href=\"https:\/\/treenaturaterapias.com\/karma-sera-bom-ou-mau\/\" target=\"_blank\" rel=\"noopener\">karma<\/a> para a pr\u00f3xima vida caso n\u00e3o cumpra com o que seu prop\u00f3sito nesta vida<\/li>\n<\/ul>\n<p>Todo o estudo \u00e9 totalmente personalizado de acordo com os dados da sua Alma. \u00c9 entregue em PDF.<\/p>\n<p><strong>N\u00e3o disponivel de momento<\/strong><\/p>\n","protected":false},"excerpt":{"rendered":"<p>O Karma \u00e9 realmente o que nos faz vir at\u00e9 ao Planeta Terra para podermos regularizar e assim sermos cada vez mais unos com a nossa ess\u00eancia, atingindo assim um sentimento de paz em rela\u00e7\u00e3o a n\u00f3s pr\u00f3prios e a tudo o que nos rodeia. Ignorar que n\u00e3o trazemos Karma &hellip; <\/p>\n","protected":false},"author":1,"featured_media":658,"parent":0,"menu_order":0,"comment_status":"closed","ping_status":"closed","template":"","meta":{"_monsterinsights_skip_tracking":false,"_monsterinsights_sitenote_active":false,"_monsterinsights_sitenote_note":"","_monsterinsights_sitenote_category":0,"footnotes":""},"class_list":["post-655","page","type-page","status-publish","has-post-thumbnail","hentry"],"yoast_head":"<!-- This site is optimized with the Yoast SEO plugin v27.4 - https:\/\/yoast.com\/product\/yoast-seo-wordpress\/ -->\n<title>Estudo Numerol\u00f3gico do Karma<\/title>\n<meta name=\"robots\" content=\"index, follow, max-snippet:-1, max-image-preview:large, max-video-preview:-1\" \/>\n<link rel=\"canonical\" href=\"https:\/\/treenaturaterapias.com\/fr\/estudo-numerologico-karma\/\" \/>\n<meta property=\"og:locale\" content=\"fr_FR\" \/>\n<meta property=\"og:locale:alternate\" content=\"en_US\" \/>\n<meta property=\"og:locale:alternate\" content=\"pt_PT\" \/>\n<meta property=\"og:type\" content=\"article\" \/>\n<meta property=\"og:title\" content=\"Estudo Numerol\u00f3gico do Karma\" \/>\n<meta property=\"og:description\" content=\"O Karma \u00e9 realmente o que nos faz vir at\u00e9 ao Planeta Terra para podermos regularizar e assim sermos cada vez mais unos com a nossa ess\u00eancia, atingindo assim um sentimento de paz em rela\u00e7\u00e3o a n\u00f3s pr\u00f3prios e a tudo o que nos rodeia. Ignorar que n\u00e3o trazemos Karma &hellip;\" \/>\n<meta property=\"og:url\" content=\"https:\/\/treenaturaterapias.com\/fr\/estudo-numerologico-karma\/\" \/>\n<meta property=\"og:site_name\" content=\"Tree Natura Terapias\" \/>\n<meta property=\"article:modified_time\" content=\"2021-06-05T16:00:11+00:00\" \/>\n<meta property=\"og:image\" content=\"https:\/\/treenaturaterapias.com\/wp-content\/uploads\/2018\/08\/estudo-numerologico-karma.jpg\" \/>\n\t<meta property=\"og:image:width\" content=\"301\" \/>\n\t<meta property=\"og:image:height\" content=\"167\" \/>\n\t<meta property=\"og:image:type\" content=\"image\/jpeg\" \/>\n<meta name=\"twitter:card\" content=\"summary_large_image\" \/>\n<meta name=\"twitter:label1\" content=\"Dur\u00e9e de lecture estim\u00e9e\" \/>\n\t<meta name=\"twitter:data1\" content=\"3 minutes\" \/>\n<script type=\"application\/ld+json\" class=\"yoast-schema-graph\">{\"@context\":\"https:\\\/\\\/schema.org\",\"@graph\":[{\"@type\":\"WebPage\",\"@id\":\"https:\\\/\\\/treenaturaterapias.com\\\/estudo-numerologico-karma\\\/\",\"url\":\"https:\\\/\\\/treenaturaterapias.com\\\/estudo-numerologico-karma\\\/\",\"name\":\"Estudo Numerol\u00f3gico do Karma\",\"isPartOf\":{\"@id\":\"https:\\\/\\\/treenaturaterapias.com\\\/#website\"},\"primaryImageOfPage\":{\"@id\":\"https:\\\/\\\/treenaturaterapias.com\\\/estudo-numerologico-karma\\\/#primaryimage\"},\"image\":{\"@id\":\"https:\\\/\\\/treenaturaterapias.com\\\/estudo-numerologico-karma\\\/#primaryimage\"},\"thumbnailUrl\":\"https:\\\/\\\/treenaturaterapias.com\\\/wp-content\\\/uploads\\\/2018\\\/08\\\/estudo-numerologico-karma.jpg\",\"datePublished\":\"2018-08-01T06:47:42+00:00\",\"dateModified\":\"2021-06-05T16:00:11+00:00\",\"breadcrumb\":{\"@id\":\"https:\\\/\\\/treenaturaterapias.com\\\/estudo-numerologico-karma\\\/#breadcrumb\"},\"inLanguage\":\"fr-FR\",\"potentialAction\":[{\"@type\":\"ReadAction\",\"target\":[\"https:\\\/\\\/treenaturaterapias.com\\\/estudo-numerologico-karma\\\/\"]}]},{\"@type\":\"ImageObject\",\"inLanguage\":\"fr-FR\",\"@id\":\"https:\\\/\\\/treenaturaterapias.com\\\/estudo-numerologico-karma\\\/#primaryimage\",\"url\":\"https:\\\/\\\/treenaturaterapias.com\\\/wp-content\\\/uploads\\\/2018\\\/08\\\/estudo-numerologico-karma.jpg\",\"contentUrl\":\"https:\\\/\\\/treenaturaterapias.com\\\/wp-content\\\/uploads\\\/2018\\\/08\\\/estudo-numerologico-karma.jpg\",\"width\":301,\"height\":167,\"caption\":\"Karma\"},{\"@type\":\"BreadcrumbList\",\"@id\":\"https:\\\/\\\/treenaturaterapias.com\\\/estudo-numerologico-karma\\\/#breadcrumb\",\"itemListElement\":[{\"@type\":\"ListItem\",\"position\":1,\"name\":\"In\u00edcio\",\"item\":\"https:\\\/\\\/treenaturaterapias.com\\\/\"},{\"@type\":\"ListItem\",\"position\":2,\"name\":\"Estudo Numerol\u00f3gico do Karma\"}]},{\"@type\":\"WebSite\",\"@id\":\"https:\\\/\\\/treenaturaterapias.com\\\/#website\",\"url\":\"https:\\\/\\\/treenaturaterapias.com\\\/\",\"name\":\"Tree Natura Terapias\",\"description\":\"Reconhecendo o Divino que habita em si\",\"publisher\":{\"@id\":\"https:\\\/\\\/treenaturaterapias.com\\\/#\\\/schema\\\/person\\\/267944d8880bf51dd22b9803435d65c6\"},\"potentialAction\":[{\"@type\":\"SearchAction\",\"target\":{\"@type\":\"EntryPoint\",\"urlTemplate\":\"https:\\\/\\\/treenaturaterapias.com\\\/?s={search_term_string}\"},\"query-input\":{\"@type\":\"PropertyValueSpecification\",\"valueRequired\":true,\"valueName\":\"search_term_string\"}}],\"inLanguage\":\"fr-FR\"},{\"@type\":[\"Person\",\"Organization\"],\"@id\":\"https:\\\/\\\/treenaturaterapias.com\\\/#\\\/schema\\\/person\\\/267944d8880bf51dd22b9803435d65c6\",\"name\":\"C\u00e9lia de Jesus\",\"image\":{\"@type\":\"ImageObject\",\"inLanguage\":\"fr-FR\",\"@id\":\"https:\\\/\\\/treenaturaterapias.com\\\/wp-content\\\/uploads\\\/2018\\\/09\\\/cropped-18901839_10154690353442194_1408032629_o.jpg\",\"url\":\"https:\\\/\\\/treenaturaterapias.com\\\/wp-content\\\/uploads\\\/2018\\\/09\\\/cropped-18901839_10154690353442194_1408032629_o.jpg\",\"contentUrl\":\"https:\\\/\\\/treenaturaterapias.com\\\/wp-content\\\/uploads\\\/2018\\\/09\\\/cropped-18901839_10154690353442194_1408032629_o.jpg\",\"width\":512,\"height\":512,\"caption\":\"C\u00e9lia de Jesus\"},\"logo\":{\"@id\":\"https:\\\/\\\/treenaturaterapias.com\\\/wp-content\\\/uploads\\\/2018\\\/09\\\/cropped-18901839_10154690353442194_1408032629_o.jpg\"}}]}<\/script>\n<!-- \/ Yoast SEO plugin. -->","yoast_head_json":{"title":"Estudo Numerol\u00f3gico do Karma","robots":{"index":"index","follow":"follow","max-snippet":"max-snippet:-1","max-image-preview":"max-image-preview:large","max-video-preview":"max-video-preview:-1"},"canonical":"https:\/\/treenaturaterapias.com\/fr\/estudo-numerologico-karma\/","og_locale":"fr_FR","og_type":"article","og_title":"[:pt]Estudo Numerol\u00f3gico do Karma[:] - Tree Natura Terapias","og_description":"O Karma \u00e9 realmente o que nos faz vir at\u00e9 ao Planeta Terra para podermos regularizar e assim sermos cada vez mais unos com a nossa ess\u00eancia, atingindo assim um sentimento de paz em rela\u00e7\u00e3o a n\u00f3s pr\u00f3prios e a tudo o que nos rodeia. Ignorar que n\u00e3o trazemos Karma &hellip;","og_url":"https:\/\/treenaturaterapias.com\/fr\/estudo-numerologico-karma\/","og_site_name":"Tree Natura Terapias","article_modified_time":"2021-06-05T16:00:11+00:00","og_image":[{"width":301,"height":167,"url":"https:\/\/treenaturaterapias.com\/wp-content\/uploads\/2018\/08\/estudo-numerologico-karma.jpg","type":"image\/jpeg"}],"twitter_card":"summary_large_image","twitter_misc":{"Dur\u00e9e de lecture estim\u00e9e":"3 minutes"},"schema":{"@context":"https:\/\/schema.org","@graph":[{"@type":"WebPage","@id":"https:\/\/treenaturaterapias.com\/estudo-numerologico-karma\/","url":"https:\/\/treenaturaterapias.com\/estudo-numerologico-karma\/","name":"Estudo Numerol\u00f3gico do Karma","isPartOf":{"@id":"https:\/\/treenaturaterapias.com\/#website"},"primaryImageOfPage":{"@id":"https:\/\/treenaturaterapias.com\/estudo-numerologico-karma\/#primaryimage"},"image":{"@id":"https:\/\/treenaturaterapias.com\/estudo-numerologico-karma\/#primaryimage"},"thumbnailUrl":"https:\/\/treenaturaterapias.com\/wp-content\/uploads\/2018\/08\/estudo-numerologico-karma.jpg","datePublished":"2018-08-01T06:47:42+00:00","dateModified":"2021-06-05T16:00:11+00:00","breadcrumb":{"@id":"https:\/\/treenaturaterapias.com\/estudo-numerologico-karma\/#breadcrumb"},"inLanguage":"fr-FR","potentialAction":[{"@type":"ReadAction","target":["https:\/\/treenaturaterapias.com\/estudo-numerologico-karma\/"]}]},{"@type":"ImageObject","inLanguage":"fr-FR","@id":"https:\/\/treenaturaterapias.com\/estudo-numerologico-karma\/#primaryimage","url":"https:\/\/treenaturaterapias.com\/wp-content\/uploads\/2018\/08\/estudo-numerologico-karma.jpg","contentUrl":"https:\/\/treenaturaterapias.com\/wp-content\/uploads\/2018\/08\/estudo-numerologico-karma.jpg","width":301,"height":167,"caption":"Karma"},{"@type":"BreadcrumbList","@id":"https:\/\/treenaturaterapias.com\/estudo-numerologico-karma\/#breadcrumb","itemListElement":[{"@type":"ListItem","position":1,"name":"In\u00edcio","item":"https:\/\/treenaturaterapias.com\/"},{"@type":"ListItem","position":2,"name":"Estudo Numerol\u00f3gico do Karma"}]},{"@type":"WebSite","@id":"https:\/\/treenaturaterapias.com\/#website","url":"https:\/\/treenaturaterapias.com\/","name":"Tree Natura Terapias","description":"Reconhecendo o Divino que habita em si","publisher":{"@id":"https:\/\/treenaturaterapias.com\/#\/schema\/person\/267944d8880bf51dd22b9803435d65c6"},"potentialAction":[{"@type":"SearchAction","target":{"@type":"EntryPoint","urlTemplate":"https:\/\/treenaturaterapias.com\/?s={search_term_string}"},"query-input":{"@type":"PropertyValueSpecification","valueRequired":true,"valueName":"search_term_string"}}],"inLanguage":"fr-FR"},{"@type":["Person","Organization"],"@id":"https:\/\/treenaturaterapias.com\/#\/schema\/person\/267944d8880bf51dd22b9803435d65c6","name":"C\u00e9lia de Jesus","image":{"@type":"ImageObject","inLanguage":"fr-FR","@id":"https:\/\/treenaturaterapias.com\/wp-content\/uploads\/2018\/09\/cropped-18901839_10154690353442194_1408032629_o.jpg","url":"https:\/\/treenaturaterapias.com\/wp-content\/uploads\/2018\/09\/cropped-18901839_10154690353442194_1408032629_o.jpg","contentUrl":"https:\/\/treenaturaterapias.com\/wp-content\/uploads\/2018\/09\/cropped-18901839_10154690353442194_1408032629_o.jpg","width":512,"height":512,"caption":"C\u00e9lia de Jesus"},"logo":{"@id":"https:\/\/treenaturaterapias.com\/wp-content\/uploads\/2018\/09\/cropped-18901839_10154690353442194_1408032629_o.jpg"}}]}},"_links":{"self":[{"href":"https:\/\/treenaturaterapias.com\/fr\/wp-json\/wp\/v2\/pages\/655","targetHints":{"allow":["GET"]}}],"collection":[{"href":"https:\/\/treenaturaterapias.com\/fr\/wp-json\/wp\/v2\/pages"}],"about":[{"href":"https:\/\/treenaturaterapias.com\/fr\/wp-json\/wp\/v2\/types\/page"}],"author":[{"embeddable":true,"href":"https:\/\/treenaturaterapias.com\/fr\/wp-json\/wp\/v2\/users\/1"}],"replies":[{"embeddable":true,"href":"https:\/\/treenaturaterapias.com\/fr\/wp-json\/wp\/v2\/comments?post=655"}],"version-history":[{"count":0,"href":"https:\/\/treenaturaterapias.com\/fr\/wp-json\/wp\/v2\/pages\/655\/revisions"}],"wp:featuredmedia":[{"embeddable":true,"href":"https:\/\/treenaturaterapias.com\/fr\/wp-json\/wp\/v2\/media\/658"}],"wp:attachment":[{"href":"https:\/\/treenaturaterapias.com\/fr\/wp-json\/wp\/v2\/media?parent=655"}],"curies":[{"name":"wp","href":"https:\/\/api.w.org\/{rel}","templated":true}]}}