{"id":5,"date":"2016-03-17T14:09:59","date_gmt":"2016-03-17T14:09:59","guid":{"rendered":"https:\/\/treenaturaterapias.com\/?page_id=5"},"modified":"2025-05-03T15:55:44","modified_gmt":"2025-05-03T15:55:44","slug":"inicio","status":"publish","type":"page","link":"https:\/\/treenaturaterapias.com\/fr\/","title":{"rendered":"In\u00edcio"},"content":{"rendered":"<p style=\"text-align: center;\">Bem-vindos ao espa\u00e7o Tree Natura Terapias!<\/p>\n<p style=\"text-align: center;\">Este projecto da autoria de C\u00e9lia de Jesus visa proporcionar o retorno \u00e0 Unidade, \u00e0 tomada da consci\u00eancia de Seres Espirituais que sempre fomos, ajudando atrav\u00e9s das suas v\u00e1rias ferramentas, a retomar o papel divino como deuses e deusas criadores.<br \/>\nUm espa\u00e7o dedicado a mudar a vida das pessoas com muito amor.<\/p>\n<p style=\"text-align: center;\">E quando simplesmente aceitamos aquilo que \u00e9 nosso = paz interior <span class=\"_5mfr _47e3\"><img loading=\"lazy\" decoding=\"async\" class=\"img aligncenter\" role=\"presentation\" src=\"https:\/\/static.xx.fbcdn.net\/images\/emoji.php\/v9\/fe9\/1\/16\/1f496.png\" alt=\"\" width=\"16\" height=\"16\" \/><\/span><br \/>\n<img loading=\"lazy\" decoding=\"async\" class=\"alignnone size-medium wp-image-1511\" src=\"https:\/\/treenaturaterapias.com\/wp-content\/uploads\/2025\/05\/Bhagavatii-300x300.jpeg\" alt=\"Bhagavatii\" width=\"300\" height=\"300\" srcset=\"https:\/\/treenaturaterapias.com\/wp-content\/uploads\/2025\/05\/Bhagavatii-300x300.jpeg 300w, https:\/\/treenaturaterapias.com\/wp-content\/uploads\/2025\/05\/Bhagavatii-150x150.jpeg 150w, https:\/\/treenaturaterapias.com\/wp-content\/uploads\/2025\/05\/Bhagavatii-83x83.jpeg 83w, https:\/\/treenaturaterapias.com\/wp-content\/uploads\/2025\/05\/Bhagavatii-59x59.jpeg 59w, https:\/\/treenaturaterapias.com\/wp-content\/uploads\/2025\/05\/Bhagavatii-60x60.jpeg 60w, https:\/\/treenaturaterapias.com\/wp-content\/uploads\/2025\/05\/Bhagavatii-600x600.jpeg 600w, https:\/\/treenaturaterapias.com\/wp-content\/uploads\/2025\/05\/Bhagavatii-100x100.jpeg 100w, https:\/\/treenaturaterapias.com\/wp-content\/uploads\/2025\/05\/Bhagavatii.jpeg 640w\" sizes=\"auto, (max-width: 300px) 100vw, 300px\" \/><\/p>\n<p style=\"text-align: center;\"><a href=\"https:\/\/treenaturaterapias.com\/wp-content\/uploads\/2025\/05\/2-WhatsApp-Business.html\">Bhagavatii<\/a><\/p>\n","protected":false},"excerpt":{"rendered":"<p>Bem-vindos ao espa\u00e7o Tree Natura Terapias! Este projecto da autoria de C\u00e9lia de Jesus visa proporcionar o retorno \u00e0 Unidade, \u00e0 tomada da consci\u00eancia de Seres Espirituais que sempre fomos, ajudando atrav\u00e9s das suas v\u00e1rias ferramentas, a retomar o papel divino como deuses e deusas criadores. Um espa\u00e7o dedicado a &hellip; <\/p>\n","protected":false},"author":1,"featured_media":0,"parent":0,"menu_order":0,"comment_status":"closed","ping_status":"closed","template":"","meta":{"_monsterinsights_skip_tracking":false,"_monsterinsights_sitenote_active":false,"_monsterinsights_sitenote_note":"","_monsterinsights_sitenote_category":0,"footnotes":""},"class_list":["post-5","page","type-page","status-publish","hentry"],"yoast_head":"<!-- This site is optimized with the Yoast SEO plugin v27.4 - https:\/\/yoast.com\/product\/yoast-seo-wordpress\/ -->\n<title>In\u00edcio<\/title>\n<meta name=\"robots\" content=\"index, follow, max-snippet:-1, max-image-preview:large, max-video-preview:-1\" \/>\n<link rel=\"canonical\" href=\"https:\/\/treenaturaterapias.com\/fr\/\" \/>\n<meta property=\"og:locale\" content=\"fr_FR\" \/>\n<meta property=\"og:locale:alternate\" content=\"en_US\" \/>\n<meta property=\"og:locale:alternate\" content=\"pt_PT\" \/>\n<meta property=\"og:type\" content=\"article\" \/>\n<meta property=\"og:title\" content=\"In\u00edcio\" \/>\n<meta property=\"og:description\" content=\"Bem-vindos ao espa\u00e7o Tree Natura Terapias! Este projecto da autoria de C\u00e9lia de Jesus visa proporcionar o retorno \u00e0 Unidade, \u00e0 tomada da consci\u00eancia de Seres Espirituais que sempre fomos, ajudando atrav\u00e9s das suas v\u00e1rias ferramentas, a retomar o papel divino como deuses e deusas criadores. Um espa\u00e7o dedicado a &hellip;\" \/>\n<meta property=\"og:url\" content=\"https:\/\/treenaturaterapias.com\/fr\/\" \/>\n<meta property=\"og:site_name\" content=\"Tree Natura Terapias\" \/>\n<meta property=\"article:modified_time\" content=\"2025-05-03T15:55:44+00:00\" \/>\n<meta property=\"og:image\" content=\"https:\/\/static.xx.fbcdn.net\/images\/emoji.php\/v9\/fe9\/1\/16\/1f496.png\" \/>\n<meta name=\"twitter:card\" content=\"summary_large_image\" \/>\n<meta name=\"twitter:label1\" content=\"Dur\u00e9e de lecture estim\u00e9e\" \/>\n\t<meta name=\"twitter:data1\" content=\"1 minute\" \/>\n<script type=\"application\/ld+json\" class=\"yoast-schema-graph\">{\"@context\":\"https:\\\/\\\/schema.org\",\"@graph\":[{\"@type\":\"WebPage\",\"@id\":\"https:\\\/\\\/treenaturaterapias.com\\\/\",\"url\":\"https:\\\/\\\/treenaturaterapias.com\\\/\",\"name\":\"In\u00edcio\",\"isPartOf\":{\"@id\":\"https:\\\/\\\/treenaturaterapias.com\\\/#website\"},\"primaryImageOfPage\":{\"@id\":\"https:\\\/\\\/treenaturaterapias.com\\\/#primaryimage\"},\"image\":{\"@id\":\"https:\\\/\\\/treenaturaterapias.com\\\/#primaryimage\"},\"thumbnailUrl\":\"https:\\\/\\\/static.xx.fbcdn.net\\\/images\\\/emoji.php\\\/v9\\\/fe9\\\/1\\\/16\\\/1f496.png\",\"datePublished\":\"2016-03-17T14:09:59+00:00\",\"dateModified\":\"2025-05-03T15:55:44+00:00\",\"breadcrumb\":{\"@id\":\"https:\\\/\\\/treenaturaterapias.com\\\/#breadcrumb\"},\"inLanguage\":\"fr-FR\",\"potentialAction\":[{\"@type\":\"ReadAction\",\"target\":[\"https:\\\/\\\/treenaturaterapias.com\\\/\"]}]},{\"@type\":\"ImageObject\",\"inLanguage\":\"fr-FR\",\"@id\":\"https:\\\/\\\/treenaturaterapias.com\\\/#primaryimage\",\"url\":\"https:\\\/\\\/static.xx.fbcdn.net\\\/images\\\/emoji.php\\\/v9\\\/fe9\\\/1\\\/16\\\/1f496.png\",\"contentUrl\":\"https:\\\/\\\/static.xx.fbcdn.net\\\/images\\\/emoji.php\\\/v9\\\/fe9\\\/1\\\/16\\\/1f496.png\"},{\"@type\":\"BreadcrumbList\",\"@id\":\"https:\\\/\\\/treenaturaterapias.com\\\/#breadcrumb\",\"itemListElement\":[{\"@type\":\"ListItem\",\"position\":1,\"name\":\"In\u00edcio\",\"item\":\"https:\\\/\\\/treenaturaterapias.com\\\/\"},{\"@type\":\"ListItem\",\"position\":2,\"name\":\"In\u00edcio\"}]},{\"@type\":\"WebSite\",\"@id\":\"https:\\\/\\\/treenaturaterapias.com\\\/#website\",\"url\":\"https:\\\/\\\/treenaturaterapias.com\\\/\",\"name\":\"Tree Natura Terapias\",\"description\":\"Reconhecendo o Divino que habita em si\",\"publisher\":{\"@id\":\"https:\\\/\\\/treenaturaterapias.com\\\/#\\\/schema\\\/person\\\/267944d8880bf51dd22b9803435d65c6\"},\"potentialAction\":[{\"@type\":\"SearchAction\",\"target\":{\"@type\":\"EntryPoint\",\"urlTemplate\":\"https:\\\/\\\/treenaturaterapias.com\\\/?s={search_term_string}\"},\"query-input\":{\"@type\":\"PropertyValueSpecification\",\"valueRequired\":true,\"valueName\":\"search_term_string\"}}],\"inLanguage\":\"fr-FR\"},{\"@type\":[\"Person\",\"Organization\"],\"@id\":\"https:\\\/\\\/treenaturaterapias.com\\\/#\\\/schema\\\/person\\\/267944d8880bf51dd22b9803435d65c6\",\"name\":\"C\u00e9lia de Jesus\",\"image\":{\"@type\":\"ImageObject\",\"inLanguage\":\"fr-FR\",\"@id\":\"https:\\\/\\\/treenaturaterapias.com\\\/wp-content\\\/uploads\\\/2018\\\/09\\\/cropped-18901839_10154690353442194_1408032629_o.jpg\",\"url\":\"https:\\\/\\\/treenaturaterapias.com\\\/wp-content\\\/uploads\\\/2018\\\/09\\\/cropped-18901839_10154690353442194_1408032629_o.jpg\",\"contentUrl\":\"https:\\\/\\\/treenaturaterapias.com\\\/wp-content\\\/uploads\\\/2018\\\/09\\\/cropped-18901839_10154690353442194_1408032629_o.jpg\",\"width\":512,\"height\":512,\"caption\":\"C\u00e9lia de Jesus\"},\"logo\":{\"@id\":\"https:\\\/\\\/treenaturaterapias.com\\\/wp-content\\\/uploads\\\/2018\\\/09\\\/cropped-18901839_10154690353442194_1408032629_o.jpg\"}}]}<\/script>\n<!-- \/ Yoast SEO plugin. -->","yoast_head_json":{"title":"In\u00edcio","robots":{"index":"index","follow":"follow","max-snippet":"max-snippet:-1","max-image-preview":"max-image-preview:large","max-video-preview":"max-video-preview:-1"},"canonical":"https:\/\/treenaturaterapias.com\/fr\/","og_locale":"fr_FR","og_type":"article","og_title":"[:en]In\u00edcio[:pt]In\u00edcio[:] - Tree Natura Terapias","og_description":"Bem-vindos ao espa\u00e7o Tree Natura Terapias! Este projecto da autoria de C\u00e9lia de Jesus visa proporcionar o retorno \u00e0 Unidade, \u00e0 tomada da consci\u00eancia de Seres Espirituais que sempre fomos, ajudando atrav\u00e9s das suas v\u00e1rias ferramentas, a retomar o papel divino como deuses e deusas criadores. Um espa\u00e7o dedicado a &hellip;","og_url":"https:\/\/treenaturaterapias.com\/fr\/","og_site_name":"Tree Natura Terapias","article_modified_time":"2025-05-03T15:55:44+00:00","og_image":[{"url":"https:\/\/static.xx.fbcdn.net\/images\/emoji.php\/v9\/fe9\/1\/16\/1f496.png","type":"","width":"","height":""}],"twitter_card":"summary_large_image","twitter_misc":{"Dur\u00e9e de lecture estim\u00e9e":"1 minute"},"schema":{"@context":"https:\/\/schema.org","@graph":[{"@type":"WebPage","@id":"https:\/\/treenaturaterapias.com\/","url":"https:\/\/treenaturaterapias.com\/","name":"In\u00edcio","isPartOf":{"@id":"https:\/\/treenaturaterapias.com\/#website"},"primaryImageOfPage":{"@id":"https:\/\/treenaturaterapias.com\/#primaryimage"},"image":{"@id":"https:\/\/treenaturaterapias.com\/#primaryimage"},"thumbnailUrl":"https:\/\/static.xx.fbcdn.net\/images\/emoji.php\/v9\/fe9\/1\/16\/1f496.png","datePublished":"2016-03-17T14:09:59+00:00","dateModified":"2025-05-03T15:55:44+00:00","breadcrumb":{"@id":"https:\/\/treenaturaterapias.com\/#breadcrumb"},"inLanguage":"fr-FR","potentialAction":[{"@type":"ReadAction","target":["https:\/\/treenaturaterapias.com\/"]}]},{"@type":"ImageObject","inLanguage":"fr-FR","@id":"https:\/\/treenaturaterapias.com\/#primaryimage","url":"https:\/\/static.xx.fbcdn.net\/images\/emoji.php\/v9\/fe9\/1\/16\/1f496.png","contentUrl":"https:\/\/static.xx.fbcdn.net\/images\/emoji.php\/v9\/fe9\/1\/16\/1f496.png"},{"@type":"BreadcrumbList","@id":"https:\/\/treenaturaterapias.com\/#breadcrumb","itemListElement":[{"@type":"ListItem","position":1,"name":"In\u00edcio","item":"https:\/\/treenaturaterapias.com\/"},{"@type":"ListItem","position":2,"name":"In\u00edcio"}]},{"@type":"WebSite","@id":"https:\/\/treenaturaterapias.com\/#website","url":"https:\/\/treenaturaterapias.com\/","name":"Tree Natura Terapias","description":"Reconhecendo o Divino que habita em si","publisher":{"@id":"https:\/\/treenaturaterapias.com\/#\/schema\/person\/267944d8880bf51dd22b9803435d65c6"},"potentialAction":[{"@type":"SearchAction","target":{"@type":"EntryPoint","urlTemplate":"https:\/\/treenaturaterapias.com\/?s={search_term_string}"},"query-input":{"@type":"PropertyValueSpecification","valueRequired":true,"valueName":"search_term_string"}}],"inLanguage":"fr-FR"},{"@type":["Person","Organization"],"@id":"https:\/\/treenaturaterapias.com\/#\/schema\/person\/267944d8880bf51dd22b9803435d65c6","name":"C\u00e9lia de Jesus","image":{"@type":"ImageObject","inLanguage":"fr-FR","@id":"https:\/\/treenaturaterapias.com\/wp-content\/uploads\/2018\/09\/cropped-18901839_10154690353442194_1408032629_o.jpg","url":"https:\/\/treenaturaterapias.com\/wp-content\/uploads\/2018\/09\/cropped-18901839_10154690353442194_1408032629_o.jpg","contentUrl":"https:\/\/treenaturaterapias.com\/wp-content\/uploads\/2018\/09\/cropped-18901839_10154690353442194_1408032629_o.jpg","width":512,"height":512,"caption":"C\u00e9lia de Jesus"},"logo":{"@id":"https:\/\/treenaturaterapias.com\/wp-content\/uploads\/2018\/09\/cropped-18901839_10154690353442194_1408032629_o.jpg"}}]}},"_links":{"self":[{"href":"https:\/\/treenaturaterapias.com\/fr\/wp-json\/wp\/v2\/pages\/5","targetHints":{"allow":["GET"]}}],"collection":[{"href":"https:\/\/treenaturaterapias.com\/fr\/wp-json\/wp\/v2\/pages"}],"about":[{"href":"https:\/\/treenaturaterapias.com\/fr\/wp-json\/wp\/v2\/types\/page"}],"author":[{"embeddable":true,"href":"https:\/\/treenaturaterapias.com\/fr\/wp-json\/wp\/v2\/users\/1"}],"replies":[{"embeddable":true,"href":"https:\/\/treenaturaterapias.com\/fr\/wp-json\/wp\/v2\/comments?post=5"}],"version-history":[{"count":0,"href":"https:\/\/treenaturaterapias.com\/fr\/wp-json\/wp\/v2\/pages\/5\/revisions"}],"wp:attachment":[{"href":"https:\/\/treenaturaterapias.com\/fr\/wp-json\/wp\/v2\/media?parent=5"}],"curies":[{"name":"wp","href":"https:\/\/api.w.org\/{rel}","templated":true}]}}