{"id":421,"date":"2017-09-12T15:46:02","date_gmt":"2017-09-12T15:46:02","guid":{"rendered":"https:\/\/treenaturaterapias.com\/?page_id=421"},"modified":"2019-02-25T17:59:52","modified_gmt":"2019-02-25T17:59:52","slug":"kundalini-yoga","status":"publish","type":"page","link":"https:\/\/treenaturaterapias.com\/fr\/kundalini-yoga\/","title":{"rendered":"Kundalini Yoga"},"content":{"rendered":"<p><a href=\" https:\/\/treenaturaterapias.com\/en\/kundalini-yoga\/\" target=\"_blank\" rel=\"noopener noreferrer\"><img loading=\"lazy\" decoding=\"async\" class=\"alignleft wp-image-773 size-full\" src=\"https:\/\/treenaturaterapias.com\/wp-content\/uploads\/2018\/09\/united-states-of-america-usa.png\" alt=\"\" width=\"32\" height=\"32\" \/><\/a><\/p>\n<p>Yoga significa uni\u00e3o. E enquanto ser humano foi-lhe dado \u00e1 nascen\u00e7a um dom que lhe permite abra\u00e7ar essa uni\u00e3o em todos os aspectos da sua vida, em tudo o que faz. Quando acorda, come, trabalha, convive, respira&#8230;&#8230;<\/p>\n<p>Yoga no seu trabalho d\u00e1-lhe excel\u00eancia no que faz. Yoga na sua mente d\u00e1-lhe uma boa intui\u00e7\u00e3o. Yoga no seu cora\u00e7\u00e3o traz-lhe a compaix\u00e3o.<\/p>\n<p>Kundalina Yoga \u00e9 apenas mais uma tecnologia. Uma ci\u00eancia que lhe pode ajudar nessa uni\u00e3o tal como <a href=\"https:\/\/treenaturaterapias.com\/conexao-ava\/\" target=\"_blank\" rel=\"noopener noreferrer\">Conex\u00e3o Ava<\/a>,<a href=\"https:\/\/treenaturaterapias.com\/terapia-multidimensional\/\" target=\"_blank\" rel=\"noopener noreferrer\"> Terapia Multidimensional<\/a>, <a href=\"https:\/\/treenaturaterapias.com\/tarot\/\" target=\"_blank\" rel=\"noopener noreferrer\">Tarot<\/a>, <a href=\"https:\/\/treenaturaterapias.com\/a-leitura-de-aura\/\" target=\"_blank\" rel=\"noopener noreferrer\">Leitura de aura<\/a>, <a href=\"https:\/\/treenaturaterapias.com\/leitura-de-registos-akashicos\/\" target=\"_blank\" rel=\"noopener noreferrer\">Leitura de registos Ak\u00e1shicos<\/a>. N\u00e3o tem a pretens\u00e3o de ser melhor ou pior que os outros yogas, mas tem sem duvida os seus pontos fortes.<\/p>\n<p><img loading=\"lazy\" decoding=\"async\" class=\"alignright wp-image-776 size-full\" src=\"https:\/\/treenaturaterapias.com\/wp-content\/uploads\/2018\/09\/Kundalini-Yoga-Prof_-Ram-Das-Singh-2.jpg\" alt=\"\" width=\"940\" height=\"788\" srcset=\"https:\/\/treenaturaterapias.com\/wp-content\/uploads\/2018\/09\/Kundalini-Yoga-Prof_-Ram-Das-Singh-2.jpg 940w, https:\/\/treenaturaterapias.com\/wp-content\/uploads\/2018\/09\/Kundalini-Yoga-Prof_-Ram-Das-Singh-2-300x251.jpg 300w, https:\/\/treenaturaterapias.com\/wp-content\/uploads\/2018\/09\/Kundalini-Yoga-Prof_-Ram-Das-Singh-2-768x644.jpg 768w\" sizes=\"auto, (max-width: 940px) 100vw, 940px\" \/><\/p>\n<p>O \u00eanfase do kundalini yoga esta no fluir e no movimento do krya ( conjunto de exerc\u00edcio), na sequ\u00eancia dos exerc\u00edcios e na medita\u00e7\u00e3o. Existe ainda uma forte atrac\u00e7\u00e3o e um convite para trazeres a tua consci\u00eancia para a respira\u00e7\u00e3o. As posturas s\u00e3o apenas uma base, h\u00e1 uma intelig\u00eancia do corpo para a qual nos vamos tornar mais sens\u00edveis aceitando assim melhor a mudan\u00e7a.<\/p>\n<p>E pode perguntar:<\/p>\n<ul>\n<li>Ahh&#8230;.. ser\u00e1 que isto me vai fazer melhor pessoa? Ser\u00e1 que me vai tornar uma pessoa rica?\u00a0 Conhecida? Dar-me um bom emprego? Vou encontrar companhia?<\/li>\n<\/ul>\n<p>N\u00e3o se pode prometer isso. N\u00e3o se pode prometer nada. Mas o Kundalini yoga pode dar a possibilidade de encontrar o nosso EU. Pode dar a ess\u00eancia de n\u00f3s mesmos.<\/p>\n<p>Mas claro \u00e9 mais f\u00e1cil falar do que fazer mas com essa inten\u00e7\u00e3o come\u00e7a a perceber que tipo de pessoa n\u00e3o \u00e9, a descartar cren\u00e7as e a abandonar falsas identidades. E ent\u00e3o quando j\u00e1 n\u00e3o viver sob o julgo dessas identidades falsas come\u00e7a a aperceber-se da sua ess\u00eancia e natureza mais divina e verdadeira.<\/p>\n<p>\u00c9 igualmente importante perceber que a ess\u00eancia verdadeira \u00e9 tamb\u00e9m uma ess\u00eancia desconhecida e irracional ( para alem da raz\u00e3o). Como a sua mente que \u00e9 racional n\u00e3o aceita\/entende o desconhecido e irracional, a tend\u00eancia \u00e9 tentar preencher esse desconhecido \u00e1 sua maneira, o que traz medos, f\u00farias, etc&#8230;.<\/p>\n<p>E \u00e9 aqui que o Kundalini Yoga lhe pode ajudar atrav\u00e9s da estimula\u00e7\u00e3o do sistema glandular, do fortalecimento do sistema nervoso que ganha a for\u00e7a e consci\u00eancia suficiente para suportar todas as \u00ab\u00a0birras\u00a0\u00bb da mente e se manter est\u00e1vel, firme e inabal\u00e1vel, e ent\u00e3o atrav\u00e9s da auto avalia\u00e7\u00e3o meditativa tem a oportunidade para trazer a mudan\u00e7a holistica necess\u00e1ria.<\/p>\n<p>Est\u00e1 preparada para ser voc\u00ea?<\/p>\n<p>Pode ver o Kriya (exerc\u00edcio) semanal aqui <a href=\"https:\/\/www.facebook.com\/events\/243980643033567\/\" target=\"_blank\" rel=\"noopener noreferrer\">https:\/\/www.facebook.com\/events\/243980643033567\/<\/a><\/p>\n<p><strong>Dura\u00e7\u00e3o:<\/strong> 1h30min<br \/>\n<strong>Valor mensal:<\/strong> 30eur (d\u00e1 acesso a 4 aulas \u2013 1 vez por semana)<\/p>\n<p><strong>Aulas Avulso: <\/strong>10\u20ac<br \/>\n<strong>Data:<\/strong> todas as ter\u00e7as-feiras<br \/>\n<strong>Hor\u00e1rio:<\/strong> das 18:30 \u00e0s 20:00<br \/>\n<strong>1\u00aa aula gratuita!<\/strong><\/p>\n<p><strong><span style=\"color: #ff0000;\">Possibilidade de fazer online em directo. Basta que envie um mail a confirmar (consultas@treenaturaterapias.com) ou mensagem 3 horas antes para + 351 910 879 049<\/span><\/strong><\/p>\n<p><strong><span style=\"color: #ff0000;\">Vagas Limitadas!<\/span><\/strong><\/p>\n","protected":false},"excerpt":{"rendered":"<p>Yoga significa uni\u00e3o. E enquanto ser humano foi-lhe dado \u00e1 nascen\u00e7a um dom que lhe permite abra\u00e7ar essa uni\u00e3o em todos os aspectos da sua vida, em tudo o que faz. Quando acorda, come, trabalha, convive, respira&#8230;&#8230; Yoga no seu trabalho d\u00e1-lhe excel\u00eancia no que faz. Yoga na sua mente &hellip; <\/p>\n","protected":false},"author":1,"featured_media":0,"parent":0,"menu_order":0,"comment_status":"closed","ping_status":"closed","template":"","meta":{"_monsterinsights_skip_tracking":false,"_monsterinsights_sitenote_active":false,"_monsterinsights_sitenote_note":"","_monsterinsights_sitenote_category":0,"footnotes":""},"class_list":["post-421","page","type-page","status-publish","hentry"],"yoast_head":"<!-- This site is optimized with the Yoast SEO plugin v27.4 - https:\/\/yoast.com\/product\/yoast-seo-wordpress\/ -->\n<title>Kundalini Yoga<\/title>\n<meta name=\"robots\" content=\"index, follow, max-snippet:-1, max-image-preview:large, max-video-preview:-1\" \/>\n<link rel=\"canonical\" href=\"https:\/\/treenaturaterapias.com\/fr\/kundalini-yoga\/\" \/>\n<meta property=\"og:locale\" content=\"fr_FR\" \/>\n<meta property=\"og:locale:alternate\" content=\"en_US\" \/>\n<meta property=\"og:locale:alternate\" content=\"pt_PT\" \/>\n<meta property=\"og:type\" content=\"article\" \/>\n<meta property=\"og:title\" content=\"Kundalini Yoga\" \/>\n<meta property=\"og:description\" content=\"Yoga significa uni\u00e3o. E enquanto ser humano foi-lhe dado \u00e1 nascen\u00e7a um dom que lhe permite abra\u00e7ar essa uni\u00e3o em todos os aspectos da sua vida, em tudo o que faz. Quando acorda, come, trabalha, convive, respira&#8230;&#8230; Yoga no seu trabalho d\u00e1-lhe excel\u00eancia no que faz. Yoga na sua mente &hellip;\" \/>\n<meta property=\"og:url\" content=\"https:\/\/treenaturaterapias.com\/fr\/kundalini-yoga\/\" \/>\n<meta property=\"og:site_name\" content=\"Tree Natura Terapias\" \/>\n<meta property=\"article:modified_time\" content=\"2019-02-25T17:59:52+00:00\" \/>\n<meta property=\"og:image\" content=\"https:\/\/treenaturaterapias.com\/wp-content\/uploads\/2018\/09\/flag_portugal.png\" \/>\n<meta name=\"twitter:card\" content=\"summary_large_image\" \/>\n<meta name=\"twitter:label1\" content=\"Dur\u00e9e de lecture estim\u00e9e\" \/>\n\t<meta name=\"twitter:data1\" content=\"5 minutes\" \/>\n<script type=\"application\/ld+json\" class=\"yoast-schema-graph\">{\"@context\":\"https:\\\/\\\/schema.org\",\"@graph\":[{\"@type\":\"WebPage\",\"@id\":\"https:\\\/\\\/treenaturaterapias.com\\\/kundalini-yoga\\\/\",\"url\":\"https:\\\/\\\/treenaturaterapias.com\\\/kundalini-yoga\\\/\",\"name\":\"Kundalini Yoga\",\"isPartOf\":{\"@id\":\"https:\\\/\\\/treenaturaterapias.com\\\/#website\"},\"primaryImageOfPage\":{\"@id\":\"https:\\\/\\\/treenaturaterapias.com\\\/kundalini-yoga\\\/#primaryimage\"},\"image\":{\"@id\":\"https:\\\/\\\/treenaturaterapias.com\\\/kundalini-yoga\\\/#primaryimage\"},\"thumbnailUrl\":\"https:\\\/\\\/treenaturaterapias.com\\\/wp-content\\\/uploads\\\/2018\\\/09\\\/flag_portugal.png\",\"datePublished\":\"2017-09-12T15:46:02+00:00\",\"dateModified\":\"2019-02-25T17:59:52+00:00\",\"breadcrumb\":{\"@id\":\"https:\\\/\\\/treenaturaterapias.com\\\/kundalini-yoga\\\/#breadcrumb\"},\"inLanguage\":\"fr-FR\",\"potentialAction\":[{\"@type\":\"ReadAction\",\"target\":[\"https:\\\/\\\/treenaturaterapias.com\\\/kundalini-yoga\\\/\"]}]},{\"@type\":\"ImageObject\",\"inLanguage\":\"fr-FR\",\"@id\":\"https:\\\/\\\/treenaturaterapias.com\\\/kundalini-yoga\\\/#primaryimage\",\"url\":\"https:\\\/\\\/treenaturaterapias.com\\\/wp-content\\\/uploads\\\/2018\\\/09\\\/flag_portugal.png\",\"contentUrl\":\"https:\\\/\\\/treenaturaterapias.com\\\/wp-content\\\/uploads\\\/2018\\\/09\\\/flag_portugal.png\"},{\"@type\":\"BreadcrumbList\",\"@id\":\"https:\\\/\\\/treenaturaterapias.com\\\/kundalini-yoga\\\/#breadcrumb\",\"itemListElement\":[{\"@type\":\"ListItem\",\"position\":1,\"name\":\"In\u00edcio\",\"item\":\"https:\\\/\\\/treenaturaterapias.com\\\/\"},{\"@type\":\"ListItem\",\"position\":2,\"name\":\"Kundalini Yoga\"}]},{\"@type\":\"WebSite\",\"@id\":\"https:\\\/\\\/treenaturaterapias.com\\\/#website\",\"url\":\"https:\\\/\\\/treenaturaterapias.com\\\/\",\"name\":\"Tree Natura Terapias\",\"description\":\"Reconhecendo o Divino que habita em si\",\"publisher\":{\"@id\":\"https:\\\/\\\/treenaturaterapias.com\\\/#\\\/schema\\\/person\\\/267944d8880bf51dd22b9803435d65c6\"},\"potentialAction\":[{\"@type\":\"SearchAction\",\"target\":{\"@type\":\"EntryPoint\",\"urlTemplate\":\"https:\\\/\\\/treenaturaterapias.com\\\/?s={search_term_string}\"},\"query-input\":{\"@type\":\"PropertyValueSpecification\",\"valueRequired\":true,\"valueName\":\"search_term_string\"}}],\"inLanguage\":\"fr-FR\"},{\"@type\":[\"Person\",\"Organization\"],\"@id\":\"https:\\\/\\\/treenaturaterapias.com\\\/#\\\/schema\\\/person\\\/267944d8880bf51dd22b9803435d65c6\",\"name\":\"C\u00e9lia de Jesus\",\"image\":{\"@type\":\"ImageObject\",\"inLanguage\":\"fr-FR\",\"@id\":\"https:\\\/\\\/treenaturaterapias.com\\\/wp-content\\\/uploads\\\/2018\\\/09\\\/cropped-18901839_10154690353442194_1408032629_o.jpg\",\"url\":\"https:\\\/\\\/treenaturaterapias.com\\\/wp-content\\\/uploads\\\/2018\\\/09\\\/cropped-18901839_10154690353442194_1408032629_o.jpg\",\"contentUrl\":\"https:\\\/\\\/treenaturaterapias.com\\\/wp-content\\\/uploads\\\/2018\\\/09\\\/cropped-18901839_10154690353442194_1408032629_o.jpg\",\"width\":512,\"height\":512,\"caption\":\"C\u00e9lia de Jesus\"},\"logo\":{\"@id\":\"https:\\\/\\\/treenaturaterapias.com\\\/wp-content\\\/uploads\\\/2018\\\/09\\\/cropped-18901839_10154690353442194_1408032629_o.jpg\"}}]}<\/script>\n<!-- \/ Yoast SEO plugin. -->","yoast_head_json":{"title":"Kundalini Yoga","robots":{"index":"index","follow":"follow","max-snippet":"max-snippet:-1","max-image-preview":"max-image-preview:large","max-video-preview":"max-video-preview:-1"},"canonical":"https:\/\/treenaturaterapias.com\/fr\/kundalini-yoga\/","og_locale":"fr_FR","og_type":"article","og_title":"[:en]Kundalini Yoga[:pt]Kundalini Yoga[:] - Tree Natura Terapias","og_description":"Yoga significa uni\u00e3o. E enquanto ser humano foi-lhe dado \u00e1 nascen\u00e7a um dom que lhe permite abra\u00e7ar essa uni\u00e3o em todos os aspectos da sua vida, em tudo o que faz. Quando acorda, come, trabalha, convive, respira&#8230;&#8230; Yoga no seu trabalho d\u00e1-lhe excel\u00eancia no que faz. Yoga na sua mente &hellip;","og_url":"https:\/\/treenaturaterapias.com\/fr\/kundalini-yoga\/","og_site_name":"Tree Natura Terapias","article_modified_time":"2019-02-25T17:59:52+00:00","og_image":[{"url":"https:\/\/treenaturaterapias.com\/wp-content\/uploads\/2018\/09\/flag_portugal.png","type":"","width":"","height":""}],"twitter_card":"summary_large_image","twitter_misc":{"Dur\u00e9e de lecture estim\u00e9e":"5 minutes"},"schema":{"@context":"https:\/\/schema.org","@graph":[{"@type":"WebPage","@id":"https:\/\/treenaturaterapias.com\/kundalini-yoga\/","url":"https:\/\/treenaturaterapias.com\/kundalini-yoga\/","name":"Kundalini Yoga","isPartOf":{"@id":"https:\/\/treenaturaterapias.com\/#website"},"primaryImageOfPage":{"@id":"https:\/\/treenaturaterapias.com\/kundalini-yoga\/#primaryimage"},"image":{"@id":"https:\/\/treenaturaterapias.com\/kundalini-yoga\/#primaryimage"},"thumbnailUrl":"https:\/\/treenaturaterapias.com\/wp-content\/uploads\/2018\/09\/flag_portugal.png","datePublished":"2017-09-12T15:46:02+00:00","dateModified":"2019-02-25T17:59:52+00:00","breadcrumb":{"@id":"https:\/\/treenaturaterapias.com\/kundalini-yoga\/#breadcrumb"},"inLanguage":"fr-FR","potentialAction":[{"@type":"ReadAction","target":["https:\/\/treenaturaterapias.com\/kundalini-yoga\/"]}]},{"@type":"ImageObject","inLanguage":"fr-FR","@id":"https:\/\/treenaturaterapias.com\/kundalini-yoga\/#primaryimage","url":"https:\/\/treenaturaterapias.com\/wp-content\/uploads\/2018\/09\/flag_portugal.png","contentUrl":"https:\/\/treenaturaterapias.com\/wp-content\/uploads\/2018\/09\/flag_portugal.png"},{"@type":"BreadcrumbList","@id":"https:\/\/treenaturaterapias.com\/kundalini-yoga\/#breadcrumb","itemListElement":[{"@type":"ListItem","position":1,"name":"In\u00edcio","item":"https:\/\/treenaturaterapias.com\/"},{"@type":"ListItem","position":2,"name":"Kundalini Yoga"}]},{"@type":"WebSite","@id":"https:\/\/treenaturaterapias.com\/#website","url":"https:\/\/treenaturaterapias.com\/","name":"Tree Natura Terapias","description":"Reconhecendo o Divino que habita em si","publisher":{"@id":"https:\/\/treenaturaterapias.com\/#\/schema\/person\/267944d8880bf51dd22b9803435d65c6"},"potentialAction":[{"@type":"SearchAction","target":{"@type":"EntryPoint","urlTemplate":"https:\/\/treenaturaterapias.com\/?s={search_term_string}"},"query-input":{"@type":"PropertyValueSpecification","valueRequired":true,"valueName":"search_term_string"}}],"inLanguage":"fr-FR"},{"@type":["Person","Organization"],"@id":"https:\/\/treenaturaterapias.com\/#\/schema\/person\/267944d8880bf51dd22b9803435d65c6","name":"C\u00e9lia de Jesus","image":{"@type":"ImageObject","inLanguage":"fr-FR","@id":"https:\/\/treenaturaterapias.com\/wp-content\/uploads\/2018\/09\/cropped-18901839_10154690353442194_1408032629_o.jpg","url":"https:\/\/treenaturaterapias.com\/wp-content\/uploads\/2018\/09\/cropped-18901839_10154690353442194_1408032629_o.jpg","contentUrl":"https:\/\/treenaturaterapias.com\/wp-content\/uploads\/2018\/09\/cropped-18901839_10154690353442194_1408032629_o.jpg","width":512,"height":512,"caption":"C\u00e9lia de Jesus"},"logo":{"@id":"https:\/\/treenaturaterapias.com\/wp-content\/uploads\/2018\/09\/cropped-18901839_10154690353442194_1408032629_o.jpg"}}]}},"_links":{"self":[{"href":"https:\/\/treenaturaterapias.com\/fr\/wp-json\/wp\/v2\/pages\/421","targetHints":{"allow":["GET"]}}],"collection":[{"href":"https:\/\/treenaturaterapias.com\/fr\/wp-json\/wp\/v2\/pages"}],"about":[{"href":"https:\/\/treenaturaterapias.com\/fr\/wp-json\/wp\/v2\/types\/page"}],"author":[{"embeddable":true,"href":"https:\/\/treenaturaterapias.com\/fr\/wp-json\/wp\/v2\/users\/1"}],"replies":[{"embeddable":true,"href":"https:\/\/treenaturaterapias.com\/fr\/wp-json\/wp\/v2\/comments?post=421"}],"version-history":[{"count":0,"href":"https:\/\/treenaturaterapias.com\/fr\/wp-json\/wp\/v2\/pages\/421\/revisions"}],"wp:attachment":[{"href":"https:\/\/treenaturaterapias.com\/fr\/wp-json\/wp\/v2\/media?parent=421"}],"curies":[{"name":"wp","href":"https:\/\/api.w.org\/{rel}","templated":true}]}}