{"id":147,"date":"2016-09-07T20:16:06","date_gmt":"2016-09-07T20:16:06","guid":{"rendered":"https:\/\/treenaturaterapias.com\/?page_id=147"},"modified":"2023-09-07T15:12:53","modified_gmt":"2023-09-07T15:12:53","slug":"leitura-de-aura-prosperidade","status":"publish","type":"page","link":"https:\/\/treenaturaterapias.com\/fr\/leitura-de-aura-prosperidade\/","title":{"rendered":"Leitura de Aura Prosperidade"},"content":{"rendered":"<p>\u00a0<\/p>\n<ul>\n<li>Por que minha vida amorosa n\u00e3o prospera?<\/li>\n<li>Por que minha carreira n\u00e3o decola com sucesso?<\/li>\n<li>Por que minha situa\u00e7\u00e3o financeira nunca atinge a abund\u00e2ncia que desejo?<\/li>\n<\/ul>\n<p>Todas essas perguntas e muitas mais podem ser esclarecidas atrav\u00e9s da poderosa pr\u00e1tica da Leitura de Aura de Prosperidade. Por meio dessa extraordin\u00e1ria leitura de Aura de Prosperidade, mergulhamos nos \u00ab\u00a0mist\u00e9rios\u00a0\u00bb que envolvem a falta de abund\u00e2ncia, prosperidade e \u00eaxito em v\u00e1rias \u00e1reas de nossa vida, seja no \u00e2mbito familiar, amoroso, financeiro, recreativo, social ou de sa\u00fade. Al\u00e9m disso, na Leitura de Aura de Prosperidade, exploramos de maneira abrangente o motivo subjacente que nos impede de alcan\u00e7ar a plenitude e a prosperidade, sejam quais forem os bloqueios que possam estar presentes. Durante esse processo de Leitura de Aura de Prosperidade, esses obst\u00e1culos s\u00e3o minuciosamente identificados e, mais importante ainda, devido \u00e1 anergia que vai ser remexida, esses bloqueios come\u00e7am a ser limpos e organizados no seu ser.<\/p>\n<p>A verdade \u00e9 que a prosperidade \u00e9 uma parte intr\u00ednseca de nossa exist\u00eancia, mas muitas vezes, sem percebermos, acabamos por bloque\u00e1-la de alguma forma, o que nos deixa insatisfeitos e infelizes. N\u00e3o permita que isso aconte\u00e7a! Descubra o potencial completo da Leitura de Aura de Prosperidade para desbloquear seu caminho em dire\u00e7\u00e3o a uma vida repleta de amor, sucesso e riqueza em todas as \u00e1reas que desejar.<\/p>\n<p>Tem a dura\u00e7\u00e3o de aproximadamente 1h<\/p>\n<p>Terapia feita presencial ou online via Whatsapp ou Zoom<\/p>\n<p><del>Valor 60\u20ac<\/del><\/p>\n<p><em><span style=\"color: #ff0000;\"><strong>Promo\u00e7\u00e3o at\u00e9 15 Setembro 45\u20ac<\/strong><\/span><\/em><\/p>\n\n<div class=\"wpforms-container wpforms-container-full wpforms-form-abandonment\" id=\"wpforms-1289\"><form id=\"wpforms-form-1289\" class=\"wpforms-validate wpforms-form wpforms-ajax-form\" data-formid=\"1289\" method=\"post\" enctype=\"multipart\/form-data\" action=\"\/fr\/wp-json\/wp\/v2\/pages\/147\" data-token=\"f7fd81464443993fb9b910fe4845732b\"><div class=\"wpforms-head-container\"><div class=\"wpforms-title\">Agendar Leitura de Aura de Prosperidade<\/div><\/div><noscript class=\"wpforms-error-noscript\">Veuillez activer JavaScript dans votre navigateur pour remplir ce formulaire.<\/noscript><div class=\"wpforms-field-container\"><div id=\"wpforms-1289-field_1-container\" class=\"wpforms-field wpforms-field-name\" data-field-id=\"1\"><label class=\"wpforms-field-label\" for=\"wpforms-1289-field_1\">Nome <span class=\"wpforms-required-label\">*<\/span><\/label><div class=\"wpforms-field-row wpforms-field-medium\"><div class=\"wpforms-field-row-block wpforms-first wpforms-one-half\"><input type=\"text\" id=\"wpforms-1289-field_1\" class=\"wpforms-field-name-first wpforms-field-required\" name=\"wpforms[fields][1][first]\" placeholder=\"Primeiro nome\" required><label for=\"wpforms-1289-field_1\" class=\"wpforms-field-sublabel after wpforms-sublabel-hide\">Pr\u00e9nom<\/label><\/div><div class=\"wpforms-field-row-block wpforms-one-half\"><input type=\"text\" id=\"wpforms-1289-field_1-last\" class=\"wpforms-field-name-last wpforms-field-required\" name=\"wpforms[fields][1][last]\" placeholder=\"\u00daltimo Nome\" required><label for=\"wpforms-1289-field_1-last\" class=\"wpforms-field-sublabel after wpforms-sublabel-hide\">Nom<\/label><\/div><\/div><\/div><div id=\"wpforms-1289-field_2-container\" class=\"wpforms-field wpforms-field-phone\" data-field-id=\"2\"><label class=\"wpforms-field-label\" for=\"wpforms-1289-field_2\">Telefone <span class=\"wpforms-required-label\">*<\/span><\/label><input type=\"tel\" id=\"wpforms-1289-field_2\" class=\"wpforms-field-small wpforms-field-required wpforms-smart-phone-field\" data-rule-smart-phone-field=\"true\" name=\"wpforms[fields][2]\" required><\/div><div id=\"wpforms-1289-field_3-container\" class=\"wpforms-field wpforms-field-email\" data-field-id=\"3\"><label class=\"wpforms-field-label\" for=\"wpforms-1289-field_3\">Email <span class=\"wpforms-required-label\">*<\/span><\/label><input type=\"email\" id=\"wpforms-1289-field_3\" class=\"wpforms-field-small wpforms-field-required\" name=\"wpforms[fields][3]\" required><\/div><div id=\"wpforms-1289-field_4-container\" class=\"wpforms-field wpforms-field-date-time\" data-field-id=\"4\"><label class=\"wpforms-field-label\" for=\"wpforms-1289-field_4\">Data \/ Hora<\/label><div class=\"wpforms-field-row wpforms-field-medium\"><div class=\"wpforms-field-row-block wpforms-one-half wpforms-first\"><div class=\"wpforms-datepicker-wrap\"><input type=\"text\" id=\"wpforms-1289-field_4\" class=\"wpforms-field-date-time-date wpforms-datepicker\" data-date-format=\"F j, Y\" data-disable-past-dates=\"0\" data-input=\"true\" name=\"wpforms[fields][4][date]\" ><a title=\"Effacer la date\" data-clear class=\"wpforms-datepicker-clear\" style=\"display:none;\"><\/a><\/div><label for=\"wpforms-1289-field_4\" class=\"wpforms-field-sublabel after \">Date<\/label><\/div><div class=\"wpforms-field-row-block wpforms-one-half\"><input type=\"text\" id=\"wpforms-1289-field_4-time\" class=\"wpforms-field-date-time-time wpforms-timepicker\" data-time-format=\"g:i A\" data-step=\"30\" data-rule-time12h=\"true\" name=\"wpforms[fields][4][time]\" ><label for=\"wpforms-1289-field_4-time\" class=\"wpforms-field-sublabel after \">Heure<\/label><\/div><\/div><\/div><div id=\"wpforms-1289-field_5-container\" class=\"wpforms-field wpforms-field-textarea\" data-field-id=\"5\"><label class=\"wpforms-field-label\" for=\"wpforms-1289-field_5\">Observa\u00e7\u00f5es<\/label><textarea id=\"wpforms-1289-field_5\" class=\"wpforms-field-small wpforms-limit-characters-enabled\" data-form-id=\"1289\" data-field-id=\"5\" data-text-limit=\"2000\" name=\"wpforms[fields][5]\" maxlength=\"2000\" ><\/textarea><\/div><\/div><div class=\"wpforms-submit-container\"><input type=\"hidden\" name=\"wpforms[id]\" value=\"1289\"><input type=\"hidden\" name=\"wpforms[author]\" value=\"1\"><button type=\"submit\" name=\"wpforms[submit]\" id=\"wpforms-submit-1289\" class=\"wpforms-submit\" data-alt-text=\"A enviar pedido de marca\u00e7\u00e3o...\" data-submit-text=\"Agendar sess\u00e3o\" aria-live=\"assertive\" value=\"wpforms-submit\">Agendar sess\u00e3o<\/button><img loading=\"lazy\" decoding=\"async\" src=\"https:\/\/treenaturaterapias.com\/wp-content\/plugins\/wpforms\/assets\/images\/submit-spin.svg\" class=\"wpforms-submit-spinner\" style=\"display: none;\" width=\"26\" height=\"26\" alt=\"\"><\/div><\/form><\/div>  <!-- .wpforms-container -->","protected":false},"excerpt":{"rendered":"<p>\u00a0 Por que minha vida amorosa n\u00e3o prospera? Por que minha carreira n\u00e3o decola com sucesso? Por que minha situa\u00e7\u00e3o financeira nunca atinge a abund\u00e2ncia que desejo? Todas essas perguntas e muitas mais podem ser esclarecidas atrav\u00e9s da poderosa pr\u00e1tica da Leitura de Aura de Prosperidade. Por meio dessa extraordin\u00e1ria &hellip; <\/p>\n","protected":false},"author":1,"featured_media":153,"parent":0,"menu_order":0,"comment_status":"closed","ping_status":"closed","template":"","meta":{"_monsterinsights_skip_tracking":false,"_monsterinsights_sitenote_active":false,"_monsterinsights_sitenote_note":"","_monsterinsights_sitenote_category":0,"footnotes":""},"class_list":["post-147","page","type-page","status-publish","has-post-thumbnail","hentry"],"yoast_head":"<!-- This site is optimized with the Yoast SEO plugin v27.4 - https:\/\/yoast.com\/product\/yoast-seo-wordpress\/ -->\n<title>Leitura de Aura Prosperidade<\/title>\n<meta name=\"robots\" content=\"index, follow, max-snippet:-1, max-image-preview:large, max-video-preview:-1\" \/>\n<link rel=\"canonical\" href=\"https:\/\/treenaturaterapias.com\/fr\/leitura-de-aura-prosperidade\/\" \/>\n<meta property=\"og:locale\" content=\"fr_FR\" \/>\n<meta property=\"og:locale:alternate\" content=\"en_US\" \/>\n<meta property=\"og:locale:alternate\" content=\"pt_PT\" \/>\n<meta property=\"og:type\" content=\"article\" \/>\n<meta property=\"og:title\" content=\"Leitura de Aura Prosperidade\" \/>\n<meta property=\"og:description\" content=\"\u00a0 Por que minha vida amorosa n\u00e3o prospera? Por que minha carreira n\u00e3o decola com sucesso? Por que minha situa\u00e7\u00e3o financeira nunca atinge a abund\u00e2ncia que desejo? Todas essas perguntas e muitas mais podem ser esclarecidas atrav\u00e9s da poderosa pr\u00e1tica da Leitura de Aura de Prosperidade. Por meio dessa extraordin\u00e1ria &hellip;\" \/>\n<meta property=\"og:url\" content=\"https:\/\/treenaturaterapias.com\/fr\/leitura-de-aura-prosperidade\/\" \/>\n<meta property=\"og:site_name\" content=\"Tree Natura Terapias\" \/>\n<meta property=\"article:modified_time\" content=\"2023-09-07T15:12:53+00:00\" \/>\n<meta property=\"og:image\" content=\"https:\/\/treenaturaterapias.com\/wp-content\/uploads\/2016\/09\/sparkling_peacock_feather_napkins-r0366105477014e7b810c6e617879fe54_2cf00_8byvr_324.jpg\" \/>\n\t<meta property=\"og:image:width\" content=\"324\" \/>\n\t<meta property=\"og:image:height\" content=\"324\" \/>\n\t<meta property=\"og:image:type\" content=\"image\/jpeg\" \/>\n<meta name=\"twitter:card\" content=\"summary_large_image\" \/>\n<meta name=\"twitter:label1\" content=\"Dur\u00e9e de lecture estim\u00e9e\" \/>\n\t<meta name=\"twitter:data1\" content=\"1 minute\" \/>\n<script type=\"application\/ld+json\" class=\"yoast-schema-graph\">{\"@context\":\"https:\\\/\\\/schema.org\",\"@graph\":[{\"@type\":\"WebPage\",\"@id\":\"https:\\\/\\\/treenaturaterapias.com\\\/leitura-de-aura-prosperidade\\\/\",\"url\":\"https:\\\/\\\/treenaturaterapias.com\\\/leitura-de-aura-prosperidade\\\/\",\"name\":\"Leitura de Aura Prosperidade\",\"isPartOf\":{\"@id\":\"https:\\\/\\\/treenaturaterapias.com\\\/#website\"},\"primaryImageOfPage\":{\"@id\":\"https:\\\/\\\/treenaturaterapias.com\\\/leitura-de-aura-prosperidade\\\/#primaryimage\"},\"image\":{\"@id\":\"https:\\\/\\\/treenaturaterapias.com\\\/leitura-de-aura-prosperidade\\\/#primaryimage\"},\"thumbnailUrl\":\"https:\\\/\\\/treenaturaterapias.com\\\/wp-content\\\/uploads\\\/2016\\\/09\\\/sparkling_peacock_feather_napkins-r0366105477014e7b810c6e617879fe54_2cf00_8byvr_324.jpg\",\"datePublished\":\"2016-09-07T20:16:06+00:00\",\"dateModified\":\"2023-09-07T15:12:53+00:00\",\"breadcrumb\":{\"@id\":\"https:\\\/\\\/treenaturaterapias.com\\\/leitura-de-aura-prosperidade\\\/#breadcrumb\"},\"inLanguage\":\"fr-FR\",\"potentialAction\":[{\"@type\":\"ReadAction\",\"target\":[\"https:\\\/\\\/treenaturaterapias.com\\\/leitura-de-aura-prosperidade\\\/\"]}]},{\"@type\":\"ImageObject\",\"inLanguage\":\"fr-FR\",\"@id\":\"https:\\\/\\\/treenaturaterapias.com\\\/leitura-de-aura-prosperidade\\\/#primaryimage\",\"url\":\"https:\\\/\\\/treenaturaterapias.com\\\/wp-content\\\/uploads\\\/2016\\\/09\\\/sparkling_peacock_feather_napkins-r0366105477014e7b810c6e617879fe54_2cf00_8byvr_324.jpg\",\"contentUrl\":\"https:\\\/\\\/treenaturaterapias.com\\\/wp-content\\\/uploads\\\/2016\\\/09\\\/sparkling_peacock_feather_napkins-r0366105477014e7b810c6e617879fe54_2cf00_8byvr_324.jpg\",\"width\":324,\"height\":324},{\"@type\":\"BreadcrumbList\",\"@id\":\"https:\\\/\\\/treenaturaterapias.com\\\/leitura-de-aura-prosperidade\\\/#breadcrumb\",\"itemListElement\":[{\"@type\":\"ListItem\",\"position\":1,\"name\":\"In\u00edcio\",\"item\":\"https:\\\/\\\/treenaturaterapias.com\\\/\"},{\"@type\":\"ListItem\",\"position\":2,\"name\":\"Leitura de Aura Prosperidade\"}]},{\"@type\":\"WebSite\",\"@id\":\"https:\\\/\\\/treenaturaterapias.com\\\/#website\",\"url\":\"https:\\\/\\\/treenaturaterapias.com\\\/\",\"name\":\"Tree Natura Terapias\",\"description\":\"Reconhecendo o Divino que habita em si\",\"publisher\":{\"@id\":\"https:\\\/\\\/treenaturaterapias.com\\\/#\\\/schema\\\/person\\\/267944d8880bf51dd22b9803435d65c6\"},\"potentialAction\":[{\"@type\":\"SearchAction\",\"target\":{\"@type\":\"EntryPoint\",\"urlTemplate\":\"https:\\\/\\\/treenaturaterapias.com\\\/?s={search_term_string}\"},\"query-input\":{\"@type\":\"PropertyValueSpecification\",\"valueRequired\":true,\"valueName\":\"search_term_string\"}}],\"inLanguage\":\"fr-FR\"},{\"@type\":[\"Person\",\"Organization\"],\"@id\":\"https:\\\/\\\/treenaturaterapias.com\\\/#\\\/schema\\\/person\\\/267944d8880bf51dd22b9803435d65c6\",\"name\":\"C\u00e9lia de Jesus\",\"image\":{\"@type\":\"ImageObject\",\"inLanguage\":\"fr-FR\",\"@id\":\"https:\\\/\\\/treenaturaterapias.com\\\/wp-content\\\/uploads\\\/2018\\\/09\\\/cropped-18901839_10154690353442194_1408032629_o.jpg\",\"url\":\"https:\\\/\\\/treenaturaterapias.com\\\/wp-content\\\/uploads\\\/2018\\\/09\\\/cropped-18901839_10154690353442194_1408032629_o.jpg\",\"contentUrl\":\"https:\\\/\\\/treenaturaterapias.com\\\/wp-content\\\/uploads\\\/2018\\\/09\\\/cropped-18901839_10154690353442194_1408032629_o.jpg\",\"width\":512,\"height\":512,\"caption\":\"C\u00e9lia de Jesus\"},\"logo\":{\"@id\":\"https:\\\/\\\/treenaturaterapias.com\\\/wp-content\\\/uploads\\\/2018\\\/09\\\/cropped-18901839_10154690353442194_1408032629_o.jpg\"}}]}<\/script>\n<!-- \/ Yoast SEO plugin. -->","yoast_head_json":{"title":"Leitura de Aura Prosperidade","robots":{"index":"index","follow":"follow","max-snippet":"max-snippet:-1","max-image-preview":"max-image-preview:large","max-video-preview":"max-video-preview:-1"},"canonical":"https:\/\/treenaturaterapias.com\/fr\/leitura-de-aura-prosperidade\/","og_locale":"fr_FR","og_type":"article","og_title":"[:pt]Leitura de Aura Prosperidade[:] - Tree Natura Terapias","og_description":"\u00a0 Por que minha vida amorosa n\u00e3o prospera? Por que minha carreira n\u00e3o decola com sucesso? Por que minha situa\u00e7\u00e3o financeira nunca atinge a abund\u00e2ncia que desejo? Todas essas perguntas e muitas mais podem ser esclarecidas atrav\u00e9s da poderosa pr\u00e1tica da Leitura de Aura de Prosperidade. Por meio dessa extraordin\u00e1ria &hellip;","og_url":"https:\/\/treenaturaterapias.com\/fr\/leitura-de-aura-prosperidade\/","og_site_name":"Tree Natura Terapias","article_modified_time":"2023-09-07T15:12:53+00:00","og_image":[{"width":324,"height":324,"url":"https:\/\/treenaturaterapias.com\/wp-content\/uploads\/2016\/09\/sparkling_peacock_feather_napkins-r0366105477014e7b810c6e617879fe54_2cf00_8byvr_324.jpg","type":"image\/jpeg"}],"twitter_card":"summary_large_image","twitter_misc":{"Dur\u00e9e de lecture estim\u00e9e":"1 minute"},"schema":{"@context":"https:\/\/schema.org","@graph":[{"@type":"WebPage","@id":"https:\/\/treenaturaterapias.com\/leitura-de-aura-prosperidade\/","url":"https:\/\/treenaturaterapias.com\/leitura-de-aura-prosperidade\/","name":"Leitura de Aura Prosperidade","isPartOf":{"@id":"https:\/\/treenaturaterapias.com\/#website"},"primaryImageOfPage":{"@id":"https:\/\/treenaturaterapias.com\/leitura-de-aura-prosperidade\/#primaryimage"},"image":{"@id":"https:\/\/treenaturaterapias.com\/leitura-de-aura-prosperidade\/#primaryimage"},"thumbnailUrl":"https:\/\/treenaturaterapias.com\/wp-content\/uploads\/2016\/09\/sparkling_peacock_feather_napkins-r0366105477014e7b810c6e617879fe54_2cf00_8byvr_324.jpg","datePublished":"2016-09-07T20:16:06+00:00","dateModified":"2023-09-07T15:12:53+00:00","breadcrumb":{"@id":"https:\/\/treenaturaterapias.com\/leitura-de-aura-prosperidade\/#breadcrumb"},"inLanguage":"fr-FR","potentialAction":[{"@type":"ReadAction","target":["https:\/\/treenaturaterapias.com\/leitura-de-aura-prosperidade\/"]}]},{"@type":"ImageObject","inLanguage":"fr-FR","@id":"https:\/\/treenaturaterapias.com\/leitura-de-aura-prosperidade\/#primaryimage","url":"https:\/\/treenaturaterapias.com\/wp-content\/uploads\/2016\/09\/sparkling_peacock_feather_napkins-r0366105477014e7b810c6e617879fe54_2cf00_8byvr_324.jpg","contentUrl":"https:\/\/treenaturaterapias.com\/wp-content\/uploads\/2016\/09\/sparkling_peacock_feather_napkins-r0366105477014e7b810c6e617879fe54_2cf00_8byvr_324.jpg","width":324,"height":324},{"@type":"BreadcrumbList","@id":"https:\/\/treenaturaterapias.com\/leitura-de-aura-prosperidade\/#breadcrumb","itemListElement":[{"@type":"ListItem","position":1,"name":"In\u00edcio","item":"https:\/\/treenaturaterapias.com\/"},{"@type":"ListItem","position":2,"name":"Leitura de Aura Prosperidade"}]},{"@type":"WebSite","@id":"https:\/\/treenaturaterapias.com\/#website","url":"https:\/\/treenaturaterapias.com\/","name":"Tree Natura Terapias","description":"Reconhecendo o Divino que habita em si","publisher":{"@id":"https:\/\/treenaturaterapias.com\/#\/schema\/person\/267944d8880bf51dd22b9803435d65c6"},"potentialAction":[{"@type":"SearchAction","target":{"@type":"EntryPoint","urlTemplate":"https:\/\/treenaturaterapias.com\/?s={search_term_string}"},"query-input":{"@type":"PropertyValueSpecification","valueRequired":true,"valueName":"search_term_string"}}],"inLanguage":"fr-FR"},{"@type":["Person","Organization"],"@id":"https:\/\/treenaturaterapias.com\/#\/schema\/person\/267944d8880bf51dd22b9803435d65c6","name":"C\u00e9lia de Jesus","image":{"@type":"ImageObject","inLanguage":"fr-FR","@id":"https:\/\/treenaturaterapias.com\/wp-content\/uploads\/2018\/09\/cropped-18901839_10154690353442194_1408032629_o.jpg","url":"https:\/\/treenaturaterapias.com\/wp-content\/uploads\/2018\/09\/cropped-18901839_10154690353442194_1408032629_o.jpg","contentUrl":"https:\/\/treenaturaterapias.com\/wp-content\/uploads\/2018\/09\/cropped-18901839_10154690353442194_1408032629_o.jpg","width":512,"height":512,"caption":"C\u00e9lia de Jesus"},"logo":{"@id":"https:\/\/treenaturaterapias.com\/wp-content\/uploads\/2018\/09\/cropped-18901839_10154690353442194_1408032629_o.jpg"}}]}},"_links":{"self":[{"href":"https:\/\/treenaturaterapias.com\/fr\/wp-json\/wp\/v2\/pages\/147","targetHints":{"allow":["GET"]}}],"collection":[{"href":"https:\/\/treenaturaterapias.com\/fr\/wp-json\/wp\/v2\/pages"}],"about":[{"href":"https:\/\/treenaturaterapias.com\/fr\/wp-json\/wp\/v2\/types\/page"}],"author":[{"embeddable":true,"href":"https:\/\/treenaturaterapias.com\/fr\/wp-json\/wp\/v2\/users\/1"}],"replies":[{"embeddable":true,"href":"https:\/\/treenaturaterapias.com\/fr\/wp-json\/wp\/v2\/comments?post=147"}],"version-history":[{"count":0,"href":"https:\/\/treenaturaterapias.com\/fr\/wp-json\/wp\/v2\/pages\/147\/revisions"}],"wp:featuredmedia":[{"embeddable":true,"href":"https:\/\/treenaturaterapias.com\/fr\/wp-json\/wp\/v2\/media\/153"}],"wp:attachment":[{"href":"https:\/\/treenaturaterapias.com\/fr\/wp-json\/wp\/v2\/media?parent=147"}],"curies":[{"name":"wp","href":"https:\/\/api.w.org\/{rel}","templated":true}]}}