{"id":10,"date":"2016-03-17T14:17:26","date_gmt":"2016-03-17T14:17:26","guid":{"rendered":"https:\/\/treenaturaterapias.com\/?page_id=10"},"modified":"2023-12-02T08:14:57","modified_gmt":"2023-12-02T08:14:57","slug":"a-leitura-de-aura","status":"publish","type":"page","link":"https:\/\/treenaturaterapias.com\/fr\/a-leitura-de-aura\/","title":{"rendered":"Leitura de Aura"},"content":{"rendered":"<figure id=\"attachment_1373\" style=\"width: 284px\"  class=\"wp-caption aligncenter\"><img loading=\"lazy\" decoding=\"async\" class=\"wp-image-1373 \" src=\"https:\/\/treenaturaterapias.com\/wp-content\/uploads\/2023\/09\/Leitura-de-Aura-Geral-300x300.png\" alt=\"Leitura de Aura Geral\" width=\"284\" height=\"284\" srcset=\"https:\/\/treenaturaterapias.com\/wp-content\/uploads\/2023\/09\/Leitura-de-Aura-Geral-300x300.png 300w, https:\/\/treenaturaterapias.com\/wp-content\/uploads\/2023\/09\/Leitura-de-Aura-Geral-150x150.png 150w, https:\/\/treenaturaterapias.com\/wp-content\/uploads\/2023\/09\/Leitura-de-Aura-Geral-768x768.png 768w, https:\/\/treenaturaterapias.com\/wp-content\/uploads\/2023\/09\/Leitura-de-Aura-Geral-210x210.png 210w, https:\/\/treenaturaterapias.com\/wp-content\/uploads\/2023\/09\/Leitura-de-Aura-Geral.png 1024w\" sizes=\"auto, (max-width: 284px) 100vw, 284px\" \/><figcaption class=\"wp-caption-text\">Leitura de Aura Geral<\/figcaption><\/figure>\n<p><!--more--><\/p>\n<p><!--more--><\/p>\n<p>A <a href=\"https:\/\/treenaturaterapias.com\/o-impacto-de-uma-leitura-de-aura-na-nossa-missao-de-vida\/\" target=\"_blank\" rel=\"noopener noreferrer\">Leitura de Aura<\/a> \u00e9 uma conversa entre o esp\u00edrito do terapeuta e do cliente, em uma dimens\u00e3o diferente. Nesta conversa o terapeuta serve de canal, uma esp\u00e9cie de r\u00e1dio, em que \u00e9 transmitido v\u00e1rias informa\u00e7\u00f5es de acordo com o momento presente do cliente e o que precisa de mudar para ser feliz. A Leitura de Aura \u00e9 uma terapia que trata a n\u00edvel espiritual e f\u00edsico. Nestas informa\u00e7\u00f5es podem vir:<\/p>\n<ul>\n<li>Mensagens de guias ou almas que queiram transmitir algo<\/li>\n<li>Padr\u00f5es, bloqueios e potencialidades que est\u00e3o na energia do cliente<\/li>\n<li>A abertura a si mesmo e ao divino e ao auto &#8211; conhecimento<\/li>\n<li>A sintonia com o seu corpo e como pode melhorar. Fala da rela\u00e7\u00e3o do seu corpo com o seu esp\u00edrito, como se tem comportado, o que precisa de mudar para estar em sintonia e fluir na vida sem nenhuma dificuldade<\/li>\n<li>Que tipo de ferramentas e bagagem temos para avan\u00e7ar e quais precisamos para prosseguir nesta fase da sua vida<\/li>\n<li>Contratos ou acordos espirituais que s\u00e3o importantes para esta fase. Porque temos certas pessoas na nossa vida e qual a raz\u00e3o de permanecerem ou sa\u00edrem. Para que se possa perceber o porqu\u00ea de termos aquela pessoa na nossa vida ou porque temos de conviver e passar por aquilo<\/li>\n<li>Vidas passadas para entender esta atual. Mostra-nos vidas passadas para que possamos entender porque temos certos dons\/potenciais que nos fazem \u00fanicos ou bloqueios\/traumas que n\u00e3o nos deixam prosseguir;<\/li>\n<li>Chakras e os seus estados de equil\u00edbrio. Percorremos os Chakras para ver quais est\u00e3o bloqueados e quais est\u00e3o ativos e como fazer para os sintonizar e regularizar de modo a que todos funcionem em sintonia evitando assim doen\u00e7as f\u00edsicas mais graves que acontecem por deixarmos os nossos Chakras bloqueados durante anos.<\/li>\n<li>Body Scanning atrav\u00e9s do terceiro olho, em que \u00e9 identificado problemas f\u00edsicos e curados<\/li>\n<\/ul>\n<p>\u00c9 toda uma viagem em torno do esp\u00edrito do paciente para uma sintonia plena com o Universo, em que o paciente apenas tem de ouvir e tirar duvidas no fim. \u00c9 feita a grava\u00e7\u00e3o de toda a Leitura de Aura e enviada atrav\u00e9s de email posteriormente ao cliente.<\/p>\n<p>A Leitura de Aura muda a vida do cliente logo a seguir \u00e1 sess\u00e3o de acordo com o que o consciente do paciente percebeu, todas as outras mudan\u00e7as ocorrem durante os meses seguintes conforme o paciente vai ouvindo a grava\u00e7\u00e3o e vai assimilando a informa\u00e7\u00e3o.<\/p>\n<p>Depois de feita uma Leitura de Aura Geral pode-se aprofundar mais algum tema em especifico com :<\/p>\n<ul>\n<li><a href=\"https:\/\/treenaturaterapias.com\/leitura-de-aura-prosperidade\/\">Leitura de Aura de Prosperidade<\/a><\/li>\n<li><a href=\"https:\/\/treenaturaterapias.com\/leitura-de-aura-tematica\/\">Leitura de Aura Tem\u00e1tica<\/a><\/li>\n<li><a href=\"https:\/\/treenaturaterapias.com\/leitura-de-aura-de-relacionamentos\/\">Leitura de Aura de Relacionamentos<\/a><\/li>\n<\/ul>\n<p>Tem uma dura\u00e7\u00e3o de aproximadamente 1h30<\/p>\n<p>\u00c9 feita a grava\u00e7\u00e3o da leitura atrav\u00e9s de voz<\/p>\n<p>Terapia feita presencial ou online via whatsapp ou Zoom<\/p>\n<p>Valor 60\u20ac<\/p>\n\n<div class=\"wpforms-container wpforms-container-full wpforms-form-abandonment\" id=\"wpforms-1280\"><form id=\"wpforms-form-1280\" class=\"wpforms-validate wpforms-form wpforms-ajax-form\" data-formid=\"1280\" method=\"post\" enctype=\"multipart\/form-data\" action=\"\/fr\/wp-json\/wp\/v2\/pages\/10\" data-token=\"7b989bc97872caa4c769df9dd33e4fb9\"><div class=\"wpforms-head-container\"><div class=\"wpforms-title\">Agendar Leitura de Aura<\/div><\/div><noscript class=\"wpforms-error-noscript\">Veuillez activer JavaScript dans votre navigateur pour remplir ce formulaire.<\/noscript><div class=\"wpforms-field-container\"><div id=\"wpforms-1280-field_1-container\" class=\"wpforms-field wpforms-field-name\" data-field-id=\"1\"><label class=\"wpforms-field-label\" for=\"wpforms-1280-field_1\">Nome <span class=\"wpforms-required-label\">*<\/span><\/label><div class=\"wpforms-field-row wpforms-field-medium\"><div class=\"wpforms-field-row-block wpforms-first wpforms-one-half\"><input type=\"text\" id=\"wpforms-1280-field_1\" class=\"wpforms-field-name-first wpforms-field-required\" name=\"wpforms[fields][1][first]\" placeholder=\"Primeiro nome\" required><label for=\"wpforms-1280-field_1\" class=\"wpforms-field-sublabel after wpforms-sublabel-hide\">Pr\u00e9nom<\/label><\/div><div class=\"wpforms-field-row-block wpforms-one-half\"><input type=\"text\" id=\"wpforms-1280-field_1-last\" class=\"wpforms-field-name-last wpforms-field-required\" name=\"wpforms[fields][1][last]\" placeholder=\"\u00daltimo Nome\" required><label for=\"wpforms-1280-field_1-last\" class=\"wpforms-field-sublabel after wpforms-sublabel-hide\">Nom<\/label><\/div><\/div><\/div><div id=\"wpforms-1280-field_2-container\" class=\"wpforms-field wpforms-field-phone\" data-field-id=\"2\"><label class=\"wpforms-field-label\" for=\"wpforms-1280-field_2\">Telefone <span class=\"wpforms-required-label\">*<\/span><\/label><input type=\"tel\" id=\"wpforms-1280-field_2\" class=\"wpforms-field-small wpforms-field-required wpforms-smart-phone-field\" data-rule-smart-phone-field=\"true\" name=\"wpforms[fields][2]\" required><\/div><div id=\"wpforms-1280-field_3-container\" class=\"wpforms-field wpforms-field-email\" data-field-id=\"3\"><label class=\"wpforms-field-label\" for=\"wpforms-1280-field_3\">Email <span class=\"wpforms-required-label\">*<\/span><\/label><input type=\"email\" id=\"wpforms-1280-field_3\" class=\"wpforms-field-small wpforms-field-required\" name=\"wpforms[fields][3]\" required><\/div><div id=\"wpforms-1280-field_4-container\" class=\"wpforms-field wpforms-field-date-time\" data-field-id=\"4\"><label class=\"wpforms-field-label\" for=\"wpforms-1280-field_4\">Data \/ Hora<\/label><div class=\"wpforms-field-row wpforms-field-medium\"><div class=\"wpforms-field-row-block wpforms-one-half wpforms-first\"><div class=\"wpforms-datepicker-wrap\"><input type=\"text\" id=\"wpforms-1280-field_4\" class=\"wpforms-field-date-time-date wpforms-datepicker\" data-date-format=\"F j, Y\" data-disable-past-dates=\"0\" data-input=\"true\" name=\"wpforms[fields][4][date]\" ><a title=\"Effacer la date\" data-clear class=\"wpforms-datepicker-clear\" style=\"display:none;\"><\/a><\/div><label for=\"wpforms-1280-field_4\" class=\"wpforms-field-sublabel after \">Date<\/label><\/div><div class=\"wpforms-field-row-block wpforms-one-half\"><input type=\"text\" id=\"wpforms-1280-field_4-time\" class=\"wpforms-field-date-time-time wpforms-timepicker\" data-time-format=\"g:i A\" data-step=\"30\" data-rule-time12h=\"true\" name=\"wpforms[fields][4][time]\" ><label for=\"wpforms-1280-field_4-time\" class=\"wpforms-field-sublabel after \">Heure<\/label><\/div><\/div><\/div><div id=\"wpforms-1280-field_5-container\" class=\"wpforms-field wpforms-field-textarea\" data-field-id=\"5\"><label class=\"wpforms-field-label\" for=\"wpforms-1280-field_5\">Observa\u00e7\u00f5es<\/label><textarea id=\"wpforms-1280-field_5\" class=\"wpforms-field-small wpforms-limit-characters-enabled\" data-form-id=\"1280\" data-field-id=\"5\" data-text-limit=\"2000\" name=\"wpforms[fields][5]\" maxlength=\"2000\" ><\/textarea><\/div><\/div><div class=\"wpforms-submit-container\"><input type=\"hidden\" name=\"wpforms[id]\" value=\"1280\"><input type=\"hidden\" name=\"wpforms[author]\" value=\"1\"><button type=\"submit\" name=\"wpforms[submit]\" id=\"wpforms-submit-1280\" class=\"wpforms-submit\" data-alt-text=\"A enviar pedido de marca\u00e7\u00e3o...\" data-submit-text=\"Agendar sess\u00e3o\" aria-live=\"assertive\" value=\"wpforms-submit\">Agendar sess\u00e3o<\/button><img loading=\"lazy\" decoding=\"async\" src=\"https:\/\/treenaturaterapias.com\/wp-content\/plugins\/wpforms\/assets\/images\/submit-spin.svg\" class=\"wpforms-submit-spinner\" style=\"display: none;\" width=\"26\" height=\"26\" alt=\"\"><\/div><\/form><\/div>  <!-- .wpforms-container -->","protected":false},"excerpt":{"rendered":"","protected":false},"author":1,"featured_media":198,"parent":0,"menu_order":0,"comment_status":"open","ping_status":"closed","template":"","meta":{"_monsterinsights_skip_tracking":false,"_monsterinsights_sitenote_active":false,"_monsterinsights_sitenote_note":"","_monsterinsights_sitenote_category":0,"footnotes":""},"class_list":["post-10","page","type-page","status-publish","has-post-thumbnail","hentry"],"yoast_head":"<!-- This site is optimized with the Yoast SEO plugin v27.4 - https:\/\/yoast.com\/product\/yoast-seo-wordpress\/ -->\n<title>Leitura de Aura<\/title>\n<meta name=\"robots\" content=\"index, follow, max-snippet:-1, max-image-preview:large, max-video-preview:-1\" \/>\n<link rel=\"canonical\" href=\"https:\/\/treenaturaterapias.com\/fr\/a-leitura-de-aura\/\" \/>\n<meta property=\"og:locale\" content=\"fr_FR\" \/>\n<meta property=\"og:locale:alternate\" content=\"en_US\" \/>\n<meta property=\"og:locale:alternate\" content=\"pt_PT\" \/>\n<meta property=\"og:type\" content=\"article\" \/>\n<meta property=\"og:title\" content=\"Leitura de Aura\" \/>\n<meta property=\"og:url\" content=\"https:\/\/treenaturaterapias.com\/fr\/a-leitura-de-aura\/\" \/>\n<meta property=\"og:site_name\" content=\"Tree Natura Terapias\" \/>\n<meta property=\"article:modified_time\" content=\"2023-12-02T08:14:57+00:00\" \/>\n<meta property=\"og:image\" content=\"https:\/\/treenaturaterapias.com\/wp-content\/uploads\/2016\/03\/imagesb.jpg\" \/>\n\t<meta property=\"og:image:width\" content=\"225\" \/>\n\t<meta property=\"og:image:height\" content=\"225\" \/>\n\t<meta property=\"og:image:type\" content=\"image\/jpeg\" \/>\n<meta name=\"twitter:card\" content=\"summary_large_image\" \/>\n<meta name=\"twitter:label1\" content=\"Dur\u00e9e de lecture estim\u00e9e\" \/>\n\t<meta name=\"twitter:data1\" content=\"5 minutes\" \/>\n<script type=\"application\/ld+json\" class=\"yoast-schema-graph\">{\"@context\":\"https:\\\/\\\/schema.org\",\"@graph\":[{\"@type\":\"WebPage\",\"@id\":\"https:\\\/\\\/treenaturaterapias.com\\\/a-leitura-de-aura\\\/\",\"url\":\"https:\\\/\\\/treenaturaterapias.com\\\/a-leitura-de-aura\\\/\",\"name\":\"Leitura de Aura\",\"isPartOf\":{\"@id\":\"https:\\\/\\\/treenaturaterapias.com\\\/#website\"},\"primaryImageOfPage\":{\"@id\":\"https:\\\/\\\/treenaturaterapias.com\\\/a-leitura-de-aura\\\/#primaryimage\"},\"image\":{\"@id\":\"https:\\\/\\\/treenaturaterapias.com\\\/a-leitura-de-aura\\\/#primaryimage\"},\"thumbnailUrl\":\"https:\\\/\\\/treenaturaterapias.com\\\/wp-content\\\/uploads\\\/2016\\\/03\\\/imagesb.jpg\",\"datePublished\":\"2016-03-17T14:17:26+00:00\",\"dateModified\":\"2023-12-02T08:14:57+00:00\",\"breadcrumb\":{\"@id\":\"https:\\\/\\\/treenaturaterapias.com\\\/a-leitura-de-aura\\\/#breadcrumb\"},\"inLanguage\":\"fr-FR\",\"potentialAction\":[{\"@type\":\"ReadAction\",\"target\":[\"https:\\\/\\\/treenaturaterapias.com\\\/a-leitura-de-aura\\\/\"]}]},{\"@type\":\"ImageObject\",\"inLanguage\":\"fr-FR\",\"@id\":\"https:\\\/\\\/treenaturaterapias.com\\\/a-leitura-de-aura\\\/#primaryimage\",\"url\":\"https:\\\/\\\/treenaturaterapias.com\\\/wp-content\\\/uploads\\\/2016\\\/03\\\/imagesb.jpg\",\"contentUrl\":\"https:\\\/\\\/treenaturaterapias.com\\\/wp-content\\\/uploads\\\/2016\\\/03\\\/imagesb.jpg\",\"width\":225,\"height\":225},{\"@type\":\"BreadcrumbList\",\"@id\":\"https:\\\/\\\/treenaturaterapias.com\\\/a-leitura-de-aura\\\/#breadcrumb\",\"itemListElement\":[{\"@type\":\"ListItem\",\"position\":1,\"name\":\"In\u00edcio\",\"item\":\"https:\\\/\\\/treenaturaterapias.com\\\/\"},{\"@type\":\"ListItem\",\"position\":2,\"name\":\"Leitura de Aura\"}]},{\"@type\":\"WebSite\",\"@id\":\"https:\\\/\\\/treenaturaterapias.com\\\/#website\",\"url\":\"https:\\\/\\\/treenaturaterapias.com\\\/\",\"name\":\"Tree Natura Terapias\",\"description\":\"Reconhecendo o Divino que habita em si\",\"publisher\":{\"@id\":\"https:\\\/\\\/treenaturaterapias.com\\\/#\\\/schema\\\/person\\\/267944d8880bf51dd22b9803435d65c6\"},\"potentialAction\":[{\"@type\":\"SearchAction\",\"target\":{\"@type\":\"EntryPoint\",\"urlTemplate\":\"https:\\\/\\\/treenaturaterapias.com\\\/?s={search_term_string}\"},\"query-input\":{\"@type\":\"PropertyValueSpecification\",\"valueRequired\":true,\"valueName\":\"search_term_string\"}}],\"inLanguage\":\"fr-FR\"},{\"@type\":[\"Person\",\"Organization\"],\"@id\":\"https:\\\/\\\/treenaturaterapias.com\\\/#\\\/schema\\\/person\\\/267944d8880bf51dd22b9803435d65c6\",\"name\":\"C\u00e9lia de Jesus\",\"image\":{\"@type\":\"ImageObject\",\"inLanguage\":\"fr-FR\",\"@id\":\"https:\\\/\\\/treenaturaterapias.com\\\/wp-content\\\/uploads\\\/2018\\\/09\\\/cropped-18901839_10154690353442194_1408032629_o.jpg\",\"url\":\"https:\\\/\\\/treenaturaterapias.com\\\/wp-content\\\/uploads\\\/2018\\\/09\\\/cropped-18901839_10154690353442194_1408032629_o.jpg\",\"contentUrl\":\"https:\\\/\\\/treenaturaterapias.com\\\/wp-content\\\/uploads\\\/2018\\\/09\\\/cropped-18901839_10154690353442194_1408032629_o.jpg\",\"width\":512,\"height\":512,\"caption\":\"C\u00e9lia de Jesus\"},\"logo\":{\"@id\":\"https:\\\/\\\/treenaturaterapias.com\\\/wp-content\\\/uploads\\\/2018\\\/09\\\/cropped-18901839_10154690353442194_1408032629_o.jpg\"}}]}<\/script>\n<!-- \/ Yoast SEO plugin. -->","yoast_head_json":{"title":"Leitura de Aura","robots":{"index":"index","follow":"follow","max-snippet":"max-snippet:-1","max-image-preview":"max-image-preview:large","max-video-preview":"max-video-preview:-1"},"canonical":"https:\/\/treenaturaterapias.com\/fr\/a-leitura-de-aura\/","og_locale":"fr_FR","og_type":"article","og_title":"[:pt]Leitura de Aura[:] - Tree Natura Terapias","og_url":"https:\/\/treenaturaterapias.com\/fr\/a-leitura-de-aura\/","og_site_name":"Tree Natura Terapias","article_modified_time":"2023-12-02T08:14:57+00:00","og_image":[{"width":225,"height":225,"url":"https:\/\/treenaturaterapias.com\/wp-content\/uploads\/2016\/03\/imagesb.jpg","type":"image\/jpeg"}],"twitter_card":"summary_large_image","twitter_misc":{"Dur\u00e9e de lecture estim\u00e9e":"5 minutes"},"schema":{"@context":"https:\/\/schema.org","@graph":[{"@type":"WebPage","@id":"https:\/\/treenaturaterapias.com\/a-leitura-de-aura\/","url":"https:\/\/treenaturaterapias.com\/a-leitura-de-aura\/","name":"Leitura de Aura","isPartOf":{"@id":"https:\/\/treenaturaterapias.com\/#website"},"primaryImageOfPage":{"@id":"https:\/\/treenaturaterapias.com\/a-leitura-de-aura\/#primaryimage"},"image":{"@id":"https:\/\/treenaturaterapias.com\/a-leitura-de-aura\/#primaryimage"},"thumbnailUrl":"https:\/\/treenaturaterapias.com\/wp-content\/uploads\/2016\/03\/imagesb.jpg","datePublished":"2016-03-17T14:17:26+00:00","dateModified":"2023-12-02T08:14:57+00:00","breadcrumb":{"@id":"https:\/\/treenaturaterapias.com\/a-leitura-de-aura\/#breadcrumb"},"inLanguage":"fr-FR","potentialAction":[{"@type":"ReadAction","target":["https:\/\/treenaturaterapias.com\/a-leitura-de-aura\/"]}]},{"@type":"ImageObject","inLanguage":"fr-FR","@id":"https:\/\/treenaturaterapias.com\/a-leitura-de-aura\/#primaryimage","url":"https:\/\/treenaturaterapias.com\/wp-content\/uploads\/2016\/03\/imagesb.jpg","contentUrl":"https:\/\/treenaturaterapias.com\/wp-content\/uploads\/2016\/03\/imagesb.jpg","width":225,"height":225},{"@type":"BreadcrumbList","@id":"https:\/\/treenaturaterapias.com\/a-leitura-de-aura\/#breadcrumb","itemListElement":[{"@type":"ListItem","position":1,"name":"In\u00edcio","item":"https:\/\/treenaturaterapias.com\/"},{"@type":"ListItem","position":2,"name":"Leitura de Aura"}]},{"@type":"WebSite","@id":"https:\/\/treenaturaterapias.com\/#website","url":"https:\/\/treenaturaterapias.com\/","name":"Tree Natura Terapias","description":"Reconhecendo o Divino que habita em si","publisher":{"@id":"https:\/\/treenaturaterapias.com\/#\/schema\/person\/267944d8880bf51dd22b9803435d65c6"},"potentialAction":[{"@type":"SearchAction","target":{"@type":"EntryPoint","urlTemplate":"https:\/\/treenaturaterapias.com\/?s={search_term_string}"},"query-input":{"@type":"PropertyValueSpecification","valueRequired":true,"valueName":"search_term_string"}}],"inLanguage":"fr-FR"},{"@type":["Person","Organization"],"@id":"https:\/\/treenaturaterapias.com\/#\/schema\/person\/267944d8880bf51dd22b9803435d65c6","name":"C\u00e9lia de Jesus","image":{"@type":"ImageObject","inLanguage":"fr-FR","@id":"https:\/\/treenaturaterapias.com\/wp-content\/uploads\/2018\/09\/cropped-18901839_10154690353442194_1408032629_o.jpg","url":"https:\/\/treenaturaterapias.com\/wp-content\/uploads\/2018\/09\/cropped-18901839_10154690353442194_1408032629_o.jpg","contentUrl":"https:\/\/treenaturaterapias.com\/wp-content\/uploads\/2018\/09\/cropped-18901839_10154690353442194_1408032629_o.jpg","width":512,"height":512,"caption":"C\u00e9lia de Jesus"},"logo":{"@id":"https:\/\/treenaturaterapias.com\/wp-content\/uploads\/2018\/09\/cropped-18901839_10154690353442194_1408032629_o.jpg"}}]}},"_links":{"self":[{"href":"https:\/\/treenaturaterapias.com\/fr\/wp-json\/wp\/v2\/pages\/10","targetHints":{"allow":["GET"]}}],"collection":[{"href":"https:\/\/treenaturaterapias.com\/fr\/wp-json\/wp\/v2\/pages"}],"about":[{"href":"https:\/\/treenaturaterapias.com\/fr\/wp-json\/wp\/v2\/types\/page"}],"author":[{"embeddable":true,"href":"https:\/\/treenaturaterapias.com\/fr\/wp-json\/wp\/v2\/users\/1"}],"replies":[{"embeddable":true,"href":"https:\/\/treenaturaterapias.com\/fr\/wp-json\/wp\/v2\/comments?post=10"}],"version-history":[{"count":0,"href":"https:\/\/treenaturaterapias.com\/fr\/wp-json\/wp\/v2\/pages\/10\/revisions"}],"wp:featuredmedia":[{"embeddable":true,"href":"https:\/\/treenaturaterapias.com\/fr\/wp-json\/wp\/v2\/media\/198"}],"wp:attachment":[{"href":"https:\/\/treenaturaterapias.com\/fr\/wp-json\/wp\/v2\/media?parent=10"}],"curies":[{"name":"wp","href":"https:\/\/api.w.org\/{rel}","templated":true}]}}