{"id":929,"date":"2019-01-26T11:17:06","date_gmt":"2019-01-26T11:17:06","guid":{"rendered":"https:\/\/treenaturaterapias.com\/?page_id=929"},"modified":"2023-01-18T23:17:30","modified_gmt":"2023-01-18T23:17:30","slug":"o-que-esperar-com-a-iboga","status":"publish","type":"page","link":"https:\/\/treenaturaterapias.com\/en\/o-que-esperar-com-a-iboga\/","title":{"rendered":"O que esperar com a Iboga?"},"content":{"rendered":"\n<p>O esp\u00edrito do <a rel=\"noreferrer noopener\" aria-label=\"Iboga (abre num novo separador)\" href=\"https:\/\/treenaturaterapias.com\/iboga-retiro-em-portugal\/\" target=\"_blank\">Iboga<\/a> \u00e9 maravilhosamente \u00fanico.&nbsp;&nbsp;Todos se surpreendem com a qualidade da sua experi\u00eancia.&nbsp;Voc\u00ea deve entrar neste seu retiro com a menor expectativa poss\u00edvel.&nbsp;Voc\u00ea deve, no entanto, antecipar que o seu interior ser\u00e1 testado.&nbsp;Isso geralmente manifesta-se de uma maneira que pode ser cansativa e n\u00e3o fant\u00e1stica, porque olhas para dentro cansa. S\u00e3o imensos obst\u00e1culos\/<a href=\"https:\/\/treenaturaterapias.com\/karma-sera-bom-ou-mau\/\">karmas<\/a> destas e doutras vidas, que s\u00f3 de ter no\u00e7\u00e3o, quase d\u00e1 vontade de desistir.&nbsp;Voc\u00ea deve-se sentir totalmente &#8220;aniquilado&#8221; em algum momento durante o processo.&nbsp;Embora haja uma altera\u00e7\u00e3o inicial de consci\u00eancia \/ fase psicod\u00e9lica durante as primeiras horas, a maior parte da sua experi\u00eancia sentir\u00e1 muito pr\u00f3ximo do seu estado normal consciente.&nbsp;Mesmo que se considere um &#8220;guerreiro psicod\u00e9lico&#8221;, voc\u00ea deve tentar se humilhar perante <a href=\"https:\/\/treenaturaterapias.com\/iboga-retiro-em-portugal\/\"> Iboga<\/a> e respeitar o maravilhoso trabalho que  a Iboga vai fazer consigo. Tentar travar uma guerra do seu ego em que tenta controlar as sensa\u00e7\u00f5es, o v\u00f3mito (se houver), as doses tomadas, os pensamentos&#8230;&#8230; \u00e9 pura tolice com um ser t\u00e3o inteligente como a Iboga.<\/p>\n\n\n\n<p>Espere o inesperado.&nbsp;Saiba que voc\u00ea n\u00e3o sabe de nada.&nbsp;Tente esquecer tudo o que voc\u00ea aprendeu sobre <a href=\"https:\/\/treenaturaterapias.com\/iboga-retiro-em-portugal\/\">Iboga<\/a> que o levou a isso.&nbsp;Voc\u00ea realmente n\u00e3o tem como saber nada sobre o que est\u00e1 prestes experimentar.&nbsp;Emocionante!&nbsp;Voc\u00ea foi chamado para esta cura bonita de alguma forma, e agora deve deixar-se levar.&nbsp;Comece  render-se agora.&nbsp;Claro, que deve ter algumas inten\u00e7\u00f5es de cura, mas \u00e9 t\u00e3o importante abandonar todas elas com o intuito de as curar.&nbsp;Deixe fluir e confie no processo <3<\/p>\n\n\n\n<p><a href=\"https:\/\/treenaturaterapias.com\/retreat-of-iboga\/\">Mais informa\u00e7\u00f5es sobre os retiros!<\/a><\/p>\n\n\n<div class=\"wpforms-container wpforms-container-full wpforms-form-abandonment\" id=\"wpforms-1293\"><form id=\"wpforms-form-1293\" class=\"wpforms-validate wpforms-form wpforms-ajax-form\" data-formid=\"1293\" method=\"post\" enctype=\"multipart\/form-data\" action=\"\/en\/wp-json\/wp\/v2\/pages\/929\" data-token=\"c69067d4804285a4f59843070058a03a\"><div class=\"wpforms-head-container\"><div class=\"wpforms-title\">Pedido de informa\u00e7\u00e3o sobre retiro de Iboga<\/div><\/div><noscript class=\"wpforms-error-noscript\">Please enable JavaScript in your browser to complete this form.<\/noscript><div class=\"wpforms-field-container\"><div id=\"wpforms-1293-field_1-container\" class=\"wpforms-field wpforms-field-name\" data-field-id=\"1\"><label class=\"wpforms-field-label\" for=\"wpforms-1293-field_1\">Nome <span class=\"wpforms-required-label\">*<\/span><\/label><div class=\"wpforms-field-row wpforms-field-medium\"><div class=\"wpforms-field-row-block wpforms-first wpforms-one-half\"><input type=\"text\" id=\"wpforms-1293-field_1\" class=\"wpforms-field-name-first wpforms-field-required\" name=\"wpforms[fields][1][first]\" placeholder=\"Primeiro nome\" required><label for=\"wpforms-1293-field_1\" class=\"wpforms-field-sublabel after wpforms-sublabel-hide\">First<\/label><\/div><div class=\"wpforms-field-row-block wpforms-one-half\"><input type=\"text\" id=\"wpforms-1293-field_1-last\" class=\"wpforms-field-name-last wpforms-field-required\" name=\"wpforms[fields][1][last]\" placeholder=\"\u00daltimo Nome\" required><label for=\"wpforms-1293-field_1-last\" class=\"wpforms-field-sublabel after wpforms-sublabel-hide\">Last<\/label><\/div><\/div><\/div><div id=\"wpforms-1293-field_2-container\" class=\"wpforms-field wpforms-field-phone\" data-field-id=\"2\"><label class=\"wpforms-field-label\" for=\"wpforms-1293-field_2\">Telefone <span class=\"wpforms-required-label\">*<\/span><\/label><input type=\"tel\" id=\"wpforms-1293-field_2\" class=\"wpforms-field-small wpforms-field-required wpforms-smart-phone-field\" data-rule-smart-phone-field=\"true\" name=\"wpforms[fields][2]\" required><\/div><div id=\"wpforms-1293-field_3-container\" class=\"wpforms-field wpforms-field-email\" data-field-id=\"3\"><label class=\"wpforms-field-label\" for=\"wpforms-1293-field_3\">Email <span class=\"wpforms-required-label\">*<\/span><\/label><input type=\"email\" id=\"wpforms-1293-field_3\" class=\"wpforms-field-small wpforms-field-required\" name=\"wpforms[fields][3]\" required><\/div><div id=\"wpforms-1293-field_4-container\" class=\"wpforms-field wpforms-field-date-time\" data-field-id=\"4\"><label class=\"wpforms-field-label\" for=\"wpforms-1293-field_4\">Data \/ Hora<\/label><div class=\"wpforms-field-row wpforms-field-medium\"><div class=\"wpforms-field-row-block wpforms-one-half wpforms-first\"><div class=\"wpforms-datepicker-wrap\"><input type=\"text\" id=\"wpforms-1293-field_4\" class=\"wpforms-field-date-time-date wpforms-datepicker\" data-date-format=\"F j, Y\" data-disable-past-dates=\"0\" data-input=\"true\" name=\"wpforms[fields][4][date]\" ><a title=\"Clear Date\" data-clear class=\"wpforms-datepicker-clear\" style=\"display:none;\"><\/a><\/div><label for=\"wpforms-1293-field_4\" class=\"wpforms-field-sublabel after \">Date<\/label><\/div><div class=\"wpforms-field-row-block wpforms-one-half\"><input type=\"text\" id=\"wpforms-1293-field_4-time\" class=\"wpforms-field-date-time-time wpforms-timepicker\" data-time-format=\"g:i A\" data-step=\"30\" data-rule-time12h=\"true\" name=\"wpforms[fields][4][time]\" ><label for=\"wpforms-1293-field_4-time\" class=\"wpforms-field-sublabel after \">Time<\/label><\/div><\/div><\/div><div id=\"wpforms-1293-field_5-container\" class=\"wpforms-field wpforms-field-textarea\" data-field-id=\"5\"><label class=\"wpforms-field-label\" for=\"wpforms-1293-field_5\">Observa\u00e7\u00f5es<\/label><textarea id=\"wpforms-1293-field_5\" class=\"wpforms-field-small wpforms-limit-characters-enabled\" data-form-id=\"1293\" data-field-id=\"5\" data-text-limit=\"2000\" name=\"wpforms[fields][5]\" maxlength=\"2000\" ><\/textarea><\/div><\/div><div class=\"wpforms-submit-container\"><input type=\"hidden\" name=\"wpforms[id]\" value=\"1293\"><input type=\"hidden\" name=\"wpforms[author]\" value=\"1\"><button type=\"submit\" name=\"wpforms[submit]\" id=\"wpforms-submit-1293\" class=\"wpforms-submit\" data-alt-text=\"A enviar pedido de marca\u00e7\u00e3o...\" data-submit-text=\"Agendar sess\u00e3o\" aria-live=\"assertive\" value=\"wpforms-submit\">Agendar sess\u00e3o<\/button><img loading=\"lazy\" decoding=\"async\" src=\"https:\/\/treenaturaterapias.com\/wp-content\/plugins\/wpforms\/assets\/images\/submit-spin.svg\" class=\"wpforms-submit-spinner\" style=\"display: none;\" width=\"26\" height=\"26\" alt=\"\"><\/div><\/form><\/div>  <!-- .wpforms-container -->","protected":false},"excerpt":{"rendered":"<p>O esp\u00edrito do Iboga \u00e9 maravilhosamente \u00fanico.&nbsp;&nbsp;Todos se surpreendem com a qualidade da sua experi\u00eancia.&nbsp;Voc\u00ea deve entrar neste seu retiro com a menor expectativa poss\u00edvel.&nbsp;Voc\u00ea deve, no entanto, antecipar que o seu interior ser\u00e1 testado.&nbsp;Isso geralmente manifesta-se de uma maneira que pode ser cansativa e n\u00e3o fant\u00e1stica, porque olhas para &hellip; <\/p>\n","protected":false},"author":1,"featured_media":0,"parent":0,"menu_order":0,"comment_status":"closed","ping_status":"closed","template":"","meta":{"_monsterinsights_skip_tracking":false,"_monsterinsights_sitenote_active":false,"_monsterinsights_sitenote_note":"","_monsterinsights_sitenote_category":0,"footnotes":""},"class_list":["post-929","page","type-page","status-publish","hentry"],"yoast_head":"<!-- This site is optimized with the Yoast SEO plugin v27.4 - https:\/\/yoast.com\/product\/yoast-seo-wordpress\/ -->\n<title>O que esperar com a Iboga?<\/title>\n<meta name=\"robots\" content=\"index, follow, max-snippet:-1, max-image-preview:large, max-video-preview:-1\" \/>\n<link rel=\"canonical\" href=\"https:\/\/treenaturaterapias.com\/en\/o-que-esperar-com-a-iboga\/\" \/>\n<meta property=\"og:locale\" content=\"en_US\" \/>\n<meta property=\"og:locale:alternate\" content=\"pt_PT\" \/>\n<meta property=\"og:locale:alternate\" content=\"fr_FR\" \/>\n<meta property=\"og:type\" content=\"article\" \/>\n<meta property=\"og:title\" content=\"O que esperar com a Iboga?\" \/>\n<meta property=\"og:description\" content=\"O esp\u00edrito do Iboga \u00e9 maravilhosamente \u00fanico.&nbsp;&nbsp;Todos se surpreendem com a qualidade da sua experi\u00eancia.&nbsp;Voc\u00ea deve entrar neste seu retiro com a menor expectativa poss\u00edvel.&nbsp;Voc\u00ea deve, no entanto, antecipar que o seu interior ser\u00e1 testado.&nbsp;Isso geralmente manifesta-se de uma maneira que pode ser cansativa e n\u00e3o fant\u00e1stica, porque olhas para &hellip;\" \/>\n<meta property=\"og:url\" content=\"https:\/\/treenaturaterapias.com\/en\/o-que-esperar-com-a-iboga\/\" \/>\n<meta property=\"og:site_name\" content=\"Tree Natura Terapias\" \/>\n<meta property=\"article:modified_time\" content=\"2023-01-18T23:17:30+00:00\" \/>\n<meta name=\"twitter:card\" content=\"summary_large_image\" \/>\n<meta name=\"twitter:label1\" content=\"Est. reading time\" \/>\n\t<meta name=\"twitter:data1\" content=\"1 minute\" \/>\n<script type=\"application\/ld+json\" class=\"yoast-schema-graph\">{\"@context\":\"https:\\\/\\\/schema.org\",\"@graph\":[{\"@type\":\"WebPage\",\"@id\":\"https:\\\/\\\/treenaturaterapias.com\\\/o-que-esperar-com-a-iboga\\\/\",\"url\":\"https:\\\/\\\/treenaturaterapias.com\\\/o-que-esperar-com-a-iboga\\\/\",\"name\":\"O que esperar com a Iboga?\",\"isPartOf\":{\"@id\":\"https:\\\/\\\/treenaturaterapias.com\\\/#website\"},\"datePublished\":\"2019-01-26T11:17:06+00:00\",\"dateModified\":\"2023-01-18T23:17:30+00:00\",\"breadcrumb\":{\"@id\":\"https:\\\/\\\/treenaturaterapias.com\\\/o-que-esperar-com-a-iboga\\\/#breadcrumb\"},\"inLanguage\":\"en-US\",\"potentialAction\":[{\"@type\":\"ReadAction\",\"target\":[\"https:\\\/\\\/treenaturaterapias.com\\\/o-que-esperar-com-a-iboga\\\/\"]}]},{\"@type\":\"BreadcrumbList\",\"@id\":\"https:\\\/\\\/treenaturaterapias.com\\\/o-que-esperar-com-a-iboga\\\/#breadcrumb\",\"itemListElement\":[{\"@type\":\"ListItem\",\"position\":1,\"name\":\"In\u00edcio\",\"item\":\"https:\\\/\\\/treenaturaterapias.com\\\/\"},{\"@type\":\"ListItem\",\"position\":2,\"name\":\"O que esperar com a Iboga?\"}]},{\"@type\":\"WebSite\",\"@id\":\"https:\\\/\\\/treenaturaterapias.com\\\/#website\",\"url\":\"https:\\\/\\\/treenaturaterapias.com\\\/\",\"name\":\"Tree Natura Terapias\",\"description\":\"Reconhecendo o Divino que habita em si\",\"publisher\":{\"@id\":\"https:\\\/\\\/treenaturaterapias.com\\\/#\\\/schema\\\/person\\\/267944d8880bf51dd22b9803435d65c6\"},\"potentialAction\":[{\"@type\":\"SearchAction\",\"target\":{\"@type\":\"EntryPoint\",\"urlTemplate\":\"https:\\\/\\\/treenaturaterapias.com\\\/?s={search_term_string}\"},\"query-input\":{\"@type\":\"PropertyValueSpecification\",\"valueRequired\":true,\"valueName\":\"search_term_string\"}}],\"inLanguage\":\"en-US\"},{\"@type\":[\"Person\",\"Organization\"],\"@id\":\"https:\\\/\\\/treenaturaterapias.com\\\/#\\\/schema\\\/person\\\/267944d8880bf51dd22b9803435d65c6\",\"name\":\"C\u00e9lia de Jesus\",\"image\":{\"@type\":\"ImageObject\",\"inLanguage\":\"en-US\",\"@id\":\"https:\\\/\\\/treenaturaterapias.com\\\/wp-content\\\/uploads\\\/2018\\\/09\\\/cropped-18901839_10154690353442194_1408032629_o.jpg\",\"url\":\"https:\\\/\\\/treenaturaterapias.com\\\/wp-content\\\/uploads\\\/2018\\\/09\\\/cropped-18901839_10154690353442194_1408032629_o.jpg\",\"contentUrl\":\"https:\\\/\\\/treenaturaterapias.com\\\/wp-content\\\/uploads\\\/2018\\\/09\\\/cropped-18901839_10154690353442194_1408032629_o.jpg\",\"width\":512,\"height\":512,\"caption\":\"C\u00e9lia de Jesus\"},\"logo\":{\"@id\":\"https:\\\/\\\/treenaturaterapias.com\\\/wp-content\\\/uploads\\\/2018\\\/09\\\/cropped-18901839_10154690353442194_1408032629_o.jpg\"}}]}<\/script>\n<!-- \/ Yoast SEO plugin. -->","yoast_head_json":{"title":"O que esperar com a Iboga?","robots":{"index":"index","follow":"follow","max-snippet":"max-snippet:-1","max-image-preview":"max-image-preview:large","max-video-preview":"max-video-preview:-1"},"canonical":"https:\/\/treenaturaterapias.com\/en\/o-que-esperar-com-a-iboga\/","og_locale":"en_US","og_type":"article","og_title":"[:pt]O que esperar com a Iboga?[:] - Tree Natura Terapias","og_description":"O esp\u00edrito do Iboga \u00e9 maravilhosamente \u00fanico.&nbsp;&nbsp;Todos se surpreendem com a qualidade da sua experi\u00eancia.&nbsp;Voc\u00ea deve entrar neste seu retiro com a menor expectativa poss\u00edvel.&nbsp;Voc\u00ea deve, no entanto, antecipar que o seu interior ser\u00e1 testado.&nbsp;Isso geralmente manifesta-se de uma maneira que pode ser cansativa e n\u00e3o fant\u00e1stica, porque olhas para &hellip;","og_url":"https:\/\/treenaturaterapias.com\/en\/o-que-esperar-com-a-iboga\/","og_site_name":"Tree Natura Terapias","article_modified_time":"2023-01-18T23:17:30+00:00","twitter_card":"summary_large_image","twitter_misc":{"Est. reading time":"1 minute"},"schema":{"@context":"https:\/\/schema.org","@graph":[{"@type":"WebPage","@id":"https:\/\/treenaturaterapias.com\/o-que-esperar-com-a-iboga\/","url":"https:\/\/treenaturaterapias.com\/o-que-esperar-com-a-iboga\/","name":"O que esperar com a Iboga?","isPartOf":{"@id":"https:\/\/treenaturaterapias.com\/#website"},"datePublished":"2019-01-26T11:17:06+00:00","dateModified":"2023-01-18T23:17:30+00:00","breadcrumb":{"@id":"https:\/\/treenaturaterapias.com\/o-que-esperar-com-a-iboga\/#breadcrumb"},"inLanguage":"en-US","potentialAction":[{"@type":"ReadAction","target":["https:\/\/treenaturaterapias.com\/o-que-esperar-com-a-iboga\/"]}]},{"@type":"BreadcrumbList","@id":"https:\/\/treenaturaterapias.com\/o-que-esperar-com-a-iboga\/#breadcrumb","itemListElement":[{"@type":"ListItem","position":1,"name":"In\u00edcio","item":"https:\/\/treenaturaterapias.com\/"},{"@type":"ListItem","position":2,"name":"O que esperar com a Iboga?"}]},{"@type":"WebSite","@id":"https:\/\/treenaturaterapias.com\/#website","url":"https:\/\/treenaturaterapias.com\/","name":"Tree Natura Terapias","description":"Reconhecendo o Divino que habita em si","publisher":{"@id":"https:\/\/treenaturaterapias.com\/#\/schema\/person\/267944d8880bf51dd22b9803435d65c6"},"potentialAction":[{"@type":"SearchAction","target":{"@type":"EntryPoint","urlTemplate":"https:\/\/treenaturaterapias.com\/?s={search_term_string}"},"query-input":{"@type":"PropertyValueSpecification","valueRequired":true,"valueName":"search_term_string"}}],"inLanguage":"en-US"},{"@type":["Person","Organization"],"@id":"https:\/\/treenaturaterapias.com\/#\/schema\/person\/267944d8880bf51dd22b9803435d65c6","name":"C\u00e9lia de Jesus","image":{"@type":"ImageObject","inLanguage":"en-US","@id":"https:\/\/treenaturaterapias.com\/wp-content\/uploads\/2018\/09\/cropped-18901839_10154690353442194_1408032629_o.jpg","url":"https:\/\/treenaturaterapias.com\/wp-content\/uploads\/2018\/09\/cropped-18901839_10154690353442194_1408032629_o.jpg","contentUrl":"https:\/\/treenaturaterapias.com\/wp-content\/uploads\/2018\/09\/cropped-18901839_10154690353442194_1408032629_o.jpg","width":512,"height":512,"caption":"C\u00e9lia de Jesus"},"logo":{"@id":"https:\/\/treenaturaterapias.com\/wp-content\/uploads\/2018\/09\/cropped-18901839_10154690353442194_1408032629_o.jpg"}}]}},"_links":{"self":[{"href":"https:\/\/treenaturaterapias.com\/en\/wp-json\/wp\/v2\/pages\/929","targetHints":{"allow":["GET"]}}],"collection":[{"href":"https:\/\/treenaturaterapias.com\/en\/wp-json\/wp\/v2\/pages"}],"about":[{"href":"https:\/\/treenaturaterapias.com\/en\/wp-json\/wp\/v2\/types\/page"}],"author":[{"embeddable":true,"href":"https:\/\/treenaturaterapias.com\/en\/wp-json\/wp\/v2\/users\/1"}],"replies":[{"embeddable":true,"href":"https:\/\/treenaturaterapias.com\/en\/wp-json\/wp\/v2\/comments?post=929"}],"version-history":[{"count":0,"href":"https:\/\/treenaturaterapias.com\/en\/wp-json\/wp\/v2\/pages\/929\/revisions"}],"wp:attachment":[{"href":"https:\/\/treenaturaterapias.com\/en\/wp-json\/wp\/v2\/media?parent=929"}],"curies":[{"name":"wp","href":"https:\/\/api.w.org\/{rel}","templated":true}]}}