{"id":749,"date":"2018-09-09T16:49:41","date_gmt":"2018-09-09T16:49:41","guid":{"rendered":"https:\/\/treenaturaterapias.com\/?page_id=749"},"modified":"2024-02-04T09:58:45","modified_gmt":"2024-02-04T09:58:45","slug":"o-que-e-a-iboga","status":"publish","type":"page","link":"https:\/\/treenaturaterapias.com\/en\/o-que-e-a-iboga\/","title":{"rendered":"What is Iboga?"},"content":{"rendered":"<p><a href=\"https:\/\/treenaturaterapias.com\/o-que-e-a-iboga\/\"><img loading=\"lazy\" decoding=\"async\" class=\"alignleft wp-image-772 size-full\" src=\"https:\/\/treenaturaterapias.com\/wp-content\/uploads\/2018\/09\/flag_portugal.png\" alt=\"\" width=\"32\" height=\"32\" \/><\/a><\/p>\n<p>&nbsp;<\/p>\n<p>&nbsp;<\/p>\n<p><a href=\"https:\/\/treenaturaterapias.com\/en\/iboga-retreat-in-portugal\/\" target=\"_blank\" rel=\"noopener\">Iboga<\/a> (Tabernanthe Iboga) has a long history of use as remedy and spiritual evolution in central Africa. Legend has it that the people of the forest (pygmies) discovered it for the first time through observations of animals such as wild boar, porcupine and gorillas that consumed the root. Iboga is once used in life, in a high dose, in initiatic ceremonies by the Bwiti culture. The purpose of this initiation is for people to visit the spirit world and communicate with their ancestors as they seek guidance for their lives.<\/p>\n<p>The ceremony with <a href=\"https:\/\/treenaturaterapias.com\/en\/iboga-retreat-in-portugal\/\" target=\"_blank\" rel=\"noopener\">Iboga<\/a> is not a pleasure trip. It does not have any kind of recreational attraction. Anyone seeking pleasure or excitement is not the right place. However, it has the ability to be deeply cleansing and therapeutic when used with care and respect.<\/p>\n<h2><strong><a href=\"https:\/\/treenaturaterapias.com\/en\/iboga-retreat-in-portugal\/\" target=\"_blank\" rel=\"noopener\">Iboga<\/a> &#8230; why venture out?<\/strong><\/h2>\n<p>The West knows Iboga for ibogaine and its effects by stopping addiction. In Africa they treat and know Iboga as a master healer and have been used more as remedy and spiritual evolution. Iboga is not only effective in eliminating addictions, but it is also a powerful aid in eliminating destructive habits, negatives and toxic behavioral patterns. Venturing into a trip with Iboga is a personal and therapeutic experience, in which you will be confronted with your past and elements of your shadow. For many, <a href=\"https:\/\/treenaturaterapias.com\/en\/iboga-retreat-in-portugal\/\" target=\"_blank\" rel=\"noopener\">Iboga<\/a> takes the form of a teacher &#8230; it is straightforward, but not arrogant, both powerful and gentle, having a soft touch as it goes straight to the point.<\/p>\n<p>When under the influence of Iboga, the user sees himself in a disconnected state. One is able to see their lives without the full emotional intensity and attachment that such experiences may contain. This allows you to process things without being emotionally overwhelmed. Iboga provides a complete defragmentation of the toxic information in the brain, while providing a complete detox at the same time. It is a multifaceted plant that cleans and transforms physically, mentally and spiritually. Many people see Iboga as a profound way of pressing the START button of life and providing a fresh start to enact change. After taking <a href=\"https:\/\/treenaturaterapias.com\/en\/iboga-retreat-in-portugal\/\" target=\"_blank\" rel=\"noopener\">Iboga<\/a>, it is easier to walk in a different direction and gain new perspectives of healing in life.<\/p>\n<blockquote class=\"wp-embedded-content\" data-secret=\"z2LKm8rFCO\"><p><a href=\"https:\/\/treenaturaterapias.com\/iboga-retreat-in-portugal\/\">Iboga &#8211; Retreat in Portugal!<\/a><\/p><\/blockquote>\n<p><iframe loading=\"lazy\" class=\"wp-embedded-content\" sandbox=\"allow-scripts\" security=\"restricted\" style=\"position: absolute; visibility: hidden;\" title=\"&#8220;Iboga &#8211; Retreat in Portugal!&#8221; &#8212; Tree Natura Terapias\" src=\"https:\/\/treenaturaterapias.com\/iboga-retreat-in-portugal\/embed\/#?secret=BtoDolqH7s#?secret=z2LKm8rFCO\" data-secret=\"z2LKm8rFCO\" width=\"600\" height=\"338\" frameborder=\"0\" marginwidth=\"0\" marginheight=\"0\" scrolling=\"no\"><\/iframe><\/p>\n","protected":false},"excerpt":{"rendered":"<p>&nbsp; &nbsp; Iboga (Tabernanthe Iboga) has a long history of use as remedy and spiritual evolution in central Africa. Legend has it that the people of the forest (pygmies) discovered it for the first time through observations of animals such as wild boar, porcupine and gorillas that consumed the root. &hellip; <\/p>\n","protected":false},"author":1,"featured_media":0,"parent":0,"menu_order":0,"comment_status":"closed","ping_status":"closed","template":"","meta":{"_monsterinsights_skip_tracking":false,"_monsterinsights_sitenote_active":false,"_monsterinsights_sitenote_note":"","_monsterinsights_sitenote_category":0,"footnotes":""},"class_list":["post-749","page","type-page","status-publish","hentry"],"yoast_head":"<!-- This site is optimized with the Yoast SEO plugin v27.4 - https:\/\/yoast.com\/product\/yoast-seo-wordpress\/ -->\n<title>What is Iboga?<\/title>\n<meta name=\"description\" content=\"O que \u00e9 a Iboga : Diz a lenda que as pessoas da floresta (pigmeus) a descobriram pela primeira vez atrav\u00e9s de observa\u00e7\u00f5es de animais como javali, porco-espinho e gorilas que consumiam a raiz.\" \/>\n<meta name=\"robots\" content=\"index, follow, max-snippet:-1, max-image-preview:large, max-video-preview:-1\" \/>\n<link rel=\"canonical\" href=\"https:\/\/treenaturaterapias.com\/en\/o-que-e-a-iboga\/\" \/>\n<meta property=\"og:locale\" content=\"en_US\" \/>\n<meta property=\"og:locale:alternate\" content=\"pt_PT\" \/>\n<meta property=\"og:locale:alternate\" content=\"fr_FR\" \/>\n<meta property=\"og:type\" content=\"article\" \/>\n<meta property=\"og:title\" content=\"What is Iboga?\" \/>\n<meta property=\"og:description\" content=\"O que \u00e9 a Iboga : Diz a lenda que as pessoas da floresta (pigmeus) a descobriram pela primeira vez atrav\u00e9s de observa\u00e7\u00f5es de animais como javali, porco-espinho e gorilas que consumiam a raiz.\" \/>\n<meta property=\"og:url\" content=\"https:\/\/treenaturaterapias.com\/en\/o-que-e-a-iboga\/\" \/>\n<meta property=\"og:site_name\" content=\"Tree Natura Terapias\" \/>\n<meta property=\"article:modified_time\" content=\"2024-02-04T09:58:45+00:00\" \/>\n<meta property=\"og:image\" content=\"https:\/\/treenaturaterapias.com\/wp-content\/uploads\/2018\/09\/flag_portugal.png\" \/>\n<meta name=\"twitter:card\" content=\"summary_large_image\" \/>\n<meta name=\"twitter:label1\" content=\"Est. reading time\" \/>\n\t<meta name=\"twitter:data1\" content=\"3 minutes\" \/>\n<script type=\"application\/ld+json\" class=\"yoast-schema-graph\">{\"@context\":\"https:\\\/\\\/schema.org\",\"@graph\":[{\"@type\":\"WebPage\",\"@id\":\"https:\\\/\\\/treenaturaterapias.com\\\/o-que-e-a-iboga\\\/\",\"url\":\"https:\\\/\\\/treenaturaterapias.com\\\/o-que-e-a-iboga\\\/\",\"name\":\"What is Iboga?\",\"isPartOf\":{\"@id\":\"https:\\\/\\\/treenaturaterapias.com\\\/#website\"},\"primaryImageOfPage\":{\"@id\":\"https:\\\/\\\/treenaturaterapias.com\\\/o-que-e-a-iboga\\\/#primaryimage\"},\"image\":{\"@id\":\"https:\\\/\\\/treenaturaterapias.com\\\/o-que-e-a-iboga\\\/#primaryimage\"},\"thumbnailUrl\":\"https:\\\/\\\/treenaturaterapias.com\\\/wp-content\\\/uploads\\\/2018\\\/09\\\/flag_portugal.png\",\"datePublished\":\"2018-09-09T16:49:41+00:00\",\"dateModified\":\"2024-02-04T09:58:45+00:00\",\"description\":\"O que \u00e9 a Iboga : Diz a lenda que as pessoas da floresta (pigmeus) a descobriram pela primeira vez atrav\u00e9s de observa\u00e7\u00f5es de animais como javali, porco-espinho e gorilas que consumiam a raiz.\",\"breadcrumb\":{\"@id\":\"https:\\\/\\\/treenaturaterapias.com\\\/o-que-e-a-iboga\\\/#breadcrumb\"},\"inLanguage\":\"en-US\",\"potentialAction\":[{\"@type\":\"ReadAction\",\"target\":[\"https:\\\/\\\/treenaturaterapias.com\\\/o-que-e-a-iboga\\\/\"]}]},{\"@type\":\"ImageObject\",\"inLanguage\":\"en-US\",\"@id\":\"https:\\\/\\\/treenaturaterapias.com\\\/o-que-e-a-iboga\\\/#primaryimage\",\"url\":\"https:\\\/\\\/treenaturaterapias.com\\\/wp-content\\\/uploads\\\/2018\\\/09\\\/flag_portugal.png\",\"contentUrl\":\"https:\\\/\\\/treenaturaterapias.com\\\/wp-content\\\/uploads\\\/2018\\\/09\\\/flag_portugal.png\"},{\"@type\":\"BreadcrumbList\",\"@id\":\"https:\\\/\\\/treenaturaterapias.com\\\/o-que-e-a-iboga\\\/#breadcrumb\",\"itemListElement\":[{\"@type\":\"ListItem\",\"position\":1,\"name\":\"In\u00edcio\",\"item\":\"https:\\\/\\\/treenaturaterapias.com\\\/\"},{\"@type\":\"ListItem\",\"position\":2,\"name\":\"O que \u00e9 a Iboga\"}]},{\"@type\":\"WebSite\",\"@id\":\"https:\\\/\\\/treenaturaterapias.com\\\/#website\",\"url\":\"https:\\\/\\\/treenaturaterapias.com\\\/\",\"name\":\"Tree Natura Terapias\",\"description\":\"Reconhecendo o Divino que habita em si\",\"publisher\":{\"@id\":\"https:\\\/\\\/treenaturaterapias.com\\\/#\\\/schema\\\/person\\\/267944d8880bf51dd22b9803435d65c6\"},\"potentialAction\":[{\"@type\":\"SearchAction\",\"target\":{\"@type\":\"EntryPoint\",\"urlTemplate\":\"https:\\\/\\\/treenaturaterapias.com\\\/?s={search_term_string}\"},\"query-input\":{\"@type\":\"PropertyValueSpecification\",\"valueRequired\":true,\"valueName\":\"search_term_string\"}}],\"inLanguage\":\"en-US\"},{\"@type\":[\"Person\",\"Organization\"],\"@id\":\"https:\\\/\\\/treenaturaterapias.com\\\/#\\\/schema\\\/person\\\/267944d8880bf51dd22b9803435d65c6\",\"name\":\"C\u00e9lia de Jesus\",\"image\":{\"@type\":\"ImageObject\",\"inLanguage\":\"en-US\",\"@id\":\"https:\\\/\\\/treenaturaterapias.com\\\/wp-content\\\/uploads\\\/2018\\\/09\\\/cropped-18901839_10154690353442194_1408032629_o.jpg\",\"url\":\"https:\\\/\\\/treenaturaterapias.com\\\/wp-content\\\/uploads\\\/2018\\\/09\\\/cropped-18901839_10154690353442194_1408032629_o.jpg\",\"contentUrl\":\"https:\\\/\\\/treenaturaterapias.com\\\/wp-content\\\/uploads\\\/2018\\\/09\\\/cropped-18901839_10154690353442194_1408032629_o.jpg\",\"width\":512,\"height\":512,\"caption\":\"C\u00e9lia de Jesus\"},\"logo\":{\"@id\":\"https:\\\/\\\/treenaturaterapias.com\\\/wp-content\\\/uploads\\\/2018\\\/09\\\/cropped-18901839_10154690353442194_1408032629_o.jpg\"}}]}<\/script>\n<!-- \/ Yoast SEO plugin. -->","yoast_head_json":{"title":"What is Iboga?","description":"O que \u00e9 a Iboga : Diz a lenda que as pessoas da floresta (pigmeus) a descobriram pela primeira vez atrav\u00e9s de observa\u00e7\u00f5es de animais como javali, porco-espinho e gorilas que consumiam a raiz.","robots":{"index":"index","follow":"follow","max-snippet":"max-snippet:-1","max-image-preview":"max-image-preview:large","max-video-preview":"max-video-preview:-1"},"canonical":"https:\/\/treenaturaterapias.com\/en\/o-que-e-a-iboga\/","og_locale":"en_US","og_type":"article","og_title":"[:en]What is Iboga?[:pt]O que \u00e9 a Iboga[:] - Tree Natura Terapias","og_description":"O que \u00e9 a Iboga : Diz a lenda que as pessoas da floresta (pigmeus) a descobriram pela primeira vez atrav\u00e9s de observa\u00e7\u00f5es de animais como javali, porco-espinho e gorilas que consumiam a raiz.","og_url":"https:\/\/treenaturaterapias.com\/en\/o-que-e-a-iboga\/","og_site_name":"Tree Natura Terapias","article_modified_time":"2024-02-04T09:58:45+00:00","og_image":[{"url":"https:\/\/treenaturaterapias.com\/wp-content\/uploads\/2018\/09\/flag_portugal.png","type":"","width":"","height":""}],"twitter_card":"summary_large_image","twitter_misc":{"Est. reading time":"3 minutes"},"schema":{"@context":"https:\/\/schema.org","@graph":[{"@type":"WebPage","@id":"https:\/\/treenaturaterapias.com\/o-que-e-a-iboga\/","url":"https:\/\/treenaturaterapias.com\/o-que-e-a-iboga\/","name":"What is Iboga?","isPartOf":{"@id":"https:\/\/treenaturaterapias.com\/#website"},"primaryImageOfPage":{"@id":"https:\/\/treenaturaterapias.com\/o-que-e-a-iboga\/#primaryimage"},"image":{"@id":"https:\/\/treenaturaterapias.com\/o-que-e-a-iboga\/#primaryimage"},"thumbnailUrl":"https:\/\/treenaturaterapias.com\/wp-content\/uploads\/2018\/09\/flag_portugal.png","datePublished":"2018-09-09T16:49:41+00:00","dateModified":"2024-02-04T09:58:45+00:00","description":"O que \u00e9 a Iboga : Diz a lenda que as pessoas da floresta (pigmeus) a descobriram pela primeira vez atrav\u00e9s de observa\u00e7\u00f5es de animais como javali, porco-espinho e gorilas que consumiam a raiz.","breadcrumb":{"@id":"https:\/\/treenaturaterapias.com\/o-que-e-a-iboga\/#breadcrumb"},"inLanguage":"en-US","potentialAction":[{"@type":"ReadAction","target":["https:\/\/treenaturaterapias.com\/o-que-e-a-iboga\/"]}]},{"@type":"ImageObject","inLanguage":"en-US","@id":"https:\/\/treenaturaterapias.com\/o-que-e-a-iboga\/#primaryimage","url":"https:\/\/treenaturaterapias.com\/wp-content\/uploads\/2018\/09\/flag_portugal.png","contentUrl":"https:\/\/treenaturaterapias.com\/wp-content\/uploads\/2018\/09\/flag_portugal.png"},{"@type":"BreadcrumbList","@id":"https:\/\/treenaturaterapias.com\/o-que-e-a-iboga\/#breadcrumb","itemListElement":[{"@type":"ListItem","position":1,"name":"In\u00edcio","item":"https:\/\/treenaturaterapias.com\/"},{"@type":"ListItem","position":2,"name":"O que \u00e9 a Iboga"}]},{"@type":"WebSite","@id":"https:\/\/treenaturaterapias.com\/#website","url":"https:\/\/treenaturaterapias.com\/","name":"Tree Natura Terapias","description":"Reconhecendo o Divino que habita em si","publisher":{"@id":"https:\/\/treenaturaterapias.com\/#\/schema\/person\/267944d8880bf51dd22b9803435d65c6"},"potentialAction":[{"@type":"SearchAction","target":{"@type":"EntryPoint","urlTemplate":"https:\/\/treenaturaterapias.com\/?s={search_term_string}"},"query-input":{"@type":"PropertyValueSpecification","valueRequired":true,"valueName":"search_term_string"}}],"inLanguage":"en-US"},{"@type":["Person","Organization"],"@id":"https:\/\/treenaturaterapias.com\/#\/schema\/person\/267944d8880bf51dd22b9803435d65c6","name":"C\u00e9lia de Jesus","image":{"@type":"ImageObject","inLanguage":"en-US","@id":"https:\/\/treenaturaterapias.com\/wp-content\/uploads\/2018\/09\/cropped-18901839_10154690353442194_1408032629_o.jpg","url":"https:\/\/treenaturaterapias.com\/wp-content\/uploads\/2018\/09\/cropped-18901839_10154690353442194_1408032629_o.jpg","contentUrl":"https:\/\/treenaturaterapias.com\/wp-content\/uploads\/2018\/09\/cropped-18901839_10154690353442194_1408032629_o.jpg","width":512,"height":512,"caption":"C\u00e9lia de Jesus"},"logo":{"@id":"https:\/\/treenaturaterapias.com\/wp-content\/uploads\/2018\/09\/cropped-18901839_10154690353442194_1408032629_o.jpg"}}]}},"_links":{"self":[{"href":"https:\/\/treenaturaterapias.com\/en\/wp-json\/wp\/v2\/pages\/749","targetHints":{"allow":["GET"]}}],"collection":[{"href":"https:\/\/treenaturaterapias.com\/en\/wp-json\/wp\/v2\/pages"}],"about":[{"href":"https:\/\/treenaturaterapias.com\/en\/wp-json\/wp\/v2\/types\/page"}],"author":[{"embeddable":true,"href":"https:\/\/treenaturaterapias.com\/en\/wp-json\/wp\/v2\/users\/1"}],"replies":[{"embeddable":true,"href":"https:\/\/treenaturaterapias.com\/en\/wp-json\/wp\/v2\/comments?post=749"}],"version-history":[{"count":0,"href":"https:\/\/treenaturaterapias.com\/en\/wp-json\/wp\/v2\/pages\/749\/revisions"}],"wp:attachment":[{"href":"https:\/\/treenaturaterapias.com\/en\/wp-json\/wp\/v2\/media?parent=749"}],"curies":[{"name":"wp","href":"https:\/\/api.w.org\/{rel}","templated":true}]}}