{"id":712,"date":"2018-09-01T12:48:39","date_gmt":"2018-09-01T12:48:39","guid":{"rendered":"https:\/\/treenaturaterapias.com\/?page_id=712"},"modified":"2018-09-02T07:40:03","modified_gmt":"2018-09-02T07:40:03","slug":"terapias-de-autoconhecimento-e-evolucao","status":"publish","type":"page","link":"https:\/\/treenaturaterapias.com\/en\/terapias-de-autoconhecimento-e-evolucao\/","title":{"rendered":"Terapias de Autoconhecimento e Evolu\u00e7\u00e3o"},"content":{"rendered":"<p>Todas as terapias, cursos e retiros cedidos pela Tree Natura Terapias foram vividos em primeira m\u00e3o para minha evolu\u00e7\u00e3o pessoal, muito antes de me alinhar com a minha <a href=\"https:\/\/treenaturaterapias.com\/qual-o-seu-dom-e-missao-de-vida\/\" target=\"_blank\" rel=\"noopener\">miss\u00e3o de vida<\/a>. Todas elas serviram para completar um bocadinho mais de mim e resgatar partes perdidas e sem consci\u00eancia quando me sentia totalmente perdida, depressiva e sem vida.<\/p>\n<p>Todas elas sei o que custa passar e ultrapassar as diversas fases que elas quebram e que doem no corpo e Alma.<\/p>\n<p>Todas as\u00a0 experi\u00eancias s\u00e3o v\u00e1lidas para n\u00f3s, mas o meio por qual voc\u00ea conhece pode ser o inicio de uma bela caminhada! Ou n\u00e3o!<\/p>\n<p>&#8221; Nunca aceite conselhos ou opini\u00f5es de quem nunca usufruiu do que est\u00e1 a dizer&#8221; Paramahansa Nithyananda<\/p>\n<p>&nbsp;<\/p>\n<p><a href=\"https:\/\/treenaturaterapias.com\/conexao-ava\/\" target=\"_blank\" rel=\"noopener\">Terapia Conex\u00e3o AVA<\/a><\/p>\n<p><a href=\"https:\/\/treenaturaterapias.com\/conexao-ava-para-criancas\/\" target=\"_blank\" rel=\"noopener\">Terapia Conex\u00e3o AVA Crian\u00e7as<\/a><\/p>\n<p><a href=\"https:\/\/treenaturaterapias.com\/a-leitura-de-aura\/\" target=\"_blank\" rel=\"noopener\">Leitura de Aura<\/a><\/p>\n<p><a href=\"https:\/\/treenaturaterapias.com\/leitura-de-aura-de-relacionamentos\/\" target=\"_blank\" rel=\"noopener\">Leitura de Aura de Relacionamentos<\/a><\/p>\n<p><a href=\"https:\/\/treenaturaterapias.com\/leitura-de-aura-prosperidade\/\" target=\"_blank\" rel=\"noopener\">Leitura de Aura de Prosperidade<\/a><\/p>\n<p><a href=\"https:\/\/treenaturaterapias.com\/leitura-de-aura-tematica\/\" target=\"_blank\" rel=\"noopener\">Leitura de Aura Tem\u00e1tica<\/a><\/p>\n<p><a href=\"https:\/\/treenaturaterapias.com\/leitura-de-registos-akashicos\/\" target=\"_blank\" rel=\"noopener\">Leitura de Registos Ak\u00e1shicos<\/a><\/p>\n<p><a href=\"https:\/\/treenaturaterapias.com\/estudo-numerologico-karma\/\" target=\"_blank\" rel=\"noopener\">Estudo Numerol\u00f3gico do Karma<\/a><\/p>\n<p><a href=\"https:\/\/treenaturaterapias.com\/regressao-tre\/\" target=\"_blank\" rel=\"noopener\">Regress\u00e3o TRE<\/a><\/p>\n<p><a href=\"https:\/\/treenaturaterapias.com\/tarot\/\" target=\"_blank\" rel=\"noopener\">Tarot Teap\u00eautico<\/a><\/p>\n<p><a href=\"https:\/\/treenaturaterapias.com\/terapia-multidimensional\/\" target=\"_blank\" rel=\"noopener\">Terapia Multidimensional<\/a><\/p>\n<p><a href=\"https:\/\/treenaturaterapias.com\/cura-multidimensional-arcturiana\/\" target=\"_blank\" rel=\"noopener\">Cura Multidimensional Arcturiana<\/a><\/p>\n<p><a href=\"https:\/\/treenaturaterapias.com\/kundalini-reiki\/\" target=\"_blank\" rel=\"noopener\">Kundalini Reiki<\/a><\/p>\n<p><a href=\"https:\/\/treenaturaterapias.com\/curso-terapia-multidimensional\/\" target=\"_blank\" rel=\"noopener\">Curso de Terapia Multidimensional<\/a><\/p>\n<p><a href=\"https:\/\/treenaturaterapias.com\/curso-de-reiki-tradicional\/\" target=\"_blank\" rel=\"noopener\">Curso de Reiki Tradicional<\/a><\/p>\n<p><a href=\"https:\/\/treenaturaterapias.com\/iboga-retiro-em-portugal\/\" target=\"_blank\" rel=\"noopener\">Retiro de Iboga<\/a><\/p>\n<p>&nbsp;<\/p>\n<p><img loading=\"lazy\" decoding=\"async\" class=\"aligncenter wp-image-713 size-large\" src=\"https:\/\/treenaturaterapias.com\/wp-content\/uploads\/2018\/09\/18901839_10154690353442194_1408032629_o-1024x562.jpg\" alt=\"\" width=\"600\" height=\"329\" srcset=\"https:\/\/treenaturaterapias.com\/wp-content\/uploads\/2018\/09\/18901839_10154690353442194_1408032629_o-1024x562.jpg 1024w, https:\/\/treenaturaterapias.com\/wp-content\/uploads\/2018\/09\/18901839_10154690353442194_1408032629_o-300x165.jpg 300w, https:\/\/treenaturaterapias.com\/wp-content\/uploads\/2018\/09\/18901839_10154690353442194_1408032629_o-768x422.jpg 768w, https:\/\/treenaturaterapias.com\/wp-content\/uploads\/2018\/09\/18901839_10154690353442194_1408032629_o.jpg 2048w\" sizes=\"auto, (max-width: 600px) 100vw, 600px\" \/><\/p>\n","protected":false},"excerpt":{"rendered":"<p>Todas as terapias, cursos e retiros cedidos pela Tree Natura Terapias foram vividos em primeira m\u00e3o para minha evolu\u00e7\u00e3o pessoal, muito antes de me alinhar com a minha miss\u00e3o de vida. Todas elas serviram para completar um bocadinho mais de mim e resgatar partes perdidas e sem consci\u00eancia quando me &hellip; <\/p>\n","protected":false},"author":1,"featured_media":0,"parent":0,"menu_order":0,"comment_status":"closed","ping_status":"closed","template":"","meta":{"_monsterinsights_skip_tracking":false,"_monsterinsights_sitenote_active":false,"_monsterinsights_sitenote_note":"","_monsterinsights_sitenote_category":0,"footnotes":""},"class_list":["post-712","page","type-page","status-publish","hentry"],"yoast_head":"<!-- This site is optimized with the Yoast SEO plugin v27.4 - https:\/\/yoast.com\/product\/yoast-seo-wordpress\/ -->\n<title>Terapias de Autoconhecimento e Evolu\u00e7\u00e3o - Tree Natura Terapias<\/title>\n<meta name=\"robots\" content=\"index, follow, max-snippet:-1, max-image-preview:large, max-video-preview:-1\" \/>\n<link rel=\"canonical\" href=\"https:\/\/treenaturaterapias.com\/en\/terapias-de-autoconhecimento-e-evolucao\/\" \/>\n<meta property=\"og:locale\" content=\"en_US\" \/>\n<meta property=\"og:locale:alternate\" content=\"pt_PT\" \/>\n<meta property=\"og:locale:alternate\" content=\"fr_FR\" \/>\n<meta property=\"og:type\" content=\"article\" \/>\n<meta property=\"og:title\" content=\"Terapias de Autoconhecimento e Evolu\u00e7\u00e3o - Tree Natura Terapias\" \/>\n<meta property=\"og:description\" content=\"Todas as terapias, cursos e retiros cedidos pela Tree Natura Terapias foram vividos em primeira m\u00e3o para minha evolu\u00e7\u00e3o pessoal, muito antes de me alinhar com a minha miss\u00e3o de vida. Todas elas serviram para completar um bocadinho mais de mim e resgatar partes perdidas e sem consci\u00eancia quando me &hellip;\" \/>\n<meta property=\"og:url\" content=\"https:\/\/treenaturaterapias.com\/en\/terapias-de-autoconhecimento-e-evolucao\/\" \/>\n<meta property=\"og:site_name\" content=\"Tree Natura Terapias\" \/>\n<meta property=\"article:modified_time\" content=\"2018-09-02T07:40:03+00:00\" \/>\n<meta property=\"og:image\" content=\"https:\/\/treenaturaterapias.com\/wp-content\/uploads\/2018\/09\/18901839_10154690353442194_1408032629_o-1024x562.jpg\" \/>\n<meta name=\"twitter:card\" content=\"summary_large_image\" \/>\n<meta name=\"twitter:label1\" content=\"Est. reading time\" \/>\n\t<meta name=\"twitter:data1\" content=\"1 minute\" \/>\n<script type=\"application\/ld+json\" class=\"yoast-schema-graph\">{\"@context\":\"https:\\\/\\\/schema.org\",\"@graph\":[{\"@type\":\"WebPage\",\"@id\":\"https:\\\/\\\/treenaturaterapias.com\\\/terapias-de-autoconhecimento-e-evolucao\\\/\",\"url\":\"https:\\\/\\\/treenaturaterapias.com\\\/terapias-de-autoconhecimento-e-evolucao\\\/\",\"name\":\"Terapias de Autoconhecimento e Evolu\u00e7\u00e3o - Tree Natura Terapias\",\"isPartOf\":{\"@id\":\"https:\\\/\\\/treenaturaterapias.com\\\/#website\"},\"primaryImageOfPage\":{\"@id\":\"https:\\\/\\\/treenaturaterapias.com\\\/terapias-de-autoconhecimento-e-evolucao\\\/#primaryimage\"},\"image\":{\"@id\":\"https:\\\/\\\/treenaturaterapias.com\\\/terapias-de-autoconhecimento-e-evolucao\\\/#primaryimage\"},\"thumbnailUrl\":\"https:\\\/\\\/treenaturaterapias.com\\\/wp-content\\\/uploads\\\/2018\\\/09\\\/18901839_10154690353442194_1408032629_o-1024x562.jpg\",\"datePublished\":\"2018-09-01T12:48:39+00:00\",\"dateModified\":\"2018-09-02T07:40:03+00:00\",\"breadcrumb\":{\"@id\":\"https:\\\/\\\/treenaturaterapias.com\\\/terapias-de-autoconhecimento-e-evolucao\\\/#breadcrumb\"},\"inLanguage\":\"en-US\",\"potentialAction\":[{\"@type\":\"ReadAction\",\"target\":[\"https:\\\/\\\/treenaturaterapias.com\\\/terapias-de-autoconhecimento-e-evolucao\\\/\"]}]},{\"@type\":\"ImageObject\",\"inLanguage\":\"en-US\",\"@id\":\"https:\\\/\\\/treenaturaterapias.com\\\/terapias-de-autoconhecimento-e-evolucao\\\/#primaryimage\",\"url\":\"https:\\\/\\\/treenaturaterapias.com\\\/wp-content\\\/uploads\\\/2018\\\/09\\\/18901839_10154690353442194_1408032629_o-1024x562.jpg\",\"contentUrl\":\"https:\\\/\\\/treenaturaterapias.com\\\/wp-content\\\/uploads\\\/2018\\\/09\\\/18901839_10154690353442194_1408032629_o-1024x562.jpg\"},{\"@type\":\"BreadcrumbList\",\"@id\":\"https:\\\/\\\/treenaturaterapias.com\\\/terapias-de-autoconhecimento-e-evolucao\\\/#breadcrumb\",\"itemListElement\":[{\"@type\":\"ListItem\",\"position\":1,\"name\":\"In\u00edcio\",\"item\":\"https:\\\/\\\/treenaturaterapias.com\\\/\"},{\"@type\":\"ListItem\",\"position\":2,\"name\":\"Terapias de Autoconhecimento e Evolu\u00e7\u00e3o\"}]},{\"@type\":\"WebSite\",\"@id\":\"https:\\\/\\\/treenaturaterapias.com\\\/#website\",\"url\":\"https:\\\/\\\/treenaturaterapias.com\\\/\",\"name\":\"Tree Natura Terapias\",\"description\":\"Reconhecendo o Divino que habita em si\",\"publisher\":{\"@id\":\"https:\\\/\\\/treenaturaterapias.com\\\/#\\\/schema\\\/person\\\/267944d8880bf51dd22b9803435d65c6\"},\"potentialAction\":[{\"@type\":\"SearchAction\",\"target\":{\"@type\":\"EntryPoint\",\"urlTemplate\":\"https:\\\/\\\/treenaturaterapias.com\\\/?s={search_term_string}\"},\"query-input\":{\"@type\":\"PropertyValueSpecification\",\"valueRequired\":true,\"valueName\":\"search_term_string\"}}],\"inLanguage\":\"en-US\"},{\"@type\":[\"Person\",\"Organization\"],\"@id\":\"https:\\\/\\\/treenaturaterapias.com\\\/#\\\/schema\\\/person\\\/267944d8880bf51dd22b9803435d65c6\",\"name\":\"C\u00e9lia de Jesus\",\"image\":{\"@type\":\"ImageObject\",\"inLanguage\":\"en-US\",\"@id\":\"https:\\\/\\\/treenaturaterapias.com\\\/wp-content\\\/uploads\\\/2018\\\/09\\\/cropped-18901839_10154690353442194_1408032629_o.jpg\",\"url\":\"https:\\\/\\\/treenaturaterapias.com\\\/wp-content\\\/uploads\\\/2018\\\/09\\\/cropped-18901839_10154690353442194_1408032629_o.jpg\",\"contentUrl\":\"https:\\\/\\\/treenaturaterapias.com\\\/wp-content\\\/uploads\\\/2018\\\/09\\\/cropped-18901839_10154690353442194_1408032629_o.jpg\",\"width\":512,\"height\":512,\"caption\":\"C\u00e9lia de Jesus\"},\"logo\":{\"@id\":\"https:\\\/\\\/treenaturaterapias.com\\\/wp-content\\\/uploads\\\/2018\\\/09\\\/cropped-18901839_10154690353442194_1408032629_o.jpg\"}}]}<\/script>\n<!-- \/ Yoast SEO plugin. -->","yoast_head_json":{"title":"Terapias de Autoconhecimento e Evolu\u00e7\u00e3o - Tree Natura Terapias","robots":{"index":"index","follow":"follow","max-snippet":"max-snippet:-1","max-image-preview":"max-image-preview:large","max-video-preview":"max-video-preview:-1"},"canonical":"https:\/\/treenaturaterapias.com\/en\/terapias-de-autoconhecimento-e-evolucao\/","og_locale":"en_US","og_type":"article","og_title":"Terapias de Autoconhecimento e Evolu\u00e7\u00e3o - Tree Natura Terapias","og_description":"Todas as terapias, cursos e retiros cedidos pela Tree Natura Terapias foram vividos em primeira m\u00e3o para minha evolu\u00e7\u00e3o pessoal, muito antes de me alinhar com a minha miss\u00e3o de vida. Todas elas serviram para completar um bocadinho mais de mim e resgatar partes perdidas e sem consci\u00eancia quando me &hellip;","og_url":"https:\/\/treenaturaterapias.com\/en\/terapias-de-autoconhecimento-e-evolucao\/","og_site_name":"Tree Natura Terapias","article_modified_time":"2018-09-02T07:40:03+00:00","og_image":[{"url":"https:\/\/treenaturaterapias.com\/wp-content\/uploads\/2018\/09\/18901839_10154690353442194_1408032629_o-1024x562.jpg","type":"","width":"","height":""}],"twitter_card":"summary_large_image","twitter_misc":{"Est. reading time":"1 minute"},"schema":{"@context":"https:\/\/schema.org","@graph":[{"@type":"WebPage","@id":"https:\/\/treenaturaterapias.com\/terapias-de-autoconhecimento-e-evolucao\/","url":"https:\/\/treenaturaterapias.com\/terapias-de-autoconhecimento-e-evolucao\/","name":"Terapias de Autoconhecimento e Evolu\u00e7\u00e3o - Tree Natura Terapias","isPartOf":{"@id":"https:\/\/treenaturaterapias.com\/#website"},"primaryImageOfPage":{"@id":"https:\/\/treenaturaterapias.com\/terapias-de-autoconhecimento-e-evolucao\/#primaryimage"},"image":{"@id":"https:\/\/treenaturaterapias.com\/terapias-de-autoconhecimento-e-evolucao\/#primaryimage"},"thumbnailUrl":"https:\/\/treenaturaterapias.com\/wp-content\/uploads\/2018\/09\/18901839_10154690353442194_1408032629_o-1024x562.jpg","datePublished":"2018-09-01T12:48:39+00:00","dateModified":"2018-09-02T07:40:03+00:00","breadcrumb":{"@id":"https:\/\/treenaturaterapias.com\/terapias-de-autoconhecimento-e-evolucao\/#breadcrumb"},"inLanguage":"en-US","potentialAction":[{"@type":"ReadAction","target":["https:\/\/treenaturaterapias.com\/terapias-de-autoconhecimento-e-evolucao\/"]}]},{"@type":"ImageObject","inLanguage":"en-US","@id":"https:\/\/treenaturaterapias.com\/terapias-de-autoconhecimento-e-evolucao\/#primaryimage","url":"https:\/\/treenaturaterapias.com\/wp-content\/uploads\/2018\/09\/18901839_10154690353442194_1408032629_o-1024x562.jpg","contentUrl":"https:\/\/treenaturaterapias.com\/wp-content\/uploads\/2018\/09\/18901839_10154690353442194_1408032629_o-1024x562.jpg"},{"@type":"BreadcrumbList","@id":"https:\/\/treenaturaterapias.com\/terapias-de-autoconhecimento-e-evolucao\/#breadcrumb","itemListElement":[{"@type":"ListItem","position":1,"name":"In\u00edcio","item":"https:\/\/treenaturaterapias.com\/"},{"@type":"ListItem","position":2,"name":"Terapias de Autoconhecimento e Evolu\u00e7\u00e3o"}]},{"@type":"WebSite","@id":"https:\/\/treenaturaterapias.com\/#website","url":"https:\/\/treenaturaterapias.com\/","name":"Tree Natura Terapias","description":"Reconhecendo o Divino que habita em si","publisher":{"@id":"https:\/\/treenaturaterapias.com\/#\/schema\/person\/267944d8880bf51dd22b9803435d65c6"},"potentialAction":[{"@type":"SearchAction","target":{"@type":"EntryPoint","urlTemplate":"https:\/\/treenaturaterapias.com\/?s={search_term_string}"},"query-input":{"@type":"PropertyValueSpecification","valueRequired":true,"valueName":"search_term_string"}}],"inLanguage":"en-US"},{"@type":["Person","Organization"],"@id":"https:\/\/treenaturaterapias.com\/#\/schema\/person\/267944d8880bf51dd22b9803435d65c6","name":"C\u00e9lia de Jesus","image":{"@type":"ImageObject","inLanguage":"en-US","@id":"https:\/\/treenaturaterapias.com\/wp-content\/uploads\/2018\/09\/cropped-18901839_10154690353442194_1408032629_o.jpg","url":"https:\/\/treenaturaterapias.com\/wp-content\/uploads\/2018\/09\/cropped-18901839_10154690353442194_1408032629_o.jpg","contentUrl":"https:\/\/treenaturaterapias.com\/wp-content\/uploads\/2018\/09\/cropped-18901839_10154690353442194_1408032629_o.jpg","width":512,"height":512,"caption":"C\u00e9lia de Jesus"},"logo":{"@id":"https:\/\/treenaturaterapias.com\/wp-content\/uploads\/2018\/09\/cropped-18901839_10154690353442194_1408032629_o.jpg"}}]}},"_links":{"self":[{"href":"https:\/\/treenaturaterapias.com\/en\/wp-json\/wp\/v2\/pages\/712","targetHints":{"allow":["GET"]}}],"collection":[{"href":"https:\/\/treenaturaterapias.com\/en\/wp-json\/wp\/v2\/pages"}],"about":[{"href":"https:\/\/treenaturaterapias.com\/en\/wp-json\/wp\/v2\/types\/page"}],"author":[{"embeddable":true,"href":"https:\/\/treenaturaterapias.com\/en\/wp-json\/wp\/v2\/users\/1"}],"replies":[{"embeddable":true,"href":"https:\/\/treenaturaterapias.com\/en\/wp-json\/wp\/v2\/comments?post=712"}],"version-history":[{"count":0,"href":"https:\/\/treenaturaterapias.com\/en\/wp-json\/wp\/v2\/pages\/712\/revisions"}],"wp:attachment":[{"href":"https:\/\/treenaturaterapias.com\/en\/wp-json\/wp\/v2\/media?parent=712"}],"curies":[{"name":"wp","href":"https:\/\/api.w.org\/{rel}","templated":true}]}}