{"id":589,"date":"2018-05-10T11:21:48","date_gmt":"2018-05-10T11:21:48","guid":{"rendered":"https:\/\/treenaturaterapias.com\/?page_id=589"},"modified":"2019-01-18T16:24:04","modified_gmt":"2019-01-18T16:24:04","slug":"curso-de-reiki-tradicional","status":"publish","type":"page","link":"https:\/\/treenaturaterapias.com\/en\/curso-de-reiki-tradicional\/","title":{"rendered":"Curso de Reiki Tradicional"},"content":{"rendered":"<p>Existem tr\u00eas n\u00edveis de Reiki Tradicional, que s\u00e3o alcan\u00e7ados por sucessivas inicia\u00e7\u00f5es com auto tratamentos de 21 dias.<\/p>\n<p><em><strong> Reiki Tradicional Mikao Usui n\u00edvel I<\/strong><\/em><\/p>\n<p>O primeiro grau abre o canal de energia e permite que o aluno canalize o Reiki principalmente no n\u00edvel f\u00edsico, tanto para ele quanto para os outros. Consiste em uma inicia\u00e7\u00e3o no sistema tibetano Usui. Ap\u00f3s a inicia\u00e7\u00e3o, o aluno pode notar uma energia subtil fluindo atrav\u00e9s de suas m\u00e3os. Isso pode ser percebido de v\u00e1rias maneiras como calor, fresco, c\u00f3cegas, zumbido ou apenas uma sensa\u00e7\u00e3o estranha nas m\u00e3os. \u00c0s vezes, leva um per\u00edodo ap\u00f3s o in\u00edcio at\u00e9 que o aluno sinta a energia.<\/p>\n<p>Este n\u00edvel de Reiki est\u00e1 aberto a qualquer pessoa. Nenhuma experi\u00eancia anterior ou prepara\u00e7\u00e3o \u00e9 necess\u00e1ria. \u00c9 ensinado em um dia quando for em grupo ou 4 horas quando for individual. A inicia\u00e7\u00e3o conecta o sistema de energia do estudante \u00e0 energia universal. Os bloqueios de energia s\u00e3o liberados, equilibrando e harmonizando os principais centros de energia conhecidos como chakras. A inicia\u00e7\u00e3o abre o canal central de energia que vai da coroa da cabe\u00e7a at\u00e9 a base da espinha. Ele conecta o estudante \u00e0 Energia Universal permanentemente, permitindo que ele canalize a energia sempre que desejar.<\/p>\n<p>A princ\u00edpio, a quantidade de energia canalizada ap\u00f3s o in\u00edcio pode variar consideravelmente, mas quanto mais o aluno usa o Reiki, mais constante se torna a energia. Nesse n\u00edvel, a maior parte do tempo, a energia \u00e9 de 80 a 90% no n\u00edvel f\u00edsico. O restante est\u00e1 nos n\u00edveis mental \/ emocional e espiritual. Serve muito para cura f\u00edsica.<\/p>\n<p><a href=\"https:\/\/www.paulonogueiraterapias.com\/curso-de-reiki-tradicional-nivel-i\/\" target=\"_blank\" rel=\"noopener\">Detalhes do curso de\u00a0 Reiki I <\/a><\/p>\n<p><em><strong>Reiki Tradicional Mikao Usui n\u00edvel II<\/strong><\/em><\/p>\n<p>O Segundo n\u00edvel de Reiki exige que o aluno tenha completado o Primeiro n\u00edvel de Reiki tradicional e tenha tido pr\u00e1tica suficiente para que a energia flua com menos varia\u00e7\u00e3o de intensidade. Normalmente, pelo menos 1 m\u00eas se passou desde que o aluno fez o primeiro n\u00edvel de Reiki. O aluno deve fazer Auto tratamentos regulares.<br \/>\nNo segundo n\u00edvel de inicia\u00e7\u00e3o ao Reiki, o canal central \u00e9 aberto a um n\u00edvel maior e a quantidade de energia que pode ser canalizada aumenta. Este \u00e9 o n\u00edvel\u00a0 do curso de Reiki Tradicional mais importante pois vai ser mexida a parte emocional que \u00e9 reside grande parte dos nossos conflitos.<\/p>\n<p>O aluno recebe tr\u00eas s\u00edmbolos de sintoniza\u00e7\u00e3o:<\/p>\n<p>\u2022 <strong>Cho Ku Rei<\/strong> O s\u00edmbolo de energia. Este vai aumentar a quantidade de energia que pode ser canalizada. Ele permite que o aluno abra e feche a conex\u00e3o de energia ao tratar a si mesmo ou de outros. Permite ao aluno usar a energia Universal do Reiki para limpar e purificar lugares energ\u00e9ticamente. O s\u00edmbolo poder tamb\u00e9m pode ser usado como uma protec\u00e7\u00e3o em torno de uma casa, carro, etc.<\/p>\n<p>\u2022 <strong>Sei He Ki<\/strong> O S\u00edmbolo Mental. Isso permite que o aluno entre em um n\u00edvel diferente de energia, que funciona nos n\u00edveis mental e emocional da pessoa que recebe a energia. \u00c9, portanto, usado para a cura mental e emocional. \u00c9 particularmente \u00fatil para lidar com raiva, tristeza, ansiedade, depress\u00e3o e problemas com relacionamentos e ao enviar o Reiki para a causa de uma condi\u00e7\u00e3o. Tamb\u00e9m pode ser usado para ajudar a impedir h\u00e1bitos e v\u00edcios indesej\u00e1veis.<\/p>\n<p>\u2022 <strong>Hon Sha Ze Sho Nen<\/strong> O s\u00edmbolo de dist\u00e2ncia. Este permite que a cura seja enviada \u00e1 dist\u00e2ncia. O receptor n\u00e3o precisa estar fisicamente presente, mas pode estar em qualquer lugar do mundo. Este s\u00edmbolo tamb\u00e9m pode ser usado para enviar o Reiki para o futuro. Se o aluno quiser enviar o Reiki para algo que ele planeie fazer, ele simplesmente pede \u00e1 energia para chegar em um determinado momento, e estar\u00e1 pronto quando chegar a hora. Isso tamb\u00e9m funciona para o passado. O Reiki pode ser enviado para eventos espec\u00edficos no passado ou para a causa de um problema, mesmo que a causa seja desconhecida.<\/p>\n<p><a href=\"https:\/\/www.paulonogueiraterapias.com\/curso-de-reiki-tradicional-nivel-ii\/\" target=\"_blank\" rel=\"noopener\"> Detalhes do curso de\u00a0 Reiki II<\/a><\/p>\n<p><em><strong> Reiki Tradicional Mikao Usui n\u00edvel III ( Mestrado)<\/strong><\/em><\/p>\n<p>A inicia\u00e7\u00e3o de terceiro n\u00edvel de Reiki aumenta a capacidade do aluno de canalizar a energia universal. O aluno tamb\u00e9m recebe o S\u00edmbolo Mestre <strong>Dai Ko Mio<\/strong>, que lhe permite trabalhar em um n\u00edvel espiritual e o ajuda a contactar sua pr\u00f3pria verdade interior. Este n\u00edvel \u00e9 chamado de Mestre Interior porque envolve reconhecer que cada pessoa \u00e9 o mestre de seu pr\u00f3prio destino, respons\u00e1vel por sua pr\u00f3pria vida. Esse conhecimento ajuda o estudante a encontrar seu verdadeiro caminho na vida e pode exige que ele mudan\u00e7as em sua vida.<\/p>\n<p>Neste terceiro n\u00edvel de Reiki, o canal de energia central \u00e9 mais uma vez aberto, O aluno aprende as t\u00e9cnicas que lhe permitem realizar as inicia\u00e7\u00f5es de Reiki.<\/p>\n<p>O Mestre de Reiki assume a responsabilidade de ensinar Reiki para os outros. Ele tem a capacidade de iniciar os outros para que possam usar a energia Reiki em sua pr\u00f3pria jornada de autodescoberta e cura.<\/p>\n<p>Acima de tudo o curso de Reiki Tradicional Mikao Usui \u00e9 para aprofundamento interior e independente se vai praticar, ele serve para o libertar de uma quantidade de bloqueios que o v\u00e3o fazer perceber que a vida \u00e9 muito mais, sentir o Amor Universal de que tanto se fala. N\u00e3o precisa ter \u201cdons\u201d ativos ou sequer saber algo sobre espiritualidade. S\u00f3 precisa de querer evoluir a acabar com v\u00e1rios ciclos viciosos que existem na sua vida com Ego, ci\u00fame, raiva, ansiedade, depress\u00e3o, controle de mediunidade.<\/p>\n<p><a href=\"https:\/\/www.paulonogueiraterapias.com\/curso-reiki-tradicional-nivel-3-mestrado\/\" target=\"_blank\" rel=\"noopener\"> Detalhes do curso de\u00a0 Reiki III<\/a><\/p>\n","protected":false},"excerpt":{"rendered":"<p>Existem tr\u00eas n\u00edveis de Reiki Tradicional, que s\u00e3o alcan\u00e7ados por sucessivas inicia\u00e7\u00f5es com auto tratamentos de 21 dias. Reiki Tradicional Mikao Usui n\u00edvel I O primeiro grau abre o canal de energia e permite que o aluno canalize o Reiki principalmente no n\u00edvel f\u00edsico, tanto para ele quanto para os &hellip; <\/p>\n","protected":false},"author":1,"featured_media":0,"parent":0,"menu_order":0,"comment_status":"closed","ping_status":"closed","template":"","meta":{"_monsterinsights_skip_tracking":false,"_monsterinsights_sitenote_active":false,"_monsterinsights_sitenote_note":"","_monsterinsights_sitenote_category":0,"footnotes":""},"class_list":["post-589","page","type-page","status-publish","hentry"],"yoast_head":"<!-- This site is optimized with the Yoast SEO plugin v27.4 - https:\/\/yoast.com\/product\/yoast-seo-wordpress\/ -->\n<title>Curso de Reiki Tradicional<\/title>\n<meta name=\"robots\" content=\"index, follow, max-snippet:-1, max-image-preview:large, max-video-preview:-1\" \/>\n<link rel=\"canonical\" href=\"https:\/\/treenaturaterapias.com\/en\/curso-de-reiki-tradicional\/\" \/>\n<meta property=\"og:locale\" content=\"en_US\" \/>\n<meta property=\"og:locale:alternate\" content=\"pt_PT\" \/>\n<meta property=\"og:locale:alternate\" content=\"fr_FR\" \/>\n<meta property=\"og:type\" content=\"article\" \/>\n<meta property=\"og:title\" content=\"Curso de Reiki Tradicional\" \/>\n<meta property=\"og:description\" content=\"Existem tr\u00eas n\u00edveis de Reiki Tradicional, que s\u00e3o alcan\u00e7ados por sucessivas inicia\u00e7\u00f5es com auto tratamentos de 21 dias. Reiki Tradicional Mikao Usui n\u00edvel I O primeiro grau abre o canal de energia e permite que o aluno canalize o Reiki principalmente no n\u00edvel f\u00edsico, tanto para ele quanto para os &hellip;\" \/>\n<meta property=\"og:url\" content=\"https:\/\/treenaturaterapias.com\/en\/curso-de-reiki-tradicional\/\" \/>\n<meta property=\"og:site_name\" content=\"Tree Natura Terapias\" \/>\n<meta property=\"article:modified_time\" content=\"2019-01-18T16:24:04+00:00\" \/>\n<meta name=\"twitter:card\" content=\"summary_large_image\" \/>\n<meta name=\"twitter:label1\" content=\"Est. reading time\" \/>\n\t<meta name=\"twitter:data1\" content=\"5 minutes\" \/>\n<script type=\"application\/ld+json\" class=\"yoast-schema-graph\">{\"@context\":\"https:\\\/\\\/schema.org\",\"@graph\":[{\"@type\":\"WebPage\",\"@id\":\"https:\\\/\\\/treenaturaterapias.com\\\/curso-de-reiki-tradicional\\\/\",\"url\":\"https:\\\/\\\/treenaturaterapias.com\\\/curso-de-reiki-tradicional\\\/\",\"name\":\"Curso de Reiki Tradicional\",\"isPartOf\":{\"@id\":\"https:\\\/\\\/treenaturaterapias.com\\\/#website\"},\"datePublished\":\"2018-05-10T11:21:48+00:00\",\"dateModified\":\"2019-01-18T16:24:04+00:00\",\"breadcrumb\":{\"@id\":\"https:\\\/\\\/treenaturaterapias.com\\\/curso-de-reiki-tradicional\\\/#breadcrumb\"},\"inLanguage\":\"en-US\",\"potentialAction\":[{\"@type\":\"ReadAction\",\"target\":[\"https:\\\/\\\/treenaturaterapias.com\\\/curso-de-reiki-tradicional\\\/\"]}]},{\"@type\":\"BreadcrumbList\",\"@id\":\"https:\\\/\\\/treenaturaterapias.com\\\/curso-de-reiki-tradicional\\\/#breadcrumb\",\"itemListElement\":[{\"@type\":\"ListItem\",\"position\":1,\"name\":\"In\u00edcio\",\"item\":\"https:\\\/\\\/treenaturaterapias.com\\\/\"},{\"@type\":\"ListItem\",\"position\":2,\"name\":\"Curso de Reiki Tradicional\"}]},{\"@type\":\"WebSite\",\"@id\":\"https:\\\/\\\/treenaturaterapias.com\\\/#website\",\"url\":\"https:\\\/\\\/treenaturaterapias.com\\\/\",\"name\":\"Tree Natura Terapias\",\"description\":\"Reconhecendo o Divino que habita em si\",\"publisher\":{\"@id\":\"https:\\\/\\\/treenaturaterapias.com\\\/#\\\/schema\\\/person\\\/267944d8880bf51dd22b9803435d65c6\"},\"potentialAction\":[{\"@type\":\"SearchAction\",\"target\":{\"@type\":\"EntryPoint\",\"urlTemplate\":\"https:\\\/\\\/treenaturaterapias.com\\\/?s={search_term_string}\"},\"query-input\":{\"@type\":\"PropertyValueSpecification\",\"valueRequired\":true,\"valueName\":\"search_term_string\"}}],\"inLanguage\":\"en-US\"},{\"@type\":[\"Person\",\"Organization\"],\"@id\":\"https:\\\/\\\/treenaturaterapias.com\\\/#\\\/schema\\\/person\\\/267944d8880bf51dd22b9803435d65c6\",\"name\":\"C\u00e9lia de Jesus\",\"image\":{\"@type\":\"ImageObject\",\"inLanguage\":\"en-US\",\"@id\":\"https:\\\/\\\/treenaturaterapias.com\\\/wp-content\\\/uploads\\\/2018\\\/09\\\/cropped-18901839_10154690353442194_1408032629_o.jpg\",\"url\":\"https:\\\/\\\/treenaturaterapias.com\\\/wp-content\\\/uploads\\\/2018\\\/09\\\/cropped-18901839_10154690353442194_1408032629_o.jpg\",\"contentUrl\":\"https:\\\/\\\/treenaturaterapias.com\\\/wp-content\\\/uploads\\\/2018\\\/09\\\/cropped-18901839_10154690353442194_1408032629_o.jpg\",\"width\":512,\"height\":512,\"caption\":\"C\u00e9lia de Jesus\"},\"logo\":{\"@id\":\"https:\\\/\\\/treenaturaterapias.com\\\/wp-content\\\/uploads\\\/2018\\\/09\\\/cropped-18901839_10154690353442194_1408032629_o.jpg\"}}]}<\/script>\n<!-- \/ Yoast SEO plugin. -->","yoast_head_json":{"title":"Curso de Reiki Tradicional","robots":{"index":"index","follow":"follow","max-snippet":"max-snippet:-1","max-image-preview":"max-image-preview:large","max-video-preview":"max-video-preview:-1"},"canonical":"https:\/\/treenaturaterapias.com\/en\/curso-de-reiki-tradicional\/","og_locale":"en_US","og_type":"article","og_title":"[:pt]Curso de Reiki Tradicional[:] - Tree Natura Terapias","og_description":"Existem tr\u00eas n\u00edveis de Reiki Tradicional, que s\u00e3o alcan\u00e7ados por sucessivas inicia\u00e7\u00f5es com auto tratamentos de 21 dias. Reiki Tradicional Mikao Usui n\u00edvel I O primeiro grau abre o canal de energia e permite que o aluno canalize o Reiki principalmente no n\u00edvel f\u00edsico, tanto para ele quanto para os &hellip;","og_url":"https:\/\/treenaturaterapias.com\/en\/curso-de-reiki-tradicional\/","og_site_name":"Tree Natura Terapias","article_modified_time":"2019-01-18T16:24:04+00:00","twitter_card":"summary_large_image","twitter_misc":{"Est. reading time":"5 minutes"},"schema":{"@context":"https:\/\/schema.org","@graph":[{"@type":"WebPage","@id":"https:\/\/treenaturaterapias.com\/curso-de-reiki-tradicional\/","url":"https:\/\/treenaturaterapias.com\/curso-de-reiki-tradicional\/","name":"Curso de Reiki Tradicional","isPartOf":{"@id":"https:\/\/treenaturaterapias.com\/#website"},"datePublished":"2018-05-10T11:21:48+00:00","dateModified":"2019-01-18T16:24:04+00:00","breadcrumb":{"@id":"https:\/\/treenaturaterapias.com\/curso-de-reiki-tradicional\/#breadcrumb"},"inLanguage":"en-US","potentialAction":[{"@type":"ReadAction","target":["https:\/\/treenaturaterapias.com\/curso-de-reiki-tradicional\/"]}]},{"@type":"BreadcrumbList","@id":"https:\/\/treenaturaterapias.com\/curso-de-reiki-tradicional\/#breadcrumb","itemListElement":[{"@type":"ListItem","position":1,"name":"In\u00edcio","item":"https:\/\/treenaturaterapias.com\/"},{"@type":"ListItem","position":2,"name":"Curso de Reiki Tradicional"}]},{"@type":"WebSite","@id":"https:\/\/treenaturaterapias.com\/#website","url":"https:\/\/treenaturaterapias.com\/","name":"Tree Natura Terapias","description":"Reconhecendo o Divino que habita em si","publisher":{"@id":"https:\/\/treenaturaterapias.com\/#\/schema\/person\/267944d8880bf51dd22b9803435d65c6"},"potentialAction":[{"@type":"SearchAction","target":{"@type":"EntryPoint","urlTemplate":"https:\/\/treenaturaterapias.com\/?s={search_term_string}"},"query-input":{"@type":"PropertyValueSpecification","valueRequired":true,"valueName":"search_term_string"}}],"inLanguage":"en-US"},{"@type":["Person","Organization"],"@id":"https:\/\/treenaturaterapias.com\/#\/schema\/person\/267944d8880bf51dd22b9803435d65c6","name":"C\u00e9lia de Jesus","image":{"@type":"ImageObject","inLanguage":"en-US","@id":"https:\/\/treenaturaterapias.com\/wp-content\/uploads\/2018\/09\/cropped-18901839_10154690353442194_1408032629_o.jpg","url":"https:\/\/treenaturaterapias.com\/wp-content\/uploads\/2018\/09\/cropped-18901839_10154690353442194_1408032629_o.jpg","contentUrl":"https:\/\/treenaturaterapias.com\/wp-content\/uploads\/2018\/09\/cropped-18901839_10154690353442194_1408032629_o.jpg","width":512,"height":512,"caption":"C\u00e9lia de Jesus"},"logo":{"@id":"https:\/\/treenaturaterapias.com\/wp-content\/uploads\/2018\/09\/cropped-18901839_10154690353442194_1408032629_o.jpg"}}]}},"_links":{"self":[{"href":"https:\/\/treenaturaterapias.com\/en\/wp-json\/wp\/v2\/pages\/589","targetHints":{"allow":["GET"]}}],"collection":[{"href":"https:\/\/treenaturaterapias.com\/en\/wp-json\/wp\/v2\/pages"}],"about":[{"href":"https:\/\/treenaturaterapias.com\/en\/wp-json\/wp\/v2\/types\/page"}],"author":[{"embeddable":true,"href":"https:\/\/treenaturaterapias.com\/en\/wp-json\/wp\/v2\/users\/1"}],"replies":[{"embeddable":true,"href":"https:\/\/treenaturaterapias.com\/en\/wp-json\/wp\/v2\/comments?post=589"}],"version-history":[{"count":0,"href":"https:\/\/treenaturaterapias.com\/en\/wp-json\/wp\/v2\/pages\/589\/revisions"}],"wp:attachment":[{"href":"https:\/\/treenaturaterapias.com\/en\/wp-json\/wp\/v2\/media?parent=589"}],"curies":[{"name":"wp","href":"https:\/\/api.w.org\/{rel}","templated":true}]}}