{"id":378,"date":"2017-06-09T19:05:35","date_gmt":"2017-06-09T19:05:35","guid":{"rendered":"https:\/\/treenaturaterapias.com\/?page_id=378"},"modified":"2023-10-31T20:17:17","modified_gmt":"2023-10-31T20:17:17","slug":"leitura-de-registos-akashicos","status":"publish","type":"page","link":"https:\/\/treenaturaterapias.com\/en\/leitura-de-registos-akashicos\/","title":{"rendered":"Leitura de Registos Ak\u00e1shicos"},"content":{"rendered":"<div class=\"wp-block-image\">\n<figure class=\"aligncenter size-large is-resized\"><img loading=\"lazy\" decoding=\"async\" width=\"1024\" height=\"576\" src=\"https:\/\/treenaturaterapias.com\/wp-content\/uploads\/2023\/09\/Leitura-de-Registos-Akashicos-1024x576.png\" alt=\"Leitura de Registos Ak\u00e1shicos\" class=\"wp-image-1383\" style=\"width:446px;height:251px\" srcset=\"https:\/\/treenaturaterapias.com\/wp-content\/uploads\/2023\/09\/Leitura-de-Registos-Akashicos-1024x576.png 1024w, https:\/\/treenaturaterapias.com\/wp-content\/uploads\/2023\/09\/Leitura-de-Registos-Akashicos-300x169.png 300w, https:\/\/treenaturaterapias.com\/wp-content\/uploads\/2023\/09\/Leitura-de-Registos-Akashicos-768x432.png 768w, https:\/\/treenaturaterapias.com\/wp-content\/uploads\/2023\/09\/Leitura-de-Registos-Akashicos.png 1366w\" sizes=\"auto, (max-width: 1024px) 100vw, 1024px\" \/><figcaption class=\"wp-element-caption\">Leitura de Registos Ak\u00e1shicos<\/figcaption><\/figure>\n<\/div>\n\n\n<p>Os registos Ak\u00e1shicos ou o Livro da Alma est\u00e3o guardados na biblioteca Universal, o Akasha. O Akasha \u00e9 uma biblioteca de a\u00e7\u00f5es de cada alma, pensamentos e emo\u00e7\u00f5es que tiveram um lugar no planeta Terra e em outros sistemas planet\u00e1rios. Todos os eventos de pequeno ou grande porte s\u00e3o permanentemente gravados na grade eletromagn\u00e9tica do planeta e do cosmos.<\/p>\n\n\n\n<p>Ao acedermos aos registos Ak\u00e1shicos de cada alma temos acesso \u00e1s nossas a\u00e7\u00f5es, desejos, esperan\u00e7as, sonhos e sobretudo emo\u00e7\u00f5es e sensa\u00e7\u00f5es (gustativas, auditivas, t\u00e1cteis, visuais ou olfativas), que podem  ser acompanhadas de imagens.<\/p>\n\n\n\n<p>Os Registros Ak\u00e1shicos est\u00e3o dispon\u00edveis para todas as almas. Se houver permiss\u00e3o do divino e do seu eu superior, ir\u00e1 ter acesso \u00e1 sua resposta. Respostas estas que poder\u00e3o n\u00e3o ser do seu agrado. No entanto, elas v\u00e3o conter a energia da \u201cverdade\u201d de quem voc\u00ea realmente \u00e9 e o que supostamente sejam os seus aprendizados. Quando o seu cora\u00e7\u00e3o sentir que voc\u00ea est\u00e1 pronto para continuar por si pr\u00f3prio, voc\u00ea ter\u00e1 permiss\u00e3o para entrar nos seus registos sempre que voc\u00ea tiver \u201cnecessidade de saber\u201d outras informa\u00e7\u00f5es.<\/p>\n\n\n\n<p>Os registos Ak\u00e1shicos est\u00e3o localizados entre o tempo e espa\u00e7o, que na verdade n\u00e3o existe verdadeiramente fora do planeta Terra. Estes registos ao serem acessados atrav\u00e9s do terceiro Olho, trazem consigo a cura. Ent\u00e3o ao fazermos uma pergunta, a sua resposta ir\u00e1 vir cheia de cura alterando assim o passado, presente e futuro.<\/p>\n\n\n\n<p>Os Registros Ak\u00e1shicos n\u00e3o devem ser usados para adivinha\u00e7\u00f5es ou recorda\u00e7\u00f5es de vidas passadas como um divertimento. Eles s\u00e3o sagrados e est\u00e3o protegidos por seres de luz em sentinela. Voc\u00ea n\u00e3o vai ter acesso a todos os registos a menos que tenha integridade e disciplina na rua rotina di\u00e1ria e pensamentos.<\/p>\n\n\n\n<p>S\u00e3o respostas muito diretas, por isso ser necess\u00e1rio ser o mais especifico poss\u00edvel na pergunta. As respostas podem ser:<\/p>\n\n\n\n<ul class=\"wp-block-list\">\n<li>Que fiz eu numa vida passada, que esteja a influenciar um certo padr\u00e3o?<\/li>\n\n\n\n<li>Quais s\u00e3o os maiores obst\u00e1culos no meu crescimento espiritual?<\/li>\n\n\n\n<li>\u00c9 uma situa\u00e7\u00e3o particular (trabalho, relacionamento, casamento, oportunidade) certo ou errado para mim?<\/li>\n\n\n\n<li>Qual \u00e9 o prop\u00f3sito da minha vida?<\/li>\n\n\n\n<li>Quais s\u00e3o as li\u00e7\u00f5es ou desafios que estou destinado a enfrentar nesta vida?<\/li>\n\n\n\n<li>Como posso superar obst\u00e1culos espec\u00edficos que estou enfrentando agora?<\/li>\n\n\n\n<li>Qual \u00e9 o meu dom ou talento inato e como posso us\u00e1-lo para o meu crescimento pessoal e para beneficiar os outros?<\/li>\n\n\n\n<li>S\u00e3o (especificar) rela\u00e7\u00f5es k\u00e1rmicas em minha vida e o que posso aprender com elas?<\/li>\n\n\n\n<li>Como posso melhorar minha sa\u00fade f\u00edsica, mental e espiritual?<\/li>\n\n\n\n<li>Qual \u00e9 o significado espiritual dos eventos ou desafios (especificar) que tenho vivenciado recentemente?<\/li>\n\n\n\n<li>Como posso desenvolver minha intui\u00e7\u00e3o e conex\u00e3o espiritual?<\/li>\n\n\n\n<li>Qual \u00e9 a minha miss\u00e3o de alma e como posso cumpri-la?<\/li>\n\n\n\n<li>Quais s\u00e3o os bloqueios ou padr\u00f5es de pensamento negativos que estou carregando e como posso liber\u00e1-los?<\/li>\n\n\n\n<li>Como posso encontrar equil\u00edbrio e harmonia em minha vida?<\/li>\n\n\n\n<li>Como posso contribuir positivamente para o bem-estar da humanidade ou do mundo?<\/li>\n<\/ul>\n\n\n\n<p><\/p>\n\n\n\n<p>E o que pode obter de uma Leitura de Registos Ak\u00e1shicos<\/p>\n\n\n\n<ul class=\"wp-block-list\">\n<li>Receber informa\u00e7\u00f5es sobre passado, presente ou futuro<\/li>\n\n\n\n<li>Obter cura de problemas no f\u00edsico e psicologicamente s\u00f3 com um olhar e palavra certa<\/li>\n\n\n\n<li>Perceber os acontecimentos alem da sua vida di\u00e1ria e os seus acontecimentos<\/li>\n\n\n\n<li>Dissolver bloqueios K\u00e1rmicos do passado<\/li>\n\n\n\n<li>Receber b\u00ean\u00e7\u00e3os do divino para preencher os seus verdadeiros desejos de alma e os poder concretizar<\/li>\n\n\n\n<li>Obter a clareza mental para redefinir o seu \u201cfuturo\u201d<\/li>\n<\/ul>\n\n\n\n<p>Este m\u00e9todo que faculto foi concedido por <a href=\"https:\/\/kailaasa.org\/\" target=\"_blank\" rel=\"noopener\" title=\"\">H.H. Swami Paramahamsa Nithyananda<\/a> na India<\/p>\n\n\n\n<p>Nesta sess\u00e3o de Registos Ak\u00e1shicos tem direito a 10 perguntas em que ir\u00e1 ser feita a grava\u00e7\u00e3o \u00e1udio para posterior avalia\u00e7\u00e3o e consciencializa\u00e7\u00e3o do paciente.<\/p>\n\n\n\n<p>A sess\u00e3o tem a dura\u00e7\u00e3o de 1h30 e pode ser realizada presencialmente ou via Skype\/Facebook<\/p>\n\n\n\n<p>Valor: 60\u20ac<\/p>\n\n\n\n<p class=\"has-vivid-red-color has-text-color\"><strong>Promo\u00e7\u00e3o at\u00e9 \u202a\u202a<strong><strong>1<\/strong><\/strong>5<\/strong> <strong>Novembro<\/strong> <strong>45\u20ac<\/strong><\/p>\n\n\n<div class=\"wpforms-container wpforms-container-full wpforms-form-abandonment\" id=\"wpforms-1338\"><form id=\"wpforms-form-1338\" class=\"wpforms-validate wpforms-form wpforms-ajax-form\" data-formid=\"1338\" method=\"post\" enctype=\"multipart\/form-data\" action=\"\/en\/wp-json\/wp\/v2\/pages\/378\" data-token=\"29fa61f62fa6de39105d6ef1f99bf7b3\"><div class=\"wpforms-head-container\"><div class=\"wpforms-title\">Agendar Leitura de Registos Ak\u00e1shicos<\/div><\/div><noscript class=\"wpforms-error-noscript\">Please enable JavaScript in your browser to complete this form.<\/noscript><div class=\"wpforms-field-container\"><div id=\"wpforms-1338-field_1-container\" class=\"wpforms-field wpforms-field-name\" data-field-id=\"1\"><label class=\"wpforms-field-label\" for=\"wpforms-1338-field_1\">Nome <span class=\"wpforms-required-label\">*<\/span><\/label><div class=\"wpforms-field-row wpforms-field-medium\"><div class=\"wpforms-field-row-block wpforms-first wpforms-one-half\"><input type=\"text\" id=\"wpforms-1338-field_1\" class=\"wpforms-field-name-first wpforms-field-required\" name=\"wpforms[fields][1][first]\" placeholder=\"Primeiro nome\" required><label for=\"wpforms-1338-field_1\" class=\"wpforms-field-sublabel after wpforms-sublabel-hide\">First<\/label><\/div><div class=\"wpforms-field-row-block wpforms-one-half\"><input type=\"text\" id=\"wpforms-1338-field_1-last\" class=\"wpforms-field-name-last wpforms-field-required\" name=\"wpforms[fields][1][last]\" placeholder=\"\u00daltimo Nome\" required><label for=\"wpforms-1338-field_1-last\" class=\"wpforms-field-sublabel after wpforms-sublabel-hide\">Last<\/label><\/div><\/div><\/div><div id=\"wpforms-1338-field_2-container\" class=\"wpforms-field wpforms-field-phone\" data-field-id=\"2\"><label class=\"wpforms-field-label\" for=\"wpforms-1338-field_2\">Telefone <span class=\"wpforms-required-label\">*<\/span><\/label><input type=\"tel\" id=\"wpforms-1338-field_2\" class=\"wpforms-field-small wpforms-field-required wpforms-smart-phone-field\" data-rule-smart-phone-field=\"true\" name=\"wpforms[fields][2]\" required><\/div><div id=\"wpforms-1338-field_3-container\" class=\"wpforms-field wpforms-field-email\" data-field-id=\"3\"><label class=\"wpforms-field-label\" for=\"wpforms-1338-field_3\">Email <span class=\"wpforms-required-label\">*<\/span><\/label><input type=\"email\" id=\"wpforms-1338-field_3\" class=\"wpforms-field-small wpforms-field-required\" name=\"wpforms[fields][3]\" required><\/div><div id=\"wpforms-1338-field_4-container\" class=\"wpforms-field wpforms-field-date-time\" data-field-id=\"4\"><label class=\"wpforms-field-label\" for=\"wpforms-1338-field_4\">Data \/ Hora<\/label><div class=\"wpforms-field-row wpforms-field-medium\"><div class=\"wpforms-field-row-block wpforms-one-half wpforms-first\"><div class=\"wpforms-datepicker-wrap\"><input type=\"text\" id=\"wpforms-1338-field_4\" class=\"wpforms-field-date-time-date wpforms-datepicker\" data-date-format=\"F j, Y\" data-disable-past-dates=\"0\" data-input=\"true\" name=\"wpforms[fields][4][date]\" ><a title=\"Clear Date\" data-clear class=\"wpforms-datepicker-clear\" style=\"display:none;\"><\/a><\/div><label for=\"wpforms-1338-field_4\" class=\"wpforms-field-sublabel after \">Date<\/label><\/div><div class=\"wpforms-field-row-block wpforms-one-half\"><input type=\"text\" id=\"wpforms-1338-field_4-time\" class=\"wpforms-field-date-time-time wpforms-timepicker\" data-time-format=\"g:i A\" data-step=\"30\" data-rule-time12h=\"true\" name=\"wpforms[fields][4][time]\" ><label for=\"wpforms-1338-field_4-time\" class=\"wpforms-field-sublabel after \">Time<\/label><\/div><\/div><\/div><div id=\"wpforms-1338-field_5-container\" class=\"wpforms-field wpforms-field-textarea\" data-field-id=\"5\"><label class=\"wpforms-field-label\" for=\"wpforms-1338-field_5\">Observa\u00e7\u00f5es<\/label><textarea id=\"wpforms-1338-field_5\" class=\"wpforms-field-small wpforms-limit-characters-enabled\" data-form-id=\"1338\" data-field-id=\"5\" data-text-limit=\"2000\" name=\"wpforms[fields][5]\" maxlength=\"2000\" ><\/textarea><\/div><\/div><div class=\"wpforms-submit-container\"><input type=\"hidden\" name=\"wpforms[id]\" value=\"1338\"><input type=\"hidden\" name=\"wpforms[author]\" value=\"1\"><button type=\"submit\" name=\"wpforms[submit]\" id=\"wpforms-submit-1338\" class=\"wpforms-submit\" data-alt-text=\"A enviar pedido de marca\u00e7\u00e3o...\" data-submit-text=\"Agendar sess\u00e3o\" aria-live=\"assertive\" value=\"wpforms-submit\">Agendar sess\u00e3o<\/button><img loading=\"lazy\" decoding=\"async\" src=\"https:\/\/treenaturaterapias.com\/wp-content\/plugins\/wpforms\/assets\/images\/submit-spin.svg\" class=\"wpforms-submit-spinner\" style=\"display: none;\" width=\"26\" height=\"26\" alt=\"\"><\/div><\/form><\/div>  <!-- .wpforms-container -->","protected":false},"excerpt":{"rendered":"<p>Os registos Ak\u00e1shicos ou o Livro da Alma est\u00e3o guardados na biblioteca Universal, o Akasha. O Akasha \u00e9 uma biblioteca de a\u00e7\u00f5es de cada alma, pensamentos e emo\u00e7\u00f5es que tiveram um lugar no planeta Terra e em outros sistemas planet\u00e1rios. Todos os eventos de pequeno ou grande porte s\u00e3o permanentemente &hellip; <\/p>\n","protected":false},"author":1,"featured_media":0,"parent":0,"menu_order":0,"comment_status":"open","ping_status":"closed","template":"","meta":{"_monsterinsights_skip_tracking":false,"_monsterinsights_sitenote_active":false,"_monsterinsights_sitenote_note":"","_monsterinsights_sitenote_category":0,"footnotes":""},"class_list":["post-378","page","type-page","status-publish","hentry"],"yoast_head":"<!-- This site is optimized with the Yoast SEO plugin v27.4 - https:\/\/yoast.com\/product\/yoast-seo-wordpress\/ -->\n<title>Leitura de Registos Ak\u00e1shicos<\/title>\n<meta name=\"robots\" content=\"index, follow, max-snippet:-1, max-image-preview:large, max-video-preview:-1\" \/>\n<link rel=\"canonical\" href=\"https:\/\/treenaturaterapias.com\/en\/leitura-de-registos-akashicos\/\" \/>\n<meta property=\"og:locale\" content=\"en_US\" \/>\n<meta property=\"og:locale:alternate\" content=\"pt_PT\" \/>\n<meta property=\"og:locale:alternate\" content=\"fr_FR\" \/>\n<meta property=\"og:type\" content=\"article\" \/>\n<meta property=\"og:title\" content=\"Leitura de Registos Ak\u00e1shicos\" \/>\n<meta property=\"og:description\" content=\"Os registos Ak\u00e1shicos ou o Livro da Alma est\u00e3o guardados na biblioteca Universal, o Akasha. O Akasha \u00e9 uma biblioteca de a\u00e7\u00f5es de cada alma, pensamentos e emo\u00e7\u00f5es que tiveram um lugar no planeta Terra e em outros sistemas planet\u00e1rios. Todos os eventos de pequeno ou grande porte s\u00e3o permanentemente &hellip;\" \/>\n<meta property=\"og:url\" content=\"https:\/\/treenaturaterapias.com\/en\/leitura-de-registos-akashicos\/\" \/>\n<meta property=\"og:site_name\" content=\"Tree Natura Terapias\" \/>\n<meta property=\"article:modified_time\" content=\"2023-10-31T20:17:17+00:00\" \/>\n<meta property=\"og:image\" content=\"https:\/\/treenaturaterapias.com\/wp-content\/uploads\/2023\/09\/Leitura-de-Registos-Akashicos-1024x576.png\" \/>\n<meta name=\"twitter:card\" content=\"summary_large_image\" \/>\n<meta name=\"twitter:label1\" content=\"Est. reading time\" \/>\n\t<meta name=\"twitter:data1\" content=\"3 minutes\" \/>\n<script type=\"application\/ld+json\" class=\"yoast-schema-graph\">{\"@context\":\"https:\\\/\\\/schema.org\",\"@graph\":[{\"@type\":\"WebPage\",\"@id\":\"https:\\\/\\\/treenaturaterapias.com\\\/leitura-de-registos-akashicos\\\/\",\"url\":\"https:\\\/\\\/treenaturaterapias.com\\\/leitura-de-registos-akashicos\\\/\",\"name\":\"Leitura de Registos Ak\u00e1shicos\",\"isPartOf\":{\"@id\":\"https:\\\/\\\/treenaturaterapias.com\\\/#website\"},\"primaryImageOfPage\":{\"@id\":\"https:\\\/\\\/treenaturaterapias.com\\\/leitura-de-registos-akashicos\\\/#primaryimage\"},\"image\":{\"@id\":\"https:\\\/\\\/treenaturaterapias.com\\\/leitura-de-registos-akashicos\\\/#primaryimage\"},\"thumbnailUrl\":\"https:\\\/\\\/treenaturaterapias.com\\\/wp-content\\\/uploads\\\/2023\\\/09\\\/Leitura-de-Registos-Akashicos-1024x576.png\",\"datePublished\":\"2017-06-09T19:05:35+00:00\",\"dateModified\":\"2023-10-31T20:17:17+00:00\",\"breadcrumb\":{\"@id\":\"https:\\\/\\\/treenaturaterapias.com\\\/leitura-de-registos-akashicos\\\/#breadcrumb\"},\"inLanguage\":\"en-US\",\"potentialAction\":[{\"@type\":\"ReadAction\",\"target\":[\"https:\\\/\\\/treenaturaterapias.com\\\/leitura-de-registos-akashicos\\\/\"]}]},{\"@type\":\"ImageObject\",\"inLanguage\":\"en-US\",\"@id\":\"https:\\\/\\\/treenaturaterapias.com\\\/leitura-de-registos-akashicos\\\/#primaryimage\",\"url\":\"https:\\\/\\\/treenaturaterapias.com\\\/wp-content\\\/uploads\\\/2023\\\/09\\\/Leitura-de-Registos-Akashicos-1024x576.png\",\"contentUrl\":\"https:\\\/\\\/treenaturaterapias.com\\\/wp-content\\\/uploads\\\/2023\\\/09\\\/Leitura-de-Registos-Akashicos-1024x576.png\"},{\"@type\":\"BreadcrumbList\",\"@id\":\"https:\\\/\\\/treenaturaterapias.com\\\/leitura-de-registos-akashicos\\\/#breadcrumb\",\"itemListElement\":[{\"@type\":\"ListItem\",\"position\":1,\"name\":\"In\u00edcio\",\"item\":\"https:\\\/\\\/treenaturaterapias.com\\\/\"},{\"@type\":\"ListItem\",\"position\":2,\"name\":\"Leitura de Registos Ak\u00e1shicos\"}]},{\"@type\":\"WebSite\",\"@id\":\"https:\\\/\\\/treenaturaterapias.com\\\/#website\",\"url\":\"https:\\\/\\\/treenaturaterapias.com\\\/\",\"name\":\"Tree Natura Terapias\",\"description\":\"Reconhecendo o Divino que habita em si\",\"publisher\":{\"@id\":\"https:\\\/\\\/treenaturaterapias.com\\\/#\\\/schema\\\/person\\\/267944d8880bf51dd22b9803435d65c6\"},\"potentialAction\":[{\"@type\":\"SearchAction\",\"target\":{\"@type\":\"EntryPoint\",\"urlTemplate\":\"https:\\\/\\\/treenaturaterapias.com\\\/?s={search_term_string}\"},\"query-input\":{\"@type\":\"PropertyValueSpecification\",\"valueRequired\":true,\"valueName\":\"search_term_string\"}}],\"inLanguage\":\"en-US\"},{\"@type\":[\"Person\",\"Organization\"],\"@id\":\"https:\\\/\\\/treenaturaterapias.com\\\/#\\\/schema\\\/person\\\/267944d8880bf51dd22b9803435d65c6\",\"name\":\"C\u00e9lia de Jesus\",\"image\":{\"@type\":\"ImageObject\",\"inLanguage\":\"en-US\",\"@id\":\"https:\\\/\\\/treenaturaterapias.com\\\/wp-content\\\/uploads\\\/2018\\\/09\\\/cropped-18901839_10154690353442194_1408032629_o.jpg\",\"url\":\"https:\\\/\\\/treenaturaterapias.com\\\/wp-content\\\/uploads\\\/2018\\\/09\\\/cropped-18901839_10154690353442194_1408032629_o.jpg\",\"contentUrl\":\"https:\\\/\\\/treenaturaterapias.com\\\/wp-content\\\/uploads\\\/2018\\\/09\\\/cropped-18901839_10154690353442194_1408032629_o.jpg\",\"width\":512,\"height\":512,\"caption\":\"C\u00e9lia de Jesus\"},\"logo\":{\"@id\":\"https:\\\/\\\/treenaturaterapias.com\\\/wp-content\\\/uploads\\\/2018\\\/09\\\/cropped-18901839_10154690353442194_1408032629_o.jpg\"}}]}<\/script>\n<!-- \/ Yoast SEO plugin. -->","yoast_head_json":{"title":"Leitura de Registos Ak\u00e1shicos","robots":{"index":"index","follow":"follow","max-snippet":"max-snippet:-1","max-image-preview":"max-image-preview:large","max-video-preview":"max-video-preview:-1"},"canonical":"https:\/\/treenaturaterapias.com\/en\/leitura-de-registos-akashicos\/","og_locale":"en_US","og_type":"article","og_title":"[:pt]Leitura de Registos Ak\u00e1shicos[:] - Tree Natura Terapias","og_description":"Os registos Ak\u00e1shicos ou o Livro da Alma est\u00e3o guardados na biblioteca Universal, o Akasha. O Akasha \u00e9 uma biblioteca de a\u00e7\u00f5es de cada alma, pensamentos e emo\u00e7\u00f5es que tiveram um lugar no planeta Terra e em outros sistemas planet\u00e1rios. Todos os eventos de pequeno ou grande porte s\u00e3o permanentemente &hellip;","og_url":"https:\/\/treenaturaterapias.com\/en\/leitura-de-registos-akashicos\/","og_site_name":"Tree Natura Terapias","article_modified_time":"2023-10-31T20:17:17+00:00","og_image":[{"url":"https:\/\/treenaturaterapias.com\/wp-content\/uploads\/2023\/09\/Leitura-de-Registos-Akashicos-1024x576.png","type":"","width":"","height":""}],"twitter_card":"summary_large_image","twitter_misc":{"Est. reading time":"3 minutes"},"schema":{"@context":"https:\/\/schema.org","@graph":[{"@type":"WebPage","@id":"https:\/\/treenaturaterapias.com\/leitura-de-registos-akashicos\/","url":"https:\/\/treenaturaterapias.com\/leitura-de-registos-akashicos\/","name":"Leitura de Registos Ak\u00e1shicos","isPartOf":{"@id":"https:\/\/treenaturaterapias.com\/#website"},"primaryImageOfPage":{"@id":"https:\/\/treenaturaterapias.com\/leitura-de-registos-akashicos\/#primaryimage"},"image":{"@id":"https:\/\/treenaturaterapias.com\/leitura-de-registos-akashicos\/#primaryimage"},"thumbnailUrl":"https:\/\/treenaturaterapias.com\/wp-content\/uploads\/2023\/09\/Leitura-de-Registos-Akashicos-1024x576.png","datePublished":"2017-06-09T19:05:35+00:00","dateModified":"2023-10-31T20:17:17+00:00","breadcrumb":{"@id":"https:\/\/treenaturaterapias.com\/leitura-de-registos-akashicos\/#breadcrumb"},"inLanguage":"en-US","potentialAction":[{"@type":"ReadAction","target":["https:\/\/treenaturaterapias.com\/leitura-de-registos-akashicos\/"]}]},{"@type":"ImageObject","inLanguage":"en-US","@id":"https:\/\/treenaturaterapias.com\/leitura-de-registos-akashicos\/#primaryimage","url":"https:\/\/treenaturaterapias.com\/wp-content\/uploads\/2023\/09\/Leitura-de-Registos-Akashicos-1024x576.png","contentUrl":"https:\/\/treenaturaterapias.com\/wp-content\/uploads\/2023\/09\/Leitura-de-Registos-Akashicos-1024x576.png"},{"@type":"BreadcrumbList","@id":"https:\/\/treenaturaterapias.com\/leitura-de-registos-akashicos\/#breadcrumb","itemListElement":[{"@type":"ListItem","position":1,"name":"In\u00edcio","item":"https:\/\/treenaturaterapias.com\/"},{"@type":"ListItem","position":2,"name":"Leitura de Registos Ak\u00e1shicos"}]},{"@type":"WebSite","@id":"https:\/\/treenaturaterapias.com\/#website","url":"https:\/\/treenaturaterapias.com\/","name":"Tree Natura Terapias","description":"Reconhecendo o Divino que habita em si","publisher":{"@id":"https:\/\/treenaturaterapias.com\/#\/schema\/person\/267944d8880bf51dd22b9803435d65c6"},"potentialAction":[{"@type":"SearchAction","target":{"@type":"EntryPoint","urlTemplate":"https:\/\/treenaturaterapias.com\/?s={search_term_string}"},"query-input":{"@type":"PropertyValueSpecification","valueRequired":true,"valueName":"search_term_string"}}],"inLanguage":"en-US"},{"@type":["Person","Organization"],"@id":"https:\/\/treenaturaterapias.com\/#\/schema\/person\/267944d8880bf51dd22b9803435d65c6","name":"C\u00e9lia de Jesus","image":{"@type":"ImageObject","inLanguage":"en-US","@id":"https:\/\/treenaturaterapias.com\/wp-content\/uploads\/2018\/09\/cropped-18901839_10154690353442194_1408032629_o.jpg","url":"https:\/\/treenaturaterapias.com\/wp-content\/uploads\/2018\/09\/cropped-18901839_10154690353442194_1408032629_o.jpg","contentUrl":"https:\/\/treenaturaterapias.com\/wp-content\/uploads\/2018\/09\/cropped-18901839_10154690353442194_1408032629_o.jpg","width":512,"height":512,"caption":"C\u00e9lia de Jesus"},"logo":{"@id":"https:\/\/treenaturaterapias.com\/wp-content\/uploads\/2018\/09\/cropped-18901839_10154690353442194_1408032629_o.jpg"}}]}},"_links":{"self":[{"href":"https:\/\/treenaturaterapias.com\/en\/wp-json\/wp\/v2\/pages\/378","targetHints":{"allow":["GET"]}}],"collection":[{"href":"https:\/\/treenaturaterapias.com\/en\/wp-json\/wp\/v2\/pages"}],"about":[{"href":"https:\/\/treenaturaterapias.com\/en\/wp-json\/wp\/v2\/types\/page"}],"author":[{"embeddable":true,"href":"https:\/\/treenaturaterapias.com\/en\/wp-json\/wp\/v2\/users\/1"}],"replies":[{"embeddable":true,"href":"https:\/\/treenaturaterapias.com\/en\/wp-json\/wp\/v2\/comments?post=378"}],"version-history":[{"count":0,"href":"https:\/\/treenaturaterapias.com\/en\/wp-json\/wp\/v2\/pages\/378\/revisions"}],"wp:attachment":[{"href":"https:\/\/treenaturaterapias.com\/en\/wp-json\/wp\/v2\/media?parent=378"}],"curies":[{"name":"wp","href":"https:\/\/api.w.org\/{rel}","templated":true}]}}