{"id":338,"date":"2017-05-22T08:21:56","date_gmt":"2017-05-22T08:21:56","guid":{"rendered":"https:\/\/treenaturaterapias.com\/?page_id=338"},"modified":"2017-12-22T18:55:53","modified_gmt":"2017-12-22T18:55:53","slug":"curso-de-conexao-ava","status":"publish","type":"page","link":"https:\/\/treenaturaterapias.com\/en\/curso-de-conexao-ava\/","title":{"rendered":"Curso de Conex\u00e3o AVA"},"content":{"rendered":"<p>A terapia <a href=\"https:\/\/treenaturaterapias.com\/conexao-ava\/\" target=\"_blank\" rel=\"noopener noreferrer\">Conex\u00e3o Ava<\/a> \u00e9 uma terapia canalizada por C\u00e9lia de Jesus em 2013. Tem vindo a ser adaptada constantemente com a nossa realidade e com a necessidade de urg\u00eancia em crescimento de consci\u00eancia da humanidade.<\/p>\n<p>Nesta terapia grande parte do trabalho \u00e9 feito pelos irm\u00e3os Artcturianos. Parte desta t\u00e9cnica tem vindo a ser revelada e \u00e9 possivel assim transmitir um dos processos que fazem o ancoramento parcial da energia de Arcturianos para efectuar a Terapia Conex\u00e3o AVA. Nasce assim parcialmente o Curso de Conex\u00e3o AVA.<\/p>\n<p>O povo Arcturiano s\u00e3o irm\u00e3os muito purificados e com t\u00e9cnicas avan\u00e7ad\u00edssimas. Sendo assim \u00e9 necess\u00e1rio que se purifique ao m\u00e1ximo o esp\u00edrito e corpo para poder trabalhar com eles sem usar s\u00edmbolos ou t\u00e9cnicas de voz.<\/p>\n<p>Neste curso parcial vai ser feito o processo de Completude. Este processo foi ancorado e recebido na \u00cdndia pelas m\u00e3os e com a b\u00ean\u00e7\u00e3o directa do Avatar H.H. \u00a0Paramahansa Nityananda para aplicar em Portugal. Nesse dia os irm\u00e3os Arcturianos manifestaram-se dizendo que fazia parte do curso de Conex\u00e3o AVA.<\/p>\n<p>O processo de completude consiste em completar grandes bloqueios que consideramos negativos nesta vida. Visto ter a presen\u00e7a directa da energia de Paramahansa Nithyananda (um iluminado encarnado) o processo torna-se \u00fanico. Nithyananda \u00e9 a energia de Shiva encarnado, e Shiva \u00e9 o destruidor para poder construir novamente com outra energia. \u00c9 um processo bastante forte e algo doloroso porque a Energia de Nithyananda vai fazer viver novamente esses bloqueios de uma forma real e eliminando por fim esses mesmos bloqueios. Os irm\u00e3os Arcturianos ir\u00e3o estar tamb\u00e9m presentes para normalizar a energia durante o processo visto toda ela ir ser mexida de uma maneira bem feroz. Esta \u00e9 uma das t\u00e9cnicas par quebrar padr\u00f5es negativos e enraizados de uma maneira r\u00e1pida e eficaz, tendo ajuda de um iluminado por tr\u00e1s que j\u00e1 fez o mesmo processo.<\/p>\n<p>Neste curso parcial de Conex\u00e3o AVA ser\u00e1 apenas feito este processo. N\u00e3o ser\u00e1 ancorado energias de Arcturianos.\u00a0 Estes irm\u00e3os apenas estar\u00e3o presentes para equilibrar emocionalmente e ancorar energias\u00a0 de transforma\u00e7\u00e3o e ascens\u00e3o assim que come\u00e7arem a ser quebrados os bloqueios.<\/p>\n<p>&nbsp;<\/p>\n","protected":false},"excerpt":{"rendered":"<p>A terapia Conex\u00e3o Ava \u00e9 uma terapia canalizada por C\u00e9lia de Jesus em 2013. Tem vindo a ser adaptada constantemente com a nossa realidade e com a necessidade de urg\u00eancia em crescimento de consci\u00eancia da humanidade. Nesta terapia grande parte do trabalho \u00e9 feito pelos irm\u00e3os Artcturianos. Parte desta t\u00e9cnica &hellip; <\/p>\n","protected":false},"author":1,"featured_media":0,"parent":0,"menu_order":0,"comment_status":"closed","ping_status":"closed","template":"","meta":{"_monsterinsights_skip_tracking":false,"_monsterinsights_sitenote_active":false,"_monsterinsights_sitenote_note":"","_monsterinsights_sitenote_category":0,"footnotes":""},"class_list":["post-338","page","type-page","status-publish","hentry"],"yoast_head":"<!-- This site is optimized with the Yoast SEO plugin v27.4 - https:\/\/yoast.com\/product\/yoast-seo-wordpress\/ -->\n<title>Curso de Conex\u00e3o AVA - Tree Natura Terapias<\/title>\n<meta name=\"robots\" content=\"index, follow, max-snippet:-1, max-image-preview:large, max-video-preview:-1\" \/>\n<link rel=\"canonical\" href=\"https:\/\/treenaturaterapias.com\/en\/curso-de-conexao-ava\/\" \/>\n<meta property=\"og:locale\" content=\"en_US\" \/>\n<meta property=\"og:locale:alternate\" content=\"pt_PT\" \/>\n<meta property=\"og:locale:alternate\" content=\"fr_FR\" \/>\n<meta property=\"og:type\" content=\"article\" \/>\n<meta property=\"og:title\" content=\"Curso de Conex\u00e3o AVA - Tree Natura Terapias\" \/>\n<meta property=\"og:description\" content=\"A terapia Conex\u00e3o Ava \u00e9 uma terapia canalizada por C\u00e9lia de Jesus em 2013. Tem vindo a ser adaptada constantemente com a nossa realidade e com a necessidade de urg\u00eancia em crescimento de consci\u00eancia da humanidade. Nesta terapia grande parte do trabalho \u00e9 feito pelos irm\u00e3os Artcturianos. Parte desta t\u00e9cnica &hellip;\" \/>\n<meta property=\"og:url\" content=\"https:\/\/treenaturaterapias.com\/en\/curso-de-conexao-ava\/\" \/>\n<meta property=\"og:site_name\" content=\"Tree Natura Terapias\" \/>\n<meta property=\"article:modified_time\" content=\"2017-12-22T18:55:53+00:00\" \/>\n<meta name=\"twitter:card\" content=\"summary_large_image\" \/>\n<meta name=\"twitter:label1\" content=\"Est. reading time\" \/>\n\t<meta name=\"twitter:data1\" content=\"2 minutes\" \/>\n<script type=\"application\/ld+json\" class=\"yoast-schema-graph\">{\"@context\":\"https:\\\/\\\/schema.org\",\"@graph\":[{\"@type\":\"WebPage\",\"@id\":\"https:\\\/\\\/treenaturaterapias.com\\\/curso-de-conexao-ava\\\/\",\"url\":\"https:\\\/\\\/treenaturaterapias.com\\\/curso-de-conexao-ava\\\/\",\"name\":\"Curso de Conex\u00e3o AVA - Tree Natura Terapias\",\"isPartOf\":{\"@id\":\"https:\\\/\\\/treenaturaterapias.com\\\/#website\"},\"datePublished\":\"2017-05-22T08:21:56+00:00\",\"dateModified\":\"2017-12-22T18:55:53+00:00\",\"breadcrumb\":{\"@id\":\"https:\\\/\\\/treenaturaterapias.com\\\/curso-de-conexao-ava\\\/#breadcrumb\"},\"inLanguage\":\"en-US\",\"potentialAction\":[{\"@type\":\"ReadAction\",\"target\":[\"https:\\\/\\\/treenaturaterapias.com\\\/curso-de-conexao-ava\\\/\"]}]},{\"@type\":\"BreadcrumbList\",\"@id\":\"https:\\\/\\\/treenaturaterapias.com\\\/curso-de-conexao-ava\\\/#breadcrumb\",\"itemListElement\":[{\"@type\":\"ListItem\",\"position\":1,\"name\":\"In\u00edcio\",\"item\":\"https:\\\/\\\/treenaturaterapias.com\\\/\"},{\"@type\":\"ListItem\",\"position\":2,\"name\":\"Curso de Conex\u00e3o AVA\"}]},{\"@type\":\"WebSite\",\"@id\":\"https:\\\/\\\/treenaturaterapias.com\\\/#website\",\"url\":\"https:\\\/\\\/treenaturaterapias.com\\\/\",\"name\":\"Tree Natura Terapias\",\"description\":\"Reconhecendo o Divino que habita em si\",\"publisher\":{\"@id\":\"https:\\\/\\\/treenaturaterapias.com\\\/#\\\/schema\\\/person\\\/267944d8880bf51dd22b9803435d65c6\"},\"potentialAction\":[{\"@type\":\"SearchAction\",\"target\":{\"@type\":\"EntryPoint\",\"urlTemplate\":\"https:\\\/\\\/treenaturaterapias.com\\\/?s={search_term_string}\"},\"query-input\":{\"@type\":\"PropertyValueSpecification\",\"valueRequired\":true,\"valueName\":\"search_term_string\"}}],\"inLanguage\":\"en-US\"},{\"@type\":[\"Person\",\"Organization\"],\"@id\":\"https:\\\/\\\/treenaturaterapias.com\\\/#\\\/schema\\\/person\\\/267944d8880bf51dd22b9803435d65c6\",\"name\":\"C\u00e9lia de Jesus\",\"image\":{\"@type\":\"ImageObject\",\"inLanguage\":\"en-US\",\"@id\":\"https:\\\/\\\/treenaturaterapias.com\\\/wp-content\\\/uploads\\\/2018\\\/09\\\/cropped-18901839_10154690353442194_1408032629_o.jpg\",\"url\":\"https:\\\/\\\/treenaturaterapias.com\\\/wp-content\\\/uploads\\\/2018\\\/09\\\/cropped-18901839_10154690353442194_1408032629_o.jpg\",\"contentUrl\":\"https:\\\/\\\/treenaturaterapias.com\\\/wp-content\\\/uploads\\\/2018\\\/09\\\/cropped-18901839_10154690353442194_1408032629_o.jpg\",\"width\":512,\"height\":512,\"caption\":\"C\u00e9lia de Jesus\"},\"logo\":{\"@id\":\"https:\\\/\\\/treenaturaterapias.com\\\/wp-content\\\/uploads\\\/2018\\\/09\\\/cropped-18901839_10154690353442194_1408032629_o.jpg\"}}]}<\/script>\n<!-- \/ Yoast SEO plugin. -->","yoast_head_json":{"title":"Curso de Conex\u00e3o AVA - Tree Natura Terapias","robots":{"index":"index","follow":"follow","max-snippet":"max-snippet:-1","max-image-preview":"max-image-preview:large","max-video-preview":"max-video-preview:-1"},"canonical":"https:\/\/treenaturaterapias.com\/en\/curso-de-conexao-ava\/","og_locale":"en_US","og_type":"article","og_title":"Curso de Conex\u00e3o AVA - Tree Natura Terapias","og_description":"A terapia Conex\u00e3o Ava \u00e9 uma terapia canalizada por C\u00e9lia de Jesus em 2013. Tem vindo a ser adaptada constantemente com a nossa realidade e com a necessidade de urg\u00eancia em crescimento de consci\u00eancia da humanidade. Nesta terapia grande parte do trabalho \u00e9 feito pelos irm\u00e3os Artcturianos. Parte desta t\u00e9cnica &hellip;","og_url":"https:\/\/treenaturaterapias.com\/en\/curso-de-conexao-ava\/","og_site_name":"Tree Natura Terapias","article_modified_time":"2017-12-22T18:55:53+00:00","twitter_card":"summary_large_image","twitter_misc":{"Est. reading time":"2 minutes"},"schema":{"@context":"https:\/\/schema.org","@graph":[{"@type":"WebPage","@id":"https:\/\/treenaturaterapias.com\/curso-de-conexao-ava\/","url":"https:\/\/treenaturaterapias.com\/curso-de-conexao-ava\/","name":"Curso de Conex\u00e3o AVA - Tree Natura Terapias","isPartOf":{"@id":"https:\/\/treenaturaterapias.com\/#website"},"datePublished":"2017-05-22T08:21:56+00:00","dateModified":"2017-12-22T18:55:53+00:00","breadcrumb":{"@id":"https:\/\/treenaturaterapias.com\/curso-de-conexao-ava\/#breadcrumb"},"inLanguage":"en-US","potentialAction":[{"@type":"ReadAction","target":["https:\/\/treenaturaterapias.com\/curso-de-conexao-ava\/"]}]},{"@type":"BreadcrumbList","@id":"https:\/\/treenaturaterapias.com\/curso-de-conexao-ava\/#breadcrumb","itemListElement":[{"@type":"ListItem","position":1,"name":"In\u00edcio","item":"https:\/\/treenaturaterapias.com\/"},{"@type":"ListItem","position":2,"name":"Curso de Conex\u00e3o AVA"}]},{"@type":"WebSite","@id":"https:\/\/treenaturaterapias.com\/#website","url":"https:\/\/treenaturaterapias.com\/","name":"Tree Natura Terapias","description":"Reconhecendo o Divino que habita em si","publisher":{"@id":"https:\/\/treenaturaterapias.com\/#\/schema\/person\/267944d8880bf51dd22b9803435d65c6"},"potentialAction":[{"@type":"SearchAction","target":{"@type":"EntryPoint","urlTemplate":"https:\/\/treenaturaterapias.com\/?s={search_term_string}"},"query-input":{"@type":"PropertyValueSpecification","valueRequired":true,"valueName":"search_term_string"}}],"inLanguage":"en-US"},{"@type":["Person","Organization"],"@id":"https:\/\/treenaturaterapias.com\/#\/schema\/person\/267944d8880bf51dd22b9803435d65c6","name":"C\u00e9lia de Jesus","image":{"@type":"ImageObject","inLanguage":"en-US","@id":"https:\/\/treenaturaterapias.com\/wp-content\/uploads\/2018\/09\/cropped-18901839_10154690353442194_1408032629_o.jpg","url":"https:\/\/treenaturaterapias.com\/wp-content\/uploads\/2018\/09\/cropped-18901839_10154690353442194_1408032629_o.jpg","contentUrl":"https:\/\/treenaturaterapias.com\/wp-content\/uploads\/2018\/09\/cropped-18901839_10154690353442194_1408032629_o.jpg","width":512,"height":512,"caption":"C\u00e9lia de Jesus"},"logo":{"@id":"https:\/\/treenaturaterapias.com\/wp-content\/uploads\/2018\/09\/cropped-18901839_10154690353442194_1408032629_o.jpg"}}]}},"_links":{"self":[{"href":"https:\/\/treenaturaterapias.com\/en\/wp-json\/wp\/v2\/pages\/338","targetHints":{"allow":["GET"]}}],"collection":[{"href":"https:\/\/treenaturaterapias.com\/en\/wp-json\/wp\/v2\/pages"}],"about":[{"href":"https:\/\/treenaturaterapias.com\/en\/wp-json\/wp\/v2\/types\/page"}],"author":[{"embeddable":true,"href":"https:\/\/treenaturaterapias.com\/en\/wp-json\/wp\/v2\/users\/1"}],"replies":[{"embeddable":true,"href":"https:\/\/treenaturaterapias.com\/en\/wp-json\/wp\/v2\/comments?post=338"}],"version-history":[{"count":0,"href":"https:\/\/treenaturaterapias.com\/en\/wp-json\/wp\/v2\/pages\/338\/revisions"}],"wp:attachment":[{"href":"https:\/\/treenaturaterapias.com\/en\/wp-json\/wp\/v2\/media?parent=338"}],"curies":[{"name":"wp","href":"https:\/\/api.w.org\/{rel}","templated":true}]}}