{"id":252,"date":"2017-04-02T19:03:22","date_gmt":"2017-04-02T19:03:22","guid":{"rendered":"https:\/\/treenaturaterapias.com\/?page_id=252"},"modified":"2023-09-10T12:16:39","modified_gmt":"2023-09-10T12:16:39","slug":"ofertas-promocoes","status":"publish","type":"page","link":"https:\/\/treenaturaterapias.com\/en\/ofertas-promocoes\/","title":{"rendered":"Ofertas &#038; Promo\u00e7\u00f5es"},"content":{"rendered":"<p>Porque n\u00e3o nos conhece, a qualidade dos nossos servi\u00e7os, a qualidade do nosso atendimento e os resultados que atingimos, gostar\u00edamos de lhe dar as boas vindas \u00e0 <strong>Tree Natura Terapias<\/strong> para poder usufruir de alguns dos nossos servi\u00e7os com Promo\u00e7\u00f5es, como forma de agradecimento <3 Agora n\u00e3o tem desculpas para n\u00e3o nos visitar e ver tudo o que podemos fazer pelo seu crescimento pessoal, autoconhecimento e mudan\u00e7as para o seu prop\u00f3sito de vida!\n\n\n<ul>\n<li><span style=\"color: #0000ff;\"><strong>Pack Tarot + Conex\u00e3o AVA: apenas 40\u20ac <span style=\"color: #000000;\">&#8211; <\/span><\/strong><span style=\"color: #000000;\">Uma sess\u00e3o de Tarot (em modo terap\u00eautico com finalidade de encontrar bloqueios para tratar e n\u00e3o num modo divinat\u00f3rio) \u00a0 e no final uma terapia Conex\u00e3o AVA para equilibrar toda a tomada de consci\u00eancia feita. A sess\u00e3o dura aproximadamente 1h30.<\/span><\/span><\/li>\n<\/ul>\n<ul>\n<li><span style=\"color: #0000ff;\"><strong>Pack 3 sess\u00f5es de <a href=\"https:\/\/treenaturaterapias.com\/conexao-ava\/\" target=\"_blank\" rel=\"noopener noreferrer\">Conex\u00e3o AVA<\/a>: apenas 60\u20ac <span style=\"color: #000000;\">&#8211;\u00a0 <\/span><\/strong><span style=\"color: #000000;\">Recomenda-se fazer a <\/span><span style=\"color: #000000;\">Conex\u00e3o AVA\u00a0 6 vezes para resultados mais s\u00f3lidos. Assim com a compra deste pack\u00a0 (pago na totalidade) usufrui de desconto.<\/span><strong><br \/>\n<\/strong><\/span><\/li>\n<\/ul>\n<p>&#8211; Todas as ofertas podem ser feitas presencialmente ou via Zoom\/Whatsapp<\/p>\n<p>&#8211; Localiza\u00e7\u00e3o: Rua Jaime Lopes Dias, 2, 12 esq. 1750-124 Lisboa<br \/>\n&#8211; \u00c9 necess\u00e1ria reserva pr\u00e9via pelo email consultas@treenaturaterapias.com<br \/>\n&#8211; Utiliza\u00e7\u00e3o m\u00e1xima de 1 proposta p\/pax, mas poder\u00e1 comprar mais para oferecer.<\/p>\n","protected":false},"excerpt":{"rendered":"<p>Porque n\u00e3o nos conhece, a qualidade dos nossos servi\u00e7os, a qualidade do nosso atendimento e os resultados que atingimos, gostar\u00edamos de lhe dar as boas vindas \u00e0 Tree Natura Terapias para poder usufruir de alguns dos nossos servi\u00e7os com Promo\u00e7\u00f5es, como forma de agradecimento<\/p>\n","protected":false},"author":1,"featured_media":0,"parent":0,"menu_order":0,"comment_status":"closed","ping_status":"closed","template":"","meta":{"_monsterinsights_skip_tracking":false,"_monsterinsights_sitenote_active":false,"_monsterinsights_sitenote_note":"","_monsterinsights_sitenote_category":0,"footnotes":""},"class_list":["post-252","page","type-page","status-publish","hentry"],"yoast_head":"<!-- This site is optimized with the Yoast SEO plugin v27.4 - https:\/\/yoast.com\/product\/yoast-seo-wordpress\/ -->\n<title>Ofertas &amp; Promo\u00e7\u00f5es<\/title>\n<meta name=\"robots\" content=\"index, follow, max-snippet:-1, max-image-preview:large, max-video-preview:-1\" \/>\n<link rel=\"canonical\" href=\"https:\/\/treenaturaterapias.com\/en\/ofertas-promocoes\/\" \/>\n<meta property=\"og:locale\" content=\"en_US\" \/>\n<meta property=\"og:locale:alternate\" content=\"pt_PT\" \/>\n<meta property=\"og:locale:alternate\" content=\"fr_FR\" \/>\n<meta property=\"og:type\" content=\"article\" \/>\n<meta property=\"og:title\" content=\"Ofertas &amp; Promo\u00e7\u00f5es\" \/>\n<meta property=\"og:description\" content=\"Porque n\u00e3o nos conhece, a qualidade dos nossos servi\u00e7os, a qualidade do nosso atendimento e os resultados que atingimos, gostar\u00edamos de lhe dar as boas vindas \u00e0 Tree Natura Terapias para poder usufruir de alguns dos nossos servi\u00e7os com Promo\u00e7\u00f5es, como forma de agradecimento\" \/>\n<meta property=\"og:url\" content=\"https:\/\/treenaturaterapias.com\/en\/ofertas-promocoes\/\" \/>\n<meta property=\"og:site_name\" content=\"Tree Natura Terapias\" \/>\n<meta property=\"article:modified_time\" content=\"2023-09-10T12:16:39+00:00\" \/>\n<meta name=\"twitter:card\" content=\"summary_large_image\" \/>\n<meta name=\"twitter:label1\" content=\"Est. reading time\" \/>\n\t<meta name=\"twitter:data1\" content=\"1 minute\" \/>\n<script type=\"application\/ld+json\" class=\"yoast-schema-graph\">{\"@context\":\"https:\\\/\\\/schema.org\",\"@graph\":[{\"@type\":\"WebPage\",\"@id\":\"https:\\\/\\\/treenaturaterapias.com\\\/ofertas-promocoes\\\/\",\"url\":\"https:\\\/\\\/treenaturaterapias.com\\\/ofertas-promocoes\\\/\",\"name\":\"Ofertas & Promo\u00e7\u00f5es\",\"isPartOf\":{\"@id\":\"https:\\\/\\\/treenaturaterapias.com\\\/#website\"},\"datePublished\":\"2017-04-02T19:03:22+00:00\",\"dateModified\":\"2023-09-10T12:16:39+00:00\",\"breadcrumb\":{\"@id\":\"https:\\\/\\\/treenaturaterapias.com\\\/ofertas-promocoes\\\/#breadcrumb\"},\"inLanguage\":\"en-US\",\"potentialAction\":[{\"@type\":\"ReadAction\",\"target\":[\"https:\\\/\\\/treenaturaterapias.com\\\/ofertas-promocoes\\\/\"]}]},{\"@type\":\"BreadcrumbList\",\"@id\":\"https:\\\/\\\/treenaturaterapias.com\\\/ofertas-promocoes\\\/#breadcrumb\",\"itemListElement\":[{\"@type\":\"ListItem\",\"position\":1,\"name\":\"In\u00edcio\",\"item\":\"https:\\\/\\\/treenaturaterapias.com\\\/\"},{\"@type\":\"ListItem\",\"position\":2,\"name\":\"Ofertas &#038; Promo\u00e7\u00f5es\"}]},{\"@type\":\"WebSite\",\"@id\":\"https:\\\/\\\/treenaturaterapias.com\\\/#website\",\"url\":\"https:\\\/\\\/treenaturaterapias.com\\\/\",\"name\":\"Tree Natura Terapias\",\"description\":\"Reconhecendo o Divino que habita em si\",\"publisher\":{\"@id\":\"https:\\\/\\\/treenaturaterapias.com\\\/#\\\/schema\\\/person\\\/267944d8880bf51dd22b9803435d65c6\"},\"potentialAction\":[{\"@type\":\"SearchAction\",\"target\":{\"@type\":\"EntryPoint\",\"urlTemplate\":\"https:\\\/\\\/treenaturaterapias.com\\\/?s={search_term_string}\"},\"query-input\":{\"@type\":\"PropertyValueSpecification\",\"valueRequired\":true,\"valueName\":\"search_term_string\"}}],\"inLanguage\":\"en-US\"},{\"@type\":[\"Person\",\"Organization\"],\"@id\":\"https:\\\/\\\/treenaturaterapias.com\\\/#\\\/schema\\\/person\\\/267944d8880bf51dd22b9803435d65c6\",\"name\":\"C\u00e9lia de Jesus\",\"image\":{\"@type\":\"ImageObject\",\"inLanguage\":\"en-US\",\"@id\":\"https:\\\/\\\/treenaturaterapias.com\\\/wp-content\\\/uploads\\\/2018\\\/09\\\/cropped-18901839_10154690353442194_1408032629_o.jpg\",\"url\":\"https:\\\/\\\/treenaturaterapias.com\\\/wp-content\\\/uploads\\\/2018\\\/09\\\/cropped-18901839_10154690353442194_1408032629_o.jpg\",\"contentUrl\":\"https:\\\/\\\/treenaturaterapias.com\\\/wp-content\\\/uploads\\\/2018\\\/09\\\/cropped-18901839_10154690353442194_1408032629_o.jpg\",\"width\":512,\"height\":512,\"caption\":\"C\u00e9lia de Jesus\"},\"logo\":{\"@id\":\"https:\\\/\\\/treenaturaterapias.com\\\/wp-content\\\/uploads\\\/2018\\\/09\\\/cropped-18901839_10154690353442194_1408032629_o.jpg\"}}]}<\/script>\n<!-- \/ Yoast SEO plugin. -->","yoast_head_json":{"title":"Ofertas & Promo\u00e7\u00f5es","robots":{"index":"index","follow":"follow","max-snippet":"max-snippet:-1","max-image-preview":"max-image-preview:large","max-video-preview":"max-video-preview:-1"},"canonical":"https:\/\/treenaturaterapias.com\/en\/ofertas-promocoes\/","og_locale":"en_US","og_type":"article","og_title":"[:pt]Ofertas & Promo\u00e7\u00f5es[:] - Tree Natura Terapias","og_description":"Porque n\u00e3o nos conhece, a qualidade dos nossos servi\u00e7os, a qualidade do nosso atendimento e os resultados que atingimos, gostar\u00edamos de lhe dar as boas vindas \u00e0 Tree Natura Terapias para poder usufruir de alguns dos nossos servi\u00e7os com Promo\u00e7\u00f5es, como forma de agradecimento","og_url":"https:\/\/treenaturaterapias.com\/en\/ofertas-promocoes\/","og_site_name":"Tree Natura Terapias","article_modified_time":"2023-09-10T12:16:39+00:00","twitter_card":"summary_large_image","twitter_misc":{"Est. reading time":"1 minute"},"schema":{"@context":"https:\/\/schema.org","@graph":[{"@type":"WebPage","@id":"https:\/\/treenaturaterapias.com\/ofertas-promocoes\/","url":"https:\/\/treenaturaterapias.com\/ofertas-promocoes\/","name":"Ofertas & Promo\u00e7\u00f5es","isPartOf":{"@id":"https:\/\/treenaturaterapias.com\/#website"},"datePublished":"2017-04-02T19:03:22+00:00","dateModified":"2023-09-10T12:16:39+00:00","breadcrumb":{"@id":"https:\/\/treenaturaterapias.com\/ofertas-promocoes\/#breadcrumb"},"inLanguage":"en-US","potentialAction":[{"@type":"ReadAction","target":["https:\/\/treenaturaterapias.com\/ofertas-promocoes\/"]}]},{"@type":"BreadcrumbList","@id":"https:\/\/treenaturaterapias.com\/ofertas-promocoes\/#breadcrumb","itemListElement":[{"@type":"ListItem","position":1,"name":"In\u00edcio","item":"https:\/\/treenaturaterapias.com\/"},{"@type":"ListItem","position":2,"name":"Ofertas &#038; Promo\u00e7\u00f5es"}]},{"@type":"WebSite","@id":"https:\/\/treenaturaterapias.com\/#website","url":"https:\/\/treenaturaterapias.com\/","name":"Tree Natura Terapias","description":"Reconhecendo o Divino que habita em si","publisher":{"@id":"https:\/\/treenaturaterapias.com\/#\/schema\/person\/267944d8880bf51dd22b9803435d65c6"},"potentialAction":[{"@type":"SearchAction","target":{"@type":"EntryPoint","urlTemplate":"https:\/\/treenaturaterapias.com\/?s={search_term_string}"},"query-input":{"@type":"PropertyValueSpecification","valueRequired":true,"valueName":"search_term_string"}}],"inLanguage":"en-US"},{"@type":["Person","Organization"],"@id":"https:\/\/treenaturaterapias.com\/#\/schema\/person\/267944d8880bf51dd22b9803435d65c6","name":"C\u00e9lia de Jesus","image":{"@type":"ImageObject","inLanguage":"en-US","@id":"https:\/\/treenaturaterapias.com\/wp-content\/uploads\/2018\/09\/cropped-18901839_10154690353442194_1408032629_o.jpg","url":"https:\/\/treenaturaterapias.com\/wp-content\/uploads\/2018\/09\/cropped-18901839_10154690353442194_1408032629_o.jpg","contentUrl":"https:\/\/treenaturaterapias.com\/wp-content\/uploads\/2018\/09\/cropped-18901839_10154690353442194_1408032629_o.jpg","width":512,"height":512,"caption":"C\u00e9lia de Jesus"},"logo":{"@id":"https:\/\/treenaturaterapias.com\/wp-content\/uploads\/2018\/09\/cropped-18901839_10154690353442194_1408032629_o.jpg"}}]}},"_links":{"self":[{"href":"https:\/\/treenaturaterapias.com\/en\/wp-json\/wp\/v2\/pages\/252","targetHints":{"allow":["GET"]}}],"collection":[{"href":"https:\/\/treenaturaterapias.com\/en\/wp-json\/wp\/v2\/pages"}],"about":[{"href":"https:\/\/treenaturaterapias.com\/en\/wp-json\/wp\/v2\/types\/page"}],"author":[{"embeddable":true,"href":"https:\/\/treenaturaterapias.com\/en\/wp-json\/wp\/v2\/users\/1"}],"replies":[{"embeddable":true,"href":"https:\/\/treenaturaterapias.com\/en\/wp-json\/wp\/v2\/comments?post=252"}],"version-history":[{"count":0,"href":"https:\/\/treenaturaterapias.com\/en\/wp-json\/wp\/v2\/pages\/252\/revisions"}],"wp:attachment":[{"href":"https:\/\/treenaturaterapias.com\/en\/wp-json\/wp\/v2\/media?parent=252"}],"curies":[{"name":"wp","href":"https:\/\/api.w.org\/{rel}","templated":true}]}}