{"id":193,"date":"2016-10-25T17:45:17","date_gmt":"2016-10-25T17:45:17","guid":{"rendered":"https:\/\/treenaturaterapias.com\/?page_id=193"},"modified":"2023-08-21T15:59:47","modified_gmt":"2023-08-21T15:59:47","slug":"leitura-de-aura-de-relacionamentos","status":"publish","type":"page","link":"https:\/\/treenaturaterapias.com\/en\/leitura-de-aura-de-relacionamentos\/","title":{"rendered":"Leitura de Aura de Relacionamentos"},"content":{"rendered":"<p>Numa <a href=\"https:\/\/treenaturaterapias.com\/a-leitura-de-aura\/\" target=\"_blank\" rel=\"noopener noreferrer\">Leitura de Aura<\/a> de Relacionamentos pode-se aprofundar todos o tipos de liga\u00e7\u00f5es familiares, de amizade, de trabalho e amorosas.<\/p>\n<p>Perceber se s\u00e3o liga\u00e7\u00f5es<a href=\"https:\/\/treenaturaterapias.com\/relacionamento-karmico\/\" target=\"_blank\" rel=\"noopener noreferrer\"> k\u00e1rmicas<\/a>, de partilha de conhecimentos ou simplesmente entre-ajuda. Ao perceber melhor qual o nosso papel\u00a0 naquela rela\u00e7\u00e3o, torna-se mais f\u00e1cil aceitar e perceber certas situa\u00e7\u00f5es.<\/p>\n<p>Esta leitura envolve 2 ou mais pessoas (apenas 1 pessoa precisa estar presente) em que s\u00e3o expostos todos os bloqueios e potencialidades de todas as partes envolvidas, em que h\u00e1 cura para ambas as partes.<\/p>\n<p>\u00c9 uma leitura que no caso de s\u00f3 estar presente 1 pessoa, a outra acaba por n\u00e3o ter necessidade de ouvir a grava\u00e7\u00e3o porque automaticamente o seu esp\u00edrito \u00e9 curado.<\/p>\n<p>Nesta leitura ambas as partes ganham consci\u00eancia do que devem mudar, porque n\u00e3o conseguem avan\u00e7ar ou qual a raz\u00e3o de terem essa rela\u00e7\u00e3o.<\/p>\n<p>\u00c9 feito todo um processo em que passa por vidas passadas, bloqueios de ambos, o porqu\u00ea de n\u00e3o se abrirem \u00e1 rela\u00e7\u00e3o, como desbloquear a rela\u00e7\u00e3o, entre outras coisas.<\/p>\n<p>Leio Artigo <a href=\"https:\/\/treenaturaterapias.com\/qual-a-sua-percentagem-de-vontade-de-mudar-a-sua-vida\/\" target=\"_blank\" rel=\"noopener noreferrer\">https:\/\/treenaturaterapias.com\/qual-a-sua-percentagem-de-vontade-de-mudar-a-sua-vida\/<\/a>\u00a0 para perceber melhor como atua uma leitura de aura de Relacionamentos!<\/p>\n<p>A sess\u00e3o tem uma dura\u00e7\u00e3o de 1h<\/p>\n<p>\u00c9 feita a grava\u00e7\u00e3o e enviada posteriormente<\/p>\n<p>Terapia feita presencial ou online via Skype, Messenger ou Zoom<\/p>\n<p>Valor 60\u20ac<\/p>\n\n<div class=\"wpforms-container wpforms-container-full wpforms-form-abandonment\" id=\"wpforms-1291\"><form id=\"wpforms-form-1291\" class=\"wpforms-validate wpforms-form wpforms-ajax-form\" data-formid=\"1291\" method=\"post\" enctype=\"multipart\/form-data\" action=\"\/en\/wp-json\/wp\/v2\/pages\/193\" data-token=\"d37e4b3a717f763e0939babbc28b10b8\"><div class=\"wpforms-head-container\"><div class=\"wpforms-title\">Agendar Leitura de Aura de Relacionamentos<\/div><\/div><noscript class=\"wpforms-error-noscript\">Please enable JavaScript in your browser to complete this form.<\/noscript><div class=\"wpforms-field-container\"><div id=\"wpforms-1291-field_1-container\" class=\"wpforms-field wpforms-field-name\" data-field-id=\"1\"><label class=\"wpforms-field-label\" for=\"wpforms-1291-field_1\">Nome <span class=\"wpforms-required-label\">*<\/span><\/label><div class=\"wpforms-field-row wpforms-field-medium\"><div class=\"wpforms-field-row-block wpforms-first wpforms-one-half\"><input type=\"text\" id=\"wpforms-1291-field_1\" class=\"wpforms-field-name-first wpforms-field-required\" name=\"wpforms[fields][1][first]\" placeholder=\"Primeiro nome\" required><label for=\"wpforms-1291-field_1\" class=\"wpforms-field-sublabel after wpforms-sublabel-hide\">First<\/label><\/div><div class=\"wpforms-field-row-block wpforms-one-half\"><input type=\"text\" id=\"wpforms-1291-field_1-last\" class=\"wpforms-field-name-last wpforms-field-required\" name=\"wpforms[fields][1][last]\" placeholder=\"\u00daltimo Nome\" required><label for=\"wpforms-1291-field_1-last\" class=\"wpforms-field-sublabel after wpforms-sublabel-hide\">Last<\/label><\/div><\/div><\/div><div id=\"wpforms-1291-field_2-container\" class=\"wpforms-field wpforms-field-phone\" data-field-id=\"2\"><label class=\"wpforms-field-label\" for=\"wpforms-1291-field_2\">Telefone <span class=\"wpforms-required-label\">*<\/span><\/label><input type=\"tel\" id=\"wpforms-1291-field_2\" class=\"wpforms-field-small wpforms-field-required wpforms-smart-phone-field\" data-rule-smart-phone-field=\"true\" name=\"wpforms[fields][2]\" required><\/div><div id=\"wpforms-1291-field_3-container\" class=\"wpforms-field wpforms-field-email\" data-field-id=\"3\"><label class=\"wpforms-field-label\" for=\"wpforms-1291-field_3\">Email <span class=\"wpforms-required-label\">*<\/span><\/label><input type=\"email\" id=\"wpforms-1291-field_3\" class=\"wpforms-field-small wpforms-field-required\" name=\"wpforms[fields][3]\" required><\/div><div id=\"wpforms-1291-field_4-container\" class=\"wpforms-field wpforms-field-date-time\" data-field-id=\"4\"><label class=\"wpforms-field-label\" for=\"wpforms-1291-field_4\">Data \/ Hora<\/label><div class=\"wpforms-field-row wpforms-field-medium\"><div class=\"wpforms-field-row-block wpforms-one-half wpforms-first\"><div class=\"wpforms-datepicker-wrap\"><input type=\"text\" id=\"wpforms-1291-field_4\" class=\"wpforms-field-date-time-date wpforms-datepicker\" data-date-format=\"F j, Y\" data-disable-past-dates=\"0\" data-input=\"true\" name=\"wpforms[fields][4][date]\" ><a title=\"Clear Date\" data-clear class=\"wpforms-datepicker-clear\" style=\"display:none;\"><\/a><\/div><label for=\"wpforms-1291-field_4\" class=\"wpforms-field-sublabel after \">Date<\/label><\/div><div class=\"wpforms-field-row-block wpforms-one-half\"><input type=\"text\" id=\"wpforms-1291-field_4-time\" class=\"wpforms-field-date-time-time wpforms-timepicker\" data-time-format=\"g:i A\" data-step=\"30\" data-rule-time12h=\"true\" name=\"wpforms[fields][4][time]\" ><label for=\"wpforms-1291-field_4-time\" class=\"wpforms-field-sublabel after \">Time<\/label><\/div><\/div><\/div><div id=\"wpforms-1291-field_5-container\" class=\"wpforms-field wpforms-field-textarea\" data-field-id=\"5\"><label class=\"wpforms-field-label\" for=\"wpforms-1291-field_5\">Observa\u00e7\u00f5es<\/label><textarea id=\"wpforms-1291-field_5\" class=\"wpforms-field-small wpforms-limit-characters-enabled\" data-form-id=\"1291\" data-field-id=\"5\" data-text-limit=\"2000\" name=\"wpforms[fields][5]\" maxlength=\"2000\" ><\/textarea><\/div><\/div><div class=\"wpforms-submit-container\"><input type=\"hidden\" name=\"wpforms[id]\" value=\"1291\"><input type=\"hidden\" name=\"wpforms[author]\" value=\"1\"><button type=\"submit\" name=\"wpforms[submit]\" id=\"wpforms-submit-1291\" class=\"wpforms-submit\" data-alt-text=\"A enviar pedido de marca\u00e7\u00e3o...\" data-submit-text=\"Agendar sess\u00e3o\" aria-live=\"assertive\" value=\"wpforms-submit\">Agendar sess\u00e3o<\/button><img loading=\"lazy\" decoding=\"async\" src=\"https:\/\/treenaturaterapias.com\/wp-content\/plugins\/wpforms\/assets\/images\/submit-spin.svg\" class=\"wpforms-submit-spinner\" style=\"display: none;\" width=\"26\" height=\"26\" alt=\"\"><\/div><\/form><\/div>  <!-- .wpforms-container -->","protected":false},"excerpt":{"rendered":"<p>Numa Leitura de Aura de Relacionamentos pode-se aprofundar todos o tipos de liga\u00e7\u00f5es familiares, de amizade, de trabalho e amorosas. Perceber se s\u00e3o liga\u00e7\u00f5es k\u00e1rmicas, de partilha de conhecimentos ou simplesmente entre-ajuda. Ao perceber melhor qual o nosso papel\u00a0 naquela rela\u00e7\u00e3o, torna-se mais f\u00e1cil aceitar e perceber certas situa\u00e7\u00f5es. Esta &hellip; <\/p>\n","protected":false},"author":1,"featured_media":194,"parent":0,"menu_order":0,"comment_status":"closed","ping_status":"closed","template":"","meta":{"_monsterinsights_skip_tracking":false,"_monsterinsights_sitenote_active":false,"_monsterinsights_sitenote_note":"","_monsterinsights_sitenote_category":0,"footnotes":""},"class_list":["post-193","page","type-page","status-publish","has-post-thumbnail","hentry"],"yoast_head":"<!-- This site is optimized with the Yoast SEO plugin v27.4 - https:\/\/yoast.com\/product\/yoast-seo-wordpress\/ -->\n<title>Leitura de Aura de Relacionamentos<\/title>\n<meta name=\"robots\" content=\"index, follow, max-snippet:-1, max-image-preview:large, max-video-preview:-1\" \/>\n<link rel=\"canonical\" href=\"https:\/\/treenaturaterapias.com\/en\/leitura-de-aura-de-relacionamentos\/\" \/>\n<meta property=\"og:locale\" content=\"en_US\" \/>\n<meta property=\"og:locale:alternate\" content=\"pt_PT\" \/>\n<meta property=\"og:locale:alternate\" content=\"fr_FR\" \/>\n<meta property=\"og:type\" content=\"article\" \/>\n<meta property=\"og:title\" content=\"Leitura de Aura de Relacionamentos\" \/>\n<meta property=\"og:description\" content=\"Numa Leitura de Aura de Relacionamentos pode-se aprofundar todos o tipos de liga\u00e7\u00f5es familiares, de amizade, de trabalho e amorosas. Perceber se s\u00e3o liga\u00e7\u00f5es k\u00e1rmicas, de partilha de conhecimentos ou simplesmente entre-ajuda. Ao perceber melhor qual o nosso papel\u00a0 naquela rela\u00e7\u00e3o, torna-se mais f\u00e1cil aceitar e perceber certas situa\u00e7\u00f5es. Esta &hellip;\" \/>\n<meta property=\"og:url\" content=\"https:\/\/treenaturaterapias.com\/en\/leitura-de-aura-de-relacionamentos\/\" \/>\n<meta property=\"og:site_name\" content=\"Tree Natura Terapias\" \/>\n<meta property=\"article:modified_time\" content=\"2023-08-21T15:59:47+00:00\" \/>\n<meta property=\"og:image\" content=\"https:\/\/treenaturaterapias.com\/wp-content\/uploads\/2016\/10\/imagesd.jpg\" \/>\n\t<meta property=\"og:image:width\" content=\"275\" \/>\n\t<meta property=\"og:image:height\" content=\"183\" \/>\n\t<meta property=\"og:image:type\" content=\"image\/jpeg\" \/>\n<meta name=\"twitter:card\" content=\"summary_large_image\" \/>\n<meta name=\"twitter:label1\" content=\"Est. reading time\" \/>\n\t<meta name=\"twitter:data1\" content=\"1 minute\" \/>\n<script type=\"application\/ld+json\" class=\"yoast-schema-graph\">{\"@context\":\"https:\\\/\\\/schema.org\",\"@graph\":[{\"@type\":\"WebPage\",\"@id\":\"https:\\\/\\\/treenaturaterapias.com\\\/leitura-de-aura-de-relacionamentos\\\/\",\"url\":\"https:\\\/\\\/treenaturaterapias.com\\\/leitura-de-aura-de-relacionamentos\\\/\",\"name\":\"Leitura de Aura de Relacionamentos\",\"isPartOf\":{\"@id\":\"https:\\\/\\\/treenaturaterapias.com\\\/#website\"},\"primaryImageOfPage\":{\"@id\":\"https:\\\/\\\/treenaturaterapias.com\\\/leitura-de-aura-de-relacionamentos\\\/#primaryimage\"},\"image\":{\"@id\":\"https:\\\/\\\/treenaturaterapias.com\\\/leitura-de-aura-de-relacionamentos\\\/#primaryimage\"},\"thumbnailUrl\":\"https:\\\/\\\/treenaturaterapias.com\\\/wp-content\\\/uploads\\\/2016\\\/10\\\/imagesd.jpg\",\"datePublished\":\"2016-10-25T17:45:17+00:00\",\"dateModified\":\"2023-08-21T15:59:47+00:00\",\"breadcrumb\":{\"@id\":\"https:\\\/\\\/treenaturaterapias.com\\\/leitura-de-aura-de-relacionamentos\\\/#breadcrumb\"},\"inLanguage\":\"en-US\",\"potentialAction\":[{\"@type\":\"ReadAction\",\"target\":[\"https:\\\/\\\/treenaturaterapias.com\\\/leitura-de-aura-de-relacionamentos\\\/\"]}]},{\"@type\":\"ImageObject\",\"inLanguage\":\"en-US\",\"@id\":\"https:\\\/\\\/treenaturaterapias.com\\\/leitura-de-aura-de-relacionamentos\\\/#primaryimage\",\"url\":\"https:\\\/\\\/treenaturaterapias.com\\\/wp-content\\\/uploads\\\/2016\\\/10\\\/imagesd.jpg\",\"contentUrl\":\"https:\\\/\\\/treenaturaterapias.com\\\/wp-content\\\/uploads\\\/2016\\\/10\\\/imagesd.jpg\",\"width\":275,\"height\":183},{\"@type\":\"BreadcrumbList\",\"@id\":\"https:\\\/\\\/treenaturaterapias.com\\\/leitura-de-aura-de-relacionamentos\\\/#breadcrumb\",\"itemListElement\":[{\"@type\":\"ListItem\",\"position\":1,\"name\":\"In\u00edcio\",\"item\":\"https:\\\/\\\/treenaturaterapias.com\\\/\"},{\"@type\":\"ListItem\",\"position\":2,\"name\":\"Leitura de Aura de Relacionamentos\"}]},{\"@type\":\"WebSite\",\"@id\":\"https:\\\/\\\/treenaturaterapias.com\\\/#website\",\"url\":\"https:\\\/\\\/treenaturaterapias.com\\\/\",\"name\":\"Tree Natura Terapias\",\"description\":\"Reconhecendo o Divino que habita em si\",\"publisher\":{\"@id\":\"https:\\\/\\\/treenaturaterapias.com\\\/#\\\/schema\\\/person\\\/267944d8880bf51dd22b9803435d65c6\"},\"potentialAction\":[{\"@type\":\"SearchAction\",\"target\":{\"@type\":\"EntryPoint\",\"urlTemplate\":\"https:\\\/\\\/treenaturaterapias.com\\\/?s={search_term_string}\"},\"query-input\":{\"@type\":\"PropertyValueSpecification\",\"valueRequired\":true,\"valueName\":\"search_term_string\"}}],\"inLanguage\":\"en-US\"},{\"@type\":[\"Person\",\"Organization\"],\"@id\":\"https:\\\/\\\/treenaturaterapias.com\\\/#\\\/schema\\\/person\\\/267944d8880bf51dd22b9803435d65c6\",\"name\":\"C\u00e9lia de Jesus\",\"image\":{\"@type\":\"ImageObject\",\"inLanguage\":\"en-US\",\"@id\":\"https:\\\/\\\/treenaturaterapias.com\\\/wp-content\\\/uploads\\\/2018\\\/09\\\/cropped-18901839_10154690353442194_1408032629_o.jpg\",\"url\":\"https:\\\/\\\/treenaturaterapias.com\\\/wp-content\\\/uploads\\\/2018\\\/09\\\/cropped-18901839_10154690353442194_1408032629_o.jpg\",\"contentUrl\":\"https:\\\/\\\/treenaturaterapias.com\\\/wp-content\\\/uploads\\\/2018\\\/09\\\/cropped-18901839_10154690353442194_1408032629_o.jpg\",\"width\":512,\"height\":512,\"caption\":\"C\u00e9lia de Jesus\"},\"logo\":{\"@id\":\"https:\\\/\\\/treenaturaterapias.com\\\/wp-content\\\/uploads\\\/2018\\\/09\\\/cropped-18901839_10154690353442194_1408032629_o.jpg\"}}]}<\/script>\n<!-- \/ Yoast SEO plugin. -->","yoast_head_json":{"title":"Leitura de Aura de Relacionamentos","robots":{"index":"index","follow":"follow","max-snippet":"max-snippet:-1","max-image-preview":"max-image-preview:large","max-video-preview":"max-video-preview:-1"},"canonical":"https:\/\/treenaturaterapias.com\/en\/leitura-de-aura-de-relacionamentos\/","og_locale":"en_US","og_type":"article","og_title":"[:pt]Leitura de Aura de Relacionamentos[:] - Tree Natura Terapias","og_description":"Numa Leitura de Aura de Relacionamentos pode-se aprofundar todos o tipos de liga\u00e7\u00f5es familiares, de amizade, de trabalho e amorosas. Perceber se s\u00e3o liga\u00e7\u00f5es k\u00e1rmicas, de partilha de conhecimentos ou simplesmente entre-ajuda. Ao perceber melhor qual o nosso papel\u00a0 naquela rela\u00e7\u00e3o, torna-se mais f\u00e1cil aceitar e perceber certas situa\u00e7\u00f5es. Esta &hellip;","og_url":"https:\/\/treenaturaterapias.com\/en\/leitura-de-aura-de-relacionamentos\/","og_site_name":"Tree Natura Terapias","article_modified_time":"2023-08-21T15:59:47+00:00","og_image":[{"width":275,"height":183,"url":"https:\/\/treenaturaterapias.com\/wp-content\/uploads\/2016\/10\/imagesd.jpg","type":"image\/jpeg"}],"twitter_card":"summary_large_image","twitter_misc":{"Est. reading time":"1 minute"},"schema":{"@context":"https:\/\/schema.org","@graph":[{"@type":"WebPage","@id":"https:\/\/treenaturaterapias.com\/leitura-de-aura-de-relacionamentos\/","url":"https:\/\/treenaturaterapias.com\/leitura-de-aura-de-relacionamentos\/","name":"Leitura de Aura de Relacionamentos","isPartOf":{"@id":"https:\/\/treenaturaterapias.com\/#website"},"primaryImageOfPage":{"@id":"https:\/\/treenaturaterapias.com\/leitura-de-aura-de-relacionamentos\/#primaryimage"},"image":{"@id":"https:\/\/treenaturaterapias.com\/leitura-de-aura-de-relacionamentos\/#primaryimage"},"thumbnailUrl":"https:\/\/treenaturaterapias.com\/wp-content\/uploads\/2016\/10\/imagesd.jpg","datePublished":"2016-10-25T17:45:17+00:00","dateModified":"2023-08-21T15:59:47+00:00","breadcrumb":{"@id":"https:\/\/treenaturaterapias.com\/leitura-de-aura-de-relacionamentos\/#breadcrumb"},"inLanguage":"en-US","potentialAction":[{"@type":"ReadAction","target":["https:\/\/treenaturaterapias.com\/leitura-de-aura-de-relacionamentos\/"]}]},{"@type":"ImageObject","inLanguage":"en-US","@id":"https:\/\/treenaturaterapias.com\/leitura-de-aura-de-relacionamentos\/#primaryimage","url":"https:\/\/treenaturaterapias.com\/wp-content\/uploads\/2016\/10\/imagesd.jpg","contentUrl":"https:\/\/treenaturaterapias.com\/wp-content\/uploads\/2016\/10\/imagesd.jpg","width":275,"height":183},{"@type":"BreadcrumbList","@id":"https:\/\/treenaturaterapias.com\/leitura-de-aura-de-relacionamentos\/#breadcrumb","itemListElement":[{"@type":"ListItem","position":1,"name":"In\u00edcio","item":"https:\/\/treenaturaterapias.com\/"},{"@type":"ListItem","position":2,"name":"Leitura de Aura de Relacionamentos"}]},{"@type":"WebSite","@id":"https:\/\/treenaturaterapias.com\/#website","url":"https:\/\/treenaturaterapias.com\/","name":"Tree Natura Terapias","description":"Reconhecendo o Divino que habita em si","publisher":{"@id":"https:\/\/treenaturaterapias.com\/#\/schema\/person\/267944d8880bf51dd22b9803435d65c6"},"potentialAction":[{"@type":"SearchAction","target":{"@type":"EntryPoint","urlTemplate":"https:\/\/treenaturaterapias.com\/?s={search_term_string}"},"query-input":{"@type":"PropertyValueSpecification","valueRequired":true,"valueName":"search_term_string"}}],"inLanguage":"en-US"},{"@type":["Person","Organization"],"@id":"https:\/\/treenaturaterapias.com\/#\/schema\/person\/267944d8880bf51dd22b9803435d65c6","name":"C\u00e9lia de Jesus","image":{"@type":"ImageObject","inLanguage":"en-US","@id":"https:\/\/treenaturaterapias.com\/wp-content\/uploads\/2018\/09\/cropped-18901839_10154690353442194_1408032629_o.jpg","url":"https:\/\/treenaturaterapias.com\/wp-content\/uploads\/2018\/09\/cropped-18901839_10154690353442194_1408032629_o.jpg","contentUrl":"https:\/\/treenaturaterapias.com\/wp-content\/uploads\/2018\/09\/cropped-18901839_10154690353442194_1408032629_o.jpg","width":512,"height":512,"caption":"C\u00e9lia de Jesus"},"logo":{"@id":"https:\/\/treenaturaterapias.com\/wp-content\/uploads\/2018\/09\/cropped-18901839_10154690353442194_1408032629_o.jpg"}}]}},"_links":{"self":[{"href":"https:\/\/treenaturaterapias.com\/en\/wp-json\/wp\/v2\/pages\/193","targetHints":{"allow":["GET"]}}],"collection":[{"href":"https:\/\/treenaturaterapias.com\/en\/wp-json\/wp\/v2\/pages"}],"about":[{"href":"https:\/\/treenaturaterapias.com\/en\/wp-json\/wp\/v2\/types\/page"}],"author":[{"embeddable":true,"href":"https:\/\/treenaturaterapias.com\/en\/wp-json\/wp\/v2\/users\/1"}],"replies":[{"embeddable":true,"href":"https:\/\/treenaturaterapias.com\/en\/wp-json\/wp\/v2\/comments?post=193"}],"version-history":[{"count":0,"href":"https:\/\/treenaturaterapias.com\/en\/wp-json\/wp\/v2\/pages\/193\/revisions"}],"wp:featuredmedia":[{"embeddable":true,"href":"https:\/\/treenaturaterapias.com\/en\/wp-json\/wp\/v2\/media\/194"}],"wp:attachment":[{"href":"https:\/\/treenaturaterapias.com\/en\/wp-json\/wp\/v2\/media?parent=193"}],"curies":[{"name":"wp","href":"https:\/\/api.w.org\/{rel}","templated":true}]}}