{"id":14,"date":"2016-03-17T14:21:39","date_gmt":"2016-03-17T14:21:39","guid":{"rendered":"https:\/\/treenaturaterapias.com\/?page_id=14"},"modified":"2023-01-18T23:13:21","modified_gmt":"2023-01-18T23:13:21","slug":"tarot","status":"publish","type":"page","link":"https:\/\/treenaturaterapias.com\/en\/tarot\/","title":{"rendered":"Tarot"},"content":{"rendered":"<p>O Tarot \u00e9 uma das mais antigas formas de auto-conhecimento que est\u00e3o dispon\u00edveis ao Homem.<br>\nAtrav\u00e9s dos arqu\u00e9tipos contidos em cada l\u00e2mina, o consulente vai tomando consci\u00eancia das situa\u00e7\u00f5es que o preocupam no momento presente bem como formas de lidar com a situa\u00e7\u00e3o.<\/p>\n<p>Mais do que saber o futuro, o Tarot ajuda a pessoa a tomar consci\u00eancia de que \u00e9 atrav\u00e9s das suas escolhas no presente que o seu futuro se desenrola.<\/p>\n<p>As sess\u00f5es podem ser feitas via Skype ou Facebook e t\u00eam uma dura\u00e7\u00e3o de aproximadamente 2h<\/p>\n<p>Valor: 30\u20ac<\/p>\n\n<div class=\"wpforms-container wpforms-container-full wpforms-form-abandonment\" id=\"wpforms-1292\"><form id=\"wpforms-form-1292\" class=\"wpforms-validate wpforms-form wpforms-ajax-form\" data-formid=\"1292\" method=\"post\" enctype=\"multipart\/form-data\" action=\"\/en\/wp-json\/wp\/v2\/pages\/14\" data-token=\"403151b06fb402f148e421762d019164\"><div class=\"wpforms-head-container\"><div class=\"wpforms-title\">Agendar Consulta de Tarot<\/div><\/div><noscript class=\"wpforms-error-noscript\">Please enable JavaScript in your browser to complete this form.<\/noscript><div class=\"wpforms-field-container\"><div id=\"wpforms-1292-field_1-container\" class=\"wpforms-field wpforms-field-name\" data-field-id=\"1\"><label class=\"wpforms-field-label\" for=\"wpforms-1292-field_1\">Nome <span class=\"wpforms-required-label\">*<\/span><\/label><div class=\"wpforms-field-row wpforms-field-medium\"><div class=\"wpforms-field-row-block wpforms-first wpforms-one-half\"><input type=\"text\" id=\"wpforms-1292-field_1\" class=\"wpforms-field-name-first wpforms-field-required\" name=\"wpforms[fields][1][first]\" placeholder=\"Primeiro nome\" required><label for=\"wpforms-1292-field_1\" class=\"wpforms-field-sublabel after wpforms-sublabel-hide\">First<\/label><\/div><div class=\"wpforms-field-row-block wpforms-one-half\"><input type=\"text\" id=\"wpforms-1292-field_1-last\" class=\"wpforms-field-name-last wpforms-field-required\" name=\"wpforms[fields][1][last]\" placeholder=\"\u00daltimo Nome\" required><label for=\"wpforms-1292-field_1-last\" class=\"wpforms-field-sublabel after wpforms-sublabel-hide\">Last<\/label><\/div><\/div><\/div><div id=\"wpforms-1292-field_2-container\" class=\"wpforms-field wpforms-field-phone\" data-field-id=\"2\"><label class=\"wpforms-field-label\" for=\"wpforms-1292-field_2\">Telefone <span class=\"wpforms-required-label\">*<\/span><\/label><input type=\"tel\" id=\"wpforms-1292-field_2\" class=\"wpforms-field-small wpforms-field-required wpforms-smart-phone-field\" data-rule-smart-phone-field=\"true\" name=\"wpforms[fields][2]\" required><\/div><div id=\"wpforms-1292-field_3-container\" class=\"wpforms-field wpforms-field-email\" data-field-id=\"3\"><label class=\"wpforms-field-label\" for=\"wpforms-1292-field_3\">Email <span class=\"wpforms-required-label\">*<\/span><\/label><input type=\"email\" id=\"wpforms-1292-field_3\" class=\"wpforms-field-small wpforms-field-required\" name=\"wpforms[fields][3]\" required><\/div><div id=\"wpforms-1292-field_4-container\" class=\"wpforms-field wpforms-field-date-time\" data-field-id=\"4\"><label class=\"wpforms-field-label\" for=\"wpforms-1292-field_4\">Data \/ Hora<\/label><div class=\"wpforms-field-row wpforms-field-medium\"><div class=\"wpforms-field-row-block wpforms-one-half wpforms-first\"><div class=\"wpforms-datepicker-wrap\"><input type=\"text\" id=\"wpforms-1292-field_4\" class=\"wpforms-field-date-time-date wpforms-datepicker\" data-date-format=\"F j, Y\" data-disable-past-dates=\"0\" data-input=\"true\" name=\"wpforms[fields][4][date]\" ><a title=\"Clear Date\" data-clear class=\"wpforms-datepicker-clear\" style=\"display:none;\"><\/a><\/div><label for=\"wpforms-1292-field_4\" class=\"wpforms-field-sublabel after \">Date<\/label><\/div><div class=\"wpforms-field-row-block wpforms-one-half\"><input type=\"text\" id=\"wpforms-1292-field_4-time\" class=\"wpforms-field-date-time-time wpforms-timepicker\" data-time-format=\"g:i A\" data-step=\"30\" data-rule-time12h=\"true\" name=\"wpforms[fields][4][time]\" ><label for=\"wpforms-1292-field_4-time\" class=\"wpforms-field-sublabel after \">Time<\/label><\/div><\/div><\/div><div id=\"wpforms-1292-field_5-container\" class=\"wpforms-field wpforms-field-textarea\" data-field-id=\"5\"><label class=\"wpforms-field-label\" for=\"wpforms-1292-field_5\">Observa\u00e7\u00f5es<\/label><textarea id=\"wpforms-1292-field_5\" class=\"wpforms-field-small wpforms-limit-characters-enabled\" data-form-id=\"1292\" data-field-id=\"5\" data-text-limit=\"2000\" name=\"wpforms[fields][5]\" maxlength=\"2000\" ><\/textarea><\/div><\/div><div class=\"wpforms-submit-container\"><input type=\"hidden\" name=\"wpforms[id]\" value=\"1292\"><input type=\"hidden\" name=\"wpforms[author]\" value=\"1\"><button type=\"submit\" name=\"wpforms[submit]\" id=\"wpforms-submit-1292\" class=\"wpforms-submit\" data-alt-text=\"A enviar pedido de marca\u00e7\u00e3o...\" data-submit-text=\"Agendar sess\u00e3o\" aria-live=\"assertive\" value=\"wpforms-submit\">Agendar sess\u00e3o<\/button><img loading=\"lazy\" decoding=\"async\" src=\"https:\/\/treenaturaterapias.com\/wp-content\/plugins\/wpforms\/assets\/images\/submit-spin.svg\" class=\"wpforms-submit-spinner\" style=\"display: none;\" width=\"26\" height=\"26\" alt=\"\"><\/div><\/form><\/div>  <!-- .wpforms-container -->","protected":false},"excerpt":{"rendered":"<p>O Tarot \u00e9 uma das mais antigas formas de auto-conhecimento que est\u00e3o dispon\u00edveis ao Homem. Atrav\u00e9s dos arqu\u00e9tipos contidos em cada l\u00e2mina, o consulente vai tomando consci\u00eancia das situa\u00e7\u00f5es que o preocupam no momento presente bem como formas de lidar com a situa\u00e7\u00e3o. Mais do que saber o futuro, o &hellip; <\/p>\n","protected":false},"author":1,"featured_media":279,"parent":0,"menu_order":0,"comment_status":"closed","ping_status":"closed","template":"","meta":{"_monsterinsights_skip_tracking":false,"_monsterinsights_sitenote_active":false,"_monsterinsights_sitenote_note":"","_monsterinsights_sitenote_category":0,"footnotes":""},"class_list":["post-14","page","type-page","status-publish","has-post-thumbnail","hentry"],"yoast_head":"<!-- This site is optimized with the Yoast SEO plugin v27.4 - https:\/\/yoast.com\/product\/yoast-seo-wordpress\/ -->\n<title>Tarot<\/title>\n<meta name=\"robots\" content=\"index, follow, max-snippet:-1, max-image-preview:large, max-video-preview:-1\" \/>\n<link rel=\"canonical\" href=\"https:\/\/treenaturaterapias.com\/en\/tarot\/\" \/>\n<meta property=\"og:locale\" content=\"en_US\" \/>\n<meta property=\"og:locale:alternate\" content=\"pt_PT\" \/>\n<meta property=\"og:locale:alternate\" content=\"fr_FR\" \/>\n<meta property=\"og:type\" content=\"article\" \/>\n<meta property=\"og:title\" content=\"Tarot\" \/>\n<meta property=\"og:description\" content=\"O Tarot \u00e9 uma das mais antigas formas de auto-conhecimento que est\u00e3o dispon\u00edveis ao Homem. Atrav\u00e9s dos arqu\u00e9tipos contidos em cada l\u00e2mina, o consulente vai tomando consci\u00eancia das situa\u00e7\u00f5es que o preocupam no momento presente bem como formas de lidar com a situa\u00e7\u00e3o. Mais do que saber o futuro, o &hellip;\" \/>\n<meta property=\"og:url\" content=\"https:\/\/treenaturaterapias.com\/en\/tarot\/\" \/>\n<meta property=\"og:site_name\" content=\"Tree Natura Terapias\" \/>\n<meta property=\"article:modified_time\" content=\"2023-01-18T23:13:21+00:00\" \/>\n<meta property=\"og:image\" content=\"https:\/\/treenaturaterapias.com\/wp-content\/uploads\/2016\/03\/1299364383_173947086_1-Fotos-de-INTERPRETACION-DE-CARTAS-DEL-TAROT.jpg\" \/>\n\t<meta property=\"og:image:width\" content=\"625\" \/>\n\t<meta property=\"og:image:height\" content=\"625\" \/>\n\t<meta property=\"og:image:type\" content=\"image\/jpeg\" \/>\n<meta name=\"twitter:card\" content=\"summary_large_image\" \/>\n<meta name=\"twitter:label1\" content=\"Est. reading time\" \/>\n\t<meta name=\"twitter:data1\" content=\"1 minute\" \/>\n<script type=\"application\/ld+json\" class=\"yoast-schema-graph\">{\"@context\":\"https:\\\/\\\/schema.org\",\"@graph\":[{\"@type\":\"WebPage\",\"@id\":\"https:\\\/\\\/treenaturaterapias.com\\\/en\\\/tarot\\\/\",\"url\":\"https:\\\/\\\/treenaturaterapias.com\\\/en\\\/tarot\\\/\",\"name\":\"Tarot\",\"isPartOf\":{\"@id\":\"https:\\\/\\\/treenaturaterapias.com\\\/#website\"},\"primaryImageOfPage\":{\"@id\":\"https:\\\/\\\/treenaturaterapias.com\\\/en\\\/tarot\\\/#primaryimage\"},\"image\":{\"@id\":\"https:\\\/\\\/treenaturaterapias.com\\\/en\\\/tarot\\\/#primaryimage\"},\"thumbnailUrl\":\"https:\\\/\\\/treenaturaterapias.com\\\/wp-content\\\/uploads\\\/2016\\\/03\\\/1299364383_173947086_1-Fotos-de-INTERPRETACION-DE-CARTAS-DEL-TAROT.jpg\",\"datePublished\":\"2016-03-17T14:21:39+00:00\",\"dateModified\":\"2023-01-18T23:13:21+00:00\",\"breadcrumb\":{\"@id\":\"https:\\\/\\\/treenaturaterapias.com\\\/en\\\/tarot\\\/#breadcrumb\"},\"inLanguage\":\"en-US\",\"potentialAction\":[{\"@type\":\"ReadAction\",\"target\":[\"https:\\\/\\\/treenaturaterapias.com\\\/en\\\/tarot\\\/\"]}]},{\"@type\":\"ImageObject\",\"inLanguage\":\"en-US\",\"@id\":\"https:\\\/\\\/treenaturaterapias.com\\\/en\\\/tarot\\\/#primaryimage\",\"url\":\"https:\\\/\\\/treenaturaterapias.com\\\/wp-content\\\/uploads\\\/2016\\\/03\\\/1299364383_173947086_1-Fotos-de-INTERPRETACION-DE-CARTAS-DEL-TAROT.jpg\",\"contentUrl\":\"https:\\\/\\\/treenaturaterapias.com\\\/wp-content\\\/uploads\\\/2016\\\/03\\\/1299364383_173947086_1-Fotos-de-INTERPRETACION-DE-CARTAS-DEL-TAROT.jpg\",\"width\":625,\"height\":625},{\"@type\":\"BreadcrumbList\",\"@id\":\"https:\\\/\\\/treenaturaterapias.com\\\/en\\\/tarot\\\/#breadcrumb\",\"itemListElement\":[{\"@type\":\"ListItem\",\"position\":1,\"name\":\"In\u00edcio\",\"item\":\"https:\\\/\\\/treenaturaterapias.com\\\/\"},{\"@type\":\"ListItem\",\"position\":2,\"name\":\"Tarot\"}]},{\"@type\":\"WebSite\",\"@id\":\"https:\\\/\\\/treenaturaterapias.com\\\/#website\",\"url\":\"https:\\\/\\\/treenaturaterapias.com\\\/\",\"name\":\"Tree Natura Terapias\",\"description\":\"Reconhecendo o Divino que habita em si\",\"publisher\":{\"@id\":\"https:\\\/\\\/treenaturaterapias.com\\\/#\\\/schema\\\/person\\\/267944d8880bf51dd22b9803435d65c6\"},\"potentialAction\":[{\"@type\":\"SearchAction\",\"target\":{\"@type\":\"EntryPoint\",\"urlTemplate\":\"https:\\\/\\\/treenaturaterapias.com\\\/?s={search_term_string}\"},\"query-input\":{\"@type\":\"PropertyValueSpecification\",\"valueRequired\":true,\"valueName\":\"search_term_string\"}}],\"inLanguage\":\"en-US\"},{\"@type\":[\"Person\",\"Organization\"],\"@id\":\"https:\\\/\\\/treenaturaterapias.com\\\/#\\\/schema\\\/person\\\/267944d8880bf51dd22b9803435d65c6\",\"name\":\"C\u00e9lia de Jesus\",\"image\":{\"@type\":\"ImageObject\",\"inLanguage\":\"en-US\",\"@id\":\"https:\\\/\\\/treenaturaterapias.com\\\/wp-content\\\/uploads\\\/2018\\\/09\\\/cropped-18901839_10154690353442194_1408032629_o.jpg\",\"url\":\"https:\\\/\\\/treenaturaterapias.com\\\/wp-content\\\/uploads\\\/2018\\\/09\\\/cropped-18901839_10154690353442194_1408032629_o.jpg\",\"contentUrl\":\"https:\\\/\\\/treenaturaterapias.com\\\/wp-content\\\/uploads\\\/2018\\\/09\\\/cropped-18901839_10154690353442194_1408032629_o.jpg\",\"width\":512,\"height\":512,\"caption\":\"C\u00e9lia de Jesus\"},\"logo\":{\"@id\":\"https:\\\/\\\/treenaturaterapias.com\\\/wp-content\\\/uploads\\\/2018\\\/09\\\/cropped-18901839_10154690353442194_1408032629_o.jpg\"}}]}<\/script>\n<!-- \/ Yoast SEO plugin. -->","yoast_head_json":{"title":"Tarot","robots":{"index":"index","follow":"follow","max-snippet":"max-snippet:-1","max-image-preview":"max-image-preview:large","max-video-preview":"max-video-preview:-1"},"canonical":"https:\/\/treenaturaterapias.com\/en\/tarot\/","og_locale":"en_US","og_type":"article","og_title":"[:pt]Tarot[:] - Tree Natura Terapias","og_description":"O Tarot \u00e9 uma das mais antigas formas de auto-conhecimento que est\u00e3o dispon\u00edveis ao Homem. Atrav\u00e9s dos arqu\u00e9tipos contidos em cada l\u00e2mina, o consulente vai tomando consci\u00eancia das situa\u00e7\u00f5es que o preocupam no momento presente bem como formas de lidar com a situa\u00e7\u00e3o. Mais do que saber o futuro, o &hellip;","og_url":"https:\/\/treenaturaterapias.com\/en\/tarot\/","og_site_name":"Tree Natura Terapias","article_modified_time":"2023-01-18T23:13:21+00:00","og_image":[{"width":625,"height":625,"url":"https:\/\/treenaturaterapias.com\/wp-content\/uploads\/2016\/03\/1299364383_173947086_1-Fotos-de-INTERPRETACION-DE-CARTAS-DEL-TAROT.jpg","type":"image\/jpeg"}],"twitter_card":"summary_large_image","twitter_misc":{"Est. reading time":"1 minute"},"schema":{"@context":"https:\/\/schema.org","@graph":[{"@type":"WebPage","@id":"https:\/\/treenaturaterapias.com\/en\/tarot\/","url":"https:\/\/treenaturaterapias.com\/en\/tarot\/","name":"Tarot","isPartOf":{"@id":"https:\/\/treenaturaterapias.com\/#website"},"primaryImageOfPage":{"@id":"https:\/\/treenaturaterapias.com\/en\/tarot\/#primaryimage"},"image":{"@id":"https:\/\/treenaturaterapias.com\/en\/tarot\/#primaryimage"},"thumbnailUrl":"https:\/\/treenaturaterapias.com\/wp-content\/uploads\/2016\/03\/1299364383_173947086_1-Fotos-de-INTERPRETACION-DE-CARTAS-DEL-TAROT.jpg","datePublished":"2016-03-17T14:21:39+00:00","dateModified":"2023-01-18T23:13:21+00:00","breadcrumb":{"@id":"https:\/\/treenaturaterapias.com\/en\/tarot\/#breadcrumb"},"inLanguage":"en-US","potentialAction":[{"@type":"ReadAction","target":["https:\/\/treenaturaterapias.com\/en\/tarot\/"]}]},{"@type":"ImageObject","inLanguage":"en-US","@id":"https:\/\/treenaturaterapias.com\/en\/tarot\/#primaryimage","url":"https:\/\/treenaturaterapias.com\/wp-content\/uploads\/2016\/03\/1299364383_173947086_1-Fotos-de-INTERPRETACION-DE-CARTAS-DEL-TAROT.jpg","contentUrl":"https:\/\/treenaturaterapias.com\/wp-content\/uploads\/2016\/03\/1299364383_173947086_1-Fotos-de-INTERPRETACION-DE-CARTAS-DEL-TAROT.jpg","width":625,"height":625},{"@type":"BreadcrumbList","@id":"https:\/\/treenaturaterapias.com\/en\/tarot\/#breadcrumb","itemListElement":[{"@type":"ListItem","position":1,"name":"In\u00edcio","item":"https:\/\/treenaturaterapias.com\/"},{"@type":"ListItem","position":2,"name":"Tarot"}]},{"@type":"WebSite","@id":"https:\/\/treenaturaterapias.com\/#website","url":"https:\/\/treenaturaterapias.com\/","name":"Tree Natura Terapias","description":"Reconhecendo o Divino que habita em si","publisher":{"@id":"https:\/\/treenaturaterapias.com\/#\/schema\/person\/267944d8880bf51dd22b9803435d65c6"},"potentialAction":[{"@type":"SearchAction","target":{"@type":"EntryPoint","urlTemplate":"https:\/\/treenaturaterapias.com\/?s={search_term_string}"},"query-input":{"@type":"PropertyValueSpecification","valueRequired":true,"valueName":"search_term_string"}}],"inLanguage":"en-US"},{"@type":["Person","Organization"],"@id":"https:\/\/treenaturaterapias.com\/#\/schema\/person\/267944d8880bf51dd22b9803435d65c6","name":"C\u00e9lia de Jesus","image":{"@type":"ImageObject","inLanguage":"en-US","@id":"https:\/\/treenaturaterapias.com\/wp-content\/uploads\/2018\/09\/cropped-18901839_10154690353442194_1408032629_o.jpg","url":"https:\/\/treenaturaterapias.com\/wp-content\/uploads\/2018\/09\/cropped-18901839_10154690353442194_1408032629_o.jpg","contentUrl":"https:\/\/treenaturaterapias.com\/wp-content\/uploads\/2018\/09\/cropped-18901839_10154690353442194_1408032629_o.jpg","width":512,"height":512,"caption":"C\u00e9lia de Jesus"},"logo":{"@id":"https:\/\/treenaturaterapias.com\/wp-content\/uploads\/2018\/09\/cropped-18901839_10154690353442194_1408032629_o.jpg"}}]}},"_links":{"self":[{"href":"https:\/\/treenaturaterapias.com\/en\/wp-json\/wp\/v2\/pages\/14","targetHints":{"allow":["GET"]}}],"collection":[{"href":"https:\/\/treenaturaterapias.com\/en\/wp-json\/wp\/v2\/pages"}],"about":[{"href":"https:\/\/treenaturaterapias.com\/en\/wp-json\/wp\/v2\/types\/page"}],"author":[{"embeddable":true,"href":"https:\/\/treenaturaterapias.com\/en\/wp-json\/wp\/v2\/users\/1"}],"replies":[{"embeddable":true,"href":"https:\/\/treenaturaterapias.com\/en\/wp-json\/wp\/v2\/comments?post=14"}],"version-history":[{"count":0,"href":"https:\/\/treenaturaterapias.com\/en\/wp-json\/wp\/v2\/pages\/14\/revisions"}],"wp:featuredmedia":[{"embeddable":true,"href":"https:\/\/treenaturaterapias.com\/en\/wp-json\/wp\/v2\/media\/279"}],"wp:attachment":[{"href":"https:\/\/treenaturaterapias.com\/en\/wp-json\/wp\/v2\/media?parent=14"}],"curies":[{"name":"wp","href":"https:\/\/api.w.org\/{rel}","templated":true}]}}