{"id":1309,"date":"2023-05-02T19:18:41","date_gmt":"2023-05-02T19:18:41","guid":{"rendered":"https:\/\/treenaturaterapias.com\/?page_id=1309"},"modified":"2023-05-02T19:23:45","modified_gmt":"2023-05-02T19:23:45","slug":"baralho-cigano","status":"publish","type":"page","link":"https:\/\/treenaturaterapias.com\/en\/terapias-de-autoconhecimento-e-evolucao\/baralho-cigano\/","title":{"rendered":"Baralho Cigano\/Petit Lenormand"},"content":{"rendered":"\n<p>O Baralho Cigano \u00e9 uma poderosa ferramenta de autoconhecimento e orienta\u00e7\u00e3o, utilizada h\u00e1 muitas d\u00e9cadas pelos povos ciganos para desvendar os mist\u00e9rios do destino. Com suas cartas cheias de simbolismo e significados profundos, o Baralho Cigano \u00e9 capaz de revelar insights valiosos sobre sua vida, seus desafios e suas enxergar as oportunidades.<\/p>\n\n\n\n<p>Se voc\u00ea est\u00e1 em busca de respostas para quest\u00f5es importantes, o Baralho Cigano pode ser uma excelente op\u00e7\u00e3o. Com ele, voc\u00ea pode explorar seus medos, desejos e ambi\u00e7\u00f5es, compreender melhor seus relacionamentos e tomar decis\u00f5es mais conscientes e assertivas.<\/p>\n\n\n\n<p>N\u00e3o perca mais tempo e descubra o que o universo tem a lhe revelar. Consulte um especialista em Baralho Cigano e permita-se mergulhar em uma jornada fascinante de autoconhecimento e&nbsp;transforma\u00e7\u00e3o.<\/p>\n\n\n\n<p>As sess\u00f5es podem ser feitas via videochamada Skype\/Facebook\/Whatsapp<\/p>\n\n\n\n<p>Valor:<\/p>\n\n\n\n<p>1 pergunta 10\u20ac (Dura\u00e7\u00e3o max. 15min)<\/p>\n\n\n\n<p>2 perguntas 15\u20ac (Dura\u00e7\u00e3o 25min)<\/p>\n\n\n\n<p>4 perguntas 25\u20ac (Dura\u00e7\u00e3o 40 min)<\/p>\n\n\n\n<p>Leitura Completa 50\u20ac (Mesa Real 1h) <\/p>\n\n\n\n<p><\/p>\n<noscript class=\"ninja-forms-noscript-message\">\n\tNotice: JavaScript is required for this content.<\/noscript>\nNo Fields Found.<div id=\"nf-form-1-cont\" class=\"nf-form-cont\" aria-live=\"polite\" aria-labelledby=\"nf-form-title-1\" aria-describedby=\"nf-form-errors-1\" role=\"form\">\n\n    <div class=\"nf-loading-spinner\"><\/div>\n\n<\/div>\n        <!-- That data is being printed as a workaround to page builders reordering the order of the scripts loaded-->\n        <script>var formDisplay=1;var nfForms=nfForms||[];var form=[];form.id='1';form.settings={\"ninjaForms\":\"Ninja Forms\",\"changeEmailErrorMsg\":\"Please enter a valid email address!\",\"changeDateErrorMsg\":\"Please enter a valid date!\",\"confirmFieldErrorMsg\":\"These fields must match!\",\"fieldNumberNumMinError\":\"Number Min Error\",\"fieldNumberNumMaxError\":\"Number Max Error\",\"fieldNumberIncrementBy\":\"Please increment by \",\"fieldTextareaRTEInsertLink\":\"Insert Link\",\"fieldTextareaRTEInsertMedia\":\"Insert Media\",\"fieldTextareaRTESelectAFile\":\"Select a file\",\"formErrorsCorrectErrors\":\"Please correct errors before submitting this form.\",\"formHoneypot\":\"If you are a human seeing this field, please leave it empty.\",\"validateRequiredField\":\"This is a required field.\",\"honeypotHoneypotError\":\"Honeypot Error\",\"fileUploadOldCodeFileUploadInProgress\":\"File Upload in Progress.\",\"fileUploadOldCodeFileUpload\":\"FILE UPLOAD\",\"currencySymbol\":\"$\",\"fieldsMarkedRequired\":\"Fields marked with an <span class=\\\"ninja-forms-req-symbol\\\">*<\\\/span> are required\",\"thousands_sep\":\",\",\"decimal_point\":\".\",\"siteLocale\":\"en_US\",\"dateFormat\":\"d\\\/m\\\/Y\",\"startOfWeek\":\"1\",\"of\":\"of\",\"previousMonth\":\"Previous Month\",\"nextMonth\":\"Next Month\",\"months\":[\"January\",\"February\",\"March\",\"April\",\"May\",\"June\",\"July\",\"August\",\"September\",\"October\",\"November\",\"December\"],\"monthsShort\":[\"Jan\",\"Feb\",\"Mar\",\"Apr\",\"May\",\"Jun\",\"Jul\",\"Aug\",\"Sep\",\"Oct\",\"Nov\",\"Dec\"],\"weekdays\":[\"Sunday\",\"Monday\",\"Tuesday\",\"Wednesday\",\"Thursday\",\"Friday\",\"Saturday\"],\"weekdaysShort\":[\"Sun\",\"Mon\",\"Tue\",\"Wed\",\"Thu\",\"Fri\",\"Sat\"],\"weekdaysMin\":[\"Su\",\"Mo\",\"Tu\",\"We\",\"Th\",\"Fr\",\"Sa\"],\"recaptchaConsentMissing\":\"reCaptcha validation couldn&#039;t load.\",\"recaptchaMissingCookie\":\"reCaptcha v3 validation couldn&#039;t load the cookie needed to submit the form.\",\"recaptchaConsentEvent\":\"Accept reCaptcha cookies before sending the form.\",\"embed_form\":\"\",\"currency_symbol\":\"\",\"title\":\"\",\"beforeForm\":\"\",\"beforeFields\":\"\",\"afterFields\":\"\",\"afterForm\":\"\"};form.fields=[];nfForms.push(form);<\/script>\n        ","protected":false},"excerpt":{"rendered":"<p>O Baralho Cigano \u00e9 uma poderosa ferramenta de autoconhecimento e orienta\u00e7\u00e3o, utilizada h\u00e1 muitas d\u00e9cadas pelos povos ciganos para desvendar os mist\u00e9rios do destino. Com suas cartas cheias de simbolismo e significados profundos, o Baralho Cigano \u00e9 capaz de revelar insights valiosos sobre sua vida, seus desafios e suas enxergar &hellip; <\/p>\n","protected":false},"author":1,"featured_media":1311,"parent":712,"menu_order":6,"comment_status":"closed","ping_status":"closed","template":"","meta":{"_monsterinsights_skip_tracking":false,"_monsterinsights_sitenote_active":false,"_monsterinsights_sitenote_note":"","_monsterinsights_sitenote_category":0,"footnotes":""},"class_list":["post-1309","page","type-page","status-publish","has-post-thumbnail","hentry"],"yoast_head":"<!-- This site is optimized with the Yoast SEO plugin v27.4 - https:\/\/yoast.com\/product\/yoast-seo-wordpress\/ -->\n<title>Baralho Cigano\/Petit Lenormand<\/title>\n<meta name=\"robots\" content=\"index, follow, max-snippet:-1, max-image-preview:large, max-video-preview:-1\" \/>\n<link rel=\"canonical\" href=\"https:\/\/treenaturaterapias.com\/en\/terapias-de-autoconhecimento-e-evolucao\/baralho-cigano\/\" \/>\n<meta property=\"og:locale\" content=\"en_US\" \/>\n<meta property=\"og:locale:alternate\" content=\"pt_PT\" \/>\n<meta property=\"og:locale:alternate\" content=\"fr_FR\" \/>\n<meta property=\"og:type\" content=\"article\" \/>\n<meta property=\"og:title\" content=\"Baralho Cigano\/Petit Lenormand\" \/>\n<meta property=\"og:description\" content=\"O Baralho Cigano \u00e9 uma poderosa ferramenta de autoconhecimento e orienta\u00e7\u00e3o, utilizada h\u00e1 muitas d\u00e9cadas pelos povos ciganos para desvendar os mist\u00e9rios do destino. Com suas cartas cheias de simbolismo e significados profundos, o Baralho Cigano \u00e9 capaz de revelar insights valiosos sobre sua vida, seus desafios e suas enxergar &hellip;\" \/>\n<meta property=\"og:url\" content=\"https:\/\/treenaturaterapias.com\/en\/terapias-de-autoconhecimento-e-evolucao\/baralho-cigano\/\" \/>\n<meta property=\"og:site_name\" content=\"Tree Natura Terapias\" \/>\n<meta property=\"article:modified_time\" content=\"2023-05-02T19:23:45+00:00\" \/>\n<meta property=\"og:image\" content=\"https:\/\/treenaturaterapias.com\/wp-content\/uploads\/2023\/05\/Baralho-Cigano.jpeg\" \/>\n\t<meta property=\"og:image:width\" content=\"1080\" \/>\n\t<meta property=\"og:image:height\" content=\"1350\" \/>\n\t<meta property=\"og:image:type\" content=\"image\/jpeg\" \/>\n<meta name=\"twitter:card\" content=\"summary_large_image\" \/>\n<meta name=\"twitter:label1\" content=\"Est. reading time\" \/>\n\t<meta name=\"twitter:data1\" content=\"1 minute\" \/>\n<script type=\"application\/ld+json\" class=\"yoast-schema-graph\">{\"@context\":\"https:\\\/\\\/schema.org\",\"@graph\":[{\"@type\":\"WebPage\",\"@id\":\"https:\\\/\\\/treenaturaterapias.com\\\/terapias-de-autoconhecimento-e-evolucao\\\/baralho-cigano\\\/\",\"url\":\"https:\\\/\\\/treenaturaterapias.com\\\/terapias-de-autoconhecimento-e-evolucao\\\/baralho-cigano\\\/\",\"name\":\"Baralho Cigano\\\/Petit Lenormand\",\"isPartOf\":{\"@id\":\"https:\\\/\\\/treenaturaterapias.com\\\/#website\"},\"primaryImageOfPage\":{\"@id\":\"https:\\\/\\\/treenaturaterapias.com\\\/terapias-de-autoconhecimento-e-evolucao\\\/baralho-cigano\\\/#primaryimage\"},\"image\":{\"@id\":\"https:\\\/\\\/treenaturaterapias.com\\\/terapias-de-autoconhecimento-e-evolucao\\\/baralho-cigano\\\/#primaryimage\"},\"thumbnailUrl\":\"https:\\\/\\\/treenaturaterapias.com\\\/wp-content\\\/uploads\\\/2023\\\/05\\\/Baralho-Cigano.jpeg\",\"datePublished\":\"2023-05-02T19:18:41+00:00\",\"dateModified\":\"2023-05-02T19:23:45+00:00\",\"breadcrumb\":{\"@id\":\"https:\\\/\\\/treenaturaterapias.com\\\/terapias-de-autoconhecimento-e-evolucao\\\/baralho-cigano\\\/#breadcrumb\"},\"inLanguage\":\"en-US\",\"potentialAction\":[{\"@type\":\"ReadAction\",\"target\":[\"https:\\\/\\\/treenaturaterapias.com\\\/terapias-de-autoconhecimento-e-evolucao\\\/baralho-cigano\\\/\"]}]},{\"@type\":\"ImageObject\",\"inLanguage\":\"en-US\",\"@id\":\"https:\\\/\\\/treenaturaterapias.com\\\/terapias-de-autoconhecimento-e-evolucao\\\/baralho-cigano\\\/#primaryimage\",\"url\":\"https:\\\/\\\/treenaturaterapias.com\\\/wp-content\\\/uploads\\\/2023\\\/05\\\/Baralho-Cigano.jpeg\",\"contentUrl\":\"https:\\\/\\\/treenaturaterapias.com\\\/wp-content\\\/uploads\\\/2023\\\/05\\\/Baralho-Cigano.jpeg\",\"width\":1080,\"height\":1350,\"caption\":\"Baralho Cigano\"},{\"@type\":\"BreadcrumbList\",\"@id\":\"https:\\\/\\\/treenaturaterapias.com\\\/terapias-de-autoconhecimento-e-evolucao\\\/baralho-cigano\\\/#breadcrumb\",\"itemListElement\":[{\"@type\":\"ListItem\",\"position\":1,\"name\":\"In\u00edcio\",\"item\":\"https:\\\/\\\/treenaturaterapias.com\\\/\"},{\"@type\":\"ListItem\",\"position\":2,\"name\":\"Terapias de Autoconhecimento e Evolu\u00e7\u00e3o\",\"item\":\"https:\\\/\\\/treenaturaterapias.com\\\/terapias-de-autoconhecimento-e-evolucao\\\/\"},{\"@type\":\"ListItem\",\"position\":3,\"name\":\"Baralho Cigano\\\/Petit Lenormand\"}]},{\"@type\":\"WebSite\",\"@id\":\"https:\\\/\\\/treenaturaterapias.com\\\/#website\",\"url\":\"https:\\\/\\\/treenaturaterapias.com\\\/\",\"name\":\"Tree Natura Terapias\",\"description\":\"Reconhecendo o Divino que habita em si\",\"publisher\":{\"@id\":\"https:\\\/\\\/treenaturaterapias.com\\\/#\\\/schema\\\/person\\\/267944d8880bf51dd22b9803435d65c6\"},\"potentialAction\":[{\"@type\":\"SearchAction\",\"target\":{\"@type\":\"EntryPoint\",\"urlTemplate\":\"https:\\\/\\\/treenaturaterapias.com\\\/?s={search_term_string}\"},\"query-input\":{\"@type\":\"PropertyValueSpecification\",\"valueRequired\":true,\"valueName\":\"search_term_string\"}}],\"inLanguage\":\"en-US\"},{\"@type\":[\"Person\",\"Organization\"],\"@id\":\"https:\\\/\\\/treenaturaterapias.com\\\/#\\\/schema\\\/person\\\/267944d8880bf51dd22b9803435d65c6\",\"name\":\"C\u00e9lia de Jesus\",\"image\":{\"@type\":\"ImageObject\",\"inLanguage\":\"en-US\",\"@id\":\"https:\\\/\\\/treenaturaterapias.com\\\/wp-content\\\/uploads\\\/2018\\\/09\\\/cropped-18901839_10154690353442194_1408032629_o.jpg\",\"url\":\"https:\\\/\\\/treenaturaterapias.com\\\/wp-content\\\/uploads\\\/2018\\\/09\\\/cropped-18901839_10154690353442194_1408032629_o.jpg\",\"contentUrl\":\"https:\\\/\\\/treenaturaterapias.com\\\/wp-content\\\/uploads\\\/2018\\\/09\\\/cropped-18901839_10154690353442194_1408032629_o.jpg\",\"width\":512,\"height\":512,\"caption\":\"C\u00e9lia de Jesus\"},\"logo\":{\"@id\":\"https:\\\/\\\/treenaturaterapias.com\\\/wp-content\\\/uploads\\\/2018\\\/09\\\/cropped-18901839_10154690353442194_1408032629_o.jpg\"}}]}<\/script>\n<!-- \/ Yoast SEO plugin. -->","yoast_head_json":{"title":"Baralho Cigano\/Petit Lenormand","robots":{"index":"index","follow":"follow","max-snippet":"max-snippet:-1","max-image-preview":"max-image-preview:large","max-video-preview":"max-video-preview:-1"},"canonical":"https:\/\/treenaturaterapias.com\/en\/terapias-de-autoconhecimento-e-evolucao\/baralho-cigano\/","og_locale":"en_US","og_type":"article","og_title":"[:pt]Baralho Cigano\/Petit Lenormand[:] - Tree Natura Terapias","og_description":"O Baralho Cigano \u00e9 uma poderosa ferramenta de autoconhecimento e orienta\u00e7\u00e3o, utilizada h\u00e1 muitas d\u00e9cadas pelos povos ciganos para desvendar os mist\u00e9rios do destino. Com suas cartas cheias de simbolismo e significados profundos, o Baralho Cigano \u00e9 capaz de revelar insights valiosos sobre sua vida, seus desafios e suas enxergar &hellip;","og_url":"https:\/\/treenaturaterapias.com\/en\/terapias-de-autoconhecimento-e-evolucao\/baralho-cigano\/","og_site_name":"Tree Natura Terapias","article_modified_time":"2023-05-02T19:23:45+00:00","og_image":[{"width":1080,"height":1350,"url":"https:\/\/treenaturaterapias.com\/wp-content\/uploads\/2023\/05\/Baralho-Cigano.jpeg","type":"image\/jpeg"}],"twitter_card":"summary_large_image","twitter_misc":{"Est. reading time":"1 minute"},"schema":{"@context":"https:\/\/schema.org","@graph":[{"@type":"WebPage","@id":"https:\/\/treenaturaterapias.com\/terapias-de-autoconhecimento-e-evolucao\/baralho-cigano\/","url":"https:\/\/treenaturaterapias.com\/terapias-de-autoconhecimento-e-evolucao\/baralho-cigano\/","name":"Baralho Cigano\/Petit Lenormand","isPartOf":{"@id":"https:\/\/treenaturaterapias.com\/#website"},"primaryImageOfPage":{"@id":"https:\/\/treenaturaterapias.com\/terapias-de-autoconhecimento-e-evolucao\/baralho-cigano\/#primaryimage"},"image":{"@id":"https:\/\/treenaturaterapias.com\/terapias-de-autoconhecimento-e-evolucao\/baralho-cigano\/#primaryimage"},"thumbnailUrl":"https:\/\/treenaturaterapias.com\/wp-content\/uploads\/2023\/05\/Baralho-Cigano.jpeg","datePublished":"2023-05-02T19:18:41+00:00","dateModified":"2023-05-02T19:23:45+00:00","breadcrumb":{"@id":"https:\/\/treenaturaterapias.com\/terapias-de-autoconhecimento-e-evolucao\/baralho-cigano\/#breadcrumb"},"inLanguage":"en-US","potentialAction":[{"@type":"ReadAction","target":["https:\/\/treenaturaterapias.com\/terapias-de-autoconhecimento-e-evolucao\/baralho-cigano\/"]}]},{"@type":"ImageObject","inLanguage":"en-US","@id":"https:\/\/treenaturaterapias.com\/terapias-de-autoconhecimento-e-evolucao\/baralho-cigano\/#primaryimage","url":"https:\/\/treenaturaterapias.com\/wp-content\/uploads\/2023\/05\/Baralho-Cigano.jpeg","contentUrl":"https:\/\/treenaturaterapias.com\/wp-content\/uploads\/2023\/05\/Baralho-Cigano.jpeg","width":1080,"height":1350,"caption":"Baralho Cigano"},{"@type":"BreadcrumbList","@id":"https:\/\/treenaturaterapias.com\/terapias-de-autoconhecimento-e-evolucao\/baralho-cigano\/#breadcrumb","itemListElement":[{"@type":"ListItem","position":1,"name":"In\u00edcio","item":"https:\/\/treenaturaterapias.com\/"},{"@type":"ListItem","position":2,"name":"Terapias de Autoconhecimento e Evolu\u00e7\u00e3o","item":"https:\/\/treenaturaterapias.com\/terapias-de-autoconhecimento-e-evolucao\/"},{"@type":"ListItem","position":3,"name":"Baralho Cigano\/Petit Lenormand"}]},{"@type":"WebSite","@id":"https:\/\/treenaturaterapias.com\/#website","url":"https:\/\/treenaturaterapias.com\/","name":"Tree Natura Terapias","description":"Reconhecendo o Divino que habita em si","publisher":{"@id":"https:\/\/treenaturaterapias.com\/#\/schema\/person\/267944d8880bf51dd22b9803435d65c6"},"potentialAction":[{"@type":"SearchAction","target":{"@type":"EntryPoint","urlTemplate":"https:\/\/treenaturaterapias.com\/?s={search_term_string}"},"query-input":{"@type":"PropertyValueSpecification","valueRequired":true,"valueName":"search_term_string"}}],"inLanguage":"en-US"},{"@type":["Person","Organization"],"@id":"https:\/\/treenaturaterapias.com\/#\/schema\/person\/267944d8880bf51dd22b9803435d65c6","name":"C\u00e9lia de Jesus","image":{"@type":"ImageObject","inLanguage":"en-US","@id":"https:\/\/treenaturaterapias.com\/wp-content\/uploads\/2018\/09\/cropped-18901839_10154690353442194_1408032629_o.jpg","url":"https:\/\/treenaturaterapias.com\/wp-content\/uploads\/2018\/09\/cropped-18901839_10154690353442194_1408032629_o.jpg","contentUrl":"https:\/\/treenaturaterapias.com\/wp-content\/uploads\/2018\/09\/cropped-18901839_10154690353442194_1408032629_o.jpg","width":512,"height":512,"caption":"C\u00e9lia de Jesus"},"logo":{"@id":"https:\/\/treenaturaterapias.com\/wp-content\/uploads\/2018\/09\/cropped-18901839_10154690353442194_1408032629_o.jpg"}}]}},"_links":{"self":[{"href":"https:\/\/treenaturaterapias.com\/en\/wp-json\/wp\/v2\/pages\/1309","targetHints":{"allow":["GET"]}}],"collection":[{"href":"https:\/\/treenaturaterapias.com\/en\/wp-json\/wp\/v2\/pages"}],"about":[{"href":"https:\/\/treenaturaterapias.com\/en\/wp-json\/wp\/v2\/types\/page"}],"author":[{"embeddable":true,"href":"https:\/\/treenaturaterapias.com\/en\/wp-json\/wp\/v2\/users\/1"}],"replies":[{"embeddable":true,"href":"https:\/\/treenaturaterapias.com\/en\/wp-json\/wp\/v2\/comments?post=1309"}],"version-history":[{"count":0,"href":"https:\/\/treenaturaterapias.com\/en\/wp-json\/wp\/v2\/pages\/1309\/revisions"}],"up":[{"embeddable":true,"href":"https:\/\/treenaturaterapias.com\/en\/wp-json\/wp\/v2\/pages\/712"}],"wp:featuredmedia":[{"embeddable":true,"href":"https:\/\/treenaturaterapias.com\/en\/wp-json\/wp\/v2\/media\/1311"}],"wp:attachment":[{"href":"https:\/\/treenaturaterapias.com\/en\/wp-json\/wp\/v2\/media?parent=1309"}],"curies":[{"name":"wp","href":"https:\/\/api.w.org\/{rel}","templated":true}]}}