{"id":128,"date":"2016-08-01T21:26:21","date_gmt":"2016-08-01T21:26:21","guid":{"rendered":"https:\/\/treenaturaterapias.com\/?page_id=128"},"modified":"2021-06-05T15:53:30","modified_gmt":"2021-06-05T15:53:30","slug":"cura-multidimensional-arcturiana","status":"publish","type":"page","link":"https:\/\/treenaturaterapias.com\/en\/cura-multidimensional-arcturiana\/","title":{"rendered":"Cura Multidimensional Arcturiana"},"content":{"rendered":"<p>A Cura Multidimensional Arcturiana foi canalizada por Clarindo Melchizedek e permite ao Ser Humano abrir canais de energia pura e curadora religando-se ao seu Eu Superior.<\/p>\n<p>Clarindo Melchizedek canalizou 28 c\u00f3digos de cura, que activados durante a terapia, tratam t\u00f3picos muito especificos.<\/p>\n<p>Estes c\u00f3digos s\u00e3o activados na energia do paciente, fazendo assim o seu trabalho de cura. \u00c9 como uma f\u00f3rmula matem\u00e1tica que soluciona um problema. Sem f\u00f3rmula \u00e9 mais dif\u00edcil resolver aquele problema especifico.<\/p>\n<p>Cada sess\u00e3o consiste no tratamento de um tema com aplica\u00e7\u00e3o de 4 C\u00f3digos de acordo com o t\u00f3pico que o paciente deseje tratar<\/p>\n<p>A Cura\u00a0 Multidimensional Arcturiana pode tratar v\u00e1rios t\u00f3picos :<\/p>\n<ul>\n<li>Encontrar a sua miss\u00e3o de vida e a sua identidade\/ess\u00eancia original<\/li>\n<li>Harmonizar vida financeira &#8211; atrair abund\u00e2ncia e prosperidade<\/li>\n<li>Harmonizar rela\u00e7\u00e3o com a sociedade que o rodeia<\/li>\n<li>Harmonizar rela\u00e7\u00e3o com a 1\u00aa fam\u00edlia (pais, irm\u00e3os, meio-irm\u00e3o, av\u00f3s, etc)<\/li>\n<li>Harmonizar rela\u00e7\u00f5es com filhos seus ou do parceiro\/a<\/li>\n<li>Aprender a relacionar-se com o seu corpo para evitar problemas de sa\u00fade (perda de peso, depress\u00f5es, Etc)<\/li>\n<li>Harmonizar vida afectiva e rela\u00e7\u00f5es amorosas<\/li>\n<li>Aumentar motiva\u00e7\u00e3o tornando evidentes os desejos poss\u00edveis e aspectos pessoais que podem ser diferentes<\/li>\n<li>Aumentar a abertura de consci\u00eancia para evolu\u00e7\u00e3o pessoal e espiritual, tal como abertura ao mundo e a novos horizontes<\/li>\n<li>Harmonizar amizades presentes e futuras<\/li>\n<li>Equilibrar a energia feminina e masculina que todos possu\u00edmos<\/li>\n<\/ul>\n<p>Em qualquer destes Bloqueios podem estar presentes liga\u00e7\u00f5es k\u00e1rmicas e traumas de outras vidas, magias ou obsessores (&#8220;encostos&#8221;) e implantes e Chips.<\/p>\n<p>Junto com o tratamento \u00e9 feito a limpeza destes bloqueios .<\/p>\n<p>Toda esta cura \u00e9 feita com inten\u00e7\u00e3o de voltar \u00e1 sua ess\u00eancia, aquilo que realmente \u00e9 o seu ser.<\/p>\n<p>Presencial ou via Skype com dura\u00e7\u00e3o de 1h<\/p>\n<p><strong>N\u00e3o disponivel de momento<\/strong><\/p>\n","protected":false},"excerpt":{"rendered":"<p>A Cura Multidimensional Arcturiana foi canalizada por Clarindo Melchizedek e permite ao Ser Humano abrir canais de energia pura e curadora religando-se ao seu Eu Superior. Clarindo Melchizedek canalizou 28 c\u00f3digos de cura, que activados durante a terapia, tratam t\u00f3picos muito especificos. Estes c\u00f3digos s\u00e3o activados na energia do paciente, &hellip; <\/p>\n","protected":false},"author":1,"featured_media":136,"parent":0,"menu_order":0,"comment_status":"closed","ping_status":"closed","template":"","meta":{"_monsterinsights_skip_tracking":false,"_monsterinsights_sitenote_active":false,"_monsterinsights_sitenote_note":"","_monsterinsights_sitenote_category":0,"footnotes":""},"class_list":["post-128","page","type-page","status-publish","has-post-thumbnail","hentry"],"yoast_head":"<!-- This site is optimized with the Yoast SEO plugin v27.4 - https:\/\/yoast.com\/product\/yoast-seo-wordpress\/ -->\n<title>Cura Multidimensional Arcturiana<\/title>\n<meta name=\"robots\" content=\"index, follow, max-snippet:-1, max-image-preview:large, max-video-preview:-1\" \/>\n<link rel=\"canonical\" href=\"https:\/\/treenaturaterapias.com\/en\/cura-multidimensional-arcturiana\/\" \/>\n<meta property=\"og:locale\" content=\"en_US\" \/>\n<meta property=\"og:locale:alternate\" content=\"pt_PT\" \/>\n<meta property=\"og:locale:alternate\" content=\"fr_FR\" \/>\n<meta property=\"og:type\" content=\"article\" \/>\n<meta property=\"og:title\" content=\"Cura Multidimensional Arcturiana\" \/>\n<meta property=\"og:description\" content=\"A Cura Multidimensional Arcturiana foi canalizada por Clarindo Melchizedek e permite ao Ser Humano abrir canais de energia pura e curadora religando-se ao seu Eu Superior. Clarindo Melchizedek canalizou 28 c\u00f3digos de cura, que activados durante a terapia, tratam t\u00f3picos muito especificos. Estes c\u00f3digos s\u00e3o activados na energia do paciente, &hellip;\" \/>\n<meta property=\"og:url\" content=\"https:\/\/treenaturaterapias.com\/en\/cura-multidimensional-arcturiana\/\" \/>\n<meta property=\"og:site_name\" content=\"Tree Natura Terapias\" \/>\n<meta property=\"article:modified_time\" content=\"2021-06-05T15:53:30+00:00\" \/>\n<meta property=\"og:image\" content=\"https:\/\/treenaturaterapias.com\/wp-content\/uploads\/2016\/08\/Contatos.jpg\" \/>\n\t<meta property=\"og:image:width\" content=\"322\" \/>\n\t<meta property=\"og:image:height\" content=\"322\" \/>\n\t<meta property=\"og:image:type\" content=\"image\/jpeg\" \/>\n<meta name=\"twitter:card\" content=\"summary_large_image\" \/>\n<meta name=\"twitter:label1\" content=\"Est. reading time\" \/>\n\t<meta name=\"twitter:data1\" content=\"2 minutes\" \/>\n<script type=\"application\/ld+json\" class=\"yoast-schema-graph\">{\"@context\":\"https:\\\/\\\/schema.org\",\"@graph\":[{\"@type\":\"WebPage\",\"@id\":\"https:\\\/\\\/treenaturaterapias.com\\\/cura-multidimensional-arcturiana\\\/\",\"url\":\"https:\\\/\\\/treenaturaterapias.com\\\/cura-multidimensional-arcturiana\\\/\",\"name\":\"Cura Multidimensional Arcturiana\",\"isPartOf\":{\"@id\":\"https:\\\/\\\/treenaturaterapias.com\\\/#website\"},\"primaryImageOfPage\":{\"@id\":\"https:\\\/\\\/treenaturaterapias.com\\\/cura-multidimensional-arcturiana\\\/#primaryimage\"},\"image\":{\"@id\":\"https:\\\/\\\/treenaturaterapias.com\\\/cura-multidimensional-arcturiana\\\/#primaryimage\"},\"thumbnailUrl\":\"https:\\\/\\\/treenaturaterapias.com\\\/wp-content\\\/uploads\\\/2016\\\/08\\\/Contatos.jpg\",\"datePublished\":\"2016-08-01T21:26:21+00:00\",\"dateModified\":\"2021-06-05T15:53:30+00:00\",\"breadcrumb\":{\"@id\":\"https:\\\/\\\/treenaturaterapias.com\\\/cura-multidimensional-arcturiana\\\/#breadcrumb\"},\"inLanguage\":\"en-US\",\"potentialAction\":[{\"@type\":\"ReadAction\",\"target\":[\"https:\\\/\\\/treenaturaterapias.com\\\/cura-multidimensional-arcturiana\\\/\"]}]},{\"@type\":\"ImageObject\",\"inLanguage\":\"en-US\",\"@id\":\"https:\\\/\\\/treenaturaterapias.com\\\/cura-multidimensional-arcturiana\\\/#primaryimage\",\"url\":\"https:\\\/\\\/treenaturaterapias.com\\\/wp-content\\\/uploads\\\/2016\\\/08\\\/Contatos.jpg\",\"contentUrl\":\"https:\\\/\\\/treenaturaterapias.com\\\/wp-content\\\/uploads\\\/2016\\\/08\\\/Contatos.jpg\",\"width\":322,\"height\":322},{\"@type\":\"BreadcrumbList\",\"@id\":\"https:\\\/\\\/treenaturaterapias.com\\\/cura-multidimensional-arcturiana\\\/#breadcrumb\",\"itemListElement\":[{\"@type\":\"ListItem\",\"position\":1,\"name\":\"In\u00edcio\",\"item\":\"https:\\\/\\\/treenaturaterapias.com\\\/\"},{\"@type\":\"ListItem\",\"position\":2,\"name\":\"Cura Multidimensional Arcturiana\"}]},{\"@type\":\"WebSite\",\"@id\":\"https:\\\/\\\/treenaturaterapias.com\\\/#website\",\"url\":\"https:\\\/\\\/treenaturaterapias.com\\\/\",\"name\":\"Tree Natura Terapias\",\"description\":\"Reconhecendo o Divino que habita em si\",\"publisher\":{\"@id\":\"https:\\\/\\\/treenaturaterapias.com\\\/#\\\/schema\\\/person\\\/267944d8880bf51dd22b9803435d65c6\"},\"potentialAction\":[{\"@type\":\"SearchAction\",\"target\":{\"@type\":\"EntryPoint\",\"urlTemplate\":\"https:\\\/\\\/treenaturaterapias.com\\\/?s={search_term_string}\"},\"query-input\":{\"@type\":\"PropertyValueSpecification\",\"valueRequired\":true,\"valueName\":\"search_term_string\"}}],\"inLanguage\":\"en-US\"},{\"@type\":[\"Person\",\"Organization\"],\"@id\":\"https:\\\/\\\/treenaturaterapias.com\\\/#\\\/schema\\\/person\\\/267944d8880bf51dd22b9803435d65c6\",\"name\":\"C\u00e9lia de Jesus\",\"image\":{\"@type\":\"ImageObject\",\"inLanguage\":\"en-US\",\"@id\":\"https:\\\/\\\/treenaturaterapias.com\\\/wp-content\\\/uploads\\\/2018\\\/09\\\/cropped-18901839_10154690353442194_1408032629_o.jpg\",\"url\":\"https:\\\/\\\/treenaturaterapias.com\\\/wp-content\\\/uploads\\\/2018\\\/09\\\/cropped-18901839_10154690353442194_1408032629_o.jpg\",\"contentUrl\":\"https:\\\/\\\/treenaturaterapias.com\\\/wp-content\\\/uploads\\\/2018\\\/09\\\/cropped-18901839_10154690353442194_1408032629_o.jpg\",\"width\":512,\"height\":512,\"caption\":\"C\u00e9lia de Jesus\"},\"logo\":{\"@id\":\"https:\\\/\\\/treenaturaterapias.com\\\/wp-content\\\/uploads\\\/2018\\\/09\\\/cropped-18901839_10154690353442194_1408032629_o.jpg\"}}]}<\/script>\n<!-- \/ Yoast SEO plugin. -->","yoast_head_json":{"title":"Cura Multidimensional Arcturiana","robots":{"index":"index","follow":"follow","max-snippet":"max-snippet:-1","max-image-preview":"max-image-preview:large","max-video-preview":"max-video-preview:-1"},"canonical":"https:\/\/treenaturaterapias.com\/en\/cura-multidimensional-arcturiana\/","og_locale":"en_US","og_type":"article","og_title":"[:pt]Cura Multidimensional Arcturiana[:] - Tree Natura Terapias","og_description":"A Cura Multidimensional Arcturiana foi canalizada por Clarindo Melchizedek e permite ao Ser Humano abrir canais de energia pura e curadora religando-se ao seu Eu Superior. Clarindo Melchizedek canalizou 28 c\u00f3digos de cura, que activados durante a terapia, tratam t\u00f3picos muito especificos. Estes c\u00f3digos s\u00e3o activados na energia do paciente, &hellip;","og_url":"https:\/\/treenaturaterapias.com\/en\/cura-multidimensional-arcturiana\/","og_site_name":"Tree Natura Terapias","article_modified_time":"2021-06-05T15:53:30+00:00","og_image":[{"width":322,"height":322,"url":"https:\/\/treenaturaterapias.com\/wp-content\/uploads\/2016\/08\/Contatos.jpg","type":"image\/jpeg"}],"twitter_card":"summary_large_image","twitter_misc":{"Est. reading time":"2 minutes"},"schema":{"@context":"https:\/\/schema.org","@graph":[{"@type":"WebPage","@id":"https:\/\/treenaturaterapias.com\/cura-multidimensional-arcturiana\/","url":"https:\/\/treenaturaterapias.com\/cura-multidimensional-arcturiana\/","name":"Cura Multidimensional Arcturiana","isPartOf":{"@id":"https:\/\/treenaturaterapias.com\/#website"},"primaryImageOfPage":{"@id":"https:\/\/treenaturaterapias.com\/cura-multidimensional-arcturiana\/#primaryimage"},"image":{"@id":"https:\/\/treenaturaterapias.com\/cura-multidimensional-arcturiana\/#primaryimage"},"thumbnailUrl":"https:\/\/treenaturaterapias.com\/wp-content\/uploads\/2016\/08\/Contatos.jpg","datePublished":"2016-08-01T21:26:21+00:00","dateModified":"2021-06-05T15:53:30+00:00","breadcrumb":{"@id":"https:\/\/treenaturaterapias.com\/cura-multidimensional-arcturiana\/#breadcrumb"},"inLanguage":"en-US","potentialAction":[{"@type":"ReadAction","target":["https:\/\/treenaturaterapias.com\/cura-multidimensional-arcturiana\/"]}]},{"@type":"ImageObject","inLanguage":"en-US","@id":"https:\/\/treenaturaterapias.com\/cura-multidimensional-arcturiana\/#primaryimage","url":"https:\/\/treenaturaterapias.com\/wp-content\/uploads\/2016\/08\/Contatos.jpg","contentUrl":"https:\/\/treenaturaterapias.com\/wp-content\/uploads\/2016\/08\/Contatos.jpg","width":322,"height":322},{"@type":"BreadcrumbList","@id":"https:\/\/treenaturaterapias.com\/cura-multidimensional-arcturiana\/#breadcrumb","itemListElement":[{"@type":"ListItem","position":1,"name":"In\u00edcio","item":"https:\/\/treenaturaterapias.com\/"},{"@type":"ListItem","position":2,"name":"Cura Multidimensional Arcturiana"}]},{"@type":"WebSite","@id":"https:\/\/treenaturaterapias.com\/#website","url":"https:\/\/treenaturaterapias.com\/","name":"Tree Natura Terapias","description":"Reconhecendo o Divino que habita em si","publisher":{"@id":"https:\/\/treenaturaterapias.com\/#\/schema\/person\/267944d8880bf51dd22b9803435d65c6"},"potentialAction":[{"@type":"SearchAction","target":{"@type":"EntryPoint","urlTemplate":"https:\/\/treenaturaterapias.com\/?s={search_term_string}"},"query-input":{"@type":"PropertyValueSpecification","valueRequired":true,"valueName":"search_term_string"}}],"inLanguage":"en-US"},{"@type":["Person","Organization"],"@id":"https:\/\/treenaturaterapias.com\/#\/schema\/person\/267944d8880bf51dd22b9803435d65c6","name":"C\u00e9lia de Jesus","image":{"@type":"ImageObject","inLanguage":"en-US","@id":"https:\/\/treenaturaterapias.com\/wp-content\/uploads\/2018\/09\/cropped-18901839_10154690353442194_1408032629_o.jpg","url":"https:\/\/treenaturaterapias.com\/wp-content\/uploads\/2018\/09\/cropped-18901839_10154690353442194_1408032629_o.jpg","contentUrl":"https:\/\/treenaturaterapias.com\/wp-content\/uploads\/2018\/09\/cropped-18901839_10154690353442194_1408032629_o.jpg","width":512,"height":512,"caption":"C\u00e9lia de Jesus"},"logo":{"@id":"https:\/\/treenaturaterapias.com\/wp-content\/uploads\/2018\/09\/cropped-18901839_10154690353442194_1408032629_o.jpg"}}]}},"_links":{"self":[{"href":"https:\/\/treenaturaterapias.com\/en\/wp-json\/wp\/v2\/pages\/128","targetHints":{"allow":["GET"]}}],"collection":[{"href":"https:\/\/treenaturaterapias.com\/en\/wp-json\/wp\/v2\/pages"}],"about":[{"href":"https:\/\/treenaturaterapias.com\/en\/wp-json\/wp\/v2\/types\/page"}],"author":[{"embeddable":true,"href":"https:\/\/treenaturaterapias.com\/en\/wp-json\/wp\/v2\/users\/1"}],"replies":[{"embeddable":true,"href":"https:\/\/treenaturaterapias.com\/en\/wp-json\/wp\/v2\/comments?post=128"}],"version-history":[{"count":0,"href":"https:\/\/treenaturaterapias.com\/en\/wp-json\/wp\/v2\/pages\/128\/revisions"}],"wp:featuredmedia":[{"embeddable":true,"href":"https:\/\/treenaturaterapias.com\/en\/wp-json\/wp\/v2\/media\/136"}],"wp:attachment":[{"href":"https:\/\/treenaturaterapias.com\/en\/wp-json\/wp\/v2\/media?parent=128"}],"curies":[{"name":"wp","href":"https:\/\/api.w.org\/{rel}","templated":true}]}}