{"id":10,"date":"2016-03-17T14:17:26","date_gmt":"2016-03-17T14:17:26","guid":{"rendered":"https:\/\/treenaturaterapias.com\/?page_id=10"},"modified":"2023-12-02T08:14:57","modified_gmt":"2023-12-02T08:14:57","slug":"a-leitura-de-aura","status":"publish","type":"page","link":"https:\/\/treenaturaterapias.com\/en\/a-leitura-de-aura\/","title":{"rendered":"Leitura de Aura"},"content":{"rendered":"<p><span style=\"color: #ff0000;\">Promo\u00e7\u00e3o v\u00e1lida at\u00e9 Outubro&#8217;18 de 60\u20ac para 40 \u20ac<\/span><\/p>\n<p>A <a href=\"https:\/\/treenaturaterapias.com\/o-impacto-de-uma-leitura-de-aura-na-nossa-missao-de-vida\/\" target=\"_blank\" rel=\"noopener noreferrer\">Leitura de Aura<\/a> \u00e9 uma conversa entre o esp\u00edrito do terapeuta e do cliente, em uma dimens\u00e3o diferente. Nesta conversa o terapeuta serve de canal, uma esp\u00e9cie de r\u00e1dio, em que \u00e9 transmitido v\u00e1rias informa\u00e7\u00f5es de acordo com o momento presente do cliente e o que precisa de mudar para ser feliz. A Leitura de Aura \u00e9 uma terapia que trata a n\u00edvel espiritual e f\u00edsico. Nestas informa\u00e7\u00f5es podem vir:<\/p>\n<ul>\n<li>Mensagens de guias ou almas que queiram transmitir algo<\/li>\n<li>Padr\u00f5es, bloqueios e potencialidades que est\u00e3o na energia do cliente<\/li>\n<li>A abertura a si mesmo e ao divino e ao auto &#8211; conhecimento<\/li>\n<li>A sintonia com o seu corpo e como pode melhorar. Fala da rela\u00e7\u00e3o do seu corpo com o seu esp\u00edrito, como se tem comportado, o que precisa de mudar para estar em sintonia e fluir na vida sem nenhuma dificuldade<\/li>\n<li>Que tipo de ferramentas e bagagem temos para avan\u00e7ar e quais precisamos para prosseguir nesta fase da sua vida<\/li>\n<li>Contratos ou acordos espirituais que s\u00e3o importantes para esta fase. Porque temos certas pessoas na nossa vida e qual a raz\u00e3o de permanecerem ou sa\u00edrem. Para que se possa perceber o porqu\u00ea de termos aquela pessoa na nossa vida ou porque temos de conviver e passar por aquilo<\/li>\n<li>Vidas passadas para entender esta actual. Mostra-nos vidas passadas para que possamos entender porque temos certos dons\/potenciais que nos fazem \u00fanicos ou bloqueios\/traumas que n\u00e3o nos deixam prosseguir;<\/li>\n<li>Chackras e os seus estados de equil\u00edbrio. Percorremos os Chakras para ver quais est\u00e3o bloqueados e quais est\u00e3o ativos e como fazer para os sintonizar e regularizar de modo a que todos\u00a0funcionem em sintonia evitando assim doen\u00e7as f\u00edsicas mais graves que acontecem por deixarmos os nossos Chackras bloqueados durante anos.<\/li>\n<li>Body Scanning atrav\u00e9s do terceiro olho, em que \u00e9 identificado problemas f\u00edsicos e curados<\/li>\n<\/ul>\n<p>\u00c9 toda uma viagem em torno do esp\u00edrito do paciente para uma sintonia plena com o Universo, em que o paciente apenas tem de ouvir e tirar duvidas no fim. \u00c9 feita a grava\u00e7\u00e3o de toda a Leitura de Aura e enviada atrav\u00e9s de email posteriormente ao cliente.<\/p>\n<p>A Leitura de Aura muda a vida do cliente logo a seguir \u00e1 sess\u00e3o de acordo com o que o consciente do paciente percebeu, todas as outras mudan\u00e7as ocorrem durante os meses seguintes conforme o paciente vai ouvindo a grava\u00e7\u00e3o e vai assimilando a informa\u00e7\u00e3o.<\/p>\n<p>&nbsp;<\/p>\n<p>Depois de feita uma Leitura de Aura Geral pode-se aprofundar mais algum tema em especifico com :<\/p>\n<ul>\n<li><a href=\"https:\/\/treenaturaterapias.com\/leitura-de-aura-prosperidade\/\">Leitura de Aura de Prosperidade<\/a><\/li>\n<li><a href=\"https:\/\/treenaturaterapias.com\/leitura-de-aura-tematica\/\">Leitura de Aura Tem\u00e1tica<\/a><\/li>\n<li><a href=\"https:\/\/treenaturaterapias.com\/leitura-de-aura-de-relacionamentos\/\">Leitura de Aura de Relacionamentos<\/a><\/li>\n<\/ul>\n<p>Tem uma dura\u00e7\u00e3o de aproximadamente 1h30<\/p>\n<p>\u00c9 feita a grava\u00e7\u00e3o da leitura atrav\u00e9s de voz<\/p>\n<p>Pode ser feito presencial ,via Skype ou Messenger<\/p>\n<p>Valor 40\u20ac<\/p>\n<p><span style=\"color: #ff0000;\">Promo\u00e7\u00e3o v\u00e1lida at\u00e9 Outubro&#8217;18 de 60\u20ac para 40 \u20ac<\/span><\/p>\n<blockquote class=\"wp-embedded-content\" data-secret=\"w02O3j53Ua\"><p><a href=\"https:\/\/treenaturaterapias.com\/o-impacto-de-uma-leitura-de-aura-na-nossa-missao-de-vida\/\">O Impacto de uma Leitura de Aura na nossa Miss\u00e3o de vida!<\/a><\/p><\/blockquote>\n<p><iframe loading=\"lazy\" class=\"wp-embedded-content\" sandbox=\"allow-scripts\" security=\"restricted\" style=\"position: absolute; visibility: hidden;\" title=\"&#8220;O Impacto de uma Leitura de Aura na nossa Miss\u00e3o de vida!&#8221; &#8212; Tree Natura Terapias\" src=\"https:\/\/treenaturaterapias.com\/o-impacto-de-uma-leitura-de-aura-na-nossa-missao-de-vida\/embed\/#?secret=olgLfi5f0k#?secret=w02O3j53Ua\" data-secret=\"w02O3j53Ua\" width=\"600\" height=\"338\" frameborder=\"0\" marginwidth=\"0\" marginheight=\"0\" scrolling=\"no\"><\/iframe><\/p>\n<blockquote class=\"wp-embedded-content\" data-secret=\"0pp74on6eP\"><p><a href=\"https:\/\/treenaturaterapias.com\/quando-o-problema-dos-relacionamentos-somos-nos-e-a-nossa-aura\/\">Quando o problema dos relacionamentos somos n\u00f3s e a nossa aura!<\/a><\/p><\/blockquote>\n<p><iframe loading=\"lazy\" class=\"wp-embedded-content\" sandbox=\"allow-scripts\" security=\"restricted\" style=\"position: absolute; visibility: hidden;\" title=\"&#8220;Quando o problema dos relacionamentos somos n\u00f3s e a nossa aura!&#8221; &#8212; Tree Natura Terapias\" src=\"https:\/\/treenaturaterapias.com\/quando-o-problema-dos-relacionamentos-somos-nos-e-a-nossa-aura\/embed\/#?secret=Wg5w0RcSVA#?secret=0pp74on6eP\" data-secret=\"0pp74on6eP\" width=\"600\" height=\"338\" frameborder=\"0\" marginwidth=\"0\" marginheight=\"0\" scrolling=\"no\"><\/iframe><\/p>\n<p><span style=\"color: #ff00ff;\">Eventos Futuros :<\/span><\/p>\n<p>&nbsp;<\/p>\n<p><span style=\"color: #ff00ff;\">Leituras de Aura presenciais em Alpiar\u00e7a a 29 Outubro<\/span><\/p>\n<p><span style=\"color: #ff00ff;\">Leituras de Aura presenciais em Const\u00e2ncia a 27 e 28 Outubro<br \/>\n<\/span><\/p>\n<p><span style=\"color: #ff00ff;\">Leituras de Aura presenciais em Torres Novas a 25 e 26 Outubro<br \/>\n<\/span><\/p>\n<p><span style=\"color: #ff00ff;\">Leituras de Aura presenciais em Entroncamento a 24 Outubro<br \/>\n<\/span><\/p>\n<p><span style=\"color: #ff00ff;\">\u00a0<\/span><\/p>\n<p>&nbsp;<\/p>\n","protected":false},"excerpt":{"rendered":"<p>Promo\u00e7\u00e3o v\u00e1lida at\u00e9 Outubro&#8217;18 de 60\u20ac para 40 \u20ac A Leitura de Aura \u00e9 uma conversa entre o esp\u00edrito do terapeuta e do cliente, em uma dimens\u00e3o diferente. Nesta conversa o terapeuta serve de canal, uma esp\u00e9cie de r\u00e1dio, em que \u00e9 transmitido v\u00e1rias informa\u00e7\u00f5es de acordo com o momento &hellip; <\/p>\n","protected":false},"author":1,"featured_media":198,"parent":0,"menu_order":0,"comment_status":"open","ping_status":"closed","template":"","meta":{"_monsterinsights_skip_tracking":false,"_monsterinsights_sitenote_active":false,"_monsterinsights_sitenote_note":"","_monsterinsights_sitenote_category":0,"footnotes":""},"class_list":["post-10","page","type-page","status-publish","has-post-thumbnail","hentry"],"yoast_head":"<!-- This site is optimized with the Yoast SEO plugin v27.4 - https:\/\/yoast.com\/product\/yoast-seo-wordpress\/ -->\n<title>Leitura de Aura<\/title>\n<meta name=\"robots\" content=\"index, follow, max-snippet:-1, max-image-preview:large, max-video-preview:-1\" \/>\n<link rel=\"canonical\" href=\"https:\/\/treenaturaterapias.com\/en\/a-leitura-de-aura\/\" \/>\n<meta property=\"og:locale\" content=\"en_US\" \/>\n<meta property=\"og:locale:alternate\" content=\"pt_PT\" \/>\n<meta property=\"og:locale:alternate\" content=\"fr_FR\" \/>\n<meta property=\"og:type\" content=\"article\" \/>\n<meta property=\"og:title\" content=\"Leitura de Aura\" \/>\n<meta property=\"og:description\" content=\"Promo\u00e7\u00e3o v\u00e1lida at\u00e9 Outubro&#8217;18 de 60\u20ac para 40 \u20ac A Leitura de Aura \u00e9 uma conversa entre o esp\u00edrito do terapeuta e do cliente, em uma dimens\u00e3o diferente. Nesta conversa o terapeuta serve de canal, uma esp\u00e9cie de r\u00e1dio, em que \u00e9 transmitido v\u00e1rias informa\u00e7\u00f5es de acordo com o momento &hellip;\" \/>\n<meta property=\"og:url\" content=\"https:\/\/treenaturaterapias.com\/en\/a-leitura-de-aura\/\" \/>\n<meta property=\"og:site_name\" content=\"Tree Natura Terapias\" \/>\n<meta property=\"article:modified_time\" content=\"2023-12-02T08:14:57+00:00\" \/>\n<meta property=\"og:image\" content=\"https:\/\/treenaturaterapias.com\/wp-content\/uploads\/2016\/03\/imagesb.jpg\" \/>\n\t<meta property=\"og:image:width\" content=\"225\" \/>\n\t<meta property=\"og:image:height\" content=\"225\" \/>\n\t<meta property=\"og:image:type\" content=\"image\/jpeg\" \/>\n<meta name=\"twitter:card\" content=\"summary_large_image\" \/>\n<meta name=\"twitter:label1\" content=\"Est. reading time\" \/>\n\t<meta name=\"twitter:data1\" content=\"5 minutes\" \/>\n<script type=\"application\/ld+json\" class=\"yoast-schema-graph\">{\"@context\":\"https:\\\/\\\/schema.org\",\"@graph\":[{\"@type\":\"WebPage\",\"@id\":\"https:\\\/\\\/treenaturaterapias.com\\\/a-leitura-de-aura\\\/\",\"url\":\"https:\\\/\\\/treenaturaterapias.com\\\/a-leitura-de-aura\\\/\",\"name\":\"Leitura de Aura\",\"isPartOf\":{\"@id\":\"https:\\\/\\\/treenaturaterapias.com\\\/#website\"},\"primaryImageOfPage\":{\"@id\":\"https:\\\/\\\/treenaturaterapias.com\\\/a-leitura-de-aura\\\/#primaryimage\"},\"image\":{\"@id\":\"https:\\\/\\\/treenaturaterapias.com\\\/a-leitura-de-aura\\\/#primaryimage\"},\"thumbnailUrl\":\"https:\\\/\\\/treenaturaterapias.com\\\/wp-content\\\/uploads\\\/2016\\\/03\\\/imagesb.jpg\",\"datePublished\":\"2016-03-17T14:17:26+00:00\",\"dateModified\":\"2023-12-02T08:14:57+00:00\",\"breadcrumb\":{\"@id\":\"https:\\\/\\\/treenaturaterapias.com\\\/a-leitura-de-aura\\\/#breadcrumb\"},\"inLanguage\":\"en-US\",\"potentialAction\":[{\"@type\":\"ReadAction\",\"target\":[\"https:\\\/\\\/treenaturaterapias.com\\\/a-leitura-de-aura\\\/\"]}]},{\"@type\":\"ImageObject\",\"inLanguage\":\"en-US\",\"@id\":\"https:\\\/\\\/treenaturaterapias.com\\\/a-leitura-de-aura\\\/#primaryimage\",\"url\":\"https:\\\/\\\/treenaturaterapias.com\\\/wp-content\\\/uploads\\\/2016\\\/03\\\/imagesb.jpg\",\"contentUrl\":\"https:\\\/\\\/treenaturaterapias.com\\\/wp-content\\\/uploads\\\/2016\\\/03\\\/imagesb.jpg\",\"width\":225,\"height\":225},{\"@type\":\"BreadcrumbList\",\"@id\":\"https:\\\/\\\/treenaturaterapias.com\\\/a-leitura-de-aura\\\/#breadcrumb\",\"itemListElement\":[{\"@type\":\"ListItem\",\"position\":1,\"name\":\"In\u00edcio\",\"item\":\"https:\\\/\\\/treenaturaterapias.com\\\/\"},{\"@type\":\"ListItem\",\"position\":2,\"name\":\"Leitura de Aura\"}]},{\"@type\":\"WebSite\",\"@id\":\"https:\\\/\\\/treenaturaterapias.com\\\/#website\",\"url\":\"https:\\\/\\\/treenaturaterapias.com\\\/\",\"name\":\"Tree Natura Terapias\",\"description\":\"Reconhecendo o Divino que habita em si\",\"publisher\":{\"@id\":\"https:\\\/\\\/treenaturaterapias.com\\\/#\\\/schema\\\/person\\\/267944d8880bf51dd22b9803435d65c6\"},\"potentialAction\":[{\"@type\":\"SearchAction\",\"target\":{\"@type\":\"EntryPoint\",\"urlTemplate\":\"https:\\\/\\\/treenaturaterapias.com\\\/?s={search_term_string}\"},\"query-input\":{\"@type\":\"PropertyValueSpecification\",\"valueRequired\":true,\"valueName\":\"search_term_string\"}}],\"inLanguage\":\"en-US\"},{\"@type\":[\"Person\",\"Organization\"],\"@id\":\"https:\\\/\\\/treenaturaterapias.com\\\/#\\\/schema\\\/person\\\/267944d8880bf51dd22b9803435d65c6\",\"name\":\"C\u00e9lia de Jesus\",\"image\":{\"@type\":\"ImageObject\",\"inLanguage\":\"en-US\",\"@id\":\"https:\\\/\\\/treenaturaterapias.com\\\/wp-content\\\/uploads\\\/2018\\\/09\\\/cropped-18901839_10154690353442194_1408032629_o.jpg\",\"url\":\"https:\\\/\\\/treenaturaterapias.com\\\/wp-content\\\/uploads\\\/2018\\\/09\\\/cropped-18901839_10154690353442194_1408032629_o.jpg\",\"contentUrl\":\"https:\\\/\\\/treenaturaterapias.com\\\/wp-content\\\/uploads\\\/2018\\\/09\\\/cropped-18901839_10154690353442194_1408032629_o.jpg\",\"width\":512,\"height\":512,\"caption\":\"C\u00e9lia de Jesus\"},\"logo\":{\"@id\":\"https:\\\/\\\/treenaturaterapias.com\\\/wp-content\\\/uploads\\\/2018\\\/09\\\/cropped-18901839_10154690353442194_1408032629_o.jpg\"}}]}<\/script>\n<!-- \/ Yoast SEO plugin. -->","yoast_head_json":{"title":"Leitura de Aura","robots":{"index":"index","follow":"follow","max-snippet":"max-snippet:-1","max-image-preview":"max-image-preview:large","max-video-preview":"max-video-preview:-1"},"canonical":"https:\/\/treenaturaterapias.com\/en\/a-leitura-de-aura\/","og_locale":"en_US","og_type":"article","og_title":"[:pt]Leitura de Aura[:] - Tree Natura Terapias","og_description":"Promo\u00e7\u00e3o v\u00e1lida at\u00e9 Outubro&#8217;18 de 60\u20ac para 40 \u20ac A Leitura de Aura \u00e9 uma conversa entre o esp\u00edrito do terapeuta e do cliente, em uma dimens\u00e3o diferente. Nesta conversa o terapeuta serve de canal, uma esp\u00e9cie de r\u00e1dio, em que \u00e9 transmitido v\u00e1rias informa\u00e7\u00f5es de acordo com o momento &hellip;","og_url":"https:\/\/treenaturaterapias.com\/en\/a-leitura-de-aura\/","og_site_name":"Tree Natura Terapias","article_modified_time":"2023-12-02T08:14:57+00:00","og_image":[{"width":225,"height":225,"url":"https:\/\/treenaturaterapias.com\/wp-content\/uploads\/2016\/03\/imagesb.jpg","type":"image\/jpeg"}],"twitter_card":"summary_large_image","twitter_misc":{"Est. reading time":"5 minutes"},"schema":{"@context":"https:\/\/schema.org","@graph":[{"@type":"WebPage","@id":"https:\/\/treenaturaterapias.com\/a-leitura-de-aura\/","url":"https:\/\/treenaturaterapias.com\/a-leitura-de-aura\/","name":"Leitura de Aura","isPartOf":{"@id":"https:\/\/treenaturaterapias.com\/#website"},"primaryImageOfPage":{"@id":"https:\/\/treenaturaterapias.com\/a-leitura-de-aura\/#primaryimage"},"image":{"@id":"https:\/\/treenaturaterapias.com\/a-leitura-de-aura\/#primaryimage"},"thumbnailUrl":"https:\/\/treenaturaterapias.com\/wp-content\/uploads\/2016\/03\/imagesb.jpg","datePublished":"2016-03-17T14:17:26+00:00","dateModified":"2023-12-02T08:14:57+00:00","breadcrumb":{"@id":"https:\/\/treenaturaterapias.com\/a-leitura-de-aura\/#breadcrumb"},"inLanguage":"en-US","potentialAction":[{"@type":"ReadAction","target":["https:\/\/treenaturaterapias.com\/a-leitura-de-aura\/"]}]},{"@type":"ImageObject","inLanguage":"en-US","@id":"https:\/\/treenaturaterapias.com\/a-leitura-de-aura\/#primaryimage","url":"https:\/\/treenaturaterapias.com\/wp-content\/uploads\/2016\/03\/imagesb.jpg","contentUrl":"https:\/\/treenaturaterapias.com\/wp-content\/uploads\/2016\/03\/imagesb.jpg","width":225,"height":225},{"@type":"BreadcrumbList","@id":"https:\/\/treenaturaterapias.com\/a-leitura-de-aura\/#breadcrumb","itemListElement":[{"@type":"ListItem","position":1,"name":"In\u00edcio","item":"https:\/\/treenaturaterapias.com\/"},{"@type":"ListItem","position":2,"name":"Leitura de Aura"}]},{"@type":"WebSite","@id":"https:\/\/treenaturaterapias.com\/#website","url":"https:\/\/treenaturaterapias.com\/","name":"Tree Natura Terapias","description":"Reconhecendo o Divino que habita em si","publisher":{"@id":"https:\/\/treenaturaterapias.com\/#\/schema\/person\/267944d8880bf51dd22b9803435d65c6"},"potentialAction":[{"@type":"SearchAction","target":{"@type":"EntryPoint","urlTemplate":"https:\/\/treenaturaterapias.com\/?s={search_term_string}"},"query-input":{"@type":"PropertyValueSpecification","valueRequired":true,"valueName":"search_term_string"}}],"inLanguage":"en-US"},{"@type":["Person","Organization"],"@id":"https:\/\/treenaturaterapias.com\/#\/schema\/person\/267944d8880bf51dd22b9803435d65c6","name":"C\u00e9lia de Jesus","image":{"@type":"ImageObject","inLanguage":"en-US","@id":"https:\/\/treenaturaterapias.com\/wp-content\/uploads\/2018\/09\/cropped-18901839_10154690353442194_1408032629_o.jpg","url":"https:\/\/treenaturaterapias.com\/wp-content\/uploads\/2018\/09\/cropped-18901839_10154690353442194_1408032629_o.jpg","contentUrl":"https:\/\/treenaturaterapias.com\/wp-content\/uploads\/2018\/09\/cropped-18901839_10154690353442194_1408032629_o.jpg","width":512,"height":512,"caption":"C\u00e9lia de Jesus"},"logo":{"@id":"https:\/\/treenaturaterapias.com\/wp-content\/uploads\/2018\/09\/cropped-18901839_10154690353442194_1408032629_o.jpg"}}]}},"_links":{"self":[{"href":"https:\/\/treenaturaterapias.com\/en\/wp-json\/wp\/v2\/pages\/10","targetHints":{"allow":["GET"]}}],"collection":[{"href":"https:\/\/treenaturaterapias.com\/en\/wp-json\/wp\/v2\/pages"}],"about":[{"href":"https:\/\/treenaturaterapias.com\/en\/wp-json\/wp\/v2\/types\/page"}],"author":[{"embeddable":true,"href":"https:\/\/treenaturaterapias.com\/en\/wp-json\/wp\/v2\/users\/1"}],"replies":[{"embeddable":true,"href":"https:\/\/treenaturaterapias.com\/en\/wp-json\/wp\/v2\/comments?post=10"}],"version-history":[{"count":0,"href":"https:\/\/treenaturaterapias.com\/en\/wp-json\/wp\/v2\/pages\/10\/revisions"}],"wp:featuredmedia":[{"embeddable":true,"href":"https:\/\/treenaturaterapias.com\/en\/wp-json\/wp\/v2\/media\/198"}],"wp:attachment":[{"href":"https:\/\/treenaturaterapias.com\/en\/wp-json\/wp\/v2\/media?parent=10"}],"curies":[{"name":"wp","href":"https:\/\/api.w.org\/{rel}","templated":true}]}}